{"id":2532,"date":"2025-09-13T10:46:09","date_gmt":"2025-09-13T10:46:09","guid":{"rendered":"https:\/\/www.linkceramics.com\/?post_type=product&#038;p=2532"},"modified":"2025-09-16T06:41:26","modified_gmt":"2025-09-16T06:41:26","slug":"ceramic-cookie-jars-wholesale","status":"publish","type":"product","link":"https:\/\/www.linkceramics.com\/es\/product\/ceramic-cookie-jars-wholesale\/","title":{"rendered":"Tarros De Cer\u00e1mica Para Galletas Al Por Mayor, Tarros De Cer\u00e1mica Para Cocina"},"content":{"rendered":"<div class=\"wp-block-columns is-layout-flex wp-container-core-columns-is-layout-9d6595d7 wp-block-columns-is-layout-flex\">\n<div class=\"wp-block-column is-layout-flow wp-block-column-is-layout-flow\" style=\"flex-basis:50%\">\n<h3 class=\"wp-block-heading\">Tarros de galletas de cer\u00e1mica Premium al por mayor Caracter\u00edsticas:<\/h3>\n\n\n\n<p><strong>Elegantes motivos florales y afrutados iluminan el espacio de la cocina: <\/strong>Estos tarros de galletas de cer\u00e1mica al por mayor tienen elegantes motivos florales y frutales, que inyectan un ambiente fresco y vivo a la cocina, adem\u00e1s de ser muy funcionales y decorativos.<\/p>\n\n\n\n<p><strong>Cer\u00e1mica cocida a alta temperatura, sana y duradera:<\/strong> Nuestros botes de cocina al por mayor est\u00e1n hechos de cer\u00e1mica de alta calidad cocida a altas temperaturas, con buen sellado y sin olor, y pueden almacenar con seguridad productos secos como galletas, t\u00e9 y caramelos.<\/p>\n\n\n\n<p><strong>Base blanca cl\u00e1sica, estilos vers\u00e1tiles y polivalentes: <\/strong>Estos tarros de galletas de cer\u00e1mica al por mayor est\u00e1n hechos de esmalte base blanca con hermosos dise\u00f1os, siendo simple y de aspecto fresco, f\u00e1cil de combinar con moderno, campo, retro y otros estilos de decoraci\u00f3n de la cocina.<\/p>\n\n\n\n<p><strong>Hay varias capacidades disponibles para satisfacer diferentes necesidades de almacenamiento:<\/strong> Ofrecemos al por mayor botes de cocina con una variedad de especificaciones y tama\u00f1os, que pueden ser utilizados para empacar diversos tipos de productos secos, o puede ser emparejado como un conjunto, adecuado para uso en el hogar o al por mayor al por menor<\/p>\n\n\n\n<p><strong>Adecuado para varios mercados:<\/strong> Estos utensilios de cocina de cer\u00e1mica a granel ofrecen servicios de venta al por mayor y de personalizaci\u00f3n OEM\/ODM. El color, el dibujo o el envase pueden personalizarse seg\u00fan las necesidades del cliente, y pueden aplicarse a diversos canales de venta, como galletas, frutos secos y t\u00e9.<\/p>\n<\/div>\n\n\n\n<div class=\"wp-block-column is-layout-flow wp-block-column-is-layout-flow\" style=\"flex-basis:50%\">\n<figure class=\"wp-block-image size-full\"><img decoding=\"async\" width=\"1200\" height=\"1200\" src=\"https:\/\/www.linkceramics.com\/wp-content\/uploads\/2025\/09\/Ceramic-Cookie-Jars-Wholesale-Ceramic-Canisters-For-Kitchen-1.webp\" alt=\"Tarros de cer\u00e1mica al por mayor Tarros de cer\u00e1mica para la cocina-1\" class=\"wp-image-2533\" srcset=\"https:\/\/www.linkceramics.com\/wp-content\/uploads\/2025\/09\/Ceramic-Cookie-Jars-Wholesale-Ceramic-Canisters-For-Kitchen-1.webp 1200w, https:\/\/www.linkceramics.com\/wp-content\/uploads\/2025\/09\/Ceramic-Cookie-Jars-Wholesale-Ceramic-Canisters-For-Kitchen-1-300x300.webp 300w, https:\/\/www.linkceramics.com\/wp-content\/uploads\/2025\/09\/Ceramic-Cookie-Jars-Wholesale-Ceramic-Canisters-For-Kitchen-1-150x150.webp 150w, https:\/\/www.linkceramics.com\/wp-content\/uploads\/2025\/09\/Ceramic-Cookie-Jars-Wholesale-Ceramic-Canisters-For-Kitchen-1-768x768.webp 768w, https:\/\/www.linkceramics.com\/wp-content\/uploads\/2025\/09\/Ceramic-Cookie-Jars-Wholesale-Ceramic-Canisters-For-Kitchen-1-12x12.webp 12w, https:\/\/www.linkceramics.com\/wp-content\/uploads\/2025\/09\/Ceramic-Cookie-Jars-Wholesale-Ceramic-Canisters-For-Kitchen-1-600x600.webp 600w, https:\/\/www.linkceramics.com\/wp-content\/uploads\/2025\/09\/Ceramic-Cookie-Jars-Wholesale-Ceramic-Canisters-For-Kitchen-1-100x100.webp 100w\" sizes=\"(max-width: 1200px) 100vw, 1200px\" \/><\/figure>\n<\/div>\n<\/div>","protected":false},"excerpt":{"rendered":"<div id=\"brxe-0ee1ca\" class=\"brxe-product-meta product_meta\">\n<div id=\"brxe-0ee1ca\" class=\"brxe-product-meta product_meta\">\n<div id=\"brxe-0ee1ca\" class=\"brxe-product-meta product_meta\">\n<p>Bienvenido a comprar botes de cocina al por mayor. Esta serie de botes de cer\u00e1mica para galletas al por mayor tiene una forma elegante y es adecuada para almacenar productos secos de cocina como galletas, frutos secos y t\u00e9. No s\u00f3lo son pr\u00e1cticos, sino que tambi\u00e9n pueden utilizarse como decoraci\u00f3n de cocina.<\/p>\n<\/div>\n<\/div>\n<\/div>\n<div id=\"brxe-8c5ca9\" class=\"brxe-product-short-description\">\n<div class=\"woocommerce-product-details__short-description\">\n<h2>Premium jarrones de cer\u00e1mica \u00fanica al por mayor Especificaciones:<\/h2>\n<div id=\"brxe-8c5ca9\" class=\"brxe-product-short-description\">\n<div id=\"brxe-8c5ca9\" class=\"brxe-product-short-description\">\n<div class=\"woocommerce-product-details__short-description\">\n<table border=\"0\" width=\"338\" cellspacing=\"0\" cellpadding=\"0\">\n<tbody>\n<tr>\n<td width=\"124\" height=\"18\">Fabricante<\/td>\n<td width=\"214\">Un hogar lleno de amor<\/td>\n<\/tr>\n<tr>\n<td width=\"124\" height=\"18\">Nombre de la colecci\u00f3n<\/td>\n<td width=\"214\">Tarros Jolly<\/td>\n<\/tr>\n<tr>\n<td width=\"124\" height=\"18\">Utilizaci\u00f3n<\/td>\n<td width=\"214\">Hogar, Restaurante, Hotel<\/td>\n<\/tr>\n<tr>\n<td width=\"124\" height=\"53\">Tipo de vajilla<\/td>\n<td width=\"214\">Botes de cer\u00e1mica<\/td>\n<\/tr>\n<tr>\n<td width=\"124\" height=\"18\">Material<\/td>\n<td width=\"214\">Porcelana resistente<\/td>\n<\/tr>\n<tr>\n<td width=\"124\" height=\"18\">Dimensi\u00f3n<\/td>\n<td width=\"214\">Como imagen detallada<\/td>\n<\/tr>\n<tr>\n<td width=\"124\" height=\"18\">Unidades de venta<\/td>\n<td width=\"214\">Art\u00edculo \u00fanico<\/td>\n<\/tr>\n<tr>\n<td width=\"124\" height=\"18\">MOQ<\/td>\n<td width=\"214\">1200 unid. por art\u00edculo<\/td>\n<\/tr>\n<tr>\n<td width=\"124\" height=\"18\">Opci\u00f3n personalizada<\/td>\n<td width=\"214\">Color\/Tama\u00f1o\/Glaseado\/Logotipo\/Embalaje<\/td>\n<\/tr>\n<\/tbody>\n<\/table>\n<\/div>\n<\/div>\n<\/div>\n<\/div>\n<\/div>","protected":false},"featured_media":2534,"comment_status":"open","ping_status":"closed","template":"","meta":{"_acf_changed":false},"certification":[63,64,66,58,65,61,60,62],"product_brand":[],"product_cat":[34,20],"product_tag":[],"class_list":{"0":"post-2532","1":"product","2":"type-product","3":"status-publish","4":"has-post-thumbnail","6":"certification-amfori","7":"certification-bsci","8":"certification-cnas","9":"certification-fda","10":"certification-iaf","11":"certification-iso-14001","12":"certification-iso-45001","13":"certification-iso-9001","14":"product_cat-custom-household-ceramics","15":"product_cat-ceramic-kitchenware-wholesale","17":"first","18":"instock","19":"shipping-taxable","20":"product-type-simple"},"acf":[],"_links":{"self":[{"href":"https:\/\/www.linkceramics.com\/es\/wp-json\/wp\/v2\/product\/2532","targetHints":{"allow":["GET"]}}],"collection":[{"href":"https:\/\/www.linkceramics.com\/es\/wp-json\/wp\/v2\/product"}],"about":[{"href":"https:\/\/www.linkceramics.com\/es\/wp-json\/wp\/v2\/types\/product"}],"replies":[{"embeddable":true,"href":"https:\/\/www.linkceramics.com\/es\/wp-json\/wp\/v2\/comments?post=2532"}],"wp:featuredmedia":[{"embeddable":true,"href":"https:\/\/www.linkceramics.com\/es\/wp-json\/wp\/v2\/media\/2534"}],"wp:attachment":[{"href":"https:\/\/www.linkceramics.com\/es\/wp-json\/wp\/v2\/media?parent=2532"}],"wp:term":[{"taxonomy":"certification","embeddable":true,"href":"https:\/\/www.linkceramics.com\/es\/wp-json\/wp\/v2\/certification?post=2532"},{"taxonomy":"product_brand","embeddable":true,"href":"https:\/\/www.linkceramics.com\/es\/wp-json\/wp\/v2\/product_brand?post=2532"},{"taxonomy":"product_cat","embeddable":true,"href":"https:\/\/www.linkceramics.com\/es\/wp-json\/wp\/v2\/product_cat?post=2532"},{"taxonomy":"product_tag","embeddable":true,"href":"https:\/\/www.linkceramics.com\/es\/wp-json\/wp\/v2\/product_tag?post=2532"}],"curies":[{"name":"wp","href":"https:\/\/api.w.org\/{rel}","templated":true}]}}