{"id":2550,"date":"2025-09-16T07:01:18","date_gmt":"2025-09-16T07:01:18","guid":{"rendered":"https:\/\/www.linkceramics.com\/?post_type=product&#038;p=2550"},"modified":"2025-09-16T07:01:21","modified_gmt":"2025-09-16T07:01:21","slug":"wholesale-porcelain-tea-set","status":"publish","type":"product","link":"https:\/\/www.linkceramics.com\/es\/product\/wholesale-porcelain-tea-set\/","title":{"rendered":"Mayorista Juego de T\u00e9 de Porcelana, Elegante Plato Floral, Taz\u00f3n, Taza"},"content":{"rendered":"<div class=\"wp-block-columns is-layout-flex wp-container-core-columns-is-layout-9d6595d7 wp-block-columns-is-layout-flex\">\n<div class=\"wp-block-column is-layout-flow wp-block-column-is-layout-flow\" style=\"flex-basis:50%\">\n<h3 class=\"wp-block-heading\">Juego de t\u00e9 de porcelana al por mayor Caracter\u00edsticas:<\/h3>\n\n\n\n<p><strong>Elegante dise\u00f1o floral pastoral<br><\/strong>El dise\u00f1o de flores naturales de los juegos de t\u00e9 de porcelana al por mayor, fresco y elegante, combina a la perfecci\u00f3n con el elegante servicio de mesa de estilo pastoril.<\/p>\n\n\n\n<p>Decoraci\u00f3n de cuentas doradas<br>La decoraci\u00f3n de cuentas doradas de la tapa de la tetera resulta pr\u00e1ctica para utilizarla como asa, al tiempo que a\u00f1ade lujo y detalles exquisitos al aspecto general.<\/p>\n\n\n\n<p><strong>Juego completo de t\u00e9 y vajilla<\/strong>:<br>Los juegos de t\u00e9 de porcelana al por mayor incluyen una tetera, un plato, una taza y un platillo, un azucarero, una cremera y una taza, adecuados para fiestas del t\u00e9, cenas y otras ocasiones.<\/p>\n\n\n\n<p><strong>Artesan\u00eda exquisita<\/strong><br>El juego de t\u00e9 personalizado combina la calcoman\u00eda esmaltada y pintada a mano, con un esmalte suave que hace que el dise\u00f1o brille como nuevo. Algunas \u00e1reas est\u00e1n pintadas a mano para resaltar el sentido art\u00edstico y la singularidad.<\/p>\n\n\n\n<p><strong>Material de porcelana de alta calidad<\/strong><br>Los juegos de t\u00e9 de porcelana al por mayor utilizan cer\u00e1mica duradera, ligera pero resistente, con un buen rendimiento de conservaci\u00f3n del calor, adecuada para t\u00e9 y bebidas calientes.<\/p>\n\n\n\n<p><strong>Posicionamiento de regalos de gama alta<br><\/strong>El juego de t\u00e9 personalizado tiene un aspecto elegante y un embalaje exquisito, muy adecuado como regalo de boda, aniversario o vacaciones.<\/p>\n<\/div>\n\n\n\n<div class=\"wp-block-column is-layout-flow wp-block-column-is-layout-flow\" style=\"flex-basis:50%\">\n<figure class=\"wp-block-image size-full\"><img decoding=\"async\" width=\"878\" height=\"706\" src=\"https:\/\/www.linkceramics.com\/wp-content\/uploads\/2025\/09\/wholesale-porcelain-tea-set-elegant-floral-plate-bowl-cup-2.webp\" alt=\"mayorista-porcelana-juego-de-te-elegante-floral-plato-taza-2\" class=\"wp-image-2553\" srcset=\"https:\/\/www.linkceramics.com\/wp-content\/uploads\/2025\/09\/wholesale-porcelain-tea-set-elegant-floral-plate-bowl-cup-2.webp 878w, https:\/\/www.linkceramics.com\/wp-content\/uploads\/2025\/09\/wholesale-porcelain-tea-set-elegant-floral-plate-bowl-cup-2-300x241.webp 300w, https:\/\/www.linkceramics.com\/wp-content\/uploads\/2025\/09\/wholesale-porcelain-tea-set-elegant-floral-plate-bowl-cup-2-768x618.webp 768w, https:\/\/www.linkceramics.com\/wp-content\/uploads\/2025\/09\/wholesale-porcelain-tea-set-elegant-floral-plate-bowl-cup-2-15x12.webp 15w, https:\/\/www.linkceramics.com\/wp-content\/uploads\/2025\/09\/wholesale-porcelain-tea-set-elegant-floral-plate-bowl-cup-2-600x482.webp 600w\" sizes=\"(max-width: 878px) 100vw, 878px\" \/><\/figure>\n<\/div>\n<\/div>","protected":false},"excerpt":{"rendered":"<div class=\"D5aOJc vJwDU\">\n<div id=\"brxe-26696e\" class=\"brxe-product-short-description brxe-text-basic\">\n<div class=\"woocommerce-product-details__short-description\">\n<div class=\"D5aOJc vJwDU\">\n<p>Juegos de t\u00e9 y vajilla de porcelana personalizados y al por mayor, con dise\u00f1os florales verdes y rosas, adecuados para el t\u00e9 de la tarde de gama alta, bodas y restaurantes. Proporcionamos soluciones de personalizaci\u00f3n OEM y ODM, garantizando la m\u00e1xima calidad y certificaciones de seguridad. P\u00f3ngase en contacto con nosotros hoy mismo para una consulta gratuita.<\/p>\n<\/div>\n<div id=\"brxe-26696e\" class=\"brxe-product-short-description brxe-text-basic\">\n<div class=\"woocommerce-product-details__short-description\">\n<h2>Juego de t\u00e9 de porcelana Par\u00e1metros<\/h2>\n<table width=\"495\">\n<tbody>\n<tr>\n<td width=\"144\">Fabricante<\/td>\n<td width=\"351\">Lianyuan<\/td>\n<\/tr>\n<tr>\n<td>Tipo de producto<\/td>\n<td width=\"351\">Tetera, Plato, Bol, Taza y Plato, Azucarero y Cremera, Taza<\/td>\n<\/tr>\n<tr>\n<td>Patr\u00f3n<\/td>\n<td>Floral<\/td>\n<\/tr>\n<tr>\n<td>Color<\/td>\n<td>Multicolor<\/td>\n<\/tr>\n<tr>\n<td>Material<\/td>\n<td>Porcelana resistente<\/td>\n<\/tr>\n<tr>\n<td>Artesan\u00eda<\/td>\n<td>Calcoman\u00eda esmaltada y pintura a mano<\/td>\n<\/tr>\n<tr>\n<td>Aplicaci\u00f3n<\/td>\n<td>Apto para microondas, lavavajillas y horno<\/td>\n<\/tr>\n<tr>\n<td>A medida<\/td>\n<td>Color\/Tama\u00f1o\/Logotipo\/Embalaje<\/td>\n<\/tr>\n<\/tbody>\n<\/table>\n<\/div>\n<\/div>\n<div id=\"brxe-ae2c03\" class=\"brxe-product-meta product_meta\">\u00a0<\/div>\n<\/div>\n<\/div>\n<\/div>","protected":false},"featured_media":2554,"comment_status":"open","ping_status":"closed","template":"","meta":{"_acf_changed":false},"certification":[66,58,65,61,60,62,57],"product_brand":[],"product_cat":[34,19],"product_tag":[],"class_list":{"0":"post-2550","1":"product","2":"type-product","3":"status-publish","4":"has-post-thumbnail","6":"certification-cnas","7":"certification-fda","8":"certification-iaf","9":"certification-iso-14001","10":"certification-iso-45001","11":"certification-iso-9001","12":"certification-lfgb","13":"product_cat-custom-household-ceramics","14":"product_cat-ceramic-tea-set-wholesale","16":"first","17":"instock","18":"shipping-taxable","19":"product-type-simple"},"acf":[],"_links":{"self":[{"href":"https:\/\/www.linkceramics.com\/es\/wp-json\/wp\/v2\/product\/2550","targetHints":{"allow":["GET"]}}],"collection":[{"href":"https:\/\/www.linkceramics.com\/es\/wp-json\/wp\/v2\/product"}],"about":[{"href":"https:\/\/www.linkceramics.com\/es\/wp-json\/wp\/v2\/types\/product"}],"replies":[{"embeddable":true,"href":"https:\/\/www.linkceramics.com\/es\/wp-json\/wp\/v2\/comments?post=2550"}],"wp:featuredmedia":[{"embeddable":true,"href":"https:\/\/www.linkceramics.com\/es\/wp-json\/wp\/v2\/media\/2554"}],"wp:attachment":[{"href":"https:\/\/www.linkceramics.com\/es\/wp-json\/wp\/v2\/media?parent=2550"}],"wp:term":[{"taxonomy":"certification","embeddable":true,"href":"https:\/\/www.linkceramics.com\/es\/wp-json\/wp\/v2\/certification?post=2550"},{"taxonomy":"product_brand","embeddable":true,"href":"https:\/\/www.linkceramics.com\/es\/wp-json\/wp\/v2\/product_brand?post=2550"},{"taxonomy":"product_cat","embeddable":true,"href":"https:\/\/www.linkceramics.com\/es\/wp-json\/wp\/v2\/product_cat?post=2550"},{"taxonomy":"product_tag","embeddable":true,"href":"https:\/\/www.linkceramics.com\/es\/wp-json\/wp\/v2\/product_tag?post=2550"}],"curies":[{"name":"wp","href":"https:\/\/api.w.org\/{rel}","templated":true}]}}