{"id":2730,"date":"2025-10-23T08:17:04","date_gmt":"2025-10-23T08:17:04","guid":{"rendered":"https:\/\/www.linkceramics.com\/?post_type=product&#038;p=2730"},"modified":"2025-10-23T08:17:07","modified_gmt":"2025-10-23T08:17:07","slug":"catering-dinnerware-wholesale","status":"publish","type":"product","link":"https:\/\/www.linkceramics.com\/es\/product\/catering-dinnerware-wholesale\/","title":{"rendered":"Vajilla R\u00fastica Para Catering Al Por Mayor Con Calca Sobredorada"},"content":{"rendered":"<div class=\"wp-block-columns is-layout-flex wp-container-core-columns-is-layout-9d6595d7 wp-block-columns-is-layout-flex\">\n<div class=\"wp-block-column is-layout-flow wp-block-column-is-layout-flow\" style=\"flex-basis:50%\">\n<h3 class=\"wp-block-heading\">Premium Catering Vajilla al por mayor Caracter\u00edsticas:<\/h3>\n\n\n\n<ul class=\"wp-block-list\">\n<li><strong>Dise\u00f1o de estilo pastoral natural:<\/strong> Nuestra vajilla de hosteler\u00eda al por mayor tiene un suave fondo blanco roto y finos motivos, que ofrecen un estilo campestre sencillo pero elegante, enriqueciendo el ambiente general de la mesa de comedor.<\/li>\n\n\n\n<li><strong>Material de porcelana superior:<\/strong> Nuestra vajilla de catering al por mayor est\u00e1 fabricada con arcilla de porcelana de alta calidad, que tiene una gran resistencia a la temperatura y durabilidad, lo que permite el uso de la vajilla durante mucho tiempo.<\/li>\n\n\n\n<li><strong>Calcoman\u00edas sobreesmaltadas:<\/strong> Nuestras vajillas al por mayor utilizan calcoman\u00edas sobreesmaltadas respetuosas con el medio ambiente, con dibujos exquisitos, colores firmes y no son f\u00e1ciles de desgastar ni deste\u00f1ir.<\/li>\n\n\n\n<li><strong>Art\u00edculos diversos, adaptaci\u00f3n flexible: <\/strong>Nuestras vajillas a granel ofrecen una variedad de especificaciones y elementos funcionales para satisfacer diferentes escenarios y necesidades de uso, y pueden combinarse y combinarse libremente.<\/li>\n\n\n\n<li><strong>Adecuado para catering y venta al por mayor al por menor:<\/strong> Esta vajilla de catering al por mayor es adecuada para lugares de catering como hoteles, casas de familia y cafeter\u00edas, y admite la personalizaci\u00f3n OEM y las compras al por mayor.<\/li>\n<\/ul>\n<\/div>\n\n\n\n<div class=\"wp-block-column is-layout-flow wp-block-column-is-layout-flow\" style=\"flex-basis:50%\">\n<figure class=\"wp-block-image size-full\"><img decoding=\"async\" width=\"800\" height=\"800\" src=\"https:\/\/www.linkceramics.com\/wp-content\/uploads\/2025\/10\/rustic-catering-dinnerware-wholesale-with-overglaze-decal-2.webp\" alt=\"vajilla r\u00fastica de hosteler\u00eda al por mayor con sobreesmalte-2\" class=\"wp-image-2732\" srcset=\"https:\/\/www.linkceramics.com\/wp-content\/uploads\/2025\/10\/rustic-catering-dinnerware-wholesale-with-overglaze-decal-2.webp 800w, https:\/\/www.linkceramics.com\/wp-content\/uploads\/2025\/10\/rustic-catering-dinnerware-wholesale-with-overglaze-decal-2-300x300.webp 300w, https:\/\/www.linkceramics.com\/wp-content\/uploads\/2025\/10\/rustic-catering-dinnerware-wholesale-with-overglaze-decal-2-150x150.webp 150w, https:\/\/www.linkceramics.com\/wp-content\/uploads\/2025\/10\/rustic-catering-dinnerware-wholesale-with-overglaze-decal-2-768x768.webp 768w, https:\/\/www.linkceramics.com\/wp-content\/uploads\/2025\/10\/rustic-catering-dinnerware-wholesale-with-overglaze-decal-2-12x12.webp 12w, https:\/\/www.linkceramics.com\/wp-content\/uploads\/2025\/10\/rustic-catering-dinnerware-wholesale-with-overglaze-decal-2-600x600.webp 600w, https:\/\/www.linkceramics.com\/wp-content\/uploads\/2025\/10\/rustic-catering-dinnerware-wholesale-with-overglaze-decal-2-100x100.webp 100w\" sizes=\"(max-width: 800px) 100vw, 800px\" \/><\/figure>\n<\/div>\n<\/div>\n\n\n\n<p><\/p>","protected":false},"excerpt":{"rendered":"<div id=\"brxe-0ee1ca\" class=\"brxe-product-meta product_meta\">\n<p>Bienvenido a comprar vajillas al por mayor. Este producto al por mayor es un paquete de muchos art\u00edculos, tales como platos, tazones, tazas, cucharas y portacucharas, con flores frescas y naturales, dando una elegancia rural c\u00e1lida y campestre. Puede satisfacer las necesidades de restaurantes y banquetes de gama alta y es un producto \u00f3ptimo para su negocio de catering.<\/p>\n<\/div>\n<div id=\"brxe-8c5ca9\" class=\"brxe-product-short-description\">\n<div class=\"woocommerce-product-details__short-description\">\n<h2>Vajilla R\u00fastica de Catering al por mayor Especificaciones:<\/h2>\n<div id=\"brxe-e78fbc\">\n<table border=\"0\" width=\"370\" cellspacing=\"0\" cellpadding=\"0\">\n<tbody>\n<tr>\n<td width=\"139\" height=\"18\">Fabricante<\/td>\n<td width=\"231\">SOLECASA<\/td>\n<\/tr>\n<tr>\n<td width=\"139\" height=\"18\">Nombre de la colecci\u00f3n<\/td>\n<td width=\"231\">Medio acre de flores<\/td>\n<\/tr>\n<tr>\n<td width=\"139\" height=\"18\">Productos incluidos<\/td>\n<td width=\"231\">Plato, Bol, Taza, Cuchara, Bote<\/td>\n<\/tr>\n<tr>\n<td width=\"139\" height=\"18\">Material<\/td>\n<td width=\"231\">Porcelana<\/td>\n<\/tr>\n<tr>\n<td width=\"139\" height=\"18\">Paquete<\/td>\n<td width=\"231\">Paquete a granel<\/td>\n<\/tr>\n<tr>\n<td width=\"139\" height=\"18\">Unidades de venta<\/td>\n<td width=\"231\">Art\u00edculo \u00fanico<\/td>\n<\/tr>\n<tr>\n<td width=\"139\" height=\"18\">MOQ<\/td>\n<td width=\"231\">MOQ bajo<\/td>\n<\/tr>\n<tr>\n<td width=\"139\" height=\"18\">Muestra gratuita<\/td>\n<td width=\"231\">Disponible<\/td>\n<\/tr>\n<tr>\n<td width=\"139\" height=\"18\">Opci\u00f3n personalizada<\/td>\n<td width=\"231\">Color\/Tama\u00f1o\/Glaseado\/Logotipo\/Embalaje<\/td>\n<\/tr>\n<\/tbody>\n<\/table>\n<\/div>\n<div id=\"brxe-93988a\" class=\"brxe-block\">\u00a0<\/div>\n<\/div>\n<\/div>\n<p><script src=\"chrome-extension:\/\/fpelahbljekknahkcaegamhcndkfpfnc\/iFrame.js\" type=\"text\/javascript\"><\/script><\/p>","protected":false},"featured_media":2731,"comment_status":"open","ping_status":"closed","template":"","meta":{"_acf_changed":false},"certification":[63,64,66,58,65,61,60,62,57],"product_brand":[],"product_cat":[34,18],"product_tag":[],"class_list":{"0":"post-2730","1":"product","2":"type-product","3":"status-publish","4":"has-post-thumbnail","6":"certification-amfori","7":"certification-bsci","8":"certification-cnas","9":"certification-fda","10":"certification-iaf","11":"certification-iso-14001","12":"certification-iso-45001","13":"certification-iso-9001","14":"certification-lfgb","15":"product_cat-custom-household-ceramics","16":"product_cat-ceramic-tableware-wholesale","18":"first","19":"instock","20":"shipping-taxable","21":"product-type-simple"},"acf":[],"_links":{"self":[{"href":"https:\/\/www.linkceramics.com\/es\/wp-json\/wp\/v2\/product\/2730","targetHints":{"allow":["GET"]}}],"collection":[{"href":"https:\/\/www.linkceramics.com\/es\/wp-json\/wp\/v2\/product"}],"about":[{"href":"https:\/\/www.linkceramics.com\/es\/wp-json\/wp\/v2\/types\/product"}],"replies":[{"embeddable":true,"href":"https:\/\/www.linkceramics.com\/es\/wp-json\/wp\/v2\/comments?post=2730"}],"wp:featuredmedia":[{"embeddable":true,"href":"https:\/\/www.linkceramics.com\/es\/wp-json\/wp\/v2\/media\/2731"}],"wp:attachment":[{"href":"https:\/\/www.linkceramics.com\/es\/wp-json\/wp\/v2\/media?parent=2730"}],"wp:term":[{"taxonomy":"certification","embeddable":true,"href":"https:\/\/www.linkceramics.com\/es\/wp-json\/wp\/v2\/certification?post=2730"},{"taxonomy":"product_brand","embeddable":true,"href":"https:\/\/www.linkceramics.com\/es\/wp-json\/wp\/v2\/product_brand?post=2730"},{"taxonomy":"product_cat","embeddable":true,"href":"https:\/\/www.linkceramics.com\/es\/wp-json\/wp\/v2\/product_cat?post=2730"},{"taxonomy":"product_tag","embeddable":true,"href":"https:\/\/www.linkceramics.com\/es\/wp-json\/wp\/v2\/product_tag?post=2730"}],"curies":[{"name":"wp","href":"https:\/\/api.w.org\/{rel}","templated":true}]}}