{"id":2736,"date":"2025-10-23T08:38:27","date_gmt":"2025-10-23T08:38:27","guid":{"rendered":"https:\/\/www.linkceramics.com\/?post_type=product&#038;p=2736"},"modified":"2025-10-23T08:38:29","modified_gmt":"2025-10-23T08:38:29","slug":"dinner-set-wholesale","status":"publish","type":"product","link":"https:\/\/www.linkceramics.com\/es\/product\/dinner-set-wholesale\/","title":{"rendered":"Vajilla al por mayor, Suministro de vajilla artesanal Feel"},"content":{"rendered":"<div class=\"wp-block-columns is-layout-flex wp-container-core-columns-is-layout-9d6595d7 wp-block-columns-is-layout-flex\">\n<div class=\"wp-block-column is-layout-flow wp-block-column-is-layout-flow\" style=\"flex-basis:50%\">\n<h3 class=\"wp-block-heading\">Vajilla Premium al por mayor Caracter\u00edsticas:<\/h3>\n\n\n\n<ul class=\"wp-block-list\">\n<li><strong>Forma irregular natural: <\/strong>Todos los productos de esta vajilla al por mayor son de l\u00edneas org\u00e1nicas y textura artesanal, con una atm\u00f3sfera art\u00edstica \u00fanica.<\/li>\n\n\n\n<li><strong>Suaves tonos beige y motivos florales:<\/strong> Estas vajillas de cer\u00e1mica a granel est\u00e1n salpicadas de peque\u00f1os dibujos de flores rojas, que crean una atm\u00f3sfera rom\u00e1ntica como la de un jard\u00edn primaveral.<\/li>\n\n\n\n<li><strong>Juego completo:<\/strong> Esta vajilla al por mayor incluye cuencos, platos y tazas de varios tama\u00f1os, perfectos para las comidas familiares cotidianas, as\u00ed como para banquetes y reuniones formales.<\/li>\n\n\n\n<li><strong>Esmalte liso, f\u00e1cil de limpiar y duradero: <\/strong>Nuestra vajilla de cer\u00e1mica a granel utiliza porcelana de alta calidad y un suave tratamiento de esmaltado, que resulta bonito y f\u00e1cil de cuidar a diario.<\/li>\n\n\n\n<li><strong>Apto para venta al por mayor y personalizaci\u00f3n:<\/strong> Nuestra vajilla al por mayor admite el suministro a gran escala, y puede personalizar patrones o combinaciones para las marcas, adecuados para proyectos de venta al por menor y de catering.<\/li>\n<\/ul>\n<\/div>\n\n\n\n<div class=\"wp-block-column is-layout-flow wp-block-column-is-layout-flow\" style=\"flex-basis:50%\">\n<figure class=\"wp-block-image size-full\"><img decoding=\"async\" width=\"800\" height=\"800\" src=\"https:\/\/www.linkceramics.com\/wp-content\/uploads\/2025\/10\/porcelain-dinner-set-wholesale-handcrafted-feel-tableware-supply-1.webp\" alt=\"vajilla de porcelana al por mayor - vajilla artesanal 1\" class=\"wp-image-2737\" srcset=\"https:\/\/www.linkceramics.com\/wp-content\/uploads\/2025\/10\/porcelain-dinner-set-wholesale-handcrafted-feel-tableware-supply-1.webp 800w, https:\/\/www.linkceramics.com\/wp-content\/uploads\/2025\/10\/porcelain-dinner-set-wholesale-handcrafted-feel-tableware-supply-1-300x300.webp 300w, https:\/\/www.linkceramics.com\/wp-content\/uploads\/2025\/10\/porcelain-dinner-set-wholesale-handcrafted-feel-tableware-supply-1-150x150.webp 150w, https:\/\/www.linkceramics.com\/wp-content\/uploads\/2025\/10\/porcelain-dinner-set-wholesale-handcrafted-feel-tableware-supply-1-768x768.webp 768w, https:\/\/www.linkceramics.com\/wp-content\/uploads\/2025\/10\/porcelain-dinner-set-wholesale-handcrafted-feel-tableware-supply-1-12x12.webp 12w, https:\/\/www.linkceramics.com\/wp-content\/uploads\/2025\/10\/porcelain-dinner-set-wholesale-handcrafted-feel-tableware-supply-1-600x600.webp 600w, https:\/\/www.linkceramics.com\/wp-content\/uploads\/2025\/10\/porcelain-dinner-set-wholesale-handcrafted-feel-tableware-supply-1-100x100.webp 100w\" sizes=\"(max-width: 800px) 100vw, 800px\" \/><\/figure>\n<\/div>\n<\/div>\n\n\n\n<p><\/p>","protected":false},"excerpt":{"rendered":"<div id=\"brxe-0ee1ca\" class=\"brxe-product-meta product_meta\">\n<p>Bienvenido a comprar vajilla de cer\u00e1mica al por mayor. Esta vajilla al por mayor se crea en el color primario de beige suave con patrones de flores peque\u00f1as, forma irregular, textura natural hecha a mano, y el dise\u00f1o sutil y \u00fanico, que lo hace adecuado para banquetes o reuniones familiares. Se puede personalizar, proporcionando una comida m\u00e1s a medida.<\/p>\n<\/div>\n<div id=\"brxe-8c5ca9\" class=\"brxe-product-short-description\">\n<div class=\"woocommerce-product-details__short-description\">\n<h2>Vajilla al por mayor Especificaciones:<\/h2>\n<table border=\"0\" width=\"370\" cellspacing=\"0\" cellpadding=\"0\">\n<tbody>\n<tr>\n<td width=\"139\" height=\"18\">Fabricante<\/td>\n<td width=\"231\">SOLECASA<\/td>\n<\/tr>\n<tr>\n<td width=\"139\" height=\"18\">Nombre de la colecci\u00f3n<\/td>\n<td width=\"231\">Tribunal de Blossom<\/td>\n<\/tr>\n<tr>\n<td width=\"139\" height=\"36\">Productos incluidos<\/td>\n<td width=\"231\">Plato, cuenco, plato hondo, cuchara, taza, jarr\u00f3n<\/td>\n<\/tr>\n<tr>\n<td width=\"139\" height=\"18\">Material<\/td>\n<td width=\"231\">Porcelana<\/td>\n<\/tr>\n<tr>\n<td width=\"139\" height=\"18\">Paquete<\/td>\n<td width=\"231\">Paquete a granel<\/td>\n<\/tr>\n<tr>\n<td width=\"139\" height=\"18\">Unidades de venta<\/td>\n<td width=\"231\">Art\u00edculo \u00fanico<\/td>\n<\/tr>\n<tr>\n<td width=\"139\" height=\"18\">MOQ<\/td>\n<td width=\"231\">MOQ bajo<\/td>\n<\/tr>\n<tr>\n<td width=\"139\" height=\"18\">Muestra gratuita<\/td>\n<td width=\"231\">Disponible<\/td>\n<\/tr>\n<tr>\n<td width=\"139\" height=\"18\">Opci\u00f3n personalizada<\/td>\n<td width=\"231\">Color\/Tama\u00f1o\/Glaseado\/Logotipo\/Embalaje<\/td>\n<\/tr>\n<\/tbody>\n<\/table>\n<p><\/p>\n<div id=\"brxe-93988a\" class=\"brxe-block\">\u00a0<\/div>\n<\/div>\n<\/div>\n<p><script src=\"chrome-extension:\/\/fpelahbljekknahkcaegamhcndkfpfnc\/iFrame.js\" type=\"text\/javascript\"><\/script><\/p>","protected":false},"featured_media":2738,"comment_status":"open","ping_status":"closed","template":"","meta":{"_acf_changed":false},"certification":[63,64,66,58,65,61,60,62,57],"product_brand":[],"product_cat":[34,18],"product_tag":[],"class_list":{"0":"post-2736","1":"product","2":"type-product","3":"status-publish","4":"has-post-thumbnail","6":"certification-amfori","7":"certification-bsci","8":"certification-cnas","9":"certification-fda","10":"certification-iaf","11":"certification-iso-14001","12":"certification-iso-45001","13":"certification-iso-9001","14":"certification-lfgb","15":"product_cat-custom-household-ceramics","16":"product_cat-ceramic-tableware-wholesale","18":"first","19":"instock","20":"shipping-taxable","21":"product-type-simple"},"acf":[],"_links":{"self":[{"href":"https:\/\/www.linkceramics.com\/es\/wp-json\/wp\/v2\/product\/2736","targetHints":{"allow":["GET"]}}],"collection":[{"href":"https:\/\/www.linkceramics.com\/es\/wp-json\/wp\/v2\/product"}],"about":[{"href":"https:\/\/www.linkceramics.com\/es\/wp-json\/wp\/v2\/types\/product"}],"replies":[{"embeddable":true,"href":"https:\/\/www.linkceramics.com\/es\/wp-json\/wp\/v2\/comments?post=2736"}],"wp:featuredmedia":[{"embeddable":true,"href":"https:\/\/www.linkceramics.com\/es\/wp-json\/wp\/v2\/media\/2738"}],"wp:attachment":[{"href":"https:\/\/www.linkceramics.com\/es\/wp-json\/wp\/v2\/media?parent=2736"}],"wp:term":[{"taxonomy":"certification","embeddable":true,"href":"https:\/\/www.linkceramics.com\/es\/wp-json\/wp\/v2\/certification?post=2736"},{"taxonomy":"product_brand","embeddable":true,"href":"https:\/\/www.linkceramics.com\/es\/wp-json\/wp\/v2\/product_brand?post=2736"},{"taxonomy":"product_cat","embeddable":true,"href":"https:\/\/www.linkceramics.com\/es\/wp-json\/wp\/v2\/product_cat?post=2736"},{"taxonomy":"product_tag","embeddable":true,"href":"https:\/\/www.linkceramics.com\/es\/wp-json\/wp\/v2\/product_tag?post=2736"}],"curies":[{"name":"wp","href":"https:\/\/api.w.org\/{rel}","templated":true}]}}