{"id":2744,"date":"2025-10-23T09:11:27","date_gmt":"2025-10-23T09:11:27","guid":{"rendered":"https:\/\/www.linkceramics.com\/?post_type=product&#038;p=2744"},"modified":"2025-10-23T09:11:29","modified_gmt":"2025-10-23T09:11:29","slug":"ceramic-tableware-wholesale","status":"publish","type":"product","link":"https:\/\/www.linkceramics.com\/es\/product\/ceramic-tableware-wholesale\/","title":{"rendered":"Solecasa Vajilla de Cer\u00e1mica Pintada a Mano Suministro al por mayor"},"content":{"rendered":"<div class=\"wp-block-columns is-layout-flex wp-container-core-columns-is-layout-9d6595d7 wp-block-columns-is-layout-flex\">\n<div class=\"wp-block-column is-layout-flow wp-block-column-is-layout-flow\" style=\"flex-basis:50%\">\n<h3 class=\"wp-block-heading\">Vajilla de Cer\u00e1mica Premium al por mayor Caracter\u00edsticas:<\/h3>\n\n\n\n<ul class=\"wp-block-list\">\n<li><strong>Dise\u00f1o sencillo y contempor\u00e1neo: <\/strong>Nuestra vajilla de cer\u00e1mica a granel est\u00e1 dise\u00f1ada con rayas azules y rojas, decoraci\u00f3n pintada a mano, forma concisa y color llamativo, abogando por la belleza de la vida contempor\u00e1nea.<\/li>\n\n\n\n<li><strong>La combinaci\u00f3n de varias piezas resulta pr\u00e1ctica:<\/strong> Nuestra vajilla de cer\u00e1mica al por mayor incluye una variedad de vajillas b\u00e1sicas para satisfacer las diferentes necesidades culinarias.<\/li>\n\n\n\n<li><strong>Esmalte sin plomo y apto para alimentos:<\/strong> Todas las vajillas a granel est\u00e1n esmaltadas sin plomo ni cadmio, son ecol\u00f3gicas y han superado las normas internacionales de seguridad alimentaria, como la FDA y la LFGB, por motivos de salud y seguridad.<\/li>\n\n\n\n<li><strong>Material cer\u00e1mico de alta temperatura:<\/strong> Nuestra vajilla de cer\u00e1mica al por mayor se cuece a alta temperatura, es duradera y dif\u00edcil de romper, segura y c\u00f3moda para el uso diario.<\/li>\n\n\n\n<li><strong>Venta al por mayor y personalizaci\u00f3n disponibles:<\/strong> Nuestra vajilla de cer\u00e1mica al por mayor puede aceptar el suministro a granel y la personalizaci\u00f3n de patrones, adecuada para la compra comercial y la venta de marca.<\/li>\n<\/ul>\n<\/div>\n\n\n\n<div class=\"wp-block-column is-layout-flow wp-block-column-is-layout-flow\" style=\"flex-basis:50%\">\n<figure class=\"wp-block-image size-full\"><img decoding=\"async\" width=\"800\" height=\"800\" src=\"https:\/\/www.linkceramics.com\/wp-content\/uploads\/2025\/10\/solecasa-hand-painting-ceramic-tableware-wholesale-supply-4.webp\" alt=\"solecasa-pintura-manual-vajilla-de-cer\u00e1mica-suministro-mayorista-4\" class=\"wp-image-2747\" srcset=\"https:\/\/www.linkceramics.com\/wp-content\/uploads\/2025\/10\/solecasa-hand-painting-ceramic-tableware-wholesale-supply-4.webp 800w, https:\/\/www.linkceramics.com\/wp-content\/uploads\/2025\/10\/solecasa-hand-painting-ceramic-tableware-wholesale-supply-4-300x300.webp 300w, https:\/\/www.linkceramics.com\/wp-content\/uploads\/2025\/10\/solecasa-hand-painting-ceramic-tableware-wholesale-supply-4-150x150.webp 150w, https:\/\/www.linkceramics.com\/wp-content\/uploads\/2025\/10\/solecasa-hand-painting-ceramic-tableware-wholesale-supply-4-768x768.webp 768w, https:\/\/www.linkceramics.com\/wp-content\/uploads\/2025\/10\/solecasa-hand-painting-ceramic-tableware-wholesale-supply-4-12x12.webp 12w, https:\/\/www.linkceramics.com\/wp-content\/uploads\/2025\/10\/solecasa-hand-painting-ceramic-tableware-wholesale-supply-4-600x600.webp 600w, https:\/\/www.linkceramics.com\/wp-content\/uploads\/2025\/10\/solecasa-hand-painting-ceramic-tableware-wholesale-supply-4-100x100.webp 100w\" sizes=\"(max-width: 800px) 100vw, 800px\" \/><\/figure>\n<\/div>\n<\/div>\n\n\n\n<p><\/p>","protected":false},"excerpt":{"rendered":"<div id=\"brxe-0ee1ca\" class=\"brxe-product-meta product_meta\">\n<p>Bienvenido a comprar vajilla al por mayor. Esta vajilla de cer\u00e1mica al por mayor tiene un estilo conciso y moderno, y est\u00e1 decorada con rayas azules y rojas pintadas a mano. Los artesanos pintan la vajilla pieza a pieza a mano, creando colores vibrantes y una artesan\u00eda \u00fanica. Proporcionamos a los clientes de marcas y proyectos de catering soluciones de vajilla de cer\u00e1mica de alta calidad.<\/p>\n<\/div>\n<div id=\"brxe-8c5ca9\" class=\"brxe-product-short-description\">\n<div class=\"woocommerce-product-details__short-description\">\n<h2>Vajilla de cer\u00e1mica al por mayor Especificaciones:<\/h2>\n<table border=\"0\" width=\"370\" cellspacing=\"0\" cellpadding=\"0\">\n<tbody>\n<tr>\n<td width=\"139\" height=\"18\">Fabricante<\/td>\n<td width=\"231\">SOLECASA<\/td>\n<\/tr>\n<tr>\n<td width=\"139\" height=\"18\">Nombre de la colecci\u00f3n<\/td>\n<td width=\"231\">Brooklyn<\/td>\n<\/tr>\n<tr>\n<td width=\"139\" height=\"36\">Productos incluidos<\/td>\n<td width=\"231\">Plato, Bol, Taza y Plato, Plato para mojar, Cuchara<\/td>\n<\/tr>\n<tr>\n<td width=\"139\" height=\"18\">Material<\/td>\n<td width=\"231\">Porcelana<\/td>\n<\/tr>\n<tr>\n<td width=\"139\" height=\"18\">Paquete<\/td>\n<td width=\"231\">Paquete a granel<\/td>\n<\/tr>\n<tr>\n<td width=\"139\" height=\"18\">Unidades de venta<\/td>\n<td width=\"231\">Art\u00edculo \u00fanico<\/td>\n<\/tr>\n<tr>\n<td width=\"139\" height=\"18\">MOQ<\/td>\n<td width=\"231\">MOQ bajo<\/td>\n<\/tr>\n<tr>\n<td width=\"139\" height=\"18\">Muestra gratuita<\/td>\n<td width=\"231\">Disponible<\/td>\n<\/tr>\n<tr>\n<td width=\"139\" height=\"18\">Opci\u00f3n personalizada<\/td>\n<td width=\"231\">Color\/Tama\u00f1o\/Glaseado\/Logotipo\/Embalaje<\/td>\n<\/tr>\n<\/tbody>\n<\/table>\n<div id=\"brxe-93988a\">\u00a0<\/div>\n<\/div>\n<\/div>","protected":false},"featured_media":2745,"comment_status":"open","ping_status":"closed","template":"","meta":{"_acf_changed":false},"certification":[63,64,66,58,65,61,60,62,57],"product_brand":[],"product_cat":[34,18],"product_tag":[],"class_list":{"0":"post-2744","1":"product","2":"type-product","3":"status-publish","4":"has-post-thumbnail","6":"certification-amfori","7":"certification-bsci","8":"certification-cnas","9":"certification-fda","10":"certification-iaf","11":"certification-iso-14001","12":"certification-iso-45001","13":"certification-iso-9001","14":"certification-lfgb","15":"product_cat-custom-household-ceramics","16":"product_cat-ceramic-tableware-wholesale","18":"first","19":"instock","20":"shipping-taxable","21":"product-type-simple"},"acf":[],"_links":{"self":[{"href":"https:\/\/www.linkceramics.com\/es\/wp-json\/wp\/v2\/product\/2744","targetHints":{"allow":["GET"]}}],"collection":[{"href":"https:\/\/www.linkceramics.com\/es\/wp-json\/wp\/v2\/product"}],"about":[{"href":"https:\/\/www.linkceramics.com\/es\/wp-json\/wp\/v2\/types\/product"}],"replies":[{"embeddable":true,"href":"https:\/\/www.linkceramics.com\/es\/wp-json\/wp\/v2\/comments?post=2744"}],"wp:featuredmedia":[{"embeddable":true,"href":"https:\/\/www.linkceramics.com\/es\/wp-json\/wp\/v2\/media\/2745"}],"wp:attachment":[{"href":"https:\/\/www.linkceramics.com\/es\/wp-json\/wp\/v2\/media?parent=2744"}],"wp:term":[{"taxonomy":"certification","embeddable":true,"href":"https:\/\/www.linkceramics.com\/es\/wp-json\/wp\/v2\/certification?post=2744"},{"taxonomy":"product_brand","embeddable":true,"href":"https:\/\/www.linkceramics.com\/es\/wp-json\/wp\/v2\/product_brand?post=2744"},{"taxonomy":"product_cat","embeddable":true,"href":"https:\/\/www.linkceramics.com\/es\/wp-json\/wp\/v2\/product_cat?post=2744"},{"taxonomy":"product_tag","embeddable":true,"href":"https:\/\/www.linkceramics.com\/es\/wp-json\/wp\/v2\/product_tag?post=2744"}],"curies":[{"name":"wp","href":"https:\/\/api.w.org\/{rel}","templated":true}]}}