{"id":2787,"date":"2025-11-13T03:29:36","date_gmt":"2025-11-13T03:29:36","guid":{"rendered":"https:\/\/www.linkceramics.com\/?post_type=product&#038;p=2787"},"modified":"2025-11-13T03:29:39","modified_gmt":"2025-11-13T03:29:39","slug":"bulk-ceramic-bathroom-accessories-set","status":"publish","type":"product","link":"https:\/\/www.linkceramics.com\/es\/product\/bulk-ceramic-bathroom-accessories-set\/","title":{"rendered":"Accesorios de ba\u00f1o de cer\u00e1mica a granel de f\u00e1brica Juego de 4 piezas"},"content":{"rendered":"<div class=\"wp-block-columns is-layout-flex wp-container-core-columns-is-layout-9d6595d7 wp-block-columns-is-layout-flex\">\n<div class=\"wp-block-column is-layout-flow wp-block-column-is-layout-flow\" style=\"flex-basis:50%\">\n<h3 class=\"wp-block-heading\">Caracter\u00edsticas del set de accesorios de ba\u00f1o de cer\u00e1mica a granel<\/h3>\n\n\n\n<p><strong>Dise\u00f1o original:<\/strong> Nuestro juego de accesorios de ba\u00f1o de cer\u00e1mica a granel de f\u00e1brica presenta un distintivo dise\u00f1o de tarro Mason, que refleja un estilo moderno y un atractivo cl\u00e1sico.<\/p>\n\n\n\n<p><strong>Multiusos: <\/strong>El juego de accesorios de ba\u00f1o consta de cuatro piezas \u00fatiles y esenciales: un dosificador de jab\u00f3n, un portacepillos de dientes, un vaso\/jarra y una jabonera.<\/p>\n\n\n\n<p><strong>Selecci\u00f3n de colores:<\/strong> El juego de accesorios de ba\u00f1o de cer\u00e1mica a granel se ofrece en una variedad de colores de moda, con un surtido de blanco, gris, beige\/taup\u00e9 y azul claro\/verde menta. La evidencia es clara con los colores que los objetos todos encajar\u00e1n bien con cualquier estilo de ba\u00f1o.<\/p>\n\n\n\n<p><strong>Fuerte:<\/strong> La cer\u00e1mica es un material extremadamente duradero, muy resistente al calor y a los golpes, lo que la hace irrompible y duradera para el uso diario.<\/p>\n\n\n\n<p><strong>Bajo mantenimiento:<\/strong> Mantener su cuarto de ba\u00f1o limpio e higi\u00e9nico con nuestro juego de accesorios de ba\u00f1o de cer\u00e1mica a granel de f\u00e1brica es f\u00e1cil. Limpie en cualquier momento con s\u00f3lo un pa\u00f1o h\u00famedo para una superficie bermell\u00f3n limpia y de aspecto fresco d\u00eda tras d\u00eda.<\/p>\n<\/div>\n\n\n\n<div class=\"wp-block-column is-layout-flow wp-block-column-is-layout-flow\" style=\"flex-basis:50%\">\n<figure class=\"wp-block-image size-full\"><img decoding=\"async\" width=\"750\" height=\"750\" src=\"https:\/\/www.linkceramics.com\/wp-content\/uploads\/2025\/11\/factory-bulk-ceramic-bathroom-accessories-set-4-piece-5.webp\" alt=\"conjunto de accesorios de ba\u00f1o de cer\u00e1mica a granel de f\u00e1brica - 4 piezas - 5conjunto de accesorios de ba\u00f1o de cer\u00e1mica a granel de f\u00e1brica - 4 piezas - 5\" class=\"wp-image-2792\" srcset=\"https:\/\/www.linkceramics.com\/wp-content\/uploads\/2025\/11\/factory-bulk-ceramic-bathroom-accessories-set-4-piece-5.webp 750w, https:\/\/www.linkceramics.com\/wp-content\/uploads\/2025\/11\/factory-bulk-ceramic-bathroom-accessories-set-4-piece-5-300x300.webp 300w, https:\/\/www.linkceramics.com\/wp-content\/uploads\/2025\/11\/factory-bulk-ceramic-bathroom-accessories-set-4-piece-5-150x150.webp 150w, https:\/\/www.linkceramics.com\/wp-content\/uploads\/2025\/11\/factory-bulk-ceramic-bathroom-accessories-set-4-piece-5-12x12.webp 12w, https:\/\/www.linkceramics.com\/wp-content\/uploads\/2025\/11\/factory-bulk-ceramic-bathroom-accessories-set-4-piece-5-600x600.webp 600w, https:\/\/www.linkceramics.com\/wp-content\/uploads\/2025\/11\/factory-bulk-ceramic-bathroom-accessories-set-4-piece-5-100x100.webp 100w\" sizes=\"(max-width: 750px) 100vw, 750px\" \/><\/figure>\n<\/div>\n<\/div>","protected":false},"excerpt":{"rendered":"<p>No dude en ponerse en contacto con Kedali para la compra al por mayor o la personalizaci\u00f3n de este conjunto de accesorios de ba\u00f1o de cer\u00e1mica a granel Mason jar. Cada juego incluye una jabonera de listones de dise\u00f1o inteligente, un portacepillos de dientes abierto, un vaso de aclarado y una bomba de acero inoxidable para dispensador de jab\u00f3n l\u00edquido. El pedido m\u00ednimo es de 800 unidades.<\/p>\n<h2>Especificaciones del set de accesorios de ba\u00f1o de cer\u00e1mica a granel<\/h2>\n<table class=\"alignleft\" width=\"635\">\n<tbody>\n<tr>\n<td width=\"147\">Marca<\/td>\n<td width=\"488\">KDL<\/td>\n<\/tr>\n<tr>\n<td width=\"147\">Modelo<\/td>\n<td width=\"488\">DBS266-K466<\/td>\n<\/tr>\n<tr>\n<td width=\"147\">Nombre<\/td>\n<td width=\"488\">set de accesorios de ba\u00f1o de cer\u00e1mica<\/td>\n<\/tr>\n<tr>\n<td width=\"147\">Color<\/td>\n<td width=\"488\">blanco<\/td>\n<\/tr>\n<tr>\n<td width=\"147\">Material<\/td>\n<td width=\"488\">cer\u00e1mica<\/td>\n<\/tr>\n<tr>\n<td width=\"147\">Aplicaci\u00f3n<\/td>\n<td width=\"488\">cuarto de ba\u00f1o\u00a0<\/td>\n<\/tr>\n<tr>\n<td width=\"147\">Dimensiones<\/td>\n<td width=\"488\">Dispensador:7,7*7,7*18,5cm; Vaso:7,7*7,7*12cm Portacepillos de dientes:7,7*7,7*12cm; Jabonera:13,2*8*1,7cm;<\/td>\n<\/tr>\n<tr>\n<td width=\"147\">Peso bruto (kg)<\/td>\n<td width=\"488\">2kg\/set<\/td>\n<\/tr>\n<tr>\n<td width=\"147\">Caracter\u00edstica<\/td>\n<td width=\"488\">Tallado<\/td>\n<\/tr>\n<tr>\n<td width=\"147\">Cantidad m\u00ednima de pedido<\/td>\n<td width=\"488\">800 conjuntos<\/td>\n<\/tr>\n<\/tbody>\n<\/table>\n<p>&nbsp;<\/p>","protected":false},"featured_media":2788,"comment_status":"open","ping_status":"closed","template":"","meta":{"_acf_changed":true},"certification":[63,64,66,58,61,62],"product_brand":[],"product_cat":[35,22],"product_tag":[],"class_list":{"0":"post-2787","1":"product","2":"type-product","3":"status-publish","4":"has-post-thumbnail","6":"certification-amfori","7":"certification-bsci","8":"certification-cnas","9":"certification-fda","10":"certification-iso-14001","11":"certification-iso-9001","12":"product_cat-bathroom-ceramics-supply","13":"product_cat-ceramic-bathroom-set","15":"first","16":"instock","17":"shipping-taxable","18":"product-type-simple"},"acf":[],"_links":{"self":[{"href":"https:\/\/www.linkceramics.com\/es\/wp-json\/wp\/v2\/product\/2787","targetHints":{"allow":["GET"]}}],"collection":[{"href":"https:\/\/www.linkceramics.com\/es\/wp-json\/wp\/v2\/product"}],"about":[{"href":"https:\/\/www.linkceramics.com\/es\/wp-json\/wp\/v2\/types\/product"}],"replies":[{"embeddable":true,"href":"https:\/\/www.linkceramics.com\/es\/wp-json\/wp\/v2\/comments?post=2787"}],"wp:featuredmedia":[{"embeddable":true,"href":"https:\/\/www.linkceramics.com\/es\/wp-json\/wp\/v2\/media\/2788"}],"wp:attachment":[{"href":"https:\/\/www.linkceramics.com\/es\/wp-json\/wp\/v2\/media?parent=2787"}],"wp:term":[{"taxonomy":"certification","embeddable":true,"href":"https:\/\/www.linkceramics.com\/es\/wp-json\/wp\/v2\/certification?post=2787"},{"taxonomy":"product_brand","embeddable":true,"href":"https:\/\/www.linkceramics.com\/es\/wp-json\/wp\/v2\/product_brand?post=2787"},{"taxonomy":"product_cat","embeddable":true,"href":"https:\/\/www.linkceramics.com\/es\/wp-json\/wp\/v2\/product_cat?post=2787"},{"taxonomy":"product_tag","embeddable":true,"href":"https:\/\/www.linkceramics.com\/es\/wp-json\/wp\/v2\/product_tag?post=2787"}],"curies":[{"name":"wp","href":"https:\/\/api.w.org\/{rel}","templated":true}]}}