{"id":2793,"date":"2025-11-13T06:23:48","date_gmt":"2025-11-13T06:23:48","guid":{"rendered":"https:\/\/www.linkceramics.com\/?post_type=product&#038;p=2793"},"modified":"2025-11-13T06:23:50","modified_gmt":"2025-11-13T06:23:50","slug":"wholesale-ceramic-soap-dispensers","status":"publish","type":"product","link":"https:\/\/www.linkceramics.com\/es\/product\/wholesale-ceramic-soap-dispensers\/","title":{"rendered":"Dispensadores de jab\u00f3n de cer\u00e1mica al por mayor \u00fanicos, art\u00edculos de ba\u00f1o"},"content":{"rendered":"<div class=\"wp-block-columns is-layout-flex wp-container-core-columns-is-layout-9d6595d7 wp-block-columns-is-layout-flex\">\n<div class=\"wp-block-column is-layout-flow wp-block-column-is-layout-flow\" style=\"flex-basis:50%\">\n<h3 class=\"wp-block-heading\">Caracter\u00edsticas de los dispensadores de jab\u00f3n de cer\u00e1mica al por mayor<\/h3>\n\n\n\n<p><strong>Dise\u00f1o original:<\/strong> A diferencia de los dispensadores de jab\u00f3n de pl\u00e1stico est\u00e1ndar, estos dispensadores de jab\u00f3n de cer\u00e1mica al por mayor son de cer\u00e1mica por material, as\u00ed como tener formas humanas abstractas originales ayudar con el dise\u00f1o, por lo que son decorativos dispensadores de jab\u00f3n de cer\u00e1mica, as\u00ed como accesorios de ba\u00f1o.<\/p>\n\n\n\n<p><strong>Sensaci\u00f3n de material de calidad: <\/strong>En lugar de dispensadores de jab\u00f3n de pl\u00e1stico, estos dispensadores de jab\u00f3n de cer\u00e1mica al por mayor tienen un peso de primera calidad, y la superficie lisa y brillante es muy f\u00e1cil de limpiar.<\/p>\n\n\n\n<p><strong>Reutilizaci\u00f3n: <\/strong>Aunque estos dispensadores de jab\u00f3n de cer\u00e1mica al por mayor son reutilizables, son una soluci\u00f3n sostenible a largo plazo porque no tienes que seguir sustituyendo esas baratas botellas de jab\u00f3n de pl\u00e1stico desechables.<\/p>\n\n\n\n<p><strong>Uso para m\u00faltiples l\u00edquidos:<\/strong> Estos dispensadores de jab\u00f3n de cer\u00e1mica personalizados son ideales para una gran variedad de l\u00edquidos (jab\u00f3n de manos, loci\u00f3n, desinfectante de manos o incluso gel de ducha\/champ\u00fa), lo que los hace vers\u00e1tiles y aceptables para cualquier cuarto de ba\u00f1o o tocador.<\/p>\n\n\n\n<p><strong>OEM y ODM de f\u00e1brica:<\/strong> Kedali es uno de los principales fabricantes de accesorios de ba\u00f1o de China. Ofrecemos servicios completos de personalizaci\u00f3n para satisfacer las necesidades de los clientes, incluidos el color, la forma, el tama\u00f1o y el dise\u00f1o del envase, lo que ayuda a las marcas a crear productos \u00fanicos.<\/p>\n<\/div>\n\n\n\n<div class=\"wp-block-column is-layout-flow wp-block-column-is-layout-flow\" style=\"flex-basis:50%\">\n<figure class=\"wp-block-image size-full\"><img decoding=\"async\" width=\"800\" height=\"800\" src=\"https:\/\/www.linkceramics.com\/wp-content\/uploads\/2025\/11\/unique-wholesale-ceramic-soap-dispensers-bathroom-supplies-1.webp\" alt=\"surtidores de jab\u00f3n cer\u00e1mico al por mayor \u00fanicos-suministros para cuartos de ba\u00f1o-1\" class=\"wp-image-2794\" srcset=\"https:\/\/www.linkceramics.com\/wp-content\/uploads\/2025\/11\/unique-wholesale-ceramic-soap-dispensers-bathroom-supplies-1.webp 800w, https:\/\/www.linkceramics.com\/wp-content\/uploads\/2025\/11\/unique-wholesale-ceramic-soap-dispensers-bathroom-supplies-1-300x300.webp 300w, https:\/\/www.linkceramics.com\/wp-content\/uploads\/2025\/11\/unique-wholesale-ceramic-soap-dispensers-bathroom-supplies-1-150x150.webp 150w, https:\/\/www.linkceramics.com\/wp-content\/uploads\/2025\/11\/unique-wholesale-ceramic-soap-dispensers-bathroom-supplies-1-768x768.webp 768w, https:\/\/www.linkceramics.com\/wp-content\/uploads\/2025\/11\/unique-wholesale-ceramic-soap-dispensers-bathroom-supplies-1-12x12.webp 12w, https:\/\/www.linkceramics.com\/wp-content\/uploads\/2025\/11\/unique-wholesale-ceramic-soap-dispensers-bathroom-supplies-1-600x600.webp 600w, https:\/\/www.linkceramics.com\/wp-content\/uploads\/2025\/11\/unique-wholesale-ceramic-soap-dispensers-bathroom-supplies-1-100x100.webp 100w\" sizes=\"(max-width: 800px) 100vw, 800px\" \/><\/figure>\n<\/div>\n<\/div>","protected":false},"excerpt":{"rendered":"<p>No dude en ponerse en contacto con Kedali para la compra al por mayor o la personalizaci\u00f3n de estos dispensadores de jab\u00f3n de cer\u00e1mica al por mayor. Estos dispensadores presentan dise\u00f1os abstractos \u00fanicos y est\u00e1n disponibles en blanco y negro. No s\u00f3lo sirven como pieza de arte escultural, sino tambi\u00e9n como elegante recipiente para jab\u00f3n de manos o loci\u00f3n, lo que facilita su uso. P\u00f3ngase en contacto con nosotros para conocer los precios de f\u00e1brica.<\/p>\n<h2>Especificaciones de los dispensadores de jab\u00f3n de cer\u00e1mica al por mayor<\/h2>\n<table width=\"235\">\n<tbody>\n<tr>\n<td width=\"69\">Marca<\/td>\n<td width=\"166\">KDL<\/td>\n<\/tr>\n<tr>\n<td width=\"69\">Modelo<\/td>\n<td width=\"166\">BS545-1H<\/td>\n<\/tr>\n<tr>\n<td width=\"69\">Material<\/td>\n<td width=\"166\">cer\u00e1mica<\/td>\n<\/tr>\n<tr>\n<td width=\"69\">color<\/td>\n<td width=\"166\">blanco\/negro<\/td>\n<\/tr>\n<tr>\n<td width=\"69\">Aplicaci\u00f3n<\/td>\n<td width=\"166\">dispensador de jab\u00f3n<\/td>\n<\/tr>\n<tr>\n<td width=\"69\">Caracter\u00edstica<\/td>\n<td width=\"166\">Esmaltado<\/td>\n<\/tr>\n<tr>\n<td width=\"69\">Dimensiones<\/td>\n<td width=\"166\">8,7 \u00d7 4,3 \u00d7 19 0,26KG (excluida la boquilla 13,5)<\/td>\n<\/tr>\n<tr>\n<td width=\"69\">Peso bruto (kg)<\/td>\n<td width=\"166\">0.3<\/td>\n<\/tr>\n<tr>\n<td width=\"69\">Cantidad m\u00ednima de pedido<\/td>\n<td width=\"166\">800 unidades<\/td>\n<\/tr>\n<\/tbody>\n<\/table>\n<p>&nbsp;<\/p>","protected":false},"featured_media":2795,"comment_status":"open","ping_status":"closed","template":"","meta":{"_acf_changed":false},"certification":[63,64,66,58,61,62],"product_brand":[],"product_cat":[35,22],"product_tag":[],"class_list":{"0":"post-2793","1":"product","2":"type-product","3":"status-publish","4":"has-post-thumbnail","6":"certification-amfori","7":"certification-bsci","8":"certification-cnas","9":"certification-fda","10":"certification-iso-14001","11":"certification-iso-9001","12":"product_cat-bathroom-ceramics-supply","13":"product_cat-ceramic-bathroom-set","15":"first","16":"instock","17":"shipping-taxable","18":"product-type-simple"},"acf":[],"_links":{"self":[{"href":"https:\/\/www.linkceramics.com\/es\/wp-json\/wp\/v2\/product\/2793","targetHints":{"allow":["GET"]}}],"collection":[{"href":"https:\/\/www.linkceramics.com\/es\/wp-json\/wp\/v2\/product"}],"about":[{"href":"https:\/\/www.linkceramics.com\/es\/wp-json\/wp\/v2\/types\/product"}],"replies":[{"embeddable":true,"href":"https:\/\/www.linkceramics.com\/es\/wp-json\/wp\/v2\/comments?post=2793"}],"wp:featuredmedia":[{"embeddable":true,"href":"https:\/\/www.linkceramics.com\/es\/wp-json\/wp\/v2\/media\/2795"}],"wp:attachment":[{"href":"https:\/\/www.linkceramics.com\/es\/wp-json\/wp\/v2\/media?parent=2793"}],"wp:term":[{"taxonomy":"certification","embeddable":true,"href":"https:\/\/www.linkceramics.com\/es\/wp-json\/wp\/v2\/certification?post=2793"},{"taxonomy":"product_brand","embeddable":true,"href":"https:\/\/www.linkceramics.com\/es\/wp-json\/wp\/v2\/product_brand?post=2793"},{"taxonomy":"product_cat","embeddable":true,"href":"https:\/\/www.linkceramics.com\/es\/wp-json\/wp\/v2\/product_cat?post=2793"},{"taxonomy":"product_tag","embeddable":true,"href":"https:\/\/www.linkceramics.com\/es\/wp-json\/wp\/v2\/product_tag?post=2793"}],"curies":[{"name":"wp","href":"https:\/\/api.w.org\/{rel}","templated":true}]}}