{"id":2798,"date":"2025-11-13T07:08:03","date_gmt":"2025-11-13T07:08:03","guid":{"rendered":"https:\/\/www.linkceramics.com\/?post_type=product&#038;p=2798"},"modified":"2025-11-13T07:08:05","modified_gmt":"2025-11-13T07:08:05","slug":"wholesale-wall-mounted-cabinets-bathroom","status":"publish","type":"product","link":"https:\/\/www.linkceramics.com\/es\/product\/wholesale-wall-mounted-cabinets-bathroom\/","title":{"rendered":"Armarios de Pared de Aluminio Marr\u00f3n al por Mayor Ba\u00f1o"},"content":{"rendered":"<div class=\"wp-block-columns is-layout-flex wp-container-core-columns-is-layout-9d6595d7 wp-block-columns-is-layout-flex\">\n<div class=\"wp-block-column is-layout-flow wp-block-column-is-layout-flow\" style=\"flex-basis:50%\">\n<h3 class=\"wp-block-heading\">Venta al por mayor gabinetes montados en la pared ba\u00f1o caracter\u00edsticas\uff1a<\/h3>\n\n\n\n<ul class=\"wp-block-list\">\n<li>Aspecto moderno: estos armarios murales al por mayor de dise\u00f1o para cuartos de ba\u00f1o presentan un armario principal de doble capa montado en la pared e instalado de forma suspendida para minimizar los puntos ciegos de limpieza y mejorar la limpieza del cuarto de ba\u00f1o. El espejo circular de cristal, dise\u00f1ado con una forma tan refinada y elegante, ofrece un bonito reflejo n\u00edtido. El lavabo de encimera blanca, minimalista y limpio, a\u00f1ade un toque de frescura al cuarto de ba\u00f1o, combinando muy bien con el estilo general del cuarto de ba\u00f1o.<\/li>\n\n\n\n<li><strong>Material duradero: <\/strong>Estos armarios murales al por mayor para cuarto de ba\u00f1o est\u00e1n fabricados en aluminio, que es resistente a la corrosi\u00f3n y a prueba de humedad, lo que lo hace especialmente adecuado para el ambiente h\u00famedo del cuarto de ba\u00f1o, a la vez que duradero. La superficie est\u00e1 tratada de forma delicada y es suave al tacto. Y lo que es m\u00e1s importante, es f\u00e1cil de limpiar, manteniendo limpio el cuerpo del armario.<\/li>\n\n\n\n<li><strong>Gran espacio de almacenamiento:<\/strong> La estructura de doble capa proporciona suficiente espacio de almacenamiento. La capa inferior puede contener suficientes toallas, art\u00edculos de aseo u otras necesidades para su uso, mientras que la capa superior le ofrece comodidad para guardar todo su aseo diario. Este tipo de almacenaje resulta muy \u00fatil para guardar de forma ordenada en el cuarto de ba\u00f1o y facilitar el acceso, a la vez que satisface las necesidades de almacenaje diario de la familia y mantiene el cuarto de ba\u00f1o limpio y ordenado en todo momento.<\/li>\n\n\n\n<li><strong>Suministro directo de f\u00e1brica de Shouya: <\/strong>Ofrecemos armarios de ba\u00f1o al por mayor en varios tama\u00f1os y estilos para satisfacer las necesidades de compra de grandes vol\u00famenes de hoteles, apartamentos, proyectos de ingenier\u00eda y minoristas.<\/li>\n<\/ul>\n<\/div>\n\n\n\n<div class=\"wp-block-column is-layout-flow wp-block-column-is-layout-flow\" style=\"flex-basis:50%\">\n<figure class=\"wp-block-image size-full\"><img decoding=\"async\" width=\"700\" height=\"700\" src=\"https:\/\/www.linkceramics.com\/wp-content\/uploads\/2025\/11\/brown-aluminum-wholesale-wall-mounted-cabinets-bathroom-1.webp\" alt=\"aluminio-marr\u00f3n-mayor-armarios-montados-en-pared-ba\u00f1o-1\" class=\"wp-image-2800\" srcset=\"https:\/\/www.linkceramics.com\/wp-content\/uploads\/2025\/11\/brown-aluminum-wholesale-wall-mounted-cabinets-bathroom-1.webp 700w, https:\/\/www.linkceramics.com\/wp-content\/uploads\/2025\/11\/brown-aluminum-wholesale-wall-mounted-cabinets-bathroom-1-300x300.webp 300w, https:\/\/www.linkceramics.com\/wp-content\/uploads\/2025\/11\/brown-aluminum-wholesale-wall-mounted-cabinets-bathroom-1-150x150.webp 150w, https:\/\/www.linkceramics.com\/wp-content\/uploads\/2025\/11\/brown-aluminum-wholesale-wall-mounted-cabinets-bathroom-1-12x12.webp 12w, https:\/\/www.linkceramics.com\/wp-content\/uploads\/2025\/11\/brown-aluminum-wholesale-wall-mounted-cabinets-bathroom-1-600x600.webp 600w, https:\/\/www.linkceramics.com\/wp-content\/uploads\/2025\/11\/brown-aluminum-wholesale-wall-mounted-cabinets-bathroom-1-100x100.webp 100w\" sizes=\"(max-width: 700px) 100vw, 700px\" \/><\/figure>\n<\/div>\n<\/div>","protected":false},"excerpt":{"rendered":"<div id=\"brxe-0ee1ca\" class=\"brxe-product-meta product_meta\">\n<div id=\"brxe-0ee1ca\" class=\"brxe-product-meta product_meta\">\n<p>No dude en ponerse en contacto con Shouya para la compra al por mayor o personalizaci\u00f3n de estos armarios de pared al por mayor cuarto de ba\u00f1o con un dise\u00f1o de doble capa, hecha de aleaci\u00f3n de aluminio duradero, con un espejo redondo y por encima de la cuenca del contador, para un dise\u00f1o hermoso y pr\u00e1ctico. Disponible en varios tama\u00f1os para la costumbre y al por mayor, adecuado para hoteles, apartamentos y proyectos de construcci\u00f3n. P\u00f3ngase en contacto con nosotros para solicitar un presupuesto.<\/p>\n<h2>Venta al por mayor armarios de pared ba\u00f1o atributos\uff1a<\/h2>\n<p><strong>Art\u00edculo No:<\/strong> 2506YZ-80A<br \/><strong>Material del armario:<\/strong> Aluminio<br \/><strong>Color del armario:<\/strong> Marr\u00f3n<br \/><strong>Espejo:<\/strong> Espejo LED (3,5 mm\/3,8 mm), iluminaci\u00f3n tricolor, desempa\u00f1ado con un solo toque, protegido con embalaje de espuma multicapa<br \/><strong>Tipo de instalaci\u00f3n:<\/strong> Montaje en pared<br \/><strong>Dimensiones (L\u00d7A\u00d7H):<\/strong> 80x47x40 cm<br \/><strong>Peso bruto:<\/strong> 30 kg\/set<\/p>\n<h2>Personalizaci\u00f3n y servicios:<\/h2>\n<p><strong>OEM Y ODM<\/strong>: Soporte<br \/><strong>Dise\u00f1o<\/strong>: Gratis<br \/><strong>Accesorios<\/strong>: Lavabos, espejos, grifos y otros accesorios de ba\u00f1o<br \/><strong>Embalaje<\/strong>: Listo para montar<\/p>\n<\/div>\n<\/div>\n<p><script src=\"chrome-extension:\/\/fpelahbljekknahkcaegamhcndkfpfnc\/iFrame.js\" type=\"text\/javascript\"><\/script><\/p>\n<p><script src=\"chrome-extension:\/\/fpelahbljekknahkcaegamhcndkfpfnc\/iFrame.js\" type=\"text\/javascript\"><\/script><\/p>","protected":false},"featured_media":2801,"comment_status":"open","ping_status":"closed","template":"","meta":{"_acf_changed":false},"certification":[59,61,60,62],"product_brand":[],"product_cat":[35,83],"product_tag":[],"class_list":{"0":"post-2798","1":"product","2":"type-product","3":"status-publish","4":"has-post-thumbnail","6":"certification-ce","7":"certification-iso-14001","8":"certification-iso-45001","9":"certification-iso-9001","10":"product_cat-bathroom-ceramics-supply","11":"product_cat-wholesale-bathroom-vanity","13":"first","14":"instock","15":"shipping-taxable","16":"product-type-simple"},"acf":[],"_links":{"self":[{"href":"https:\/\/www.linkceramics.com\/es\/wp-json\/wp\/v2\/product\/2798","targetHints":{"allow":["GET"]}}],"collection":[{"href":"https:\/\/www.linkceramics.com\/es\/wp-json\/wp\/v2\/product"}],"about":[{"href":"https:\/\/www.linkceramics.com\/es\/wp-json\/wp\/v2\/types\/product"}],"replies":[{"embeddable":true,"href":"https:\/\/www.linkceramics.com\/es\/wp-json\/wp\/v2\/comments?post=2798"}],"wp:featuredmedia":[{"embeddable":true,"href":"https:\/\/www.linkceramics.com\/es\/wp-json\/wp\/v2\/media\/2801"}],"wp:attachment":[{"href":"https:\/\/www.linkceramics.com\/es\/wp-json\/wp\/v2\/media?parent=2798"}],"wp:term":[{"taxonomy":"certification","embeddable":true,"href":"https:\/\/www.linkceramics.com\/es\/wp-json\/wp\/v2\/certification?post=2798"},{"taxonomy":"product_brand","embeddable":true,"href":"https:\/\/www.linkceramics.com\/es\/wp-json\/wp\/v2\/product_brand?post=2798"},{"taxonomy":"product_cat","embeddable":true,"href":"https:\/\/www.linkceramics.com\/es\/wp-json\/wp\/v2\/product_cat?post=2798"},{"taxonomy":"product_tag","embeddable":true,"href":"https:\/\/www.linkceramics.com\/es\/wp-json\/wp\/v2\/product_tag?post=2798"}],"curies":[{"name":"wp","href":"https:\/\/api.w.org\/{rel}","templated":true}]}}