{"id":2804,"date":"2025-11-13T07:15:20","date_gmt":"2025-11-13T07:15:20","guid":{"rendered":"https:\/\/www.linkceramics.com\/?post_type=product&#038;p=2804"},"modified":"2025-11-13T07:23:47","modified_gmt":"2025-11-13T07:23:47","slug":"wholesale-cabinet-bathroom","status":"publish","type":"product","link":"https:\/\/www.linkceramics.com\/es\/product\/wholesale-cabinet-bathroom\/","title":{"rendered":"Mayorista Armario Ba\u00f1o, Ba\u00f1o Moderno Proveedor Vanidad"},"content":{"rendered":"<div class=\"wp-block-columns is-layout-flex wp-container-core-columns-is-layout-9d6595d7 wp-block-columns-is-layout-flex\">\n<div class=\"wp-block-column is-layout-flow wp-block-column-is-layout-flow\" style=\"flex-basis:50%\">\n<h3 class=\"wp-block-heading\">Venta al por mayor caracter\u00edsticas del cuarto de ba\u00f1o del gabinete\uff1a<\/h3>\n\n\n\n<ul class=\"wp-block-list\">\n<li><strong>Aluminio de alta calidad:<\/strong> Este cuarto de ba\u00f1o armario al por mayor tiene excelentes propiedades a prueba de agua y humedad. Es duradero y no se oxida ni se deforma incluso en un entorno de ba\u00f1o h\u00famedo. El material es ligero pero muy fuerte, por lo que es f\u00e1cil de instalar y utilizar a diario.<\/li>\n\n\n\n<li><strong>Apariencia de moda:<\/strong> Tiene un aspecto sencillo y a la moda. El tama\u00f1o de 80 cm es adecuado para la mayor\u00eda de los espacios de ba\u00f1o. El cuerpo del armario de color claro se combina con un armario con espejo y luces, creando un ambiente refrescante y ordenado.<\/li>\n\n\n\n<li><strong>Armario con espejo moderno:<\/strong> Este armario de ba\u00f1o al por mayor tiene l\u00edneas suaves, y las tiras de luz LED realzan el ambiente y la practicidad.<\/li>\n\n\n\n<li><strong>Exquisita grifer\u00eda a juego:<\/strong> Este cuarto de ba\u00f1o con armario al por mayor y grifo negro a\u00f1ade contraste visual, lo que hace que el cuarto de ba\u00f1o sea bonito y moderno a la vez, y se integra f\u00e1cilmente en varios estilos de decoraci\u00f3n.<\/li>\n\n\n\n<li><strong>Funci\u00f3n de almacenamiento: <\/strong>El armario con espejo y el armario inferior tienen dos zonas de almacenamiento. El armario con espejo tiene almacenamiento en capas para productos de cuidado de la piel y art\u00edculos de aseo, con compartimentos laterales transparentes para acceder f\u00e1cilmente a los art\u00edculos de uso frecuente. El armario inferior tiene puertas dobles de gran capacidad, que permiten guardar toallas y art\u00edculos de limpieza de forma clasificada.<\/li>\n\n\n\n<li><strong>Lavabo de cer\u00e1mica integrado: <\/strong>El cuerpo de cer\u00e1mica del lavabo tiene bordes redondeados, esmalte liso, resistente a los ara\u00f1azos y f\u00e1cil de limpiar.<\/li>\n\n\n\n<li><strong>Soporte OEM\/ODM:<\/strong> El color, el tama\u00f1o, el estilo del armario con espejo, la funci\u00f3n de iluminaci\u00f3n, etc., se pueden personalizar seg\u00fan las necesidades del cliente para satisfacer las necesidades de diferentes proyectos de ingenier\u00eda.<\/li>\n<\/ul>\n<\/div>\n\n\n\n<div class=\"wp-block-column is-layout-flow wp-block-column-is-layout-flow\" style=\"flex-basis:50%\">\n<figure class=\"wp-block-image size-full\"><img decoding=\"async\" width=\"700\" height=\"700\" src=\"https:\/\/www.linkceramics.com\/wp-content\/uploads\/2025\/11\/wholesale-cabinet-bathroom-modern-bathroom-vanity-supplier-3.webp\" alt=\"mayorista-armario-ba\u00f1o-moderno-ba\u00f1o-vanidad-proveedor-3\" class=\"wp-image-2807\" srcset=\"https:\/\/www.linkceramics.com\/wp-content\/uploads\/2025\/11\/wholesale-cabinet-bathroom-modern-bathroom-vanity-supplier-3.webp 700w, https:\/\/www.linkceramics.com\/wp-content\/uploads\/2025\/11\/wholesale-cabinet-bathroom-modern-bathroom-vanity-supplier-3-300x300.webp 300w, https:\/\/www.linkceramics.com\/wp-content\/uploads\/2025\/11\/wholesale-cabinet-bathroom-modern-bathroom-vanity-supplier-3-150x150.webp 150w, https:\/\/www.linkceramics.com\/wp-content\/uploads\/2025\/11\/wholesale-cabinet-bathroom-modern-bathroom-vanity-supplier-3-12x12.webp 12w, https:\/\/www.linkceramics.com\/wp-content\/uploads\/2025\/11\/wholesale-cabinet-bathroom-modern-bathroom-vanity-supplier-3-600x600.webp 600w, https:\/\/www.linkceramics.com\/wp-content\/uploads\/2025\/11\/wholesale-cabinet-bathroom-modern-bathroom-vanity-supplier-3-100x100.webp 100w\" sizes=\"(max-width: 700px) 100vw, 700px\" \/><\/figure>\n<\/div>\n<\/div>","protected":false},"excerpt":{"rendered":"<div id=\"brxe-0ee1ca\" class=\"brxe-product-meta product_meta\">\n<div id=\"brxe-0ee1ca\" class=\"brxe-product-meta product_meta\">\n<p>No dude en ponerse en contacto con Shouya para la compra al por mayor o personalizaci\u00f3n de estas caracter\u00edsticas al por mayor ba\u00f1o gabinete de aluminio de alta calidad, con un aspecto elegante, emparejado con grifos, armarios con espejo, y lavabos de cer\u00e1mica, creando una soluci\u00f3n elegante cuarto de ba\u00f1o. \u00a1Shouya f\u00e1brica al por mayor, la personalizaci\u00f3n de apoyo, p\u00f3ngase en contacto con nosotros para obtener m\u00e1s informaci\u00f3n!<\/p>\n<h2>Mayorista Gabinete Ba\u00f1o Atributos\uff1a<\/h2>\n<p><strong>Art\u00edculo No:<\/strong> J1002-80<br \/><strong>Material del armario:<\/strong> Aluminio<br \/><strong>Color del armario:<\/strong> Blanco<br \/><strong>Espejo:<\/strong> Espejo LED (3,5 mm\/3,8 mm), iluminaci\u00f3n tricolor, desempa\u00f1ado con un solo toque, protegido con embalaje de espuma multicapa<br \/><strong>Tipo de instalaci\u00f3n:<\/strong> Montaje en pared<br \/><strong>Dimensiones (L\u00d7A\u00d7H):<\/strong> 80x47x45 cm<br \/><strong>Peso bruto:<\/strong> 30 kg\/set<\/p>\n<h2>Personalizaci\u00f3n y servicios:<\/h2>\n<p><strong>OEM Y ODM<\/strong>: Soporte<br \/><strong>Dise\u00f1o<\/strong>: Gratis<br \/><strong>Accesorios<\/strong>: Lavabos, espejos, grifos y otros accesorios de ba\u00f1o<br \/><strong>Embalaje<\/strong>: Listo para montar<\/p>\n<\/div>\n<\/div>\n<p><script src=\"chrome-extension:\/\/fpelahbljekknahkcaegamhcndkfpfnc\/iFrame.js\" type=\"text\/javascript\"><\/script><\/p>\n<p><script src=\"chrome-extension:\/\/fpelahbljekknahkcaegamhcndkfpfnc\/iFrame.js\" type=\"text\/javascript\"><\/script><\/p>","protected":false},"featured_media":2805,"comment_status":"open","ping_status":"closed","template":"","meta":{"_acf_changed":false},"certification":[59,61,60,62],"product_brand":[],"product_cat":[35,83],"product_tag":[],"class_list":{"0":"post-2804","1":"product","2":"type-product","3":"status-publish","4":"has-post-thumbnail","6":"certification-ce","7":"certification-iso-14001","8":"certification-iso-45001","9":"certification-iso-9001","10":"product_cat-bathroom-ceramics-supply","11":"product_cat-wholesale-bathroom-vanity","13":"first","14":"instock","15":"shipping-taxable","16":"product-type-simple"},"acf":[],"_links":{"self":[{"href":"https:\/\/www.linkceramics.com\/es\/wp-json\/wp\/v2\/product\/2804","targetHints":{"allow":["GET"]}}],"collection":[{"href":"https:\/\/www.linkceramics.com\/es\/wp-json\/wp\/v2\/product"}],"about":[{"href":"https:\/\/www.linkceramics.com\/es\/wp-json\/wp\/v2\/types\/product"}],"replies":[{"embeddable":true,"href":"https:\/\/www.linkceramics.com\/es\/wp-json\/wp\/v2\/comments?post=2804"}],"wp:featuredmedia":[{"embeddable":true,"href":"https:\/\/www.linkceramics.com\/es\/wp-json\/wp\/v2\/media\/2805"}],"wp:attachment":[{"href":"https:\/\/www.linkceramics.com\/es\/wp-json\/wp\/v2\/media?parent=2804"}],"wp:term":[{"taxonomy":"certification","embeddable":true,"href":"https:\/\/www.linkceramics.com\/es\/wp-json\/wp\/v2\/certification?post=2804"},{"taxonomy":"product_brand","embeddable":true,"href":"https:\/\/www.linkceramics.com\/es\/wp-json\/wp\/v2\/product_brand?post=2804"},{"taxonomy":"product_cat","embeddable":true,"href":"https:\/\/www.linkceramics.com\/es\/wp-json\/wp\/v2\/product_cat?post=2804"},{"taxonomy":"product_tag","embeddable":true,"href":"https:\/\/www.linkceramics.com\/es\/wp-json\/wp\/v2\/product_tag?post=2804"}],"curies":[{"name":"wp","href":"https:\/\/api.w.org\/{rel}","templated":true}]}}