{"id":2809,"date":"2025-12-06T09:40:14","date_gmt":"2025-12-06T09:40:14","guid":{"rendered":"https:\/\/www.linkceramics.com\/?post_type=product&#038;p=2809"},"modified":"2025-12-07T16:36:45","modified_gmt":"2025-12-07T16:36:45","slug":"crockery-set-wholesale","status":"publish","type":"product","link":"https:\/\/www.linkceramics.com\/es\/product\/crockery-set-wholesale\/","title":{"rendered":"Vajilla Solecasa al por mayor, Vajilla Azul Gamma al por mayor"},"content":{"rendered":"<div class=\"wp-block-columns is-layout-flex wp-container-core-columns-is-layout-9d6595d7 wp-block-columns-is-layout-flex\">\n<div class=\"wp-block-column is-layout-flow wp-block-column-is-layout-flow\" style=\"flex-basis:50%\">\n<h3 class=\"wp-block-heading\">Vajilla Premium al por mayor Caracter\u00edsticas:<\/h3>\n\n\n\n<ul class=\"wp-block-list\">\n<li><strong>Material cer\u00e1mico de alta calidad:<\/strong> Este juego de vajilla al por mayor est\u00e1 fabricado en cer\u00e1mica de alta calidad para garantizar que cada pieza de la vajilla sea duradera, f\u00e1cil de limpiar y no se raye con facilidad, y pueda seguir manteniendo un aspecto nuevo tras un uso prolongado.<\/li>\n\n\n\n<li><strong>Estampado cl\u00e1sico en azul y blanco a juego:<\/strong> Este juego de vajilla al por mayor est\u00e1 dise\u00f1ado con un patr\u00f3n cl\u00e1sico en blanco y azul, que realza la elegancia y el encanto tradicional de la mesa. Tambi\u00e9n aporta un elemento de elegancia a la hora de servir la comida en la mesa del comedor.<\/li>\n\n\n\n<li><strong>Vajilla completa:<\/strong> Nuestra vajilla a granel incluye m\u00faltiples accesorios, desde platos llanos y soperos hasta juegos de t\u00e9 y jarrones, lo que garantiza a los usuarios una soluci\u00f3n gastron\u00f3mica completa para su mesa.<\/li>\n\n\n\n<li><strong>Uso multifuncional: <\/strong>Adem\u00e1s de la vajilla b\u00e1sica, nuestro juego de vajilla al por mayor tambi\u00e9n incluye peque\u00f1os accesorios como platos hondos, cucharas y jarrones, que no s\u00f3lo son adecuados para su uso en la mesa de comedor, sino que tambi\u00e9n pueden utilizarse como adornos para realzar el ambiente general.<\/li>\n\n\n\n<li><strong>Admite la personalizaci\u00f3n masiva OEM\/ODM: <\/strong>Nuestras vajillas a granel pueden personalizarse en cuanto a tama\u00f1o, color, logotipo, embalaje y combinaci\u00f3n. Solecasa cuenta con un equipo de dise\u00f1o maduro y una r\u00e1pida capacidad de creaci\u00f3n de prototipos.<\/li>\n<\/ul>\n<\/div>\n\n\n\n<div class=\"wp-block-column is-layout-flow wp-block-column-is-layout-flow\" style=\"flex-basis:50%\">\n<figure class=\"wp-block-image size-full\"><img decoding=\"async\" width=\"800\" height=\"800\" src=\"https:\/\/www.linkceramics.com\/wp-content\/uploads\/2025\/12\/solecasa-crockery-set-wholesale-gamma-blue-tableware-bulk-7.webp\" alt=\"solecasa-crockery-set-mayorista-gamma-azul-vajilla-bulk-7\" class=\"wp-image-2815\" srcset=\"https:\/\/www.linkceramics.com\/wp-content\/uploads\/2025\/12\/solecasa-crockery-set-wholesale-gamma-blue-tableware-bulk-7.webp 800w, https:\/\/www.linkceramics.com\/wp-content\/uploads\/2025\/12\/solecasa-crockery-set-wholesale-gamma-blue-tableware-bulk-7-300x300.webp 300w, https:\/\/www.linkceramics.com\/wp-content\/uploads\/2025\/12\/solecasa-crockery-set-wholesale-gamma-blue-tableware-bulk-7-150x150.webp 150w, https:\/\/www.linkceramics.com\/wp-content\/uploads\/2025\/12\/solecasa-crockery-set-wholesale-gamma-blue-tableware-bulk-7-768x768.webp 768w, https:\/\/www.linkceramics.com\/wp-content\/uploads\/2025\/12\/solecasa-crockery-set-wholesale-gamma-blue-tableware-bulk-7-12x12.webp 12w, https:\/\/www.linkceramics.com\/wp-content\/uploads\/2025\/12\/solecasa-crockery-set-wholesale-gamma-blue-tableware-bulk-7-600x600.webp 600w, https:\/\/www.linkceramics.com\/wp-content\/uploads\/2025\/12\/solecasa-crockery-set-wholesale-gamma-blue-tableware-bulk-7-100x100.webp 100w\" sizes=\"(max-width: 800px) 100vw, 800px\" \/><\/figure>\n<\/div>\n<\/div>\n\n\n\n<p><\/p>","protected":false},"excerpt":{"rendered":"<div id=\"brxe-0ee1ca\" class=\"brxe-product-meta product_meta\">\n<p>Bienvenido a comprar la vajilla Solecasa al por mayor. Este juego de vajilla al por mayor est\u00e1 combinado con motivos blancos y azules, mostrando un elegante sentido del dise\u00f1o, que se adapta a una gran variedad de estilos culinarios. El juego es rico en contenido y satisface a la perfecci\u00f3n las necesidades de las cenas dom\u00e9sticas o comerciales.<\/p>\n<\/div>\n<div id=\"brxe-8c5ca9\" class=\"brxe-product-short-description\">\n<div class=\"woocommerce-product-details__short-description\">\n<h2>Vajilla al por mayor Especificaciones:<\/h2>\n<div id=\"brxe-e78fbc\" class=\"brxe-product-short-description brxe-text-basic\">\n<div class=\"woocommerce-product-details__short-description\">\n<table border=\"0\" width=\"370\" cellspacing=\"0\" cellpadding=\"0\">\n<tbody>\n<tr>\n<td width=\"139\" height=\"18\">Fabricante<\/td>\n<td width=\"231\">SOLECASA<\/td>\n<\/tr>\n<tr>\n<td width=\"139\" height=\"18\">Nombre de la colecci\u00f3n<\/td>\n<td width=\"231\">Azul gamma<\/td>\n<\/tr>\n<tr>\n<td width=\"139\" height=\"36\">Productos incluidos<\/td>\n<td width=\"231\">Plato, cuenco, plato hondo, tetera, taza y platillo, taza, cuchara, jarr\u00f3n<\/td>\n<\/tr>\n<tr>\n<td width=\"139\" height=\"18\">Material<\/td>\n<td width=\"231\">Porcelana<\/td>\n<\/tr>\n<tr>\n<td width=\"139\" height=\"18\">Paquete<\/td>\n<td width=\"231\">Paquete a granel<\/td>\n<\/tr>\n<tr>\n<td width=\"139\" height=\"18\">Unidades de venta<\/td>\n<td width=\"231\">Art\u00edculo \u00fanico<\/td>\n<\/tr>\n<tr>\n<td width=\"139\" height=\"18\">MOQ<\/td>\n<td width=\"231\">MOQ bajo<\/td>\n<\/tr>\n<tr>\n<td width=\"139\" height=\"18\">Muestra gratuita<\/td>\n<td width=\"231\">Disponible<\/td>\n<\/tr>\n<tr>\n<td width=\"139\" height=\"18\">Opci\u00f3n personalizada<\/td>\n<td width=\"231\">Color\/Tama\u00f1o\/Glaseado\/Logotipo\/Embalaje<\/td>\n<\/tr>\n<\/tbody>\n<\/table>\n<\/div>\n<\/div>\n<div id=\"brxe-93988a\" class=\"brxe-block\">\u00a0<\/div>\n<p><\/p>\n<div id=\"brxe-93988a\">\u00a0<\/div>\n<\/div>\n<\/div>","protected":false},"featured_media":2812,"comment_status":"open","ping_status":"closed","template":"","meta":{"_acf_changed":false},"certification":[63,64,66,58,65,61,60,62,57],"product_brand":[],"product_cat":[34,18,19],"product_tag":[],"class_list":{"0":"post-2809","1":"product","2":"type-product","3":"status-publish","4":"has-post-thumbnail","6":"certification-amfori","7":"certification-bsci","8":"certification-cnas","9":"certification-fda","10":"certification-iaf","11":"certification-iso-14001","12":"certification-iso-45001","13":"certification-iso-9001","14":"certification-lfgb","15":"product_cat-custom-household-ceramics","16":"product_cat-ceramic-tableware-wholesale","17":"product_cat-ceramic-tea-set-wholesale","19":"first","20":"instock","21":"shipping-taxable","22":"product-type-simple"},"acf":[],"_links":{"self":[{"href":"https:\/\/www.linkceramics.com\/es\/wp-json\/wp\/v2\/product\/2809","targetHints":{"allow":["GET"]}}],"collection":[{"href":"https:\/\/www.linkceramics.com\/es\/wp-json\/wp\/v2\/product"}],"about":[{"href":"https:\/\/www.linkceramics.com\/es\/wp-json\/wp\/v2\/types\/product"}],"replies":[{"embeddable":true,"href":"https:\/\/www.linkceramics.com\/es\/wp-json\/wp\/v2\/comments?post=2809"}],"wp:featuredmedia":[{"embeddable":true,"href":"https:\/\/www.linkceramics.com\/es\/wp-json\/wp\/v2\/media\/2812"}],"wp:attachment":[{"href":"https:\/\/www.linkceramics.com\/es\/wp-json\/wp\/v2\/media?parent=2809"}],"wp:term":[{"taxonomy":"certification","embeddable":true,"href":"https:\/\/www.linkceramics.com\/es\/wp-json\/wp\/v2\/certification?post=2809"},{"taxonomy":"product_brand","embeddable":true,"href":"https:\/\/www.linkceramics.com\/es\/wp-json\/wp\/v2\/product_brand?post=2809"},{"taxonomy":"product_cat","embeddable":true,"href":"https:\/\/www.linkceramics.com\/es\/wp-json\/wp\/v2\/product_cat?post=2809"},{"taxonomy":"product_tag","embeddable":true,"href":"https:\/\/www.linkceramics.com\/es\/wp-json\/wp\/v2\/product_tag?post=2809"}],"curies":[{"name":"wp","href":"https:\/\/api.w.org\/{rel}","templated":true}]}}