{"id":2816,"date":"2025-12-07T16:37:45","date_gmt":"2025-12-07T16:37:45","guid":{"rendered":"https:\/\/www.linkceramics.com\/?post_type=product&#038;p=2816"},"modified":"2025-12-19T01:10:38","modified_gmt":"2025-12-19T01:10:38","slug":"restaurant-crockery-wholesale","status":"publish","type":"product","link":"https:\/\/www.linkceramics.com\/es\/product\/restaurant-crockery-wholesale\/","title":{"rendered":"Vajilla de Restaurante al por mayor, juegos de platos tazones tazas al por mayor"},"content":{"rendered":"<div class=\"wp-block-columns is-layout-flex wp-container-core-columns-is-layout-9d6595d7 wp-block-columns-is-layout-flex\">\n<div class=\"wp-block-column is-layout-flow wp-block-column-is-layout-flow\" style=\"flex-basis:50%\">\n<h3 class=\"wp-block-heading\">Vajilla de Restaurante Premium al por mayor Caracter\u00edsticas:<\/h3>\n\n\n\n<ul class=\"wp-block-list\">\n<li><strong>Dise\u00f1o elegante: <\/strong>Esta vajilla de restaurante al por mayor adopta colores blanco y marr\u00f3n a juego combinados con rosas y motivos florales verticales, mostrando un temperamento rom\u00e1ntico y retro, y mejorando la experiencia gastron\u00f3mica en general.<\/li>\n\n\n\n<li><strong>Combinaci\u00f3n de varias piezas: <\/strong>Este juego de vajilla floral al por mayor incluye una variedad de tipos pr\u00e1cticos para satisfacer las necesidades de m\u00faltiples escenarios, desde alimentos b\u00e1sicos, bebidas hasta postres.<\/li>\n\n\n\n<li><strong>Materiales de porcelana de alta calidad: <\/strong>Nuestra vajilla de restaurante al por mayor utiliza cer\u00e1mica de alta calidad, cocida a altas temperaturas, duradera y no f\u00e1cil de agrietar, adecuada para uso comercial de alta frecuencia.<\/li>\n\n\n\n<li><strong>Materiales seguros para uso alimentario:<\/strong> Nuestra vajilla de restaurante al por mayor no contiene plomo ni cadmio, cumple las normas internacionales de seguridad en contacto con alimentos y es apta para los mercados mundiales.<\/li>\n\n\n\n<li><strong>Adecuado para compras al por mayor: <\/strong>Ofrecemos servicios de venta al por mayor de vajilla para restaurantes, que es adecuada para compras de gran volumen, como proyectos de catering y cadenas de marcas, y admite la personalizaci\u00f3n.<\/li>\n\n\n\n<li><strong>Servicios de personalizaci\u00f3n OEM\/ODM:<\/strong> Las vajillas florales al por mayor Solecasa ofrecen logotipos, dise\u00f1os, colores y envases personalizables para ayudar a las marcas y a los mayoristas a crear sus propias series exclusivas de vajillas.<\/li>\n<\/ul>\n<\/div>\n\n\n\n<div class=\"wp-block-column is-layout-flow wp-block-column-is-layout-flow\" style=\"flex-basis:50%\">\n<figure class=\"wp-block-image size-full\"><img decoding=\"async\" width=\"800\" height=\"800\" src=\"https:\/\/www.linkceramics.com\/wp-content\/uploads\/2025\/12\/restaurant-crockery-wholesale-plate-bowl-cup-sets-in-bulk-1.webp\" alt=\"restaurant-crockery-wholesale-plate-bowl-cup-sets-in-bulk-1\" class=\"wp-image-2817\" srcset=\"https:\/\/www.linkceramics.com\/wp-content\/uploads\/2025\/12\/restaurant-crockery-wholesale-plate-bowl-cup-sets-in-bulk-1.webp 800w, https:\/\/www.linkceramics.com\/wp-content\/uploads\/2025\/12\/restaurant-crockery-wholesale-plate-bowl-cup-sets-in-bulk-1-300x300.webp 300w, https:\/\/www.linkceramics.com\/wp-content\/uploads\/2025\/12\/restaurant-crockery-wholesale-plate-bowl-cup-sets-in-bulk-1-150x150.webp 150w, https:\/\/www.linkceramics.com\/wp-content\/uploads\/2025\/12\/restaurant-crockery-wholesale-plate-bowl-cup-sets-in-bulk-1-768x768.webp 768w, https:\/\/www.linkceramics.com\/wp-content\/uploads\/2025\/12\/restaurant-crockery-wholesale-plate-bowl-cup-sets-in-bulk-1-12x12.webp 12w, https:\/\/www.linkceramics.com\/wp-content\/uploads\/2025\/12\/restaurant-crockery-wholesale-plate-bowl-cup-sets-in-bulk-1-600x600.webp 600w, https:\/\/www.linkceramics.com\/wp-content\/uploads\/2025\/12\/restaurant-crockery-wholesale-plate-bowl-cup-sets-in-bulk-1-100x100.webp 100w\" sizes=\"(max-width: 800px) 100vw, 800px\" \/><\/figure>\n<\/div>\n<\/div>\n\n\n\n<p><\/p>","protected":false},"excerpt":{"rendered":"<div id=\"brxe-0ee1ca\" class=\"brxe-product-meta product_meta\">\n<p>Bienvenido a la compra de Solecasa plato taz\u00f3n taza conjuntos a granel. Esta vajilla de restaurante al por mayor adopta una combinaci\u00f3n de colores blanco y marr\u00f3n, adornada con exquisitos motivos verticales de rosas y flores, que crean un ambiente natural y elegante. Conserva su brillo incluso tras un uso prolongado.<\/p>\n<h2>Vajilla de restaurante al por mayor Especificaciones:<\/h2>\n<\/div>\n<div id=\"brxe-8c5ca9\" class=\"brxe-product-short-description\">\n<div class=\"woocommerce-product-details__short-description\">\n<div id=\"brxe-e78fbc\">\n<table border=\"0\" width=\"370\" cellspacing=\"0\" cellpadding=\"0\">\n<tbody>\n<tr>\n<td width=\"139\" height=\"18\">Fabricante<\/td>\n<td width=\"231\">SOLECASA<\/td>\n<\/tr>\n<tr>\n<td width=\"139\" height=\"18\">Nombre de la colecci\u00f3n<\/td>\n<td width=\"231\">Rosa de niebla<\/td>\n<\/tr>\n<tr>\n<td width=\"139\" height=\"36\">Productos incluidos<\/td>\n<td width=\"231\">Plato, cuenco, tetera, taza y platillo, cuchara, soporte para tartas, jarr\u00f3n<\/td>\n<\/tr>\n<tr>\n<td width=\"139\" height=\"18\">Material<\/td>\n<td width=\"231\">Porcelana<\/td>\n<\/tr>\n<tr>\n<td width=\"139\" height=\"18\">Paquete<\/td>\n<td width=\"231\">Paquete a granel<\/td>\n<\/tr>\n<tr>\n<td width=\"139\" height=\"18\">Unidades de venta<\/td>\n<td width=\"231\">Art\u00edculo \u00fanico<\/td>\n<\/tr>\n<tr>\n<td width=\"139\" height=\"18\">MOQ<\/td>\n<td width=\"231\">MOQ bajo<\/td>\n<\/tr>\n<tr>\n<td width=\"139\" height=\"18\">Muestra gratuita<\/td>\n<td width=\"231\">Disponible<\/td>\n<\/tr>\n<tr>\n<td width=\"139\" height=\"18\">Opci\u00f3n personalizada<\/td>\n<td width=\"231\">Color\/Tama\u00f1o\/Glaseado\/Logotipo\/Embalaje<\/td>\n<\/tr>\n<\/tbody>\n<\/table>\n<\/div>\n<div id=\"brxe-93988a\" class=\"brxe-block\">\u00a0<\/div>\n<p><\/p>\n<div id=\"brxe-93988a\">\u00a0<\/div>\n<\/div>\n<\/div>","protected":false},"featured_media":2821,"comment_status":"open","ping_status":"closed","template":"","meta":{"_acf_changed":false},"certification":[63,64,66,58,65,61,60,62,57],"product_brand":[],"product_cat":[34,18],"product_tag":[],"class_list":{"0":"post-2816","1":"product","2":"type-product","3":"status-publish","4":"has-post-thumbnail","6":"certification-amfori","7":"certification-bsci","8":"certification-cnas","9":"certification-fda","10":"certification-iaf","11":"certification-iso-14001","12":"certification-iso-45001","13":"certification-iso-9001","14":"certification-lfgb","15":"product_cat-custom-household-ceramics","16":"product_cat-ceramic-tableware-wholesale","18":"first","19":"instock","20":"shipping-taxable","21":"product-type-simple"},"acf":[],"_links":{"self":[{"href":"https:\/\/www.linkceramics.com\/es\/wp-json\/wp\/v2\/product\/2816","targetHints":{"allow":["GET"]}}],"collection":[{"href":"https:\/\/www.linkceramics.com\/es\/wp-json\/wp\/v2\/product"}],"about":[{"href":"https:\/\/www.linkceramics.com\/es\/wp-json\/wp\/v2\/types\/product"}],"replies":[{"embeddable":true,"href":"https:\/\/www.linkceramics.com\/es\/wp-json\/wp\/v2\/comments?post=2816"}],"wp:featuredmedia":[{"embeddable":true,"href":"https:\/\/www.linkceramics.com\/es\/wp-json\/wp\/v2\/media\/2821"}],"wp:attachment":[{"href":"https:\/\/www.linkceramics.com\/es\/wp-json\/wp\/v2\/media?parent=2816"}],"wp:term":[{"taxonomy":"certification","embeddable":true,"href":"https:\/\/www.linkceramics.com\/es\/wp-json\/wp\/v2\/certification?post=2816"},{"taxonomy":"product_brand","embeddable":true,"href":"https:\/\/www.linkceramics.com\/es\/wp-json\/wp\/v2\/product_brand?post=2816"},{"taxonomy":"product_cat","embeddable":true,"href":"https:\/\/www.linkceramics.com\/es\/wp-json\/wp\/v2\/product_cat?post=2816"},{"taxonomy":"product_tag","embeddable":true,"href":"https:\/\/www.linkceramics.com\/es\/wp-json\/wp\/v2\/product_tag?post=2816"}],"curies":[{"name":"wp","href":"https:\/\/api.w.org\/{rel}","templated":true}]}}