{"id":2824,"date":"2025-12-19T01:10:36","date_gmt":"2025-12-19T01:10:36","guid":{"rendered":"https:\/\/www.linkceramics.com\/?post_type=product&#038;p=2824"},"modified":"2026-03-12T06:57:28","modified_gmt":"2026-03-12T06:57:28","slug":"wholesale-casserole-dishes","status":"publish","type":"product","link":"https:\/\/www.linkceramics.com\/es\/product\/wholesale-casserole-dishes\/","title":{"rendered":"Solecasa al por mayor cacerolas con tapa, MOQ bajo"},"content":{"rendered":"<div class=\"wp-block-columns is-layout-flex wp-container-core-columns-is-layout-9d6595d7 wp-block-columns-is-layout-flex\">\n<div class=\"wp-block-column is-layout-flow wp-block-column-is-layout-flow\" style=\"flex-basis:50%\">\n<h3 class=\"wp-block-heading\">Platos de cacerola al por mayor de primera calidad Caracter\u00edsticas:<\/h3>\n\n\n\n<ul class=\"wp-block-list\">\n<li><strong>Dise\u00f1o natural y fresco:<\/strong> Estas cazuelas al por mayor de color beige con un estampado floral verde crean un estilo c\u00e1lido y natural, perfecto para una gran variedad de cocinas y mesas de comedor.<\/li>\n\n\n\n<li><strong>Material de alta resistencia al calor: <\/strong>Nuestra bater\u00eda de cocina de cer\u00e1mica a granel est\u00e1 hecha de cer\u00e1mica altamente resistente al calor, est\u00e1 hecha de cer\u00e1mica altamente resistente al calor, segura y conveniente para cocinar en microondas y horno.<\/li>\n\n\n\n<li><strong>M\u00faltiples opciones de capacidad: <\/strong>Nuestras cacerolas al por mayor tienen una capacidad de 1,6 l y 2,5 l, lo que las convierte en una alternativa c\u00f3moda y vers\u00e1til para diversas necesidades culinarias dom\u00e9sticas o comerciales.<\/li>\n\n\n\n<li><strong>Dise\u00f1o de tapa a juego: <\/strong>Nuestras cazuelas al por mayor vienen con una tapa de cer\u00e1mica a juego, que retiene eficazmente la humedad y el calor para realzar el sabor del cocinado.<\/li>\n\n\n\n<li><strong>Adecuado para mercados mayoristas y de exportaci\u00f3n: <\/strong>Cumple las normas de seguridad para el contacto con alimentos de varios pa\u00edses, apto para los canales de venta al por menor, hosteler\u00eda y restauraci\u00f3n.<\/li>\n\n\n\n<li><strong>Stock listo para entrega r\u00e1pida y MOQ bajo: <\/strong>Nuestros platos de cacerola al por mayor est\u00e1n en stock para entrega r\u00e1pida y MOQ bajo, ideal para pedidos de lotes peque\u00f1os o pedidos de prueba.<\/li>\n<\/ul>\n<\/div>\n\n\n\n<div class=\"wp-block-column is-layout-flow wp-block-column-is-layout-flow\" style=\"flex-basis:50%\">\n<figure class=\"wp-block-image size-full\"><img decoding=\"async\" width=\"1200\" height=\"1200\" src=\"https:\/\/www.linkceramics.com\/wp-content\/uploads\/2025\/12\/Solecasa-Wholesale-Casserole-Dishes-With-Lids-Low-MOQ-9.webp\" alt=\"Solecasa-Mayorista-Cacerola-Platos-Con-Tapa-Bajo-MOQ-9\" class=\"wp-image-2827\" srcset=\"https:\/\/www.linkceramics.com\/wp-content\/uploads\/2025\/12\/Solecasa-Wholesale-Casserole-Dishes-With-Lids-Low-MOQ-9.webp 1200w, https:\/\/www.linkceramics.com\/wp-content\/uploads\/2025\/12\/Solecasa-Wholesale-Casserole-Dishes-With-Lids-Low-MOQ-9-300x300.webp 300w, https:\/\/www.linkceramics.com\/wp-content\/uploads\/2025\/12\/Solecasa-Wholesale-Casserole-Dishes-With-Lids-Low-MOQ-9-150x150.webp 150w\" sizes=\"(max-width: 1200px) 100vw, 1200px\" \/><\/figure>\n<\/div>\n<\/div>\n\n\n\n<p><\/p>","protected":false},"excerpt":{"rendered":"<div id=\"brxe-0ee1ca\" class=\"brxe-product-meta product_meta\">\n<p>Le invitamos a comprar estas cazuelas al por mayor de color beige con motivos florales verdes. Muy resistentes al calor, vienen con tapas para facilitar la cocci\u00f3n a fuego lento y la conservaci\u00f3n del calor. Disponibles en stock con una cantidad m\u00ednima de pedido baja. Son ideales para minoristas, marcas y compradores de servicios alimentarios que buscan soluciones de utensilios de cocina duraderas y con estilo.<\/p>\n<h2>Vajilla al por mayor Especificaciones:<\/h2>\n<\/div>\n<div id=\"brxe-8c5ca9\" class=\"brxe-product-short-description\">\n<div class=\"woocommerce-product-details__short-description\">\n<div id=\"brxe-e78fbc\">\n<table border=\"0\" width=\"370\" cellspacing=\"0\" cellpadding=\"0\">\n<tbody>\n<tr>\n<td width=\"139\" height=\"18\">Fabricante<\/td>\n<td width=\"231\">SOLECASA<\/td>\n<\/tr>\n<tr>\n<td width=\"139\" height=\"18\">Nombre de la colecci\u00f3n<\/td>\n<td width=\"231\">Rosa de niebla<\/td>\n<\/tr>\n<tr>\n<td width=\"139\" height=\"36\">Productos incluidos<\/td>\n<td width=\"231\">Plato, cuenco, tetera, taza y platillo, cuchara, soporte para tartas, jarr\u00f3n<\/td>\n<\/tr>\n<tr>\n<td width=\"139\" height=\"18\">Material<\/td>\n<td width=\"231\">Porcelana<\/td>\n<\/tr>\n<tr>\n<td width=\"139\" height=\"18\">Paquete<\/td>\n<td width=\"231\">Paquete a granel<\/td>\n<\/tr>\n<tr>\n<td width=\"139\" height=\"18\">Unidades de venta<\/td>\n<td width=\"231\">Art\u00edculo \u00fanico<\/td>\n<\/tr>\n<tr>\n<td width=\"139\" height=\"18\">MOQ<\/td>\n<td width=\"231\">MOQ bajo<\/td>\n<\/tr>\n<tr>\n<td width=\"139\" height=\"18\">Muestra gratuita<\/td>\n<td width=\"231\">Disponible<\/td>\n<\/tr>\n<tr>\n<td width=\"139\" height=\"18\">Opci\u00f3n personalizada<\/td>\n<td width=\"231\">Color\/Tama\u00f1o\/Glaseado\/Logotipo\/Embalaje<\/td>\n<\/tr>\n<\/tbody>\n<\/table>\n<\/div>\n<div id=\"brxe-93988a\" class=\"brxe-block\">\u00a0<\/div>\n<p><\/p>\n<div id=\"brxe-93988a\">\u00a0<\/div>\n<\/div>\n<\/div>","protected":false},"featured_media":2826,"comment_status":"open","ping_status":"closed","template":"","meta":{"_acf_changed":false},"certification":[63,64,66,58,65,61,60,62,57],"product_brand":[],"product_cat":[34,20],"product_tag":[],"class_list":{"0":"post-2824","1":"product","2":"type-product","3":"status-publish","4":"has-post-thumbnail","6":"certification-amfori","7":"certification-bsci","8":"certification-cnas","9":"certification-fda","10":"certification-iaf","11":"certification-iso-14001","12":"certification-iso-45001","13":"certification-iso-9001","14":"certification-lfgb","15":"product_cat-custom-household-ceramics","16":"product_cat-ceramic-kitchenware-wholesale","18":"first","19":"instock","20":"shipping-taxable","21":"product-type-simple"},"acf":[],"_links":{"self":[{"href":"https:\/\/www.linkceramics.com\/es\/wp-json\/wp\/v2\/product\/2824","targetHints":{"allow":["GET"]}}],"collection":[{"href":"https:\/\/www.linkceramics.com\/es\/wp-json\/wp\/v2\/product"}],"about":[{"href":"https:\/\/www.linkceramics.com\/es\/wp-json\/wp\/v2\/types\/product"}],"replies":[{"embeddable":true,"href":"https:\/\/www.linkceramics.com\/es\/wp-json\/wp\/v2\/comments?post=2824"}],"wp:featuredmedia":[{"embeddable":true,"href":"https:\/\/www.linkceramics.com\/es\/wp-json\/wp\/v2\/media\/2826"}],"wp:attachment":[{"href":"https:\/\/www.linkceramics.com\/es\/wp-json\/wp\/v2\/media?parent=2824"}],"wp:term":[{"taxonomy":"certification","embeddable":true,"href":"https:\/\/www.linkceramics.com\/es\/wp-json\/wp\/v2\/certification?post=2824"},{"taxonomy":"product_brand","embeddable":true,"href":"https:\/\/www.linkceramics.com\/es\/wp-json\/wp\/v2\/product_brand?post=2824"},{"taxonomy":"product_cat","embeddable":true,"href":"https:\/\/www.linkceramics.com\/es\/wp-json\/wp\/v2\/product_cat?post=2824"},{"taxonomy":"product_tag","embeddable":true,"href":"https:\/\/www.linkceramics.com\/es\/wp-json\/wp\/v2\/product_tag?post=2824"}],"curies":[{"name":"wp","href":"https:\/\/api.w.org\/{rel}","templated":true}]}}