{"id":2835,"date":"2025-12-19T01:46:34","date_gmt":"2025-12-19T01:46:34","guid":{"rendered":"https:\/\/www.linkceramics.com\/?post_type=product&#038;p=2835"},"modified":"2025-12-19T02:33:52","modified_gmt":"2025-12-19T02:33:52","slug":"casserole-wholesale","status":"publish","type":"product","link":"https:\/\/www.linkceramics.com\/es\/product\/casserole-wholesale\/","title":{"rendered":"Cacerola de alta resistencia al calor al por mayor, entrega r\u00e1pida"},"content":{"rendered":"<div class=\"wp-block-columns is-layout-flex wp-container-core-columns-is-layout-9d6595d7 wp-block-columns-is-layout-flex\">\n<div class=\"wp-block-column is-layout-flow wp-block-column-is-layout-flow\" style=\"flex-basis:50%\">\n<h3 class=\"wp-block-heading\">Cacerola Premium al por mayor Caracter\u00edsticas:<\/h3>\n\n\n\n<ul class=\"wp-block-list\">\n<li><strong>Dise\u00f1o de color cl\u00e1sico:<\/strong> Estas cacerolas al por mayor con motivos florales en azul oscuro poseen una elegancia sencilla que realzar\u00e1 el aspecto de cualquier comedor o cocina.<\/li>\n\n\n\n<li><strong>Disipaci\u00f3n uniforme del calor:<\/strong> Nuestra bater\u00eda de cocina de cer\u00e1mica al por mayor tiene un cuerpo grueso, que favorece un calentamiento uniforme y evita los puntos calientes, evitando que se chamusque y mejorando los resultados de cocci\u00f3n y la textura de los alimentos. Apto para horno, microondas y servir caliente. Ideal para la cocina del hogar, restaurante y hotel.<\/li>\n\n\n\n<li><strong>Variedad pr\u00e1ctica de capacidades:<\/strong> Nuestra cacerola al por mayor est\u00e1 disponible en tama\u00f1os de 1,6L, 2,5L, 3,5L y 4,5L para sus necesidades de cocina diaria y banquetes.<\/li>\n\n\n\n<li><strong>Tratamiento de glaseado a alta temperatura:<\/strong> Nuestra cacerola al por mayor cuenta con un esmalte denso y suave que es resistente a los ara\u00f1azos, a las manchas y no absorbe f\u00e1cilmente los olores, lo que facilita la limpieza y el mantenimiento. Seguro para cocinar y servir todo tipo de alimentos calientes.<\/li>\n\n\n\n<li><strong>Precio directo de f\u00e1brica: <\/strong>Nuestros utensilios de cocina de cer\u00e1mica al por mayor son directos de f\u00e1brica de Solecasa, ofreciendo precios competitivos al por mayor. Tambi\u00e9n apoyamos colaboraciones personalizadas para apoyar el desarrollo de la marca.<\/li>\n\n\n\n<li><strong>Stock adecuado y entrega r\u00e1pida: <\/strong>Nuestro mayorista de cacerolas tiene inventario al contado, admite pedidos de lotes peque\u00f1os y responde r\u00e1pidamente a sus necesidades de compra.<\/li>\n<\/ul>\n<\/div>\n\n\n\n<div class=\"wp-block-column is-layout-flow wp-block-column-is-layout-flow\" style=\"flex-basis:50%\">\n<figure class=\"wp-block-image size-full\"><img decoding=\"async\" width=\"800\" height=\"800\" src=\"https:\/\/www.linkceramics.com\/wp-content\/uploads\/2025\/12\/highly-heat-resistant-casserole-wholesale-fast-delivery-3.webp\" alt=\"cacerola altamente resistente al calor - mayorista - entrega r\u00e1pida - 3\" class=\"wp-image-2838\" srcset=\"https:\/\/www.linkceramics.com\/wp-content\/uploads\/2025\/12\/highly-heat-resistant-casserole-wholesale-fast-delivery-3.webp 800w, https:\/\/www.linkceramics.com\/wp-content\/uploads\/2025\/12\/highly-heat-resistant-casserole-wholesale-fast-delivery-3-300x300.webp 300w, https:\/\/www.linkceramics.com\/wp-content\/uploads\/2025\/12\/highly-heat-resistant-casserole-wholesale-fast-delivery-3-150x150.webp 150w, https:\/\/www.linkceramics.com\/wp-content\/uploads\/2025\/12\/highly-heat-resistant-casserole-wholesale-fast-delivery-3-768x768.webp 768w, https:\/\/www.linkceramics.com\/wp-content\/uploads\/2025\/12\/highly-heat-resistant-casserole-wholesale-fast-delivery-3-12x12.webp 12w, https:\/\/www.linkceramics.com\/wp-content\/uploads\/2025\/12\/highly-heat-resistant-casserole-wholesale-fast-delivery-3-600x600.webp 600w, https:\/\/www.linkceramics.com\/wp-content\/uploads\/2025\/12\/highly-heat-resistant-casserole-wholesale-fast-delivery-3-100x100.webp 100w\" sizes=\"(max-width: 800px) 100vw, 800px\" \/><\/figure>\n<\/div>\n<\/div>\n\n\n\n<p><\/p>","protected":false},"excerpt":{"rendered":"<div id=\"brxe-0ee1ca\" class=\"brxe-product-meta product_meta\">\n<p>Bienvenido a la compra al por mayor de utensilios de cocina de cer\u00e1mica. Nuestra cacerola al por mayor cuenta con un elegante patr\u00f3n floral azul oscuro y viene en cuatro tama\u00f1os para adaptarse a una variedad de necesidades de cocina. Ofrece una excelente resistencia al calor y es directo de f\u00e1brica y tiene una entrega r\u00e1pida, por lo que es ideal para los minoristas, restaurantes y propietarios de marcas.<\/p>\n<h2>Cacerola Especificaciones al por mayor:<\/h2>\n<\/div>\n<div id=\"brxe-8c5ca9\" class=\"brxe-product-short-description\">\n<div class=\"woocommerce-product-details__short-description\">\n<table border=\"0\" width=\"370\" cellspacing=\"0\" cellpadding=\"0\">\n<tbody>\n<tr>\n<td width=\"139\" height=\"18\">Fabricante<\/td>\n<td width=\"231\">SOLECASA<\/td>\n<\/tr>\n<tr>\n<td width=\"139\" height=\"18\">Colecci\u00f3n Pertenecer<\/td>\n<td width=\"231\">Azul gamma<\/td>\n<\/tr>\n<tr>\n<td width=\"139\" height=\"18\">Tipo de producto<\/td>\n<td width=\"231\">Cacerola de cer\u00e1mica resistente al calor<\/td>\n<\/tr>\n<tr>\n<td width=\"139\" height=\"36\">N\u00famero de modelo<\/td>\n<td width=\"231\">S9714560\/ S9714577<br \/>S9714584\/ S9714591<\/td>\n<\/tr>\n<tr>\n<td width=\"139\" height=\"18\">Material<\/td>\n<td width=\"231\">Cer\u00e1mica<\/td>\n<\/tr>\n<tr>\n<td width=\"139\" height=\"71\">Dimensi\u00f3n<\/td>\n<td width=\"231\">1,6L 17,5*22cm<br \/>2,5L 22*27cm<br \/>3,5L 25,2*31cm<br \/>4,5L 25*31cm<\/td>\n<\/tr>\n<tr>\n<td width=\"139\" height=\"18\">MOQ<\/td>\n<td width=\"231\">MOQ bajo<\/td>\n<\/tr>\n<tr>\n<td width=\"139\" height=\"18\">Muestra gratuita<\/td>\n<td width=\"231\">Disponible<\/td>\n<\/tr>\n<tr>\n<td width=\"139\" height=\"18\">Opci\u00f3n personalizada<\/td>\n<td width=\"231\">Color\/Tama\u00f1o\/Glaseado\/Logotipo\/Embalaje<\/td>\n<\/tr>\n<\/tbody>\n<\/table>\n<p><\/p>\n<div id=\"brxe-93988a\" class=\"brxe-block\">\u00a0<\/div>\n<p><\/p>\n<div id=\"brxe-93988a\">\u00a0<\/div>\n<\/div>\n<\/div>","protected":false},"featured_media":2836,"comment_status":"open","ping_status":"closed","template":"","meta":{"_acf_changed":false},"certification":[63,64,66,58,65,61,60,62,57],"product_brand":[],"product_cat":[34,20],"product_tag":[],"class_list":{"0":"post-2835","1":"product","2":"type-product","3":"status-publish","4":"has-post-thumbnail","6":"certification-amfori","7":"certification-bsci","8":"certification-cnas","9":"certification-fda","10":"certification-iaf","11":"certification-iso-14001","12":"certification-iso-45001","13":"certification-iso-9001","14":"certification-lfgb","15":"product_cat-custom-household-ceramics","16":"product_cat-ceramic-kitchenware-wholesale","18":"first","19":"instock","20":"shipping-taxable","21":"product-type-simple"},"acf":[],"_links":{"self":[{"href":"https:\/\/www.linkceramics.com\/es\/wp-json\/wp\/v2\/product\/2835","targetHints":{"allow":["GET"]}}],"collection":[{"href":"https:\/\/www.linkceramics.com\/es\/wp-json\/wp\/v2\/product"}],"about":[{"href":"https:\/\/www.linkceramics.com\/es\/wp-json\/wp\/v2\/types\/product"}],"replies":[{"embeddable":true,"href":"https:\/\/www.linkceramics.com\/es\/wp-json\/wp\/v2\/comments?post=2835"}],"wp:featuredmedia":[{"embeddable":true,"href":"https:\/\/www.linkceramics.com\/es\/wp-json\/wp\/v2\/media\/2836"}],"wp:attachment":[{"href":"https:\/\/www.linkceramics.com\/es\/wp-json\/wp\/v2\/media?parent=2835"}],"wp:term":[{"taxonomy":"certification","embeddable":true,"href":"https:\/\/www.linkceramics.com\/es\/wp-json\/wp\/v2\/certification?post=2835"},{"taxonomy":"product_brand","embeddable":true,"href":"https:\/\/www.linkceramics.com\/es\/wp-json\/wp\/v2\/product_brand?post=2835"},{"taxonomy":"product_cat","embeddable":true,"href":"https:\/\/www.linkceramics.com\/es\/wp-json\/wp\/v2\/product_cat?post=2835"},{"taxonomy":"product_tag","embeddable":true,"href":"https:\/\/www.linkceramics.com\/es\/wp-json\/wp\/v2\/product_tag?post=2835"}],"curies":[{"name":"wp","href":"https:\/\/api.w.org\/{rel}","templated":true}]}}