{"id":2848,"date":"2025-12-19T03:20:45","date_gmt":"2025-12-19T03:20:45","guid":{"rendered":"https:\/\/www.linkceramics.com\/?post_type=product&#038;p=2848"},"modified":"2025-12-19T03:20:46","modified_gmt":"2025-12-19T03:20:46","slug":"custom-bathroom-vanities-cabinets","status":"publish","type":"product","link":"https:\/\/www.linkceramics.com\/es\/product\/custom-bathroom-vanities-cabinets\/","title":{"rendered":"Armarios de Ba\u00f1o a Medida, Mayorista de Armarios de Ba\u00f1o Blancos"},"content":{"rendered":"<div class=\"wp-block-columns is-layout-flex wp-container-core-columns-is-layout-9d6595d7 wp-block-columns-is-layout-flex\">\n<div class=\"wp-block-column is-layout-flow wp-block-column-is-layout-flow\" style=\"flex-basis:50%\">\n<h3 class=\"wp-block-heading\">Custom Ba\u00f1o Vanidades Gabinetes Caracter\u00edsticas\uff1a<\/h3>\n\n\n\n<ul class=\"wp-block-list\">\n<li><strong>Material de alta calidad:<\/strong> Estos armarios de ba\u00f1o a medida est\u00e1n fabricados con una aleaci\u00f3n de aluminio de alta calidad, que posee excelentes propiedades de impermeabilidad, resistencia a la humedad y resistencia a la corrosi\u00f3n, y son ligeros pero fuertes y duraderos.<\/li>\n\n\n\n<li><strong>Aspecto blanco vers\u00e1til: <\/strong>El color general es blanco mate puro, que resulta visualmente refrescante y pulcro. Estos armarios de ba\u00f1o a medida pueden integrarse f\u00e1cilmente en una gran variedad de estilos de decoraci\u00f3n, realzando la sensaci\u00f3n general de grado y luminosidad del espacio.<\/li>\n\n\n\n<li><strong>F\u00e1cil de instalar y mantener:<\/strong> El razonable dise\u00f1o estructural de estos armarios de ba\u00f1o a medida facilita la instalaci\u00f3n y la limpieza diaria, reduciendo los costes de ingenier\u00eda y posventa.<\/li>\n\n\n\n<li><strong>Dise\u00f1o de armario con espejo dividido:<\/strong> El armario con espejo adopta una disposici\u00f3n de puerta central + rejilla abierta a ambos lados. La puerta del espejo central tiene espacio de almacenamiento incorporado, que es adecuado para el almacenamiento de art\u00edculos de tocador diarios; los estantes de m\u00faltiples capas en ambos lados se clasifican, f\u00e1cil de tomar, y el efecto de visualizaci\u00f3n es m\u00e1s hermoso.<\/li>\n\n\n\n<li><strong>Almacenamiento de gran capacidad:<\/strong> El armario principal adopta un dise\u00f1o de apertura sim\u00e9trica, de aspecto sencillo y l\u00edneas suaves. El espacio de almacenamiento interno es suficiente para acomodar art\u00edculos de gran tama\u00f1o, como toallas y ropa, que pueden hacer frente al uso diario o a escenarios comerciales de alta frecuencia.<\/li>\n\n\n\n<li><strong>Espejo con luz LED integrada: <\/strong>El armario con espejo tiene una tira de luz LED oculta incorporada y viene con un interruptor t\u00e1ctil para proporcionar una iluminaci\u00f3n suave, crear un ambiente confortable en el ba\u00f1o y mejorar la experiencia del usuario.<\/li>\n\n\n\n<li><strong>Lavabo de cer\u00e1mica integrado:<\/strong> Estos armarios a medida para cuarto de ba\u00f1o combinan con un lavabo cer\u00e1mico de superficie lisa y delicada, resistente a altas temperaturas y a las manchas, f\u00e1cil de limpiar, que mejora el confort general y la belleza del espacio.<\/li>\n\n\n\n<li><strong>Soporte OEM\/ODM:<\/strong> Soporta servicios OEM\/ODM como personalizaci\u00f3n de LOGO, color, tama\u00f1o y especificaci\u00f3n. Suministro directo de f\u00e1brica, precio m\u00e1s ventajoso, suministro estable, opci\u00f3n ideal para proyectos de ingenier\u00eda y compras al por mayor.<\/li>\n<\/ul>\n<\/div>\n\n\n\n<div class=\"wp-block-column is-layout-flow wp-block-column-is-layout-flow\" style=\"flex-basis:50%\">\n<figure class=\"wp-block-image size-full\"><img decoding=\"async\" width=\"700\" height=\"700\" src=\"https:\/\/www.linkceramics.com\/wp-content\/uploads\/2025\/12\/custom-bathroom-vanities-cabinets-wholesale-white-vanity-1.webp\" alt=\"armarios-lavabos-blancos-a-la-medida-1\" class=\"wp-image-2849\" srcset=\"https:\/\/www.linkceramics.com\/wp-content\/uploads\/2025\/12\/custom-bathroom-vanities-cabinets-wholesale-white-vanity-1.webp 700w, https:\/\/www.linkceramics.com\/wp-content\/uploads\/2025\/12\/custom-bathroom-vanities-cabinets-wholesale-white-vanity-1-300x300.webp 300w, https:\/\/www.linkceramics.com\/wp-content\/uploads\/2025\/12\/custom-bathroom-vanities-cabinets-wholesale-white-vanity-1-150x150.webp 150w, https:\/\/www.linkceramics.com\/wp-content\/uploads\/2025\/12\/custom-bathroom-vanities-cabinets-wholesale-white-vanity-1-12x12.webp 12w, https:\/\/www.linkceramics.com\/wp-content\/uploads\/2025\/12\/custom-bathroom-vanities-cabinets-wholesale-white-vanity-1-600x600.webp 600w, https:\/\/www.linkceramics.com\/wp-content\/uploads\/2025\/12\/custom-bathroom-vanities-cabinets-wholesale-white-vanity-1-100x100.webp 100w\" sizes=\"(max-width: 700px) 100vw, 700px\" \/><\/figure>\n<\/div>\n<\/div>","protected":false},"excerpt":{"rendered":"<div id=\"brxe-0ee1ca\" class=\"brxe-product-meta product_meta\">\n<div id=\"brxe-0ee1ca\" class=\"brxe-product-meta product_meta\">\n<p>No dude en ponerse en contacto con Shouya para la compra a granel de estos gabinetes personalizados tocadores de ba\u00f1o, elegante blanco, de gran tama\u00f1o, dise\u00f1o flotante. Hecho de aleaci\u00f3n de aluminio de alta calidad, con un gabinete de espejo LED y lavabo. \u00a1F\u00e1brica de suministro de alta calidad, proporcionar soluciones al por mayor, la bienvenida a la consulta al por mayor!<\/p>\n<h2>Gabinetes de tocadores de ba\u00f1o a medida Atributos\uff1a<\/h2>\n<p><strong>Art\u00edculo No:<\/strong> HR6621-100<br \/><strong>Material del armario:<\/strong> Aluminio<br \/><strong>Color del armario:<\/strong> Blanco<br \/><strong>Espejo:<\/strong> Espejo LED (3,5 mm\/3,8 mm), iluminaci\u00f3n tricolor, desempa\u00f1ado con un solo toque, protegido con embalaje de espuma multicapa<br \/><strong>Tipo de instalaci\u00f3n:<\/strong> Montaje en pared<br \/><strong>Dimensiones (L\u00d7A\u00d7H):<\/strong> 100*40*48 cm<br \/><strong>Peso bruto:<\/strong> 35 kg\/set<\/p>\n<h2>Personalizaci\u00f3n y servicios:<\/h2>\n<p><strong>OEM Y ODM:<\/strong> Soporte<br \/><strong>Dise\u00f1o:<\/strong> Gratis<br \/><strong>Accesorios:<\/strong> Lavabos, espejos, grifos y otros accesorios de ba\u00f1o<br \/><strong>Embalaje:<\/strong> Listo para montar<\/p>\n<\/div>\n<\/div>","protected":false},"featured_media":2851,"comment_status":"open","ping_status":"closed","template":"","meta":{"_acf_changed":false},"certification":[59,61,60,62],"product_brand":[],"product_cat":[35,83],"product_tag":[],"class_list":{"0":"post-2848","1":"product","2":"type-product","3":"status-publish","4":"has-post-thumbnail","6":"certification-ce","7":"certification-iso-14001","8":"certification-iso-45001","9":"certification-iso-9001","10":"product_cat-bathroom-ceramics-supply","11":"product_cat-wholesale-bathroom-vanity","13":"first","14":"instock","15":"shipping-taxable","16":"product-type-simple"},"acf":[],"_links":{"self":[{"href":"https:\/\/www.linkceramics.com\/es\/wp-json\/wp\/v2\/product\/2848","targetHints":{"allow":["GET"]}}],"collection":[{"href":"https:\/\/www.linkceramics.com\/es\/wp-json\/wp\/v2\/product"}],"about":[{"href":"https:\/\/www.linkceramics.com\/es\/wp-json\/wp\/v2\/types\/product"}],"replies":[{"embeddable":true,"href":"https:\/\/www.linkceramics.com\/es\/wp-json\/wp\/v2\/comments?post=2848"}],"wp:featuredmedia":[{"embeddable":true,"href":"https:\/\/www.linkceramics.com\/es\/wp-json\/wp\/v2\/media\/2851"}],"wp:attachment":[{"href":"https:\/\/www.linkceramics.com\/es\/wp-json\/wp\/v2\/media?parent=2848"}],"wp:term":[{"taxonomy":"certification","embeddable":true,"href":"https:\/\/www.linkceramics.com\/es\/wp-json\/wp\/v2\/certification?post=2848"},{"taxonomy":"product_brand","embeddable":true,"href":"https:\/\/www.linkceramics.com\/es\/wp-json\/wp\/v2\/product_brand?post=2848"},{"taxonomy":"product_cat","embeddable":true,"href":"https:\/\/www.linkceramics.com\/es\/wp-json\/wp\/v2\/product_cat?post=2848"},{"taxonomy":"product_tag","embeddable":true,"href":"https:\/\/www.linkceramics.com\/es\/wp-json\/wp\/v2\/product_tag?post=2848"}],"curies":[{"name":"wp","href":"https:\/\/api.w.org\/{rel}","templated":true}]}}