{"id":2915,"date":"2026-01-07T07:13:09","date_gmt":"2026-01-07T07:13:09","guid":{"rendered":"https:\/\/www.linkceramics.com\/?post_type=product&#038;p=2915"},"modified":"2026-01-19T06:38:45","modified_gmt":"2026-01-19T06:38:45","slug":"custom-white-bathroom-sets","status":"publish","type":"product","link":"https:\/\/www.linkceramics.com\/es\/product\/custom-white-bathroom-sets\/","title":{"rendered":"Conjuntos de ba\u00f1o blancos personalizados, accesorios de ba\u00f1o de cer\u00e1mica de 4 piezas"},"content":{"rendered":"<div class=\"wp-block-columns is-layout-flex wp-container-core-columns-is-layout-9d6595d7 wp-block-columns-is-layout-flex\">\n<div class=\"wp-block-column is-layout-flow wp-block-column-is-layout-flow\" style=\"flex-basis:50%\">\n<h3 class=\"wp-block-heading\">Caracter\u00edsticas de los conjuntos de ba\u00f1o blancos a medida<\/h3>\n\n\n\n<p><strong>Dise\u00f1o de combinaci\u00f3n de colores platino, sencillo pero elegante: <\/strong>Se trata de una elegante colecci\u00f3n de ba\u00f1o blanca que presenta un aspecto general limpio y luminoso mediante el uso de un color base blanco cl\u00e1sico, junto con detalles en platino o dorado.<\/p>\n\n\n\n<p><strong>Tipo de esmalte, Shutta Glaze - Cer\u00e1mica esmaltada brillante:<\/strong> Con el m\u00e9todo de esmaltado brillante utilizado para los cuatro productos, la textura de la cer\u00e1mica ha resultado ser muy suave y resistente al agua, que no se mancha ni se ensucia f\u00e1cilmente.<\/p>\n\n\n\n<p><strong>Conjunto funcional de cuatro piezas, que satisface todas sus:<\/strong> Necesidades de Lavado: Al tratarse de un juego al por mayor de 4 piezas de accesorios de cer\u00e1mica para el cuarto de ba\u00f1o, suelen estar formados por un dispensador de jab\u00f3n, un portacepillos de dientes, una taza de lavado y una jabonera. Abastece a todas sus necesidades con un dise\u00f1o colectivo.<\/p>\n\n\n\n<p><strong>Se ofrecen varias formas de jabonera y servicios de personalizaci\u00f3n:<\/strong> La jabonera tambi\u00e9n viene en diferentes formas, como redonda, cuadrada y ovalada. Tambi\u00e9n se puede solicitar la personalizaci\u00f3n de los moldes o la apariencia para que la l\u00ednea de productos sea m\u00e1s identificable para ba\u00f1os blancos personalizados.<\/p>\n\n\n\n<p><strong>Cocci\u00f3n de cer\u00e1mica a alta temperatura, estable y duradera, no es f\u00e1cil que vuelque: <\/strong>Los materiales utilizados en el conjunto son cer\u00e1micas de alta densidad cocidas a alta temperatura, lo que las hace de peso medio y lo suficientemente estables como para evitar que vuelquen con facilidad en hoteles y hogares, especialmente a alta frecuencia.<\/p>\n<\/div>\n\n\n\n<div class=\"wp-block-column is-layout-flow wp-block-column-is-layout-flow\" style=\"flex-basis:50%\">\n<figure class=\"wp-block-image size-full\"><img decoding=\"async\" width=\"3504\" height=\"3504\" src=\"https:\/\/www.linkceramics.com\/wp-content\/uploads\/2026\/01\/custom-white-bathroom-sets-4-piece-ceramic-bath-accessories-2.webp\" alt=\"custom-white-bathroom-sets-4-piece-ceramic-bath-accessories-2\" class=\"wp-image-2917\" srcset=\"https:\/\/www.linkceramics.com\/wp-content\/uploads\/2026\/01\/custom-white-bathroom-sets-4-piece-ceramic-bath-accessories-2.webp 3504w, https:\/\/www.linkceramics.com\/wp-content\/uploads\/2026\/01\/custom-white-bathroom-sets-4-piece-ceramic-bath-accessories-2-300x300.webp 300w, https:\/\/www.linkceramics.com\/wp-content\/uploads\/2026\/01\/custom-white-bathroom-sets-4-piece-ceramic-bath-accessories-2-150x150.webp 150w, https:\/\/www.linkceramics.com\/wp-content\/uploads\/2026\/01\/custom-white-bathroom-sets-4-piece-ceramic-bath-accessories-2-768x768.webp 768w, https:\/\/www.linkceramics.com\/wp-content\/uploads\/2026\/01\/custom-white-bathroom-sets-4-piece-ceramic-bath-accessories-2-12x12.webp 12w, https:\/\/www.linkceramics.com\/wp-content\/uploads\/2026\/01\/custom-white-bathroom-sets-4-piece-ceramic-bath-accessories-2-1200x1200.webp 1200w, https:\/\/www.linkceramics.com\/wp-content\/uploads\/2026\/01\/custom-white-bathroom-sets-4-piece-ceramic-bath-accessories-2-600x600.webp 600w, https:\/\/www.linkceramics.com\/wp-content\/uploads\/2026\/01\/custom-white-bathroom-sets-4-piece-ceramic-bath-accessories-2-100x100.webp 100w\" sizes=\"(max-width: 3504px) 100vw, 3504px\" \/><\/figure>\n<\/div>\n<\/div>","protected":false},"excerpt":{"rendered":"<p>Bienvenido a comprar YIGEJIA suministrar conjuntos de ba\u00f1o blanco personalizado con elegantes accesorios de ba\u00f1o de cer\u00e1mica blanca con un acabado brillante. Se suministra a precios de f\u00e1brica al por mayor con muestras gratuitas disponibles, ideal para la marca OEM, hoteles, proyectos residenciales, y la adquisici\u00f3n a granel.<\/p>\n<h2>Par\u00e1metros personalizados de conjuntos de ba\u00f1o blancos\uff1a<\/h2>\n<table>\n<tbody>\n<tr>\n<td>Fabricante<\/td>\n<td>Yigejia<\/td>\n<\/tr>\n<tr>\n<td>Tipo de producto<\/td>\n<td>Set de accesorios de ba\u00f1o<\/td>\n<\/tr>\n<tr>\n<td>Material<\/td>\n<td>Cer\u00e1mica<\/td>\n<\/tr>\n<tr>\n<td>Color<\/td>\n<td>Oro blanco<\/td>\n<\/tr>\n<tr>\n<td>El juego incluye<\/td>\n<td>4 piezas<\/td>\n<\/tr>\n<tr>\n<td>Componentes<\/td>\n<td>Dispensador de loci\u00f3n, portacepillos de dientes, jabonera, vaso<\/td>\n<\/tr>\n<tr>\n<td>Acabado<\/td>\n<td>Acabado brillante<\/td>\n<\/tr>\n<tr>\n<td>Aplicaci\u00f3n<\/td>\n<td>Hogar, Ba\u00f1o, Hoteles, Apartamentos, Spa<\/td>\n<\/tr>\n<tr>\n<td>MOQ<\/td>\n<td>MOQ bajo<\/td>\n<\/tr>\n<tr>\n<td>Muestra gratuita<\/td>\n<td>Disponible<\/td>\n<\/tr>\n<tr>\n<td>A medida<\/td>\n<td>Color\/Tama\u00f1o\/Logotipo\/Embalaje<\/td>\n<\/tr>\n<\/tbody>\n<\/table>\n<p>&nbsp;<\/p>","protected":false},"featured_media":2918,"comment_status":"open","ping_status":"closed","template":"","meta":{"_acf_changed":true},"certification":[59,61,60,62],"product_brand":[],"product_cat":[35,22],"product_tag":[],"class_list":{"0":"post-2915","1":"product","2":"type-product","3":"status-publish","4":"has-post-thumbnail","6":"certification-ce","7":"certification-iso-14001","8":"certification-iso-45001","9":"certification-iso-9001","10":"product_cat-bathroom-ceramics-supply","11":"product_cat-ceramic-bathroom-set","13":"first","14":"instock","15":"shipping-taxable","16":"product-type-simple"},"acf":[],"_links":{"self":[{"href":"https:\/\/www.linkceramics.com\/es\/wp-json\/wp\/v2\/product\/2915","targetHints":{"allow":["GET"]}}],"collection":[{"href":"https:\/\/www.linkceramics.com\/es\/wp-json\/wp\/v2\/product"}],"about":[{"href":"https:\/\/www.linkceramics.com\/es\/wp-json\/wp\/v2\/types\/product"}],"replies":[{"embeddable":true,"href":"https:\/\/www.linkceramics.com\/es\/wp-json\/wp\/v2\/comments?post=2915"}],"wp:featuredmedia":[{"embeddable":true,"href":"https:\/\/www.linkceramics.com\/es\/wp-json\/wp\/v2\/media\/2918"}],"wp:attachment":[{"href":"https:\/\/www.linkceramics.com\/es\/wp-json\/wp\/v2\/media?parent=2915"}],"wp:term":[{"taxonomy":"certification","embeddable":true,"href":"https:\/\/www.linkceramics.com\/es\/wp-json\/wp\/v2\/certification?post=2915"},{"taxonomy":"product_brand","embeddable":true,"href":"https:\/\/www.linkceramics.com\/es\/wp-json\/wp\/v2\/product_brand?post=2915"},{"taxonomy":"product_cat","embeddable":true,"href":"https:\/\/www.linkceramics.com\/es\/wp-json\/wp\/v2\/product_cat?post=2915"},{"taxonomy":"product_tag","embeddable":true,"href":"https:\/\/www.linkceramics.com\/es\/wp-json\/wp\/v2\/product_tag?post=2915"}],"curies":[{"name":"wp","href":"https:\/\/api.w.org\/{rel}","templated":true}]}}