{"id":2920,"date":"2026-01-07T07:39:18","date_gmt":"2026-01-07T07:39:18","guid":{"rendered":"https:\/\/www.linkceramics.com\/?post_type=product&#038;p=2920"},"modified":"2026-03-18T01:57:10","modified_gmt":"2026-03-18T01:57:10","slug":"kitchen-utensil-holder-wholesale","status":"publish","type":"product","link":"https:\/\/www.linkceramics.com\/es\/product\/kitchen-utensil-holder-wholesale\/","title":{"rendered":"Porta Utensilios de Cocina al por mayor, Tarro de Utensilios de Gres al por mayor"},"content":{"rendered":"<div class=\"wp-block-columns is-layout-flex wp-container-core-columns-is-layout-9d6595d7 wp-block-columns-is-layout-flex\">\n<div class=\"wp-block-column is-layout-flow wp-block-column-is-layout-flow\" style=\"flex-basis:50%\">\n<h3 class=\"wp-block-heading\">Porta Utensilios de Cocina Premium al por mayor Caracter\u00edsticas:<\/h3>\n\n\n\n<ul class=\"wp-block-list\">\n<li><strong>Flamingo Theme Design: <\/strong>El estampado de flamencos con lentejuelas rojas sobre una suave base de cer\u00e1mica rosa claro crea un dise\u00f1o bonito y vibrante en este portautensilios de cocina al por mayor. Este ingenioso dise\u00f1o significa que el soporte de utensilios de cocina es una herramienta pr\u00e1ctica, as\u00ed como un elemento decorativo para iluminar su cocina, rinc\u00f3n de caf\u00e9, o el espacio del hogar.<\/li>\n\n\n\n<li><strong>Material cer\u00e1mico duradero de alta calidad: <\/strong>Este portautensilios de cocina al por mayor est\u00e1 fabricado en cer\u00e1mica de alta calidad, con una textura s\u00f3lida y densa, adecuada para una larga durabilidad en entornos comerciales o dom\u00e9sticos.<\/li>\n\n\n\n<li><strong>Esmalte liso, f\u00e1cil de limpiar:<\/strong> La superficie esmaltada de este portacubiertos de cocina al por mayor es delicada, resistente a las manchas y a los ara\u00f1azos, adecuada para los entornos de cocina cotidianos y para satisfacer los requisitos pr\u00e1cticos de las compras al por mayor.<\/li>\n\n\n\n<li><strong>Gran capacidad:<\/strong> Nuestro suministro de tarros de utensilios de gres tiene una forma cil\u00edndrica regular y un amplio espacio interior, ideal para guardar diversos utensilios de cocina de mango largo (como esp\u00e1tulas, cucharas, batidores), vajilla, o como recipiente de almacenamiento multifuncional para portabol\u00edgrafos, portacepillos cosm\u00e9ticos, etc.<\/li>\n\n\n\n<li><strong>Stock adecuado y entrega r\u00e1pida: <\/strong>Nuestro mayorista de portarutensilios de cocina tiene inventario al contado, admite pedidos de lotes peque\u00f1os y responde r\u00e1pidamente a sus necesidades de compra.<\/li>\n<\/ul>\n<\/div>\n\n\n\n<div class=\"wp-block-column is-layout-flow wp-block-column-is-layout-flow\" style=\"flex-basis:50%\">\n<figure class=\"wp-block-image size-full\"><img decoding=\"async\" width=\"800\" height=\"800\" src=\"https:\/\/www.linkceramics.com\/wp-content\/uploads\/2026\/01\/kitchen-utensil-holder-wholesale-stoneware-utensil-jar-bulk-3.webp\" alt=\"portacutensilios de cocina - mayorista - gres - portacutensilios - tarro -bulto-3\" class=\"wp-image-2922\" srcset=\"https:\/\/www.linkceramics.com\/wp-content\/uploads\/2026\/01\/kitchen-utensil-holder-wholesale-stoneware-utensil-jar-bulk-3.webp 800w, https:\/\/www.linkceramics.com\/wp-content\/uploads\/2026\/01\/kitchen-utensil-holder-wholesale-stoneware-utensil-jar-bulk-3-300x300.webp 300w, https:\/\/www.linkceramics.com\/wp-content\/uploads\/2026\/01\/kitchen-utensil-holder-wholesale-stoneware-utensil-jar-bulk-3-150x150.webp 150w, https:\/\/www.linkceramics.com\/wp-content\/uploads\/2026\/01\/kitchen-utensil-holder-wholesale-stoneware-utensil-jar-bulk-3-768x768.webp 768w, https:\/\/www.linkceramics.com\/wp-content\/uploads\/2026\/01\/kitchen-utensil-holder-wholesale-stoneware-utensil-jar-bulk-3-12x12.webp 12w, https:\/\/www.linkceramics.com\/wp-content\/uploads\/2026\/01\/kitchen-utensil-holder-wholesale-stoneware-utensil-jar-bulk-3-600x600.webp 600w, https:\/\/www.linkceramics.com\/wp-content\/uploads\/2026\/01\/kitchen-utensil-holder-wholesale-stoneware-utensil-jar-bulk-3-100x100.webp 100w\" sizes=\"(max-width: 800px) 100vw, 800px\" \/><\/figure>\n<\/div>\n<\/div>\n\n\n\n<p><\/p>","protected":false},"excerpt":{"rendered":"<div id=\"brxe-0ee1ca\" class=\"brxe-product-meta product_meta\">\n<p>Bienvenido a comprar Qunfa f\u00e1brica de cer\u00e1mica suministrar el flamenco utensilio de cocina titular de venta al por mayor, el tarro de cer\u00e1mica es de estilo esta\u00f1o recto con un dise\u00f1o de flamenco encantador en la superficie. Este suministro de tarro de utensilio de gres tiene un amplio espacio, construcci\u00f3n s\u00f3lida y tiene un acabado esmaltado en el exterior y en el interior, por lo que es perfecto para el hogar, restaurante y hotel para almacenar utensilios de cocina.<\/p>\n<h2>Soporte para utensilios de cocina Par\u00e1metros al por mayor:<\/h2>\n<table width=\"328\">\n<tbody>\n<tr>\n<td width=\"116\">Fabricante<\/td>\n<td width=\"211\">QUNFA<\/td>\n<\/tr>\n<tr>\n<td width=\"116\">Tipo de producto<\/td>\n<td>Portautensilios<\/td>\n<\/tr>\n<tr>\n<td width=\"116\">N\u00ba de modelo<\/td>\n<td width=\"211\">19-0184-1\u00a0<\/td>\n<\/tr>\n<tr>\n<td width=\"116\">Material<\/td>\n<td width=\"211\">Gres<\/td>\n<\/tr>\n<tr>\n<td width=\"116\">Color<\/td>\n<td width=\"211\">Rosa<\/td>\n<\/tr>\n<tr>\n<td width=\"116\">Dimensi\u00f3n<\/td>\n<td width=\"211\">10*10*17,3 cm<\/td>\n<\/tr>\n<tr>\n<td width=\"116\">MOQ<\/td>\n<td width=\"211\">1000 unidades<\/td>\n<\/tr>\n<tr>\n<td width=\"116\">A medida<\/td>\n<td width=\"211\">Color\/Tama\u00f1o\/Logotipo\/Embalaje\/Forma<\/td>\n<\/tr>\n<\/tbody>\n<\/table>\n<\/div>","protected":false},"featured_media":2923,"comment_status":"open","ping_status":"closed","template":"","meta":{"_acf_changed":true},"certification":[63,64,66,89,58,65,61,60,62,57,88],"product_brand":[],"product_cat":[34,20],"product_tag":[],"class_list":{"0":"post-2920","1":"product","2":"type-product","3":"status-publish","4":"has-post-thumbnail","6":"certification-amfori","7":"certification-bsci","8":"certification-cnas","9":"certification-fcca","10":"certification-fda","11":"certification-iaf","12":"certification-iso-14001","13":"certification-iso-45001","14":"certification-iso-9001","15":"certification-lfgb","16":"certification-sgs","17":"product_cat-custom-household-ceramics","18":"product_cat-ceramic-kitchenware-wholesale","20":"first","21":"instock","22":"shipping-taxable","23":"product-type-simple"},"acf":[],"_links":{"self":[{"href":"https:\/\/www.linkceramics.com\/es\/wp-json\/wp\/v2\/product\/2920","targetHints":{"allow":["GET"]}}],"collection":[{"href":"https:\/\/www.linkceramics.com\/es\/wp-json\/wp\/v2\/product"}],"about":[{"href":"https:\/\/www.linkceramics.com\/es\/wp-json\/wp\/v2\/types\/product"}],"replies":[{"embeddable":true,"href":"https:\/\/www.linkceramics.com\/es\/wp-json\/wp\/v2\/comments?post=2920"}],"wp:featuredmedia":[{"embeddable":true,"href":"https:\/\/www.linkceramics.com\/es\/wp-json\/wp\/v2\/media\/2923"}],"wp:attachment":[{"href":"https:\/\/www.linkceramics.com\/es\/wp-json\/wp\/v2\/media?parent=2920"}],"wp:term":[{"taxonomy":"certification","embeddable":true,"href":"https:\/\/www.linkceramics.com\/es\/wp-json\/wp\/v2\/certification?post=2920"},{"taxonomy":"product_brand","embeddable":true,"href":"https:\/\/www.linkceramics.com\/es\/wp-json\/wp\/v2\/product_brand?post=2920"},{"taxonomy":"product_cat","embeddable":true,"href":"https:\/\/www.linkceramics.com\/es\/wp-json\/wp\/v2\/product_cat?post=2920"},{"taxonomy":"product_tag","embeddable":true,"href":"https:\/\/www.linkceramics.com\/es\/wp-json\/wp\/v2\/product_tag?post=2920"}],"curies":[{"name":"wp","href":"https:\/\/api.w.org\/{rel}","templated":true}]}}