{"id":2951,"date":"2026-01-19T02:10:36","date_gmt":"2026-01-19T02:10:36","guid":{"rendered":"https:\/\/www.linkceramics.com\/?post_type=product&#038;p=2951"},"modified":"2026-01-19T02:10:38","modified_gmt":"2026-01-19T02:10:38","slug":"tankless-smart-toilet-wholesale","status":"publish","type":"product","link":"https:\/\/www.linkceramics.com\/es\/product\/tankless-smart-toilet-wholesale\/","title":{"rendered":"Tankless Smart Toilet Mayorista, Eficiencia Energ\u00e9tica Smart Toilet Proveedor"},"content":{"rendered":"<div class=\"wp-block-columns is-layout-flex wp-container-core-columns-is-layout-9d6595d7 wp-block-columns-is-layout-flex\">\n<div class=\"wp-block-column is-layout-flow wp-block-column-is-layout-flow\" style=\"flex-basis:50%\">\n<h3 class=\"wp-block-heading\">Inodoro inteligente sin tanque al por mayor Caracter\u00edsticas\uff1a<\/h3>\n\n\n\n<p><strong>Ingenier\u00eda avanzada sin tanque: <\/strong>El inodoro inteligente sin tanque de venta al por mayor presenta un dise\u00f1o minimalista de perfil bajo que ahorra espacio y maximiza la superficie cuadrada del cuarto de ba\u00f1o, por lo que es perfecto para apartamentos de lujo de gran altura.<\/p>\n\n\n\n<p><strong>Estructura de soporte de aleaci\u00f3n:<\/strong> El bastidor de soporte de aleaci\u00f3n de alta resistencia proporciona una excelente capacidad de carga, garantizando la estabilidad y la seguridad para usuarios de todo tipo de cuerpos.<\/p>\n\n\n\n<p><strong>Tecnolog\u00eda de calentamiento instant\u00e1neo: <\/strong>El inodoro inteligente sin tanque proporciona al por mayor agua caliente constante sin los riesgos higi\u00e9nicos asociados al agua estancada del tanque.<\/p>\n\n\n\n<p><strong>Sistema de refuerzo de baja presi\u00f3n: <\/strong>El inodoro mayorista inteligente sin cisterna est\u00e1 equipado con una bomba de refuerzo silenciosa integrada que garantiza una descarga potente incluso en distritos urbanos antiguos o edificios de gran altura (presi\u00f3n m\u00ednima de 0,05 MPa).<\/p>\n\n\n\n<p><strong>Funciones modulares inteligentes: <\/strong>El inodoro inteligente sin tanque al por mayor puede incluir funciones opcionales como asiento calefactado, secador de aire caliente, descarga autom\u00e1tica y desodorizaci\u00f3n inteligente.<\/p>\n\n\n\n<p><strong>Compatibilidad de instalaci\u00f3n global:<\/strong> Admite m\u00faltiples tama\u00f1os de entrada, tipos de salida y sistemas de drenaje, lo que la hace apta para diversos mercados internacionales.<\/p>\n\n\n\n<p>Versatilidad de doble instalaci\u00f3n (adaptaci\u00f3n flexible al proyecto)<\/p>\n\n\n\n<p>M\u00e9todo A: Instalaci\u00f3n de v\u00e1lvula de cierre est\u00e1ndar - Para instalaciones tradicionales de suministro de agua con salida de pared o salida de suelo.<\/p>\n\n\n\n<p>M\u00e9todo B: Cisterna oculta con conexi\u00f3n de manguera - Dise\u00f1ada espec\u00edficamente para una integraci\u00f3n perfecta con sistemas de cisterna oculta, proporcionando un aspecto elegante e integrado para un dise\u00f1o arquitect\u00f3nico moderno.<\/p>\n<\/div>\n\n\n\n<div class=\"wp-block-column is-layout-flow wp-block-column-is-layout-flow\" style=\"flex-basis:50%\">\n<figure class=\"wp-block-image size-full\"><img decoding=\"async\" width=\"1200\" height=\"1200\" src=\"https:\/\/www.linkceramics.com\/wp-content\/uploads\/2026\/01\/Morden-Tankless-Smart-Toilet-Wholesale-Energy-Efficient-Smart-Toilet-Manufacturer-2-1200x1200-1.webp\" alt=\"Morden-Smart-Toilet-Sin cisterna-Mayorista-5\" class=\"wp-image-2956\" srcset=\"https:\/\/www.linkceramics.com\/wp-content\/uploads\/2026\/01\/Morden-Tankless-Smart-Toilet-Wholesale-Energy-Efficient-Smart-Toilet-Manufacturer-2-1200x1200-1.webp 1200w, https:\/\/www.linkceramics.com\/wp-content\/uploads\/2026\/01\/Morden-Tankless-Smart-Toilet-Wholesale-Energy-Efficient-Smart-Toilet-Manufacturer-2-1200x1200-1-300x300.webp 300w, https:\/\/www.linkceramics.com\/wp-content\/uploads\/2026\/01\/Morden-Tankless-Smart-Toilet-Wholesale-Energy-Efficient-Smart-Toilet-Manufacturer-2-1200x1200-1-150x150.webp 150w, https:\/\/www.linkceramics.com\/wp-content\/uploads\/2026\/01\/Morden-Tankless-Smart-Toilet-Wholesale-Energy-Efficient-Smart-Toilet-Manufacturer-2-1200x1200-1-768x768.webp 768w, https:\/\/www.linkceramics.com\/wp-content\/uploads\/2026\/01\/Morden-Tankless-Smart-Toilet-Wholesale-Energy-Efficient-Smart-Toilet-Manufacturer-2-1200x1200-1-12x12.webp 12w, https:\/\/www.linkceramics.com\/wp-content\/uploads\/2026\/01\/Morden-Tankless-Smart-Toilet-Wholesale-Energy-Efficient-Smart-Toilet-Manufacturer-2-1200x1200-1-600x600.webp 600w, https:\/\/www.linkceramics.com\/wp-content\/uploads\/2026\/01\/Morden-Tankless-Smart-Toilet-Wholesale-Energy-Efficient-Smart-Toilet-Manufacturer-2-1200x1200-1-100x100.webp 100w\" sizes=\"(max-width: 1200px) 100vw, 1200px\" \/><\/figure>\n<\/div>\n<\/div>\n\n\n\n<h2 class=\"wp-block-heading\">Inodoro inteligente sin tanque Tama\u00f1o:<\/h2>\n\n\n\n<figure class=\"wp-block-table\"><table class=\"has-fixed-layout\"><tbody><tr><td class=\"has-text-align-center\" data-align=\"center\"><strong>Modelo<\/strong><\/td><td class=\"has-text-align-center\" data-align=\"center\"><strong>Talla<\/strong><\/td><\/tr><tr><td class=\"has-text-align-center\" data-align=\"center\">2520<\/td><td class=\"has-text-align-center\" data-align=\"center\">600X385X420mm<\/td><\/tr><tr><td class=\"has-text-align-center\" data-align=\"center\">2521<\/td><td class=\"has-text-align-center\" data-align=\"center\">600X385X420mm<\/td><\/tr><\/tbody><\/table><\/figure>\n\n\n\n<figure class=\"wp-block-image\"><img decoding=\"async\" src=\"https:\/\/www.yilebathrooms.com\/wp-content\/uploads\/2026\/01\/Morden-Tankless-Smart-Toilet-Wholesale-Energy-Efficient-Smart-Toilet-Manufacturer-6.webp\" alt=\"Inodoro inteligente sin tanque Morden al por mayor, Fabricante de inodoros inteligentes de bajo consumo (6)\" class=\"wp-image-230\"\/><\/figure>","protected":false},"excerpt":{"rendered":"<div id=\"brxe-0ee1ca\" class=\"brxe-product-meta product_meta\">\n<div id=\"brxe-0ee1ca\" class=\"brxe-product-meta product_meta\">\n<p>Bienvenido a comprar el inodoro inteligente sin tanque Yile al por mayor, con tecnolog\u00eda de descarga sin l\u00edmite de presi\u00f3n. Esta unidad elimina la necesidad de un tanque voluminoso al tiempo que garantiza un rendimiento de gran alcance en cualquier entorno de construcci\u00f3n. Es ideal para proyectos comerciales de alta gama y desarrollos residenciales minimalistas. Ofrecemos soluciones personalizadas y precios de f\u00e1brica. P\u00f3ngase en contacto con nosotros para solicitar un presupuesto.<\/p>\n<h2>Especificaciones t\u00e9cnicas<\/h2>\n<table>\n<tbody>\n<tr>\n<th>Art\u00edculo<\/th>\n<th>Especificaci\u00f3n<\/th>\n<\/tr>\n<tr>\n<td>Tipo empotrado<\/td>\n<td>Lavado (Tornado Silent Flush)<\/td>\n<\/tr>\n<tr>\n<td>Tipo de drenaje<\/td>\n<td>P-trap \/ Salida trasera<\/td>\n<\/tr>\n<tr>\n<td>Tama\u00f1o de la instalaci\u00f3n<\/td>\n<td>P-trap 180mm<\/td>\n<\/tr>\n<tr>\n<td>Tensi\u00f3n\/Alimentaci\u00f3n<\/td>\n<td>110V-240V, 50\/60Hz (tipo de enchufe personalizable)<\/td>\n<\/tr>\n<tr>\n<td>M\u00e9todo de calentamiento<\/td>\n<td>Calentamiento instant\u00e1neo de cer\u00e1mica (agua caliente constante)<\/td>\n<\/tr>\n<tr>\n<td>M\u00e9todo de control<\/td>\n<td>Mando a distancia \/ Bot\u00f3n lateral \/ Sensor de pie<\/td>\n<\/tr>\n<tr>\n<td>Material<\/td>\n<td>Cuerpo cer\u00e1mico antibacteriano + funda de asiento UF\/PP<\/td>\n<\/tr>\n<tr>\n<td>Nivel de impermeabilidad<\/td>\n<td>IPX4 (Norma para componentes electr\u00f3nicos)<\/td>\n<\/tr>\n<tr>\n<td>Personalizaci\u00f3n<\/td>\n<td>Logotipo, color, m\u00f3dulos funcionales<\/td>\n<\/tr>\n<tr>\n<td>Certificaciones<\/td>\n<td>CE, RoHS, cUPC, WaterMark, SAA<\/td>\n<\/tr>\n<\/tbody>\n<\/table>\n<\/div>\n<\/div>","protected":false},"featured_media":2953,"comment_status":"open","ping_status":"closed","template":"","meta":{"_acf_changed":true},"certification":[59,86,84,85],"product_brand":[],"product_cat":[35,36],"product_tag":[],"class_list":{"0":"post-2951","1":"product","2":"type-product","3":"status-publish","4":"has-post-thumbnail","6":"certification-ce","7":"certification-saa","8":"certification-upc","9":"certification-watermark","10":"product_cat-bathroom-ceramics-supply","11":"product_cat-ceramic-toilet-wholesale","13":"first","14":"instock","15":"shipping-taxable","16":"product-type-simple"},"acf":[],"_links":{"self":[{"href":"https:\/\/www.linkceramics.com\/es\/wp-json\/wp\/v2\/product\/2951","targetHints":{"allow":["GET"]}}],"collection":[{"href":"https:\/\/www.linkceramics.com\/es\/wp-json\/wp\/v2\/product"}],"about":[{"href":"https:\/\/www.linkceramics.com\/es\/wp-json\/wp\/v2\/types\/product"}],"replies":[{"embeddable":true,"href":"https:\/\/www.linkceramics.com\/es\/wp-json\/wp\/v2\/comments?post=2951"}],"wp:featuredmedia":[{"embeddable":true,"href":"https:\/\/www.linkceramics.com\/es\/wp-json\/wp\/v2\/media\/2953"}],"wp:attachment":[{"href":"https:\/\/www.linkceramics.com\/es\/wp-json\/wp\/v2\/media?parent=2951"}],"wp:term":[{"taxonomy":"certification","embeddable":true,"href":"https:\/\/www.linkceramics.com\/es\/wp-json\/wp\/v2\/certification?post=2951"},{"taxonomy":"product_brand","embeddable":true,"href":"https:\/\/www.linkceramics.com\/es\/wp-json\/wp\/v2\/product_brand?post=2951"},{"taxonomy":"product_cat","embeddable":true,"href":"https:\/\/www.linkceramics.com\/es\/wp-json\/wp\/v2\/product_cat?post=2951"},{"taxonomy":"product_tag","embeddable":true,"href":"https:\/\/www.linkceramics.com\/es\/wp-json\/wp\/v2\/product_tag?post=2951"}],"curies":[{"name":"wp","href":"https:\/\/api.w.org\/{rel}","templated":true}]}}