{"id":2957,"date":"2026-01-19T06:38:13","date_gmt":"2026-01-19T06:38:13","guid":{"rendered":"https:\/\/www.linkceramics.com\/?post_type=product&#038;p=2957"},"modified":"2026-01-19T06:38:15","modified_gmt":"2026-01-19T06:38:15","slug":"ceramic-decal-bathroom-set-wholesale","status":"publish","type":"product","link":"https:\/\/www.linkceramics.com\/es\/product\/ceramic-decal-bathroom-set-wholesale\/","title":{"rendered":"Set de Ba\u00f1o de Cer\u00e1mica al por Mayor, Accesorios de Ba\u00f1o de 4 Piezas"},"content":{"rendered":"<div class=\"wp-block-columns is-layout-flex wp-container-core-columns-is-layout-9d6595d7 wp-block-columns-is-layout-flex\">\n<div class=\"wp-block-column is-layout-flow wp-block-column-is-layout-flow\" style=\"flex-basis:50%\">\n<h3 class=\"wp-block-heading\">Caracter\u00edsticas de Ceramic Decal Bathroom Set al por mayor<\/h3>\n\n\n\n<p><strong>Dise\u00f1o de calcoman\u00eda de cer\u00e1mica con motivos africanos:<\/strong> Al comprar este juego de ba\u00f1o de calcoman\u00edas de cer\u00e1mica al por mayor, hecho de calcoman\u00edas de cer\u00e1mica, obtendr\u00e1 un dise\u00f1o inspirado en \u00c1frica que le da a su cuarto de ba\u00f1o un ambiente ricamente decorado a trav\u00e9s de sus caracter\u00edsticas de dise\u00f1o.<\/p>\n\n\n\n<p><strong>Conjunto funcional de cuatro piezas Disposici\u00f3n: <\/strong>Este set de ba\u00f1o de calcoman\u00eda de cer\u00e1mica al por mayor viene con un dispensador de jab\u00f3n, un portacepillos de dientes, una taza de enjuague y una jabonera. Todas las piezas est\u00e1n dispuestas en un estilo armonioso, que es \u00fatil para el lavado y almacenamiento, por lo que su cuarto de ba\u00f1o m\u00e1s limpio y organizado.<\/p>\n\n\n\n<p><strong>Material cer\u00e1mico de alta temperatura:<\/strong> Al utilizar cer\u00e1mica de alta calidad cocida a alta temperatura, este material es resistente al desgaste y a los ara\u00f1azos, lo que proporciona un material duradero con una larga vida \u00fatil, en comparaci\u00f3n con los materiales de resina o pl\u00e1stico, que no son muy duraderos.<\/p>\n\n\n\n<p><strong>F\u00e1cil de limpiar y mantener:<\/strong> El esmalte utilizado en las superficies las hace lisas y planas, sin dejar espacio para que se acumulen manchas de agua o suciedad. Limpiar este tipo de superficies es una tarea m\u00e1s f\u00e1cil.<\/p>\n\n\n\n<p><strong>Ventajas de personalizaci\u00f3n y precio:<\/strong> Como proveedor al por mayor de calcoman\u00edas de cer\u00e1mica para ba\u00f1o, somos capaces de ofrecer precios fijos al por mayor, servicios OEM\/ODM y muestras gratuitas a nuestros clientes para que verifiquen r\u00e1pidamente la calidad del producto y realicen sus pedidos.<\/p>\n\n\n\n<p><strong>Ampliamente aplicable a m\u00faltiples escenarios:<\/strong> Este set de ba\u00f1o de calcoman\u00edas de cer\u00e1mica al por mayor es ampliamente aplicable para m\u00faltiples escenarios, incluyendo hoteles, resorts, residencias de lujo, proyectos de apartamentos y canales minoristas.<\/p>\n<\/div>\n\n\n\n<div class=\"wp-block-column is-layout-flow wp-block-column-is-layout-flow\" style=\"flex-basis:50%\">\n<figure class=\"wp-block-image size-full\"><img decoding=\"async\" width=\"800\" height=\"800\" src=\"https:\/\/www.linkceramics.com\/wp-content\/uploads\/2026\/01\/ceramic-decal-bathroom-set-wholesale-4-piece-bath-accessory-2.webp\" alt=\"decoracion-ceramica-juego-de-ba\u00f1o-mayor-4-piezas-accesorio-de-ba\u00f1o-2\" class=\"wp-image-2959\" srcset=\"https:\/\/www.linkceramics.com\/wp-content\/uploads\/2026\/01\/ceramic-decal-bathroom-set-wholesale-4-piece-bath-accessory-2.webp 800w, https:\/\/www.linkceramics.com\/wp-content\/uploads\/2026\/01\/ceramic-decal-bathroom-set-wholesale-4-piece-bath-accessory-2-300x300.webp 300w, https:\/\/www.linkceramics.com\/wp-content\/uploads\/2026\/01\/ceramic-decal-bathroom-set-wholesale-4-piece-bath-accessory-2-150x150.webp 150w, https:\/\/www.linkceramics.com\/wp-content\/uploads\/2026\/01\/ceramic-decal-bathroom-set-wholesale-4-piece-bath-accessory-2-768x768.webp 768w, https:\/\/www.linkceramics.com\/wp-content\/uploads\/2026\/01\/ceramic-decal-bathroom-set-wholesale-4-piece-bath-accessory-2-12x12.webp 12w, https:\/\/www.linkceramics.com\/wp-content\/uploads\/2026\/01\/ceramic-decal-bathroom-set-wholesale-4-piece-bath-accessory-2-600x600.webp 600w, https:\/\/www.linkceramics.com\/wp-content\/uploads\/2026\/01\/ceramic-decal-bathroom-set-wholesale-4-piece-bath-accessory-2-100x100.webp 100w\" sizes=\"(max-width: 800px) 100vw, 800px\" \/><\/figure>\n<\/div>\n<\/div>","protected":false},"excerpt":{"rendered":"<p>Bienvenido a comprar el Yigejia cer\u00e1mica calcoman\u00eda ba\u00f1o conjunto de venta al por mayor, con un patr\u00f3n de 4 piezas de cer\u00e1mica accesorios de ba\u00f1o conjunto. El suministro directo de f\u00e1brica ofrece precios al por mayor estables, opciones de personalizaci\u00f3n OEM y muestras gratuitas para pedidos al por mayor.<\/p>\n<h2>Juego de ba\u00f1o de calcoman\u00eda de cer\u00e1mica al por mayor Par\u00e1metro\uff1a.<\/h2>\n<table>\n<tbody>\n<tr>\n<td>Fabricante<\/td>\n<td>Yigejia<\/td>\n<\/tr>\n<tr>\n<td>Tipo de producto<\/td>\n<td>Set de accesorios de ba\u00f1o<\/td>\n<\/tr>\n<tr>\n<td>Material<\/td>\n<td>Cer\u00e1mica<\/td>\n<\/tr>\n<tr>\n<td>Color<\/td>\n<td>Naranja<\/td>\n<\/tr>\n<tr>\n<td>El juego incluye<\/td>\n<td>4 piezas<\/td>\n<\/tr>\n<tr>\n<td>Componentes<\/td>\n<td>Dispensador de loci\u00f3n, portacepillos de dientes, jabonera, vaso<\/td>\n<\/tr>\n<tr>\n<td>Acabado<\/td>\n<td>Calcoman\u00eda<\/td>\n<\/tr>\n<tr>\n<td>Aplicaci\u00f3n<\/td>\n<td>Hogar, Ba\u00f1o, Hoteles, Apartamentos, Spa<\/td>\n<\/tr>\n<tr>\n<td>MOQ<\/td>\n<td>MOQ bajo<\/td>\n<\/tr>\n<tr>\n<td>Muestra gratuita<\/td>\n<td>Disponible<\/td>\n<\/tr>\n<tr>\n<td>A medida<\/td>\n<td>Color\/Tama\u00f1o\/Logotipo\/Embalaje<\/td>\n<\/tr>\n<\/tbody>\n<\/table>","protected":false},"featured_media":2958,"comment_status":"open","ping_status":"closed","template":"","meta":{"_acf_changed":true},"certification":[59,61,60,62],"product_brand":[],"product_cat":[35,22],"product_tag":[],"class_list":{"0":"post-2957","1":"product","2":"type-product","3":"status-publish","4":"has-post-thumbnail","6":"certification-ce","7":"certification-iso-14001","8":"certification-iso-45001","9":"certification-iso-9001","10":"product_cat-bathroom-ceramics-supply","11":"product_cat-ceramic-bathroom-set","13":"first","14":"instock","15":"shipping-taxable","16":"product-type-simple"},"acf":[],"_links":{"self":[{"href":"https:\/\/www.linkceramics.com\/es\/wp-json\/wp\/v2\/product\/2957","targetHints":{"allow":["GET"]}}],"collection":[{"href":"https:\/\/www.linkceramics.com\/es\/wp-json\/wp\/v2\/product"}],"about":[{"href":"https:\/\/www.linkceramics.com\/es\/wp-json\/wp\/v2\/types\/product"}],"replies":[{"embeddable":true,"href":"https:\/\/www.linkceramics.com\/es\/wp-json\/wp\/v2\/comments?post=2957"}],"wp:featuredmedia":[{"embeddable":true,"href":"https:\/\/www.linkceramics.com\/es\/wp-json\/wp\/v2\/media\/2958"}],"wp:attachment":[{"href":"https:\/\/www.linkceramics.com\/es\/wp-json\/wp\/v2\/media?parent=2957"}],"wp:term":[{"taxonomy":"certification","embeddable":true,"href":"https:\/\/www.linkceramics.com\/es\/wp-json\/wp\/v2\/certification?post=2957"},{"taxonomy":"product_brand","embeddable":true,"href":"https:\/\/www.linkceramics.com\/es\/wp-json\/wp\/v2\/product_brand?post=2957"},{"taxonomy":"product_cat","embeddable":true,"href":"https:\/\/www.linkceramics.com\/es\/wp-json\/wp\/v2\/product_cat?post=2957"},{"taxonomy":"product_tag","embeddable":true,"href":"https:\/\/www.linkceramics.com\/es\/wp-json\/wp\/v2\/product_tag?post=2957"}],"curies":[{"name":"wp","href":"https:\/\/api.w.org\/{rel}","templated":true}]}}