{"id":2964,"date":"2026-01-19T08:18:41","date_gmt":"2026-01-19T08:18:41","guid":{"rendered":"https:\/\/www.linkceramics.com\/?post_type=product&#038;p=2964"},"modified":"2026-01-19T08:18:43","modified_gmt":"2026-01-19T08:18:43","slug":"wholesale-ceramic-dinnerware-set-2","status":"publish","type":"product","link":"https:\/\/www.linkceramics.com\/es\/product\/wholesale-ceramic-dinnerware-set-2\/","title":{"rendered":"Mayorista Vajilla de Cer\u00e1mica Juego de 4 Estilo G\u00f3tico Esqueleto"},"content":{"rendered":"<div class=\"wp-block-columns is-layout-flex wp-container-core-columns-is-layout-9d6595d7 wp-block-columns-is-layout-flex\">\n<div class=\"wp-block-column is-layout-flow wp-block-column-is-layout-flow\" style=\"flex-basis:50%\">\n<h3 class=\"wp-block-heading\">Caracter\u00edsticas de la Vajilla de Cer\u00e1mica al por Mayor<\/h3>\n\n\n\n<p><strong>Estilo art\u00edstico est\u00e9tico:<\/strong> Esta vajilla de cer\u00e1mica al por mayor est\u00e1 adornada predominantemente en blanco y negro con dise\u00f1os de calaveras y flores, lo que le da un aspecto art\u00edstico y creativo.<\/p>\n\n\n\n<p><strong>Durabilidad:<\/strong> Nuestra vajilla de cer\u00e1mica al por mayor es de cer\u00e1mica de alta calidad, resistente al calor y anti-corrosi\u00f3n, se puede utilizar en la vida cotidiana sin deformaci\u00f3n o agrietamiento, y es adecuado para un largo tiempo.<\/p>\n\n\n\n<p><strong>C\u00f3modo de limpiar:<\/strong> La superficie lisa de esta vajilla de cer\u00e1mica permite eliminar f\u00e1cilmente la grasa y los restos de comida. Apta para lavavajillas (algunos art\u00edculos) para facilitar la limpieza diaria.<\/p>\n\n\n\n<p><strong>Valor cultural y sentimental:<\/strong> El motivo de la calavera encarna s\u00edmbolos culturales como el D\u00eda de los Muertos y Halloween. Esta vajilla no s\u00f3lo es pr\u00e1ctica, sino tambi\u00e9n un veh\u00edculo de sentimiento cultural.<\/p>\n\n\n\n<p><strong>Variedad completa:<\/strong> Disponible en cuencos, platos, tazas de caf\u00e9, tazas y mucho m\u00e1s, satisface las necesidades culinarias diarias, como servir arroz, platos y t\u00e9\/caf\u00e9. Es adecuada tanto para uso familiar como para recibir invitados.<\/p>\n<\/div>\n\n\n\n<div class=\"wp-block-column is-layout-flow wp-block-column-is-layout-flow\" style=\"flex-basis:50%\">\n<figure class=\"wp-block-image size-full\"><img decoding=\"async\" width=\"1600\" height=\"1600\" src=\"https:\/\/www.linkceramics.com\/wp-content\/uploads\/2026\/01\/wholesale-ceramic-dinnerware-set_skull-style-5.webp\" alt=\"mayorista-vajilla-de-ceramica-juego_estilo-calavera-5\" class=\"wp-image-2969\" srcset=\"https:\/\/www.linkceramics.com\/wp-content\/uploads\/2026\/01\/wholesale-ceramic-dinnerware-set_skull-style-5.webp 1600w, https:\/\/www.linkceramics.com\/wp-content\/uploads\/2026\/01\/wholesale-ceramic-dinnerware-set_skull-style-5-300x300.webp 300w, https:\/\/www.linkceramics.com\/wp-content\/uploads\/2026\/01\/wholesale-ceramic-dinnerware-set_skull-style-5-150x150.webp 150w, https:\/\/www.linkceramics.com\/wp-content\/uploads\/2026\/01\/wholesale-ceramic-dinnerware-set_skull-style-5-768x768.webp 768w, https:\/\/www.linkceramics.com\/wp-content\/uploads\/2026\/01\/wholesale-ceramic-dinnerware-set_skull-style-5-12x12.webp 12w, https:\/\/www.linkceramics.com\/wp-content\/uploads\/2026\/01\/wholesale-ceramic-dinnerware-set_skull-style-5-1200x1200.webp 1200w, https:\/\/www.linkceramics.com\/wp-content\/uploads\/2026\/01\/wholesale-ceramic-dinnerware-set_skull-style-5-600x600.webp 600w, https:\/\/www.linkceramics.com\/wp-content\/uploads\/2026\/01\/wholesale-ceramic-dinnerware-set_skull-style-5-100x100.webp 100w\" sizes=\"(max-width: 1600px) 100vw, 1600px\" \/><\/figure>\n<\/div>\n<\/div>","protected":false},"excerpt":{"rendered":"<p>P\u00f3ngase en contacto con Kedali para adquirir esta vajilla de cer\u00e1mica al por mayor de dise\u00f1o g\u00f3tico inspirado en una calavera. Es \u00fanico y atractivo para los usuarios finales que quieren lo diferente. El juego consta de una taza de t\u00e9 y un platillo, una taza alta para bebidas y un juego de plato y cuenco. Este art\u00edculo es ideal para tiendas de regalos de temporada y ventas de Halloween.<\/p>\n<h2>Especificaciones de la vajilla de cer\u00e1mica al por mayor<\/h2>\n<table border=\"0\" width=\"363\" cellspacing=\"0\" cellpadding=\"0\">\n<tbody>\n<tr>\n<td width=\"107\" height=\"18\">Marca<\/td>\n<td width=\"256\">KDL<\/td>\n<\/tr>\n<tr>\n<td width=\"107\" height=\"18\">Modelo<\/td>\n<td width=\"256\">TDS1161-10.5AH-B026<\/td>\n<\/tr>\n<tr>\n<td width=\"107\" height=\"18\">Material<\/td>\n<td width=\"256\">cer\u00e1mica<\/td>\n<\/tr>\n<tr>\n<td width=\"107\" height=\"18\">color<\/td>\n<td width=\"256\">negro<\/td>\n<\/tr>\n<tr>\n<td width=\"107\" height=\"18\">Aplicaci\u00f3n<\/td>\n<td width=\"256\">vajilla<\/td>\n<\/tr>\n<tr>\n<td width=\"107\" height=\"18\">Caracter\u00edstica<\/td>\n<td width=\"256\">calcoman\u00eda<\/td>\n<\/tr>\n<tr>\n<td width=\"107\" height=\"54\">Cantidad m\u00ednima de pedido<\/td>\n<td width=\"256\">800 juegos<\/td>\n<\/tr>\n<\/tbody>\n<\/table>\n<p>&nbsp;<\/p>","protected":false},"featured_media":2965,"comment_status":"open","ping_status":"closed","template":"","meta":{"_acf_changed":false},"certification":[63,64,66,58,61,60,62,87],"product_brand":[],"product_cat":[34,18],"product_tag":[],"class_list":{"0":"post-2964","1":"product","2":"type-product","3":"status-publish","4":"has-post-thumbnail","6":"certification-amfori","7":"certification-bsci","8":"certification-cnas","9":"certification-fda","10":"certification-iso-14001","11":"certification-iso-45001","12":"certification-iso-9001","13":"certification-wca","14":"product_cat-custom-household-ceramics","15":"product_cat-ceramic-tableware-wholesale","17":"first","18":"instock","19":"shipping-taxable","20":"product-type-simple"},"acf":[],"_links":{"self":[{"href":"https:\/\/www.linkceramics.com\/es\/wp-json\/wp\/v2\/product\/2964","targetHints":{"allow":["GET"]}}],"collection":[{"href":"https:\/\/www.linkceramics.com\/es\/wp-json\/wp\/v2\/product"}],"about":[{"href":"https:\/\/www.linkceramics.com\/es\/wp-json\/wp\/v2\/types\/product"}],"replies":[{"embeddable":true,"href":"https:\/\/www.linkceramics.com\/es\/wp-json\/wp\/v2\/comments?post=2964"}],"wp:featuredmedia":[{"embeddable":true,"href":"https:\/\/www.linkceramics.com\/es\/wp-json\/wp\/v2\/media\/2965"}],"wp:attachment":[{"href":"https:\/\/www.linkceramics.com\/es\/wp-json\/wp\/v2\/media?parent=2964"}],"wp:term":[{"taxonomy":"certification","embeddable":true,"href":"https:\/\/www.linkceramics.com\/es\/wp-json\/wp\/v2\/certification?post=2964"},{"taxonomy":"product_brand","embeddable":true,"href":"https:\/\/www.linkceramics.com\/es\/wp-json\/wp\/v2\/product_brand?post=2964"},{"taxonomy":"product_cat","embeddable":true,"href":"https:\/\/www.linkceramics.com\/es\/wp-json\/wp\/v2\/product_cat?post=2964"},{"taxonomy":"product_tag","embeddable":true,"href":"https:\/\/www.linkceramics.com\/es\/wp-json\/wp\/v2\/product_tag?post=2964"}],"curies":[{"name":"wp","href":"https:\/\/api.w.org\/{rel}","templated":true}]}}