{"id":2970,"date":"2026-01-19T09:04:38","date_gmt":"2026-01-19T09:04:38","guid":{"rendered":"https:\/\/www.linkceramics.com\/?post_type=product&#038;p=2970"},"modified":"2026-01-19T09:04:40","modified_gmt":"2026-01-19T09:04:40","slug":"wholesale-ceramic-butter-dishes","status":"publish","type":"product","link":"https:\/\/www.linkceramics.com\/es\/product\/wholesale-ceramic-butter-dishes\/","title":{"rendered":"Mayorista Mantequeras de Cer\u00e1mica, Mantequera en forma de Vaca"},"content":{"rendered":"<div class=\"wp-block-columns is-layout-flex wp-container-core-columns-is-layout-9d6595d7 wp-block-columns-is-layout-flex\">\n<div class=\"wp-block-column is-layout-flow wp-block-column-is-layout-flow\" style=\"flex-basis:50%\">\n<h3 class=\"wp-block-heading\">Caracter\u00edsticas de las mantequeras de cer\u00e1mica al por mayor<\/h3>\n\n\n\n<p><strong>Material cer\u00e1mico blanco de alta calidad: <\/strong>Estas mantequeras de cer\u00e1mica al por mayor est\u00e1n fabricadas con cer\u00e1mica de primera calidad, que tiene una textura delicada, es segura e inodora, cumple los requisitos de calidad para el contacto con alimentos y es adecuada para el almacenamiento de mantequilla a largo plazo.<\/p>\n\n\n\n<p><strong>Dise\u00f1o de la vaca:<\/strong> Estas mantequeras de cer\u00e1mica al por mayor est\u00e1n dise\u00f1adas con forma de vaca en 3D, simp\u00e1ticas y creativas, rompen la monoton\u00eda de las mantequeras tradicionales y son un punto visual en la mesa.<\/p>\n\n\n\n<p><strong>Versatilidad de uso: <\/strong>El plato rectangular plano es adecuado para barras de mantequilla est\u00e1ndar y tambi\u00e9n se puede utilizar de forma independiente para servir otros art\u00edculos peque\u00f1os como pan, aceites para mojar, aceitunas o aperitivos.<\/p>\n\n\n\n<p><strong>F\u00e1cil de limpiar:<\/strong> La superficie de cer\u00e1mica lisa y no porosa es apta para el lavavajillas, lo que facilita y agiliza la limpieza.<\/p>\n\n\n\n<p><strong>Suministro a granel:<\/strong> Somos fabricantes profesionales de utensilios de cocina de cer\u00e1mica con l\u00edneas de producci\u00f3n estables, y ofrecemos mantequeras a granel a precios de f\u00e1brica.<\/p>\n<\/div>\n\n\n\n<div class=\"wp-block-column is-layout-flow wp-block-column-is-layout-flow\" style=\"flex-basis:50%\">\n<figure class=\"wp-block-image size-full\"><img decoding=\"async\" width=\"800\" height=\"800\" src=\"https:\/\/www.linkceramics.com\/wp-content\/uploads\/2026\/01\/wholesale-ceramic-butter-dishes-cow-shaped-butter-keeper-4.webp\" alt=\"mayorista-mantequilla-ceramica-platos-mantequilla-de-vaca-4\" class=\"wp-image-2974\" srcset=\"https:\/\/www.linkceramics.com\/wp-content\/uploads\/2026\/01\/wholesale-ceramic-butter-dishes-cow-shaped-butter-keeper-4.webp 800w, https:\/\/www.linkceramics.com\/wp-content\/uploads\/2026\/01\/wholesale-ceramic-butter-dishes-cow-shaped-butter-keeper-4-300x300.webp 300w, https:\/\/www.linkceramics.com\/wp-content\/uploads\/2026\/01\/wholesale-ceramic-butter-dishes-cow-shaped-butter-keeper-4-150x150.webp 150w, https:\/\/www.linkceramics.com\/wp-content\/uploads\/2026\/01\/wholesale-ceramic-butter-dishes-cow-shaped-butter-keeper-4-768x768.webp 768w, https:\/\/www.linkceramics.com\/wp-content\/uploads\/2026\/01\/wholesale-ceramic-butter-dishes-cow-shaped-butter-keeper-4-12x12.webp 12w, https:\/\/www.linkceramics.com\/wp-content\/uploads\/2026\/01\/wholesale-ceramic-butter-dishes-cow-shaped-butter-keeper-4-600x600.webp 600w, https:\/\/www.linkceramics.com\/wp-content\/uploads\/2026\/01\/wholesale-ceramic-butter-dishes-cow-shaped-butter-keeper-4-100x100.webp 100w\" sizes=\"(max-width: 800px) 100vw, 800px\" \/><\/figure>\n<\/div>\n<\/div>","protected":false},"excerpt":{"rendered":"<p>No dude en ponerse en contacto con Kedali para la compra al por mayor de mantequeras de cer\u00e1mica. Esta elegante mantequera herm\u00e9tica no s\u00f3lo mantiene la mantequilla fresca y sabrosa, sino que tambi\u00e9n a\u00f1ade un toque divertido a cualquier cocina. Fabricado en cer\u00e1mica segura, duradera y apta para microondas, combina funcionalidad y atractivo decorativo, por lo que es ideal para la venta al por mayor.<\/p>\n<h2>Especificaciones de los platos de mantequilla de cer\u00e1mica al por mayor<\/h2>\n<table width=\"235\">\n<tbody>\n<tr>\n<td width=\"69\">Marca<\/td>\n<td width=\"166\">KDL<\/td>\n<\/tr>\n<tr>\n<td width=\"69\">Modelo<\/td>\n<td width=\"166\">TDP486-7<\/td>\n<\/tr>\n<tr>\n<td width=\"69\">Material<\/td>\n<td width=\"166\">cer\u00e1mica<\/td>\n<\/tr>\n<tr>\n<td width=\"69\">color<\/td>\n<td width=\"166\">blanco<\/td>\n<\/tr>\n<tr>\n<td width=\"69\">Aplicaci\u00f3n<\/td>\n<td width=\"166\">mantequera de cer\u00e1mica<\/td>\n<\/tr>\n<tr>\n<td width=\"69\">Caracter\u00edstica<\/td>\n<td width=\"166\">tallado<\/td>\n<\/tr>\n<tr>\n<td width=\"69\">Dimensiones<\/td>\n<td width=\"166\">tapa: 15,8 \u00d7 8,3 \u00d7 9,7 cm<br data-start=\"24\" data-end=\"27\" \/>cuerpo: SET: 18,5 \u00d7 10 \u00d7 11 cm<\/td>\n<\/tr>\n<tr>\n<td width=\"69\">Peso bruto (kg)<\/td>\n<td width=\"166\">1kg<\/td>\n<\/tr>\n<tr>\n<td width=\"69\">Cantidad m\u00ednima de pedido<\/td>\n<td width=\"166\">800 juegos<\/td>\n<\/tr>\n<\/tbody>\n<\/table>","protected":false},"featured_media":2971,"comment_status":"open","ping_status":"closed","template":"","meta":{"_acf_changed":false},"certification":[63,64,66,58,61,60,62,87],"product_brand":[],"product_cat":[34,20],"product_tag":[],"class_list":{"0":"post-2970","1":"product","2":"type-product","3":"status-publish","4":"has-post-thumbnail","6":"certification-amfori","7":"certification-bsci","8":"certification-cnas","9":"certification-fda","10":"certification-iso-14001","11":"certification-iso-45001","12":"certification-iso-9001","13":"certification-wca","14":"product_cat-custom-household-ceramics","15":"product_cat-ceramic-kitchenware-wholesale","17":"first","18":"instock","19":"shipping-taxable","20":"product-type-simple"},"acf":[],"_links":{"self":[{"href":"https:\/\/www.linkceramics.com\/es\/wp-json\/wp\/v2\/product\/2970","targetHints":{"allow":["GET"]}}],"collection":[{"href":"https:\/\/www.linkceramics.com\/es\/wp-json\/wp\/v2\/product"}],"about":[{"href":"https:\/\/www.linkceramics.com\/es\/wp-json\/wp\/v2\/types\/product"}],"replies":[{"embeddable":true,"href":"https:\/\/www.linkceramics.com\/es\/wp-json\/wp\/v2\/comments?post=2970"}],"wp:featuredmedia":[{"embeddable":true,"href":"https:\/\/www.linkceramics.com\/es\/wp-json\/wp\/v2\/media\/2971"}],"wp:attachment":[{"href":"https:\/\/www.linkceramics.com\/es\/wp-json\/wp\/v2\/media?parent=2970"}],"wp:term":[{"taxonomy":"certification","embeddable":true,"href":"https:\/\/www.linkceramics.com\/es\/wp-json\/wp\/v2\/certification?post=2970"},{"taxonomy":"product_brand","embeddable":true,"href":"https:\/\/www.linkceramics.com\/es\/wp-json\/wp\/v2\/product_brand?post=2970"},{"taxonomy":"product_cat","embeddable":true,"href":"https:\/\/www.linkceramics.com\/es\/wp-json\/wp\/v2\/product_cat?post=2970"},{"taxonomy":"product_tag","embeddable":true,"href":"https:\/\/www.linkceramics.com\/es\/wp-json\/wp\/v2\/product_tag?post=2970"}],"curies":[{"name":"wp","href":"https:\/\/api.w.org\/{rel}","templated":true}]}}