{"id":2975,"date":"2026-01-19T09:21:45","date_gmt":"2026-01-19T09:21:45","guid":{"rendered":"https:\/\/www.linkceramics.com\/?post_type=product&#038;p=2975"},"modified":"2026-03-18T02:55:15","modified_gmt":"2026-03-18T02:55:15","slug":"ceramic-ramekins-wholesale","status":"publish","type":"product","link":"https:\/\/www.linkceramics.com\/es\/product\/ceramic-ramekins-wholesale\/","title":{"rendered":"Ramekines de Cer\u00e1mica Redondos de 3 pulgadas al por mayor con Impreso para Cocina"},"content":{"rendered":"<div class=\"wp-block-columns is-layout-flex wp-container-core-columns-is-layout-9d6595d7 wp-block-columns-is-layout-flex\">\n<div class=\"wp-block-column is-layout-flow wp-block-column-is-layout-flow\" style=\"flex-basis:50%\">\n<h3 class=\"wp-block-heading\">Premium Ronda de cer\u00e1mica Ramekins Venta al por mayor Caracter\u00edsticas:<\/h3>\n\n\n\n<ul class=\"wp-block-list\">\n<li><strong>Material cer\u00e1mico de alta calidad:<\/strong> Estos ramequines de cer\u00e1mica al por mayor est\u00e1n compuestos de cer\u00e1mica de alta calidad, que es densa y robusta, con buena resistencia al calor y al fr\u00edo y larga vida \u00fatil.<\/li>\n\n\n\n<li><strong>Dise\u00f1os divertidos y \u00fanicos:<\/strong> Estos ramekins de cer\u00e1mica al por mayor presentan 2 dise\u00f1os: una versi\u00f3n negra con una calavera blanca y las palabras \u201cBONE APP\u00c9TIT\u201d, y una versi\u00f3n naranja con la silueta de un gato negro. Los dise\u00f1os \u00fanicos y divertidos son perfectos para Halloween y\/o fiestas tem\u00e1ticas.<\/li>\n\n\n\n<li><strong>Utensilio de cocina multifuncional:<\/strong> Estos moldes de cer\u00e1mica al por mayor pueden utilizarse no s\u00f3lo como moldes para tartas, mousses y otros postres, sino tambi\u00e9n como tazas para pudding, ensaladeras y recipientes para aperitivos, ofreciendo usos vers\u00e1tiles.<\/li>\n\n\n\n<li><strong>F\u00e1cil de limpiar y apto para la cocina:<\/strong> Estos moldes de cer\u00e1mica al por mayor presentan superficies interiores y exteriores lisas y f\u00e1ciles de limpiar, y son aptos para el lavavajillas, el microondas y el horno, por lo que calentarlos y limpiarlos resulta muy sencillo.<\/li>\n\n\n\n<li><strong>Suministro directo de f\u00e1brica: <\/strong>Suministramos directamente desde las f\u00e1bricas de cer\u00e1mica de origen, apoyando la producci\u00f3n a gran escala y la cooperaci\u00f3n a largo plazo, y poseemos capacidades estables de control de calidad.<\/li>\n<\/ul>\n<\/div>\n\n\n\n<div class=\"wp-block-column is-layout-flow wp-block-column-is-layout-flow\" style=\"flex-basis:50%\">\n<figure class=\"wp-block-image size-full\"><img decoding=\"async\" width=\"800\" height=\"800\" src=\"https:\/\/www.linkceramics.com\/wp-content\/uploads\/2026\/01\/3-inch-ceramic-ramekins-wholesale-with-printed-for-kitchen-3.webp\" alt=\"calabazas de cer\u00e1mica de 3 pulgadas con estampado para cocina-3\" class=\"wp-image-2978\" srcset=\"https:\/\/www.linkceramics.com\/wp-content\/uploads\/2026\/01\/3-inch-ceramic-ramekins-wholesale-with-printed-for-kitchen-3.webp 800w, https:\/\/www.linkceramics.com\/wp-content\/uploads\/2026\/01\/3-inch-ceramic-ramekins-wholesale-with-printed-for-kitchen-3-300x300.webp 300w, https:\/\/www.linkceramics.com\/wp-content\/uploads\/2026\/01\/3-inch-ceramic-ramekins-wholesale-with-printed-for-kitchen-3-150x150.webp 150w, https:\/\/www.linkceramics.com\/wp-content\/uploads\/2026\/01\/3-inch-ceramic-ramekins-wholesale-with-printed-for-kitchen-3-768x768.webp 768w, https:\/\/www.linkceramics.com\/wp-content\/uploads\/2026\/01\/3-inch-ceramic-ramekins-wholesale-with-printed-for-kitchen-3-12x12.webp 12w, https:\/\/www.linkceramics.com\/wp-content\/uploads\/2026\/01\/3-inch-ceramic-ramekins-wholesale-with-printed-for-kitchen-3-600x600.webp 600w, https:\/\/www.linkceramics.com\/wp-content\/uploads\/2026\/01\/3-inch-ceramic-ramekins-wholesale-with-printed-for-kitchen-3-100x100.webp 100w\" sizes=\"(max-width: 800px) 100vw, 800px\" \/><\/figure>\n<\/div>\n<\/div>\n\n\n\n<p><\/p>","protected":false},"excerpt":{"rendered":"<div id=\"brxe-0ee1ca\" class=\"brxe-product-meta product_meta\">\n<p>Bienvenido a comprar Qunfa f\u00e1brica de cer\u00e1mica de suministro de estos 3 pulgadas ramekins redondos de cer\u00e1mica al por mayor est\u00e1n hechos de cer\u00e1mica de gres de alta calidad, son resistentes, duraderos y seguros para microondas, horno y lavavajillas. Impresi\u00f3n personalizada est\u00e1 disponible; estos ramekins de cer\u00e1mica personalizados los convierten en una opci\u00f3n ideal para utensilios de cocina y servicio de alimentos al por mayor.<\/p>\n<h2>Par\u00e1metro al por mayor de Ramekins de cer\u00e1mica redondos:<\/h2>\n<table border=\"0\" width=\"328\" cellspacing=\"0\" cellpadding=\"0\">\n<tbody>\n<tr>\n<td width=\"116\" height=\"16\">Fabricante<\/td>\n<td width=\"211\">QUNFA<\/td>\n<\/tr>\n<tr>\n<td width=\"116\" height=\"16\">Tipo de producto<\/td>\n<td width=\"211\">Ramekin<\/td>\n<\/tr>\n<tr>\n<td width=\"116\" height=\"16\">N\u00ba de modelo<\/td>\n<td width=\"211\">22-0161<\/td>\n<\/tr>\n<tr>\n<td width=\"116\" height=\"16\">Material<\/td>\n<td width=\"211\">Gres<\/td>\n<\/tr>\n<tr>\n<td width=\"116\" height=\"16\">Color<\/td>\n<td width=\"211\">Negro,Naranja<\/td>\n<\/tr>\n<tr>\n<td width=\"116\" height=\"16\">Dimensi\u00f3n<\/td>\n<td width=\"211\">7,6*7,6*5,1CM<\/td>\n<\/tr>\n<tr>\n<td width=\"116\" height=\"16\">MOQ<\/td>\n<td width=\"211\">1000 unidades<\/td>\n<\/tr>\n<tr>\n<td width=\"116\" height=\"16\">A medida<\/td>\n<td width=\"211\">Color\/Tama\u00f1o\/Logotipo\/Embalaje\/Forma<\/td>\n<\/tr>\n<\/tbody>\n<\/table>\n<\/div>","protected":false},"featured_media":2976,"comment_status":"open","ping_status":"closed","template":"","meta":{"_acf_changed":true},"certification":[63,64,66,89,58,61,60,62,57,88],"product_brand":[],"product_cat":[34,20],"product_tag":[],"class_list":{"0":"post-2975","1":"product","2":"type-product","3":"status-publish","4":"has-post-thumbnail","6":"certification-amfori","7":"certification-bsci","8":"certification-cnas","9":"certification-fcca","10":"certification-fda","11":"certification-iso-14001","12":"certification-iso-45001","13":"certification-iso-9001","14":"certification-lfgb","15":"certification-sgs","16":"product_cat-custom-household-ceramics","17":"product_cat-ceramic-kitchenware-wholesale","19":"first","20":"instock","21":"shipping-taxable","22":"product-type-simple"},"acf":[],"_links":{"self":[{"href":"https:\/\/www.linkceramics.com\/es\/wp-json\/wp\/v2\/product\/2975","targetHints":{"allow":["GET"]}}],"collection":[{"href":"https:\/\/www.linkceramics.com\/es\/wp-json\/wp\/v2\/product"}],"about":[{"href":"https:\/\/www.linkceramics.com\/es\/wp-json\/wp\/v2\/types\/product"}],"replies":[{"embeddable":true,"href":"https:\/\/www.linkceramics.com\/es\/wp-json\/wp\/v2\/comments?post=2975"}],"wp:featuredmedia":[{"embeddable":true,"href":"https:\/\/www.linkceramics.com\/es\/wp-json\/wp\/v2\/media\/2976"}],"wp:attachment":[{"href":"https:\/\/www.linkceramics.com\/es\/wp-json\/wp\/v2\/media?parent=2975"}],"wp:term":[{"taxonomy":"certification","embeddable":true,"href":"https:\/\/www.linkceramics.com\/es\/wp-json\/wp\/v2\/certification?post=2975"},{"taxonomy":"product_brand","embeddable":true,"href":"https:\/\/www.linkceramics.com\/es\/wp-json\/wp\/v2\/product_brand?post=2975"},{"taxonomy":"product_cat","embeddable":true,"href":"https:\/\/www.linkceramics.com\/es\/wp-json\/wp\/v2\/product_cat?post=2975"},{"taxonomy":"product_tag","embeddable":true,"href":"https:\/\/www.linkceramics.com\/es\/wp-json\/wp\/v2\/product_tag?post=2975"}],"curies":[{"name":"wp","href":"https:\/\/api.w.org\/{rel}","templated":true}]}}