{"id":3027,"date":"2026-03-07T01:27:13","date_gmt":"2026-03-07T01:27:13","guid":{"rendered":"https:\/\/www.linkceramics.com\/?post_type=product&#038;p=3027"},"modified":"2026-03-07T01:27:14","modified_gmt":"2026-03-07T01:27:14","slug":"custom-ceramic-coffee-cups","status":"publish","type":"product","link":"https:\/\/www.linkceramics.com\/es\/product\/custom-ceramic-coffee-cups\/","title":{"rendered":"Tazas de caf\u00e9 de cer\u00e1mica personalizadas, Drinkware \u00e1rabe hecho a mano a granel"},"content":{"rendered":"<div class=\"wp-block-columns is-layout-flex wp-container-core-columns-is-layout-9d6595d7 wp-block-columns-is-layout-flex\">\n<div class=\"wp-block-column is-layout-flow wp-block-column-is-layout-flow\" style=\"flex-basis:50%\">\n<h3 class=\"wp-block-heading\">Tazas de caf\u00e9 de cer\u00e1mica personalizadas Premium Caracter\u00edsticas:<\/h3>\n\n\n\n<ul class=\"wp-block-list\">\n<li><strong>Tazas de caf\u00e9 de cer\u00e1mica personalizadas<\/strong> - Admite la personalizaci\u00f3n OEM\/ODM, incluida la impresi\u00f3n de logotipos, el dise\u00f1o de patrones y el embalaje para diferenciar la marca.<\/li>\n\n\n\n<li><strong>Estilo \u00e1rabe hecho a mano <\/strong>- Refleja la cultura cafetera tradicional de Oriente Medio con un atractivo artesanal, ideal para una presentaci\u00f3n aut\u00e9ntica.<\/li>\n\n\n\n<li><strong>Cer\u00e1mica esmaltada de alta calidad<\/strong> - Material cer\u00e1mico duradero con esmalte liso apto para alimentos que mejora la usabilidad y la est\u00e9tica.<\/li>\n\n\n\n<li><strong>Uso cultural y hostelero<\/strong> - Adecuado para servir caf\u00e9 \u00e1rabe en cafeter\u00edas, hoteles, restaurantes y reuniones culturales.<\/li>\n\n\n\n<li><strong>Suministro al por mayor a granel<\/strong> - Dise\u00f1ado para grandes pedidos con una calidad constante, satisfaciendo las demandas de distribuidores e importadores.<\/li>\n\n\n\n<li><strong>Uso vers\u00e1til para bebidas<\/strong> - Ideal para caf\u00e9 espresso, caf\u00e9 ar\u00e1bigo, t\u00e9 y otras bebidas calientes en establecimientos comerciales.<\/li>\n<\/ul>\n<\/div>\n\n\n\n<div class=\"wp-block-column is-layout-flow wp-block-column-is-layout-flow\" style=\"flex-basis:50%\">\n<figure class=\"wp-block-image size-full\"><img decoding=\"async\" width=\"1382\" height=\"1694\" src=\"https:\/\/www.linkceramics.com\/wp-content\/uploads\/2026\/03\/custom-ceramic-coffee-cups-arabic-hand-made-drinkware-bulk-5.webp\" alt=\"tazas de caf\u00e9 de cer\u00e1mica personalizadas-cafeter\u00eda-ar\u00e1bica-hecha-a-mano-bultos-5\" class=\"wp-image-3032\" srcset=\"https:\/\/www.linkceramics.com\/wp-content\/uploads\/2026\/03\/custom-ceramic-coffee-cups-arabic-hand-made-drinkware-bulk-5.webp 1382w, https:\/\/www.linkceramics.com\/wp-content\/uploads\/2026\/03\/custom-ceramic-coffee-cups-arabic-hand-made-drinkware-bulk-5-245x300.webp 245w, https:\/\/www.linkceramics.com\/wp-content\/uploads\/2026\/03\/custom-ceramic-coffee-cups-arabic-hand-made-drinkware-bulk-5-768x941.webp 768w, https:\/\/www.linkceramics.com\/wp-content\/uploads\/2026\/03\/custom-ceramic-coffee-cups-arabic-hand-made-drinkware-bulk-5-10x12.webp 10w, https:\/\/www.linkceramics.com\/wp-content\/uploads\/2026\/03\/custom-ceramic-coffee-cups-arabic-hand-made-drinkware-bulk-5-1200x1471.webp 1200w, https:\/\/www.linkceramics.com\/wp-content\/uploads\/2026\/03\/custom-ceramic-coffee-cups-arabic-hand-made-drinkware-bulk-5-600x735.webp 600w\" sizes=\"(max-width: 1382px) 100vw, 1382px\" \/><\/figure>\n<\/div>\n<\/div>\n\n\n\n<p><\/p>","protected":false},"excerpt":{"rendered":"<div id=\"brxe-0ee1ca\" class=\"brxe-product-meta product_meta\">\n<p>Bienvenido a comprar las tazas de caf\u00e9 de cer\u00e1mica personalizadas de Qingfa, con un dise\u00f1o de estilo \u00e1rabe hecho a mano y fabricadas en cer\u00e1mica esmaltada de alta calidad. Perfectas para cafeter\u00edas, hoteles, eventos culturales y comercios minoristas, estas tazas admiten la personalizaci\u00f3n OEM\/ODM de logotipos, dise\u00f1os y envases en pedidos a granel.<\/p>\n<h2>Tazas de caf\u00e9 de cer\u00e1mica personalizadas Par\u00e1metro<\/h2>\n<table>\n<thead>\n<tr>\n<th>Fabricante<\/th>\n<th>Cer\u00e1mica Qingfa<\/th>\n<\/tr>\n<\/thead>\n<tbody>\n<tr>\n<td>Nombre del producto<\/td>\n<td>Tazas de caf\u00e9 de cer\u00e1mica \u00e1rabe hechas a mano \/ Tazas de caf\u00e9 de cer\u00e1mica personalizadas<\/td>\n<\/tr>\n<tr>\n<td>Material<\/td>\n<td>Cer\u00e1mica esmaltada de alta calidad<\/td>\n<\/tr>\n<tr>\n<td>Capacidad<\/td>\n<td>Aprox. 150 ml (tama\u00f1o t\u00edpico de taza \u00e1rabe, personalizable)<\/td>\n<\/tr>\n<tr>\n<td>Dise\u00f1o \/ Estilo<\/td>\n<td>Taza de caf\u00e9 \u00e1rabe hecha a mano con motivos tradicionales<\/td>\n<\/tr>\n<tr>\n<td>Acabado superficial<\/td>\n<td>Glaseado suave y apto para alimentos<\/td>\n<\/tr>\n<tr>\n<td>Opciones de color<\/td>\n<td>Posibilidad de esmaltes y motivos personalizados<\/td>\n<\/tr>\n<tr>\n<td>Personalizaci\u00f3n<\/td>\n<td>Impresi\u00f3n de logotipos, dise\u00f1o de superficies, envasado, OEM\/ODM<\/td>\n<\/tr>\n<tr>\n<td>Mango<\/td>\n<td>Disponible con o sin asa<\/td>\n<\/tr>\n<tr>\n<td>Utilizaci\u00f3n<\/td>\n<td>Caf\u00e9 \u00e1rabe, espresso, t\u00e9 para cafeter\u00edas, hoteles, eventos culturales, comercio minorista<\/td>\n<\/tr>\n<tr>\n<td>Certificaciones<\/td>\n<td>FDA, LFGB, ISO (seg\u00fan personalizaci\u00f3n)<\/td>\n<\/tr>\n<\/tbody>\n<\/table>\n<p>&nbsp;<\/p>\n<p>&nbsp;<\/p>\n<\/div>","protected":false},"featured_media":3028,"comment_status":"open","ping_status":"closed","template":"","meta":{"_acf_changed":true},"certification":[63,64,90,59,66,58,61,60,62,57,91],"product_brand":[],"product_cat":[34,19],"product_tag":[],"class_list":{"0":"post-3027","1":"product","2":"type-product","3":"status-publish","4":"has-post-thumbnail","6":"certification-amfori","7":"certification-bsci","8":"certification-ca-prop-65-compliant","9":"certification-ce","10":"certification-cnas","11":"certification-fda","12":"certification-iso-14001","13":"certification-iso-45001","14":"certification-iso-9001","15":"certification-lfgb","16":"certification-sedex","17":"product_cat-custom-household-ceramics","18":"product_cat-ceramic-tea-set-wholesale","20":"first","21":"instock","22":"shipping-taxable","23":"product-type-simple"},"acf":[],"_links":{"self":[{"href":"https:\/\/www.linkceramics.com\/es\/wp-json\/wp\/v2\/product\/3027","targetHints":{"allow":["GET"]}}],"collection":[{"href":"https:\/\/www.linkceramics.com\/es\/wp-json\/wp\/v2\/product"}],"about":[{"href":"https:\/\/www.linkceramics.com\/es\/wp-json\/wp\/v2\/types\/product"}],"replies":[{"embeddable":true,"href":"https:\/\/www.linkceramics.com\/es\/wp-json\/wp\/v2\/comments?post=3027"}],"wp:featuredmedia":[{"embeddable":true,"href":"https:\/\/www.linkceramics.com\/es\/wp-json\/wp\/v2\/media\/3028"}],"wp:attachment":[{"href":"https:\/\/www.linkceramics.com\/es\/wp-json\/wp\/v2\/media?parent=3027"}],"wp:term":[{"taxonomy":"certification","embeddable":true,"href":"https:\/\/www.linkceramics.com\/es\/wp-json\/wp\/v2\/certification?post=3027"},{"taxonomy":"product_brand","embeddable":true,"href":"https:\/\/www.linkceramics.com\/es\/wp-json\/wp\/v2\/product_brand?post=3027"},{"taxonomy":"product_cat","embeddable":true,"href":"https:\/\/www.linkceramics.com\/es\/wp-json\/wp\/v2\/product_cat?post=3027"},{"taxonomy":"product_tag","embeddable":true,"href":"https:\/\/www.linkceramics.com\/es\/wp-json\/wp\/v2\/product_tag?post=3027"}],"curies":[{"name":"wp","href":"https:\/\/api.w.org\/{rel}","templated":true}]}}