{"id":3033,"date":"2026-03-07T03:51:27","date_gmt":"2026-03-07T03:51:27","guid":{"rendered":"https:\/\/www.linkceramics.com\/?post_type=product&#038;p=3033"},"modified":"2026-03-07T03:51:29","modified_gmt":"2026-03-07T03:51:29","slug":"custom-white-ceramic-tea-pot-set","status":"publish","type":"product","link":"https:\/\/www.linkceramics.com\/es\/product\/custom-white-ceramic-tea-pot-set\/","title":{"rendered":"Juego de Tetera de Cer\u00e1mica Blanca Personalizado, Juego de T\u00e9 y Taza al por mayor"},"content":{"rendered":"<div class=\"wp-block-columns is-layout-flex wp-container-core-columns-is-layout-9d6595d7 wp-block-columns-is-layout-flex\">\n<div class=\"wp-block-column is-layout-flow wp-block-column-is-layout-flow\" style=\"flex-basis:50%\">\n<h3 class=\"wp-block-heading\">Juego de Tetera de Cer\u00e1mica Blanca Personalizada Premium Caracter\u00edsticas:<\/h3>\n\n\n\n<ul class=\"wp-block-list\">\n<li><strong>Juego de Tetera de Cer\u00e1mica Blanca Personalizado<\/strong>\u00a0- Admite la personalizaci\u00f3n OEM\/ODM completa, incluido el logotipo, los acentos de color y el embalaje para adaptarse a las necesidades de su marca.<\/li>\n\n\n\n<li><strong>Juego completo de bebidas<\/strong>\u00a0- Incluye una tetera y tazas\/vasos complementarios para una experiencia de servicio de t\u00e9 coherente.<\/li>\n\n\n\n<li><strong>Construcci\u00f3n de cer\u00e1mica de alta calidad<\/strong>\u00a0- Fabricada en porcelana resistente y apta para uso alimentario con esmalte liso para uso diario en entornos comerciales.<\/li>\n\n\n\n<li><strong>Escenarios de uso vers\u00e1tiles<\/strong>\u00a0- Perfecto para hoteles, cafeter\u00edas, restaurantes y tiendas, as\u00ed como para colecciones promocionales y de regalos.<\/li>\n\n\n\n<li><strong>Disponibilidad al por mayor y a granel<\/strong>\u00a0- Dise\u00f1ado para pedidos al por mayor con un control de calidad constante y procesos de producci\u00f3n eficientes.<\/li>\n<\/ul>\n<\/div>\n\n\n\n<div class=\"wp-block-column is-layout-flow wp-block-column-is-layout-flow\" style=\"flex-basis:50%\">\n<figure class=\"wp-block-image size-full\"><img decoding=\"async\" width=\"1600\" height=\"770\" src=\"https:\/\/www.linkceramics.com\/wp-content\/uploads\/2026\/03\/custom-white-ceramic-tea-pot-set-tea-cup-set-wholesale-4.webp\" alt=\"juego de tetera y juego de tazas de cer\u00e1mica blanca al por mayor-4\" class=\"wp-image-3037\" srcset=\"https:\/\/www.linkceramics.com\/wp-content\/uploads\/2026\/03\/custom-white-ceramic-tea-pot-set-tea-cup-set-wholesale-4.webp 1600w, https:\/\/www.linkceramics.com\/wp-content\/uploads\/2026\/03\/custom-white-ceramic-tea-pot-set-tea-cup-set-wholesale-4-300x144.webp 300w, https:\/\/www.linkceramics.com\/wp-content\/uploads\/2026\/03\/custom-white-ceramic-tea-pot-set-tea-cup-set-wholesale-4-768x370.webp 768w, https:\/\/www.linkceramics.com\/wp-content\/uploads\/2026\/03\/custom-white-ceramic-tea-pot-set-tea-cup-set-wholesale-4-18x9.webp 18w, https:\/\/www.linkceramics.com\/wp-content\/uploads\/2026\/03\/custom-white-ceramic-tea-pot-set-tea-cup-set-wholesale-4-1200x578.webp 1200w, https:\/\/www.linkceramics.com\/wp-content\/uploads\/2026\/03\/custom-white-ceramic-tea-pot-set-tea-cup-set-wholesale-4-600x289.webp 600w\" sizes=\"(max-width: 1600px) 100vw, 1600px\" \/><\/figure>\n<\/div>\n<\/div>\n\n\n\n<figure class=\"wp-block-gallery has-nested-images columns-default is-cropped wp-block-gallery-1 is-layout-flex wp-block-gallery-is-layout-flex\">\n<figure class=\"wp-block-image size-large\"><img decoding=\"async\" width=\"750\" height=\"624\" data-id=\"3038\" src=\"https:\/\/www.linkceramics.com\/wp-content\/uploads\/2026\/03\/custom-white-ceramic-tea-pot-set-tea-cup-set-wholesale-5.webp\" alt=\"juego de tetera y juego de tazas de cer\u00e1mica blanca al por mayor-5\" class=\"wp-image-3038\" srcset=\"https:\/\/www.linkceramics.com\/wp-content\/uploads\/2026\/03\/custom-white-ceramic-tea-pot-set-tea-cup-set-wholesale-5.webp 750w, https:\/\/www.linkceramics.com\/wp-content\/uploads\/2026\/03\/custom-white-ceramic-tea-pot-set-tea-cup-set-wholesale-5-300x250.webp 300w, https:\/\/www.linkceramics.com\/wp-content\/uploads\/2026\/03\/custom-white-ceramic-tea-pot-set-tea-cup-set-wholesale-5-14x12.webp 14w, https:\/\/www.linkceramics.com\/wp-content\/uploads\/2026\/03\/custom-white-ceramic-tea-pot-set-tea-cup-set-wholesale-5-600x499.webp 600w\" sizes=\"(max-width: 750px) 100vw, 750px\" \/><\/figure>\n\n\n\n<figure class=\"wp-block-image size-large\"><img decoding=\"async\" width=\"750\" height=\"708\" data-id=\"3039\" src=\"https:\/\/www.linkceramics.com\/wp-content\/uploads\/2026\/03\/custom-white-ceramic-tea-pot-set-tea-cup-set-wholesale-6.webp\" alt=\"juego de tetera y juego de tazas de cer\u00e1mica blanca al por mayor-6\" class=\"wp-image-3039\" srcset=\"https:\/\/www.linkceramics.com\/wp-content\/uploads\/2026\/03\/custom-white-ceramic-tea-pot-set-tea-cup-set-wholesale-6.webp 750w, https:\/\/www.linkceramics.com\/wp-content\/uploads\/2026\/03\/custom-white-ceramic-tea-pot-set-tea-cup-set-wholesale-6-300x283.webp 300w, https:\/\/www.linkceramics.com\/wp-content\/uploads\/2026\/03\/custom-white-ceramic-tea-pot-set-tea-cup-set-wholesale-6-13x12.webp 13w, https:\/\/www.linkceramics.com\/wp-content\/uploads\/2026\/03\/custom-white-ceramic-tea-pot-set-tea-cup-set-wholesale-6-600x566.webp 600w\" sizes=\"(max-width: 750px) 100vw, 750px\" \/><\/figure>\n\n\n\n<figure class=\"wp-block-image size-large\"><img decoding=\"async\" width=\"750\" height=\"828\" data-id=\"3040\" src=\"https:\/\/www.linkceramics.com\/wp-content\/uploads\/2026\/03\/custom-white-ceramic-tea-pot-set-tea-cup-set-wholesale-7.webp\" alt=\"juego de tetera y juego de tazas de cer\u00e1mica blanca al por mayor-7\" class=\"wp-image-3040\" srcset=\"https:\/\/www.linkceramics.com\/wp-content\/uploads\/2026\/03\/custom-white-ceramic-tea-pot-set-tea-cup-set-wholesale-7.webp 750w, https:\/\/www.linkceramics.com\/wp-content\/uploads\/2026\/03\/custom-white-ceramic-tea-pot-set-tea-cup-set-wholesale-7-272x300.webp 272w, https:\/\/www.linkceramics.com\/wp-content\/uploads\/2026\/03\/custom-white-ceramic-tea-pot-set-tea-cup-set-wholesale-7-11x12.webp 11w, https:\/\/www.linkceramics.com\/wp-content\/uploads\/2026\/03\/custom-white-ceramic-tea-pot-set-tea-cup-set-wholesale-7-600x662.webp 600w\" sizes=\"(max-width: 750px) 100vw, 750px\" \/><\/figure>\n<\/figure>","protected":false},"excerpt":{"rendered":"<div id=\"brxe-0ee1ca\" class=\"brxe-product-meta product_meta\">\n<p>Bienvenido a comprar el juego de tetera de cer\u00e1mica blanca personalizada Qingfa, que combina la elegante porcelana blanca con un pr\u00e1ctico dise\u00f1o. Ideal para cafeter\u00edas, hoteles, restaurantes y minoristas, este juego admite personalizaci\u00f3n OEM\/ODM, por lo que es perfecto para el servicio de t\u00e9 a granel y las colecciones de bebidas de marca.<\/p>\n<h2>Juego de t\u00e9 de cer\u00e1mica blanca personalizado Par\u00e1metro<\/h2>\n<table>\n<thead>\n<tr>\n<th>Fabricante<\/th>\n<th>Cer\u00e1mica Qingfa<\/th>\n<\/tr>\n<\/thead>\n<tbody>\n<tr>\n<td>Nombre del producto<\/td>\n<td>Elegante Juego de Tetera de Porcelana Blanca \/ Juego de Tetera de Cer\u00e1mica Blanca Personalizado<\/td>\n<\/tr>\n<tr>\n<td>Material<\/td>\n<td>Cer\u00e1mica de alta calidad \/ porcelana blanca<\/td>\n<\/tr>\n<tr>\n<td>Componentes<\/td>\n<td>Tetera + tazas y platillos a juego (configuraci\u00f3n del juego)<\/td>\n<\/tr>\n<tr>\n<td>Dise\u00f1o \/ Estilo<\/td>\n<td>Cl\u00e1sico juego de t\u00e9 de porcelana blanca con elegante acabado<\/td>\n<\/tr>\n<tr>\n<td>Acabado superficial<\/td>\n<td>Cer\u00e1mica esmaltada lisa, apta para alimentos<\/td>\n<\/tr>\n<tr>\n<td>Color<\/td>\n<td>Blanco puro (opciones de acento personalizadas disponibles)<\/td>\n<\/tr>\n<tr>\n<td>Capacidad<\/td>\n<td>Capacidades personalizadas de teteras y tazas<\/td>\n<\/tr>\n<tr>\n<td>Personalizaci\u00f3n<\/td>\n<td>Impresi\u00f3n de logotipos, calcoman\u00edas, embalajes, OEM\/ODM<\/td>\n<\/tr>\n<tr>\n<td>Utilizaci\u00f3n<\/td>\n<td>Servicio de t\u00e9 y bebidas para cafeter\u00edas, restaurantes, hoteles y comercios minoristas<\/td>\n<\/tr>\n<tr>\n<td>Certificaciones<\/td>\n<td>FDA, LFGB, ISO (seg\u00fan personalizaci\u00f3n)<\/td>\n<\/tr>\n<\/tbody>\n<\/table>\n<p>&nbsp;<\/p>\n<p>&nbsp;<\/p>\n<\/div>","protected":false},"featured_media":3034,"comment_status":"open","ping_status":"closed","template":"","meta":{"_acf_changed":true},"certification":[63,64,90,59,66,58,61,60,62,57,91],"product_brand":[],"product_cat":[34,19],"product_tag":[],"class_list":{"0":"post-3033","1":"product","2":"type-product","3":"status-publish","4":"has-post-thumbnail","6":"certification-amfori","7":"certification-bsci","8":"certification-ca-prop-65-compliant","9":"certification-ce","10":"certification-cnas","11":"certification-fda","12":"certification-iso-14001","13":"certification-iso-45001","14":"certification-iso-9001","15":"certification-lfgb","16":"certification-sedex","17":"product_cat-custom-household-ceramics","18":"product_cat-ceramic-tea-set-wholesale","20":"first","21":"instock","22":"shipping-taxable","23":"product-type-simple"},"acf":[],"_links":{"self":[{"href":"https:\/\/www.linkceramics.com\/es\/wp-json\/wp\/v2\/product\/3033","targetHints":{"allow":["GET"]}}],"collection":[{"href":"https:\/\/www.linkceramics.com\/es\/wp-json\/wp\/v2\/product"}],"about":[{"href":"https:\/\/www.linkceramics.com\/es\/wp-json\/wp\/v2\/types\/product"}],"replies":[{"embeddable":true,"href":"https:\/\/www.linkceramics.com\/es\/wp-json\/wp\/v2\/comments?post=3033"}],"wp:featuredmedia":[{"embeddable":true,"href":"https:\/\/www.linkceramics.com\/es\/wp-json\/wp\/v2\/media\/3034"}],"wp:attachment":[{"href":"https:\/\/www.linkceramics.com\/es\/wp-json\/wp\/v2\/media?parent=3033"}],"wp:term":[{"taxonomy":"certification","embeddable":true,"href":"https:\/\/www.linkceramics.com\/es\/wp-json\/wp\/v2\/certification?post=3033"},{"taxonomy":"product_brand","embeddable":true,"href":"https:\/\/www.linkceramics.com\/es\/wp-json\/wp\/v2\/product_brand?post=3033"},{"taxonomy":"product_cat","embeddable":true,"href":"https:\/\/www.linkceramics.com\/es\/wp-json\/wp\/v2\/product_cat?post=3033"},{"taxonomy":"product_tag","embeddable":true,"href":"https:\/\/www.linkceramics.com\/es\/wp-json\/wp\/v2\/product_tag?post=3033"}],"curies":[{"name":"wp","href":"https:\/\/api.w.org\/{rel}","templated":true}]}}