{"id":3050,"date":"2026-03-18T01:44:30","date_gmt":"2026-03-18T01:44:30","guid":{"rendered":"https:\/\/www.linkceramics.com\/?post_type=product&#038;p=3050"},"modified":"2026-03-18T02:01:31","modified_gmt":"2026-03-18T02:01:31","slug":"bulk-casserole-dishes-with-lid","status":"publish","type":"product","link":"https:\/\/www.linkceramics.com\/es\/product\/bulk-casserole-dishes-with-lid\/","title":{"rendered":"Cazuelas a Granel con Tapa, Olla de Cer\u00e1mica para Horno"},"content":{"rendered":"<div class=\"wp-block-columns is-layout-flex wp-container-core-columns-is-layout-9d6595d7 wp-block-columns-is-layout-flex\">\n<div class=\"wp-block-column is-layout-flow wp-block-column-is-layout-flow\" style=\"flex-basis:50%\">\n<h3 class=\"wp-block-heading\">Platos de Cacerola a Granel con Tapa Caracter\u00edsticas:<\/h3>\n\n\n\n<ul class=\"wp-block-list\">\n<li><strong>Dise\u00f1o art\u00edstico exclusivo pintado a mano:\u00a0<\/strong>Estas cacerolas a granel con tapa est\u00e1n decoradas con un alegre y brillante motivo de abejas, en un estilo fresco y pintado a mano, que transmite una sensaci\u00f3n natural y primaveral. La decoraci\u00f3n bajo vidriado es resistente a la decoloraci\u00f3n, realzando la est\u00e9tica, lo que permite decorar un aspecto \u00fanico para el restaurante tem\u00e1tico, cafeter\u00eda y hotel brunch house, etc.<\/li>\n\n\n\n<li><strong>Juego completo de tapa para olla de cocci\u00f3n lenta:\u00a0<\/strong>Estas cazuelas a granel vienen en un juego con tapa y olla. Un llamativo pomo circular amarillo brillante en la parte superior de la tapa coordina con el color de la olla y facilita su extracci\u00f3n. La olla viene con un par de asas sim\u00e9tricas en sus dos lados para facilitar su manejo. En conjunto, la forma es redondeada y elegante, pr\u00e1ctica y bella.<\/li>\n\n\n\n<li><strong>Cuerpo engrosado para una disipaci\u00f3n uniforme del calor:<\/strong>\u00a0Estas cazuelas a granel con tapa se ajustan con precisi\u00f3n al borde de la olla. El cuerpo engrosado de la olla retiene eficazmente y conduce uniformemente el calor, por lo que es adecuada para cocinar a fuego lento, estofar y cocer a fuego lento, mejorando la consistencia del producto final.<\/li>\n\n\n\n<li><strong>Material cer\u00e1mico premium de calidad comercial:<\/strong>\u00a0Nuestras cazuelas a granel con tapa est\u00e1n fabricadas con cer\u00e1mica de alta calidad, cocida a altas temperaturas, lo que da como resultado una textura robusta y una excelente resistencia al choque t\u00e9rmico. Soporta altas temperaturas de horno y calentamiento en microondas, cumpliendo los requisitos de durabilidad del uso frecuente en cocinas comerciales.<\/li>\n<\/ul>\n<\/div>\n\n\n\n<div class=\"wp-block-column is-layout-flow wp-block-column-is-layout-flow\" style=\"flex-basis:50%\">\n<figure class=\"wp-block-image size-full\"><img decoding=\"async\" width=\"1000\" height=\"1000\" src=\"https:\/\/www.linkceramics.com\/wp-content\/uploads\/2026\/03\/bulk-casserole-dishes-with-lid-supply-ceramic-stockpot-5.webp\" alt=\"vajilla a granel con tapa para cacerolas de cer\u00e1mica 5\" class=\"wp-image-3053\" srcset=\"https:\/\/www.linkceramics.com\/wp-content\/uploads\/2026\/03\/bulk-casserole-dishes-with-lid-supply-ceramic-stockpot-5.webp 1000w, https:\/\/www.linkceramics.com\/wp-content\/uploads\/2026\/03\/bulk-casserole-dishes-with-lid-supply-ceramic-stockpot-5-300x300.webp 300w, https:\/\/www.linkceramics.com\/wp-content\/uploads\/2026\/03\/bulk-casserole-dishes-with-lid-supply-ceramic-stockpot-5-150x150.webp 150w, https:\/\/www.linkceramics.com\/wp-content\/uploads\/2026\/03\/bulk-casserole-dishes-with-lid-supply-ceramic-stockpot-5-768x768.webp 768w, https:\/\/www.linkceramics.com\/wp-content\/uploads\/2026\/03\/bulk-casserole-dishes-with-lid-supply-ceramic-stockpot-5-12x12.webp 12w, https:\/\/www.linkceramics.com\/wp-content\/uploads\/2026\/03\/bulk-casserole-dishes-with-lid-supply-ceramic-stockpot-5-600x600.webp 600w, https:\/\/www.linkceramics.com\/wp-content\/uploads\/2026\/03\/bulk-casserole-dishes-with-lid-supply-ceramic-stockpot-5-100x100.webp 100w\" sizes=\"(max-width: 1000px) 100vw, 1000px\" \/><\/figure>\n<\/div>\n<\/div>\n\n\n\n<p><\/p>","protected":false},"excerpt":{"rendered":"<div id=\"brxe-0ee1ca\" class=\"brxe-product-meta product_meta\">\n<p>Bienvenido a comprar Qunfa f\u00e1brica de cer\u00e1mica a granel cacerola platos con tapa, abejas pintadas a mano, dise\u00f1ado para cocinas profesionales, restaurantes y operaciones de comedor del hotel. Disponible para el suministro al por mayor con opciones personalizadas, incluyendo el tama\u00f1o, la decoraci\u00f3n, el logotipo y el embalaje, ideal para compradores al por mayor, marcas de servicios de alimentos y proyectos de hosteler\u00eda.<\/p>\n<h2>Cacerolas a granel con tapa Par\u00e1metro<\/h2>\n<table width=\"328\">\n<tbody>\n<tr>\n<td width=\"116\">Fabricante<\/td>\n<td width=\"211\">QUNFA<\/td>\n<\/tr>\n<tr>\n<td width=\"116\">Tipo de producto<\/td>\n<td>Cazuela<\/td>\n<\/tr>\n<tr>\n<td width=\"116\">N\u00ba de modelo<\/td>\n<td width=\"211\">T24-0427\u00a0<\/td>\n<\/tr>\n<tr>\n<td width=\"116\">Material<\/td>\n<td width=\"211\">Gres<\/td>\n<\/tr>\n<tr>\n<td width=\"116\">Color<\/td>\n<td width=\"211\">Blanco<\/td>\n<\/tr>\n<tr>\n<td width=\"116\">Dimensi\u00f3n<\/td>\n<td width=\"211\">Cuerpo:16.3*11.9*5.5cm\u00a0<br \/>Tapa:12.7*12.7*3.8cm\u00a0<\/td>\n<\/tr>\n<tr>\n<td width=\"116\">MOQ<\/td>\n<td width=\"211\">1000 unidades<\/td>\n<\/tr>\n<tr>\n<td width=\"116\">A medida<\/td>\n<td width=\"211\">Color\/Tama\u00f1o\/Logotipo\/Embalaje\/Forma<\/td>\n<\/tr>\n<\/tbody>\n<\/table>\n<\/div>","protected":false},"featured_media":3054,"comment_status":"open","ping_status":"closed","template":"","meta":{"_acf_changed":true},"certification":[63,64,66,89,58,61,60,62,57,88],"product_brand":[],"product_cat":[34,20],"product_tag":[],"class_list":{"0":"post-3050","1":"product","2":"type-product","3":"status-publish","4":"has-post-thumbnail","6":"certification-amfori","7":"certification-bsci","8":"certification-cnas","9":"certification-fcca","10":"certification-fda","11":"certification-iso-14001","12":"certification-iso-45001","13":"certification-iso-9001","14":"certification-lfgb","15":"certification-sgs","16":"product_cat-custom-household-ceramics","17":"product_cat-ceramic-kitchenware-wholesale","19":"first","20":"instock","21":"shipping-taxable","22":"product-type-simple"},"acf":[],"_links":{"self":[{"href":"https:\/\/www.linkceramics.com\/es\/wp-json\/wp\/v2\/product\/3050","targetHints":{"allow":["GET"]}}],"collection":[{"href":"https:\/\/www.linkceramics.com\/es\/wp-json\/wp\/v2\/product"}],"about":[{"href":"https:\/\/www.linkceramics.com\/es\/wp-json\/wp\/v2\/types\/product"}],"replies":[{"embeddable":true,"href":"https:\/\/www.linkceramics.com\/es\/wp-json\/wp\/v2\/comments?post=3050"}],"wp:featuredmedia":[{"embeddable":true,"href":"https:\/\/www.linkceramics.com\/es\/wp-json\/wp\/v2\/media\/3054"}],"wp:attachment":[{"href":"https:\/\/www.linkceramics.com\/es\/wp-json\/wp\/v2\/media?parent=3050"}],"wp:term":[{"taxonomy":"certification","embeddable":true,"href":"https:\/\/www.linkceramics.com\/es\/wp-json\/wp\/v2\/certification?post=3050"},{"taxonomy":"product_brand","embeddable":true,"href":"https:\/\/www.linkceramics.com\/es\/wp-json\/wp\/v2\/product_brand?post=3050"},{"taxonomy":"product_cat","embeddable":true,"href":"https:\/\/www.linkceramics.com\/es\/wp-json\/wp\/v2\/product_cat?post=3050"},{"taxonomy":"product_tag","embeddable":true,"href":"https:\/\/www.linkceramics.com\/es\/wp-json\/wp\/v2\/product_tag?post=3050"}],"curies":[{"name":"wp","href":"https:\/\/api.w.org\/{rel}","templated":true}]}}