{"id":3055,"date":"2026-03-18T03:12:33","date_gmt":"2026-03-18T03:12:33","guid":{"rendered":"https:\/\/www.linkceramics.com\/?post_type=product&#038;p=3055"},"modified":"2026-03-18T03:12:34","modified_gmt":"2026-03-18T03:12:34","slug":"bell-flower-custom-dinnerware-sets","status":"publish","type":"product","link":"https:\/\/www.linkceramics.com\/es\/product\/bell-flower-custom-dinnerware-sets\/","title":{"rendered":"Vajilla Personalizada Flor de Campana, Vajilla de Cer\u00e1mica para Hotel"},"content":{"rendered":"<div class=\"wp-block-columns is-layout-flex wp-container-core-columns-is-layout-9d6595d7 wp-block-columns-is-layout-flex\">\n<div class=\"wp-block-column is-layout-flow wp-block-column-is-layout-flow\" style=\"flex-basis:50%\">\n<h3 class=\"wp-block-heading\">Vajillas personalizadas Premium Caracter\u00edsticas:<\/h3>\n\n\n\n<ul class=\"wp-block-list\">\n<li><strong>Dise\u00f1o cl\u00e1sico de flor de campana:\u00a0<\/strong>Nuestros juegos de vajilla personalizados est\u00e1n dise\u00f1ados con un patr\u00f3n cl\u00e1sico de flor de campana, dise\u00f1o simple y cl\u00e1sico, perfecto para uso en restaurantes, fiestas, colecci\u00f3n minorista y mercado de regalos, con servicio OEM\/ODM.<\/li>\n\n\n\n<li><strong>Gres ecol\u00f3gico Material:<\/strong>\u00a0Estas vajillas personalizadas se fabrican con materias primas minerales puras, naturales y no t\u00f3xicas, en consonancia con las tendencias medioambientales mundiales. Esto no solo favorece la imagen de la marca, sino que tambi\u00e9n cumple los requisitos de compra del mercado de productos ecol\u00f3gicos de gama alta.<\/li>\n\n\n\n<li><strong>Acabado extremadamente f\u00e1cil de limpiar:<\/strong>\u00a0Nuestra vajilla de cer\u00e1mica al por mayor est\u00e1 dise\u00f1ada para cocinas modernas y servicios de catering. La superficie es densa y lisa, resistente a las manchas de aceite y a los olores, manteniendo un aspecto limpio y nuevo durante mucho tiempo. Todas las vajillas son aptas para lavavajillas, microondas y horno, lo que contribuye a reducir los costes de funcionamiento y mantenimiento.<\/li>\n\n\n\n<li><strong>Venta directa de f\u00e1brica y MOQ (1000):<\/strong>\u00a0Proporcionamos vajillas de cer\u00e1mica al por mayor a precios competitivos eliminando intermediarios. La personalizaci\u00f3n est\u00e1 disponible con un MOQ de 1000 piezas, apoyando el r\u00e1pido crecimiento de las marcas peque\u00f1as y medianas.<\/li>\n\n\n\n<li><strong>Tallas completas para juegos al por mayor:<\/strong>\u00a0Estos juegos de vajilla personalizados est\u00e1n disponibles en cuencos, tazas y platos de varios tama\u00f1os. Esta vajilla de cer\u00e1mica es perfecta para envases a granel, paquetes de venta al por menor y soluciones de vajilla personalizadas.<\/li>\n<\/ul>\n<\/div>\n\n\n\n<div class=\"wp-block-column is-layout-flow wp-block-column-is-layout-flow\" style=\"flex-basis:50%\">\n<figure class=\"wp-block-image size-full\"><img decoding=\"async\" width=\"800\" height=\"800\" src=\"https:\/\/www.linkceramics.com\/wp-content\/uploads\/2026\/03\/bell-flower-custom-dinnerware-sets-bulk-ceramic-tableware-5.webp\" alt=\"bell-flower-vajilla a medida-vajilla de cer\u00e1mica a granel-5\" class=\"wp-image-3060\" srcset=\"https:\/\/www.linkceramics.com\/wp-content\/uploads\/2026\/03\/bell-flower-custom-dinnerware-sets-bulk-ceramic-tableware-5.webp 800w, https:\/\/www.linkceramics.com\/wp-content\/uploads\/2026\/03\/bell-flower-custom-dinnerware-sets-bulk-ceramic-tableware-5-300x300.webp 300w, https:\/\/www.linkceramics.com\/wp-content\/uploads\/2026\/03\/bell-flower-custom-dinnerware-sets-bulk-ceramic-tableware-5-150x150.webp 150w, https:\/\/www.linkceramics.com\/wp-content\/uploads\/2026\/03\/bell-flower-custom-dinnerware-sets-bulk-ceramic-tableware-5-768x768.webp 768w, https:\/\/www.linkceramics.com\/wp-content\/uploads\/2026\/03\/bell-flower-custom-dinnerware-sets-bulk-ceramic-tableware-5-12x12.webp 12w, https:\/\/www.linkceramics.com\/wp-content\/uploads\/2026\/03\/bell-flower-custom-dinnerware-sets-bulk-ceramic-tableware-5-600x600.webp 600w, https:\/\/www.linkceramics.com\/wp-content\/uploads\/2026\/03\/bell-flower-custom-dinnerware-sets-bulk-ceramic-tableware-5-100x100.webp 100w\" sizes=\"(max-width: 800px) 100vw, 800px\" \/><\/figure>\n<\/div>\n<\/div>\n\n\n\n<p><\/p>","protected":false},"excerpt":{"rendered":"<div id=\"brxe-0ee1ca\" class=\"brxe-product-meta product_meta\">\n<p>Bienvenido a comprar Qunfa f\u00e1brica de cer\u00e1mica vajilla personalizada con un patr\u00f3n cl\u00e1sico de la flor de la campana, hecha de gres de alta calidad. Esta vajilla de cer\u00e1mica al por mayor est\u00e1 dise\u00f1ada para fiestas de alto nivel y restaurantes modernos, garantizando la resistencia al calor y al fr\u00edo y el pleno cumplimiento de las normas de seguridad para lavavajillas, microondas y horno. Personalizaci\u00f3n OEM\/ODM disponible.<\/p>\n<div id=\"brxe-f24e70\" class=\"brxe-product-short-description brxe-text-basic\">\n<div class=\"woocommerce-product-details__short-description\">\n<h2>Vajillas a medida Par\u00e1metros<\/h2>\n<table width=\"328\">\n<tbody>\n<tr>\n<td width=\"116\">Fabricante<\/td>\n<td width=\"211\">QUNFA<\/td>\n<\/tr>\n<tr>\n<td width=\"116\">Tipo de producto<\/td>\n<td width=\"211\">Vajilla<\/td>\n<\/tr>\n<tr>\n<td width=\"116\">N\u00ba de modelo<\/td>\n<td width=\"211\">2236-17\u00a0<\/td>\n<\/tr>\n<tr>\n<td width=\"116\">Material<\/td>\n<td width=\"211\">Gres<\/td>\n<\/tr>\n<tr>\n<td width=\"116\">Color<\/td>\n<td width=\"211\">A medida<\/td>\n<\/tr>\n<tr>\n<td width=\"116\">Dimensi\u00f3n<\/td>\n<td width=\"211\">5.6\u2033 cuenco redondo:14.3*14.3*6.7cm<br \/>5.6\u2033 taza redonda:14.5*11*10.7cm<br \/>Plato de cer\u00e1mica de 8\u201d:20.3*20.3*1.9cm<br \/>10.5\u201d plato de cer\u00e1mica:26.7*26.7*3.5cm<\/td>\n<\/tr>\n<tr>\n<td width=\"116\">Patr\u00f3n<\/td>\n<td width=\"211\">Flor de campana<\/td>\n<\/tr>\n<tr>\n<td width=\"116\">MOQ<\/td>\n<td width=\"211\">1000 unidades<\/td>\n<\/tr>\n<tr>\n<td width=\"116\">A medida<\/td>\n<td width=\"211\">Color\/Tama\u00f1o\/Logotipo\/Embalaje\/Forma<\/td>\n<\/tr>\n<\/tbody>\n<\/table>\n<\/div>\n<\/div>\n<div id=\"brxe-dcd6db\" class=\"brxe-block\">\u00a0<\/div>\n<\/div>","protected":false},"featured_media":3056,"comment_status":"open","ping_status":"closed","template":"","meta":{"_acf_changed":true},"certification":[63,64,66,89,58,61,60,62,57,88],"product_brand":[],"product_cat":[34,18],"product_tag":[],"class_list":{"0":"post-3055","1":"product","2":"type-product","3":"status-publish","4":"has-post-thumbnail","6":"certification-amfori","7":"certification-bsci","8":"certification-cnas","9":"certification-fcca","10":"certification-fda","11":"certification-iso-14001","12":"certification-iso-45001","13":"certification-iso-9001","14":"certification-lfgb","15":"certification-sgs","16":"product_cat-custom-household-ceramics","17":"product_cat-ceramic-tableware-wholesale","19":"first","20":"instock","21":"shipping-taxable","22":"product-type-simple"},"acf":[],"_links":{"self":[{"href":"https:\/\/www.linkceramics.com\/es\/wp-json\/wp\/v2\/product\/3055","targetHints":{"allow":["GET"]}}],"collection":[{"href":"https:\/\/www.linkceramics.com\/es\/wp-json\/wp\/v2\/product"}],"about":[{"href":"https:\/\/www.linkceramics.com\/es\/wp-json\/wp\/v2\/types\/product"}],"replies":[{"embeddable":true,"href":"https:\/\/www.linkceramics.com\/es\/wp-json\/wp\/v2\/comments?post=3055"}],"wp:featuredmedia":[{"embeddable":true,"href":"https:\/\/www.linkceramics.com\/es\/wp-json\/wp\/v2\/media\/3056"}],"wp:attachment":[{"href":"https:\/\/www.linkceramics.com\/es\/wp-json\/wp\/v2\/media?parent=3055"}],"wp:term":[{"taxonomy":"certification","embeddable":true,"href":"https:\/\/www.linkceramics.com\/es\/wp-json\/wp\/v2\/certification?post=3055"},{"taxonomy":"product_brand","embeddable":true,"href":"https:\/\/www.linkceramics.com\/es\/wp-json\/wp\/v2\/product_brand?post=3055"},{"taxonomy":"product_cat","embeddable":true,"href":"https:\/\/www.linkceramics.com\/es\/wp-json\/wp\/v2\/product_cat?post=3055"},{"taxonomy":"product_tag","embeddable":true,"href":"https:\/\/www.linkceramics.com\/es\/wp-json\/wp\/v2\/product_tag?post=3055"}],"curies":[{"name":"wp","href":"https:\/\/api.w.org\/{rel}","templated":true}]}}