{"id":316,"date":"2024-12-21T07:13:03","date_gmt":"2024-12-21T07:13:03","guid":{"rendered":"https:\/\/www.linkceramics.com\/?post_type=product&#038;p=316"},"modified":"2024-12-21T07:13:04","modified_gmt":"2024-12-21T07:13:04","slug":"ceramic-dishes-wholesale","status":"publish","type":"product","link":"https:\/\/www.linkceramics.com\/es\/product\/ceramic-dishes-wholesale\/","title":{"rendered":"Platos de cer\u00e1mica con forma de loto al por mayor"},"content":{"rendered":"<div class=\"wp-block-columns is-layout-flex wp-container-core-columns-is-layout-9d6595d7 wp-block-columns-is-layout-flex\">\n<div class=\"wp-block-column is-layout-flow wp-block-column-is-layout-flow\" style=\"flex-basis:50%\">\n<h3 class=\"wp-block-heading\">Platos de Cer\u00e1mica Premium al por mayor Caracter\u00edsticas:<\/h3>\n\n\n\n<ul class=\"wp-block-list\">\n<li><strong>Dise\u00f1o \u00fanico en forma de loto:&nbsp;<\/strong>Estos platos de cer\u00e1mica al por mayor est\u00e1n dise\u00f1ados en una hermosa forma de loto, mostrando elegancia y arte. Tanto para las comidas diarias como para las ocasiones especiales, pueden dar un toque \u00fanico a su mesa y mejorar la experiencia gastron\u00f3mica en general.<\/li>\n\n\n\n<li><strong>M\u00faltiples opciones de tama\u00f1o:&nbsp;<\/strong>Ofrecemos cuencos de cer\u00e1mica personalizados de distintos tama\u00f1os para satisfacer las diferentes necesidades de catering. Ya se trate de una peque\u00f1a guarnici\u00f3n, un plato principal grande o un postre, estos platos y cuencos al por mayor pueden satisfacer con flexibilidad las necesidades de servicio de diversos platos.<\/li>\n\n\n\n<li><strong>Servicio de vajilla a medida:&nbsp;<\/strong>Ofrecemos servicios de personalizaci\u00f3n para platos de cer\u00e1mica al por mayor. Puede elegir el color, el dibujo y el tama\u00f1o seg\u00fan el estilo de su marca o el tema de su restaurante. Nuestros platos y cuencos al por mayor son \u00fanicos y satisfacen sus necesidades.<\/li>\n\n\n\n<li><strong>Material cer\u00e1mico de alta calidad:&nbsp;<\/strong>Estos cuencos de cer\u00e1mica personalizados est\u00e1n fabricados con materiales cer\u00e1micos de alta calidad, que son duraderos y f\u00e1ciles de limpiar. Tanto si se trata de platos fr\u00edos como calientes, pueden servirse perfectamente para garantizar su buen estado durante el uso diario.<\/li>\n<\/ul>\n<\/div>\n\n\n\n<div class=\"wp-block-column is-layout-flow wp-block-column-is-layout-flow\" style=\"flex-basis:50%\">\n<figure class=\"wp-block-image size-full\"><img decoding=\"async\" width=\"1500\" height=\"1396\" src=\"https:\/\/www.linkceramics.com\/wp-content\/uploads\/2024\/11\/curved-arc-shaped-bowls-ceramic-tableware-wholesale-lotus-shaped-bowl-6.webp\" alt=\"cuenco-arco-curvo-vajilla-de-ceramica-mayorista-cuenco-de-loto-6\" class=\"wp-image-319\" srcset=\"https:\/\/www.linkceramics.com\/wp-content\/uploads\/2024\/11\/curved-arc-shaped-bowls-ceramic-tableware-wholesale-lotus-shaped-bowl-6.webp 1500w, https:\/\/www.linkceramics.com\/wp-content\/uploads\/2024\/11\/curved-arc-shaped-bowls-ceramic-tableware-wholesale-lotus-shaped-bowl-6-300x279.webp 300w, https:\/\/www.linkceramics.com\/wp-content\/uploads\/2024\/11\/curved-arc-shaped-bowls-ceramic-tableware-wholesale-lotus-shaped-bowl-6-768x715.webp 768w, https:\/\/www.linkceramics.com\/wp-content\/uploads\/2024\/11\/curved-arc-shaped-bowls-ceramic-tableware-wholesale-lotus-shaped-bowl-6-1200x1117.webp 1200w, https:\/\/www.linkceramics.com\/wp-content\/uploads\/2024\/11\/curved-arc-shaped-bowls-ceramic-tableware-wholesale-lotus-shaped-bowl-6-600x558.webp 600w\" sizes=\"(max-width: 1500px) 100vw, 1500px\" \/><\/figure>\n<\/div>\n<\/div>\n\n\n\n<p><\/p>","protected":false},"excerpt":{"rendered":"<p>Bienvenido a comprar platos y cuencos al por mayor. Esta vajilla de cer\u00e1mica al por mayor en forma de loto combina a la perfecci\u00f3n un dise\u00f1o \u00fanico con una variedad de opciones de tama\u00f1o, adecuado para diversas ocasiones de catering. Los materiales cer\u00e1micos de alta calidad garantizan la durabilidad y los servicios de vajilla a medida satisfacen sus necesidades personalizadas.<\/p>\n<h2>Platos de cer\u00e1mica Premium Especificaciones:<\/h2>\n<table border=\"0\" width=\"542\" cellspacing=\"0\" cellpadding=\"0\">\n<tbody>\n<tr>\n<td width=\"271\" height=\"24\">Fabricante<\/td>\n<td width=\"271\">JINHUA<\/td>\n<\/tr>\n<tr>\n<td height=\"24\">N\u00ba de modelo<\/td>\n<td>JHD-03<\/td>\n<\/tr>\n<tr>\n<td height=\"24\">Dise\u00f1o<\/td>\n<td>Forma de loto<\/td>\n<\/tr>\n<tr>\n<td height=\"24\">Material<\/td>\n<td>Cer\u00e1mica<\/td>\n<\/tr>\n<tr>\n<td height=\"24\">Color<\/td>\n<td>Verde, Marr\u00f3n<\/td>\n<\/tr>\n<tr>\n<td height=\"24\">A medida<\/td>\n<td>Color\/Tama\u00f1o\/Logotipo\/Embalaje<\/td>\n<\/tr>\n<tr>\n<td height=\"24\">MOQ<\/td>\n<td>500 juegos<\/td>\n<\/tr>\n<tr>\n<td rowspan=\"5\" height=\"120\">Dimensi\u00f3n<\/td>\n<td>S:7.5*7.5*8.5<\/td>\n<\/tr>\n<tr>\n<td>M:9*8*8<\/td>\n<\/tr>\n<tr>\n<td>L:11*10.5*10<\/td>\n<\/tr>\n<tr>\n<td>XL:13*12*9<\/td>\n<\/tr>\n<tr>\n<td>XXL: 15*13*9<\/td>\n<\/tr>\n<tr>\n<td height=\"24\">N.W \/SET<\/td>\n<td>1,5\/set<\/td>\n<\/tr>\n<\/tbody>\n<\/table>","protected":false},"featured_media":323,"comment_status":"open","ping_status":"closed","template":"","meta":{"_acf_changed":true},"certification":[63,64,66,58,65,61,60,62,57],"product_brand":[],"product_cat":[34,20,18],"product_tag":[],"class_list":{"0":"post-316","1":"product","2":"type-product","3":"status-publish","4":"has-post-thumbnail","6":"certification-amfori","7":"certification-bsci","8":"certification-cnas","9":"certification-fda","10":"certification-iaf","11":"certification-iso-14001","12":"certification-iso-45001","13":"certification-iso-9001","14":"certification-lfgb","15":"product_cat-custom-household-ceramics","16":"product_cat-ceramic-kitchenware-wholesale","17":"product_cat-ceramic-tableware-wholesale","19":"first","20":"instock","21":"shipping-taxable","22":"product-type-simple"},"acf":[],"_links":{"self":[{"href":"https:\/\/www.linkceramics.com\/es\/wp-json\/wp\/v2\/product\/316","targetHints":{"allow":["GET"]}}],"collection":[{"href":"https:\/\/www.linkceramics.com\/es\/wp-json\/wp\/v2\/product"}],"about":[{"href":"https:\/\/www.linkceramics.com\/es\/wp-json\/wp\/v2\/types\/product"}],"replies":[{"embeddable":true,"href":"https:\/\/www.linkceramics.com\/es\/wp-json\/wp\/v2\/comments?post=316"}],"wp:featuredmedia":[{"embeddable":true,"href":"https:\/\/www.linkceramics.com\/es\/wp-json\/wp\/v2\/media\/323"}],"wp:attachment":[{"href":"https:\/\/www.linkceramics.com\/es\/wp-json\/wp\/v2\/media?parent=316"}],"wp:term":[{"taxonomy":"certification","embeddable":true,"href":"https:\/\/www.linkceramics.com\/es\/wp-json\/wp\/v2\/certification?post=316"},{"taxonomy":"product_brand","embeddable":true,"href":"https:\/\/www.linkceramics.com\/es\/wp-json\/wp\/v2\/product_brand?post=316"},{"taxonomy":"product_cat","embeddable":true,"href":"https:\/\/www.linkceramics.com\/es\/wp-json\/wp\/v2\/product_cat?post=316"},{"taxonomy":"product_tag","embeddable":true,"href":"https:\/\/www.linkceramics.com\/es\/wp-json\/wp\/v2\/product_tag?post=316"}],"curies":[{"name":"wp","href":"https:\/\/api.w.org\/{rel}","templated":true}]}}