{"id":325,"date":"2024-12-21T07:11:32","date_gmt":"2024-12-21T07:11:32","guid":{"rendered":"https:\/\/www.linkceramics.com\/?post_type=product&#038;p=325"},"modified":"2024-12-21T07:11:33","modified_gmt":"2024-12-21T07:11:33","slug":"ceramic-bakeware-set-wholesale","status":"publish","type":"product","link":"https:\/\/www.linkceramics.com\/es\/product\/ceramic-bakeware-set-wholesale\/","title":{"rendered":"Juego de utensilios de cer\u00e1mica para hornear al por mayor del proveedor de moldes, sin plomo y antiadherentes"},"content":{"rendered":"<div class=\"wp-block-columns is-layout-flex wp-container-core-columns-is-layout-9d6595d7 wp-block-columns-is-layout-flex\">\n<div class=\"wp-block-column is-layout-flow wp-block-column-is-layout-flow\" style=\"flex-basis:50%\">\n<h3 class=\"wp-block-heading\">Premium Cer\u00e1mica Bakeware Set Caracter\u00edsticas al por mayor:<\/h3>\n\n\n\n<ul class=\"wp-block-list\">\n<li><strong>Gran atractivo visual:<\/strong>&nbsp;Este juego de cer\u00e1mica para hornear al por mayor utiliza un esmalte rojo cl\u00e1sico, de color brillante y gran impacto visual, que aporta vitalidad y moda a la cocina. Es adecuado para el uso diario y para mostrar platos en ocasiones especiales.<\/li>\n\n\n\n<li><strong>Diferentes opciones de tama\u00f1o:<\/strong>&nbsp;Nuestro juego de utensilios de cocina al por mayor est\u00e1 disponible en una gran variedad de tama\u00f1os, que se adaptan a las diferentes necesidades de horneado de los alimentos. Tanto si se trata de peque\u00f1os postres como de grandes platos principales, siempre encontrar\u00e1 el modelo de molde adecuado para aumentar la flexibilidad y la comodidad a la hora de cocinar.<\/li>\n\n\n\n<li><strong>Material sin plomo:&nbsp;<\/strong>Nuestro juego de utensilios para hornear de cer\u00e1mica al por mayor est\u00e1 hecho de un tipo de material cer\u00e1mico sin plomo, que puede garantizar que durante la cocci\u00f3n a alta temperatura, no se libera ninguna sustancia venenosa de los alimentos para las necesidades de alimentaci\u00f3n saludable, dando as\u00ed a los usuarios seguridad y protecci\u00f3n.<\/li>\n\n\n\n<li><strong>Superficie antiadherente de f\u00e1cil limpieza:<\/strong>&nbsp;En nuestro juego de utensilios de cocina al por mayor, el revestimiento antiadherente evita que los alimentos se peguen despu\u00e9s de hornearlos, por lo que cocinar resulta f\u00e1cil y c\u00f3modo. Este dise\u00f1o de superficie antiadherente ahorra tiempo de limpieza, as\u00ed como mantiene la calidad de la bandeja para hornear duradera durante mucho tiempo.<\/li>\n<\/ul>\n<\/div>\n\n\n\n<div class=\"wp-block-column is-layout-flow wp-block-column-is-layout-flow\" style=\"flex-basis:50%\">\n<figure class=\"wp-block-image size-full\"><img decoding=\"async\" width=\"750\" height=\"750\" src=\"https:\/\/www.linkceramics.com\/wp-content\/uploads\/2024\/11\/custom-baking-pans-wholesale-ceramic-bakeware-set-5.webp\" alt=\"juego de utensilios de cer\u00e1mica para hornear al por mayor - custom-baking-pans-5\" class=\"wp-image-344\" srcset=\"https:\/\/www.linkceramics.com\/wp-content\/uploads\/2024\/11\/custom-baking-pans-wholesale-ceramic-bakeware-set-5.webp 750w, https:\/\/www.linkceramics.com\/wp-content\/uploads\/2024\/11\/custom-baking-pans-wholesale-ceramic-bakeware-set-5-300x300.webp 300w, https:\/\/www.linkceramics.com\/wp-content\/uploads\/2024\/11\/custom-baking-pans-wholesale-ceramic-bakeware-set-5-150x150.webp 150w, https:\/\/www.linkceramics.com\/wp-content\/uploads\/2024\/11\/custom-baking-pans-wholesale-ceramic-bakeware-set-5-600x600.webp 600w, https:\/\/www.linkceramics.com\/wp-content\/uploads\/2024\/11\/custom-baking-pans-wholesale-ceramic-bakeware-set-5-100x100.webp 100w\" sizes=\"(max-width: 750px) 100vw, 750px\" \/><\/figure>\n<\/div>\n<\/div>","protected":false},"excerpt":{"rendered":"<p>Bienvenido a comprar utensilios para hornear al por mayor de proveedores de utensilios para hornear. Este cl\u00e1sico juego de utensilios para hornear de cer\u00e1mica esmaltada roja al por mayor es colorido para a\u00f1adir color a cualquier estilo de cocina. Mientras tanto, tambi\u00e9n tiene varias opciones de tama\u00f1o que pueden satisfacer las diversas necesidades de los diferentes cocineros. Seguro y saludable con material cer\u00e1mico sin plomo, y hay un dise\u00f1o antiadherente para facilitar la limpieza.<\/p>\n<h2>Especificaciones:<\/h2>\n<table border=\"0\" width=\"531\" cellspacing=\"0\" cellpadding=\"0\">\n<tbody>\n<tr>\n<td width=\"271\" height=\"24\">Fabricante<\/td>\n<td width=\"260\">JINHUA<\/td>\n<\/tr>\n<tr>\n<td width=\"271\" height=\"25\">N\u00ba de modelo<\/td>\n<td width=\"260\">JHK-03<\/td>\n<\/tr>\n<tr>\n<td width=\"271\" height=\"24\">Dise\u00f1o<\/td>\n<td width=\"260\">Forma rectangular<\/td>\n<\/tr>\n<tr>\n<td width=\"271\" height=\"24\">Material<\/td>\n<td width=\"260\">Cer\u00e1mica<\/td>\n<\/tr>\n<tr>\n<td width=\"271\" height=\"24\">Color<\/td>\n<td width=\"260\">Rojo<\/td>\n<\/tr>\n<tr>\n<td width=\"271\" height=\"24\">A medida<\/td>\n<td width=\"260\">Color\/Tama\u00f1o\/Logotipo\/Embalaje<\/td>\n<\/tr>\n<tr>\n<td width=\"271\" height=\"24\">MOQ<\/td>\n<td width=\"260\">500 juegos<\/td>\n<\/tr>\n<tr>\n<td rowspan=\"3\" width=\"271\" height=\"72\">Dimensi\u00f3n<\/td>\n<td width=\"260\">L: 37.5*24.5*9<\/td>\n<\/tr>\n<tr>\n<td width=\"260\">M: 30*22*8<\/td>\n<\/tr>\n<tr>\n<td width=\"260\">S: 23*18*7<\/td>\n<\/tr>\n<tr>\n<td width=\"271\" height=\"24\">N.W \/SET<\/td>\n<td width=\"260\">2,2\/conjunto<\/td>\n<\/tr>\n<\/tbody>\n<\/table>","protected":false},"featured_media":330,"comment_status":"open","ping_status":"closed","template":"","meta":{"_acf_changed":true},"certification":[63,64,66,58,65,61,60,62,57],"product_brand":[],"product_cat":[34,20],"product_tag":[],"class_list":{"0":"post-325","1":"product","2":"type-product","3":"status-publish","4":"has-post-thumbnail","6":"certification-amfori","7":"certification-bsci","8":"certification-cnas","9":"certification-fda","10":"certification-iaf","11":"certification-iso-14001","12":"certification-iso-45001","13":"certification-iso-9001","14":"certification-lfgb","15":"product_cat-custom-household-ceramics","16":"product_cat-ceramic-kitchenware-wholesale","18":"first","19":"instock","20":"shipping-taxable","21":"product-type-simple"},"acf":[],"_links":{"self":[{"href":"https:\/\/www.linkceramics.com\/es\/wp-json\/wp\/v2\/product\/325","targetHints":{"allow":["GET"]}}],"collection":[{"href":"https:\/\/www.linkceramics.com\/es\/wp-json\/wp\/v2\/product"}],"about":[{"href":"https:\/\/www.linkceramics.com\/es\/wp-json\/wp\/v2\/types\/product"}],"replies":[{"embeddable":true,"href":"https:\/\/www.linkceramics.com\/es\/wp-json\/wp\/v2\/comments?post=325"}],"wp:featuredmedia":[{"embeddable":true,"href":"https:\/\/www.linkceramics.com\/es\/wp-json\/wp\/v2\/media\/330"}],"wp:attachment":[{"href":"https:\/\/www.linkceramics.com\/es\/wp-json\/wp\/v2\/media?parent=325"}],"wp:term":[{"taxonomy":"certification","embeddable":true,"href":"https:\/\/www.linkceramics.com\/es\/wp-json\/wp\/v2\/certification?post=325"},{"taxonomy":"product_brand","embeddable":true,"href":"https:\/\/www.linkceramics.com\/es\/wp-json\/wp\/v2\/product_brand?post=325"},{"taxonomy":"product_cat","embeddable":true,"href":"https:\/\/www.linkceramics.com\/es\/wp-json\/wp\/v2\/product_cat?post=325"},{"taxonomy":"product_tag","embeddable":true,"href":"https:\/\/www.linkceramics.com\/es\/wp-json\/wp\/v2\/product_tag?post=325"}],"curies":[{"name":"wp","href":"https:\/\/api.w.org\/{rel}","templated":true}]}}