{"id":336,"date":"2024-12-21T07:13:44","date_gmt":"2024-12-21T07:13:44","guid":{"rendered":"https:\/\/www.linkceramics.com\/?post_type=product&#038;p=336"},"modified":"2024-12-21T07:13:45","modified_gmt":"2024-12-21T07:13:45","slug":"baking-dish-set-wholesale","status":"publish","type":"product","link":"https:\/\/www.linkceramics.com\/es\/product\/baking-dish-set-wholesale\/","title":{"rendered":"Juego de 2 Platos Rectangulares de Cer\u00e1mica para Hornear al por Mayor Bakeware"},"content":{"rendered":"<div class=\"wp-block-columns is-layout-flex wp-container-core-columns-is-layout-9d6595d7 wp-block-columns-is-layout-flex\">\n<div class=\"wp-block-column is-layout-flow wp-block-column-is-layout-flow\" style=\"flex-basis:50%\">\n<h3 class=\"wp-block-heading\">Premium Baking Dish Set al por mayor Caracter\u00edsticas:<\/h3>\n\n\n\n<ul class=\"wp-block-list\">\n<li><strong>Dise\u00f1o elegante:&nbsp;<\/strong>Esta fuente de cer\u00e1mica al por mayor tiene una forma rectangular cl\u00e1sica. El color principal de la fuente es verde oliva oscuro, mientras que el color de la parte inferior es amarillo tierra claro. Muy armoniosa combinaci\u00f3n de colores, combinando colores claros y oscuros, se integrar\u00e1 bien en cocinas de varios estilos.<\/li>\n\n\n\n<li><strong>Material de primera calidad:&nbsp;<\/strong>Estos juegos de utensilios para hornear al por mayor est\u00e1n hechos de cer\u00e1mica de alta calidad, cocida a altas temperaturas con una sensaci\u00f3n suave y agradable al tacto. No s\u00f3lo es resistente a altas temperaturas, sino que tambi\u00e9n mantiene firmemente la conservaci\u00f3n del calor y garantiza el mejor efecto de horneado.<\/li>\n\n\n\n<li><strong>Uso vers\u00e1til:<\/strong>&nbsp;Este juego de fuentes de cer\u00e1mica para hornear al por mayor puede utilizarse para asar carne, hornear arroz, hacer postres, etc. Ampliamente utilizados, los platos para hornear se presentan en dos tama\u00f1os, que sin duda satisfar\u00e1n las necesidades de diversas comidas.<\/li>\n\n\n\n<li><strong>Conveniencia del horno a la mesa:&nbsp;<\/strong>Ideales para hornear y servir, estos juegos de utensilios para hornear al por mayor se han dise\u00f1ado con c\u00f3modas asas y un estilo elegante que puede llevarse directamente del horno a la mesa.<\/li>\n<\/ul>\n<\/div>\n\n\n\n<div class=\"wp-block-column is-layout-flow wp-block-column-is-layout-flow\" style=\"flex-basis:50%\">\n<figure class=\"wp-block-image size-full\"><img decoding=\"async\" width=\"1466\" height=\"1500\" src=\"https:\/\/www.linkceramics.com\/wp-content\/uploads\/2024\/11\/baking-dish-2.webp\" alt=\"plato para hornear-2\" class=\"wp-image-345\" srcset=\"https:\/\/www.linkceramics.com\/wp-content\/uploads\/2024\/11\/baking-dish-2.webp 1466w, https:\/\/www.linkceramics.com\/wp-content\/uploads\/2024\/11\/baking-dish-2-293x300.webp 293w, https:\/\/www.linkceramics.com\/wp-content\/uploads\/2024\/11\/baking-dish-2-768x786.webp 768w, https:\/\/www.linkceramics.com\/wp-content\/uploads\/2024\/11\/baking-dish-2-1200x1228.webp 1200w, https:\/\/www.linkceramics.com\/wp-content\/uploads\/2024\/11\/baking-dish-2-600x614.webp 600w\" sizes=\"(max-width: 1466px) 100vw, 1466px\" \/><\/figure>\n<\/div>\n<\/div>\n\n\n\n<p><\/p>","protected":false},"excerpt":{"rendered":"<div class=\"elementor-element elementor-element-12826c1 elementor-widget elementor-widget-text-editor\" data-id=\"12826c1\" data-element_type=\"widget\" data-widget_type=\"text-editor.default\">\n<div class=\"elementor-widget-container\">Bienvenido a comprar juegos de utensilios para hornear al por mayor. Este conjunto rectangular plato de cer\u00e1mica para hornear al por mayor se han convertido r\u00e1pidamente en un nuevo favorito en la cocina con su elegante dise\u00f1o y funciones pr\u00e1cticas. Fabricados con material cer\u00e1mico de alta calidad, son resistentes a altas temperaturas y f\u00e1ciles de limpiar. La variedad de tama\u00f1os satisface las diferentes necesidades culinarias, facilitando el horneado.<\/p>\n<h2>Especificaciones:<\/h2>\n<\/div>\n<\/div>\n<div data-id=\"bef26dc\" data-element_type=\"widget\" data-widget_type=\"text-editor.default\">\n<div>\n<table border=\"0\" width=\"582\" cellspacing=\"0\" cellpadding=\"0\">\n<tbody>\n<tr>\n<td width=\"229\" height=\"33\">Fabricante<\/td>\n<td width=\"353\">JINHUA<\/td>\n<\/tr>\n<tr>\n<td height=\"33\">N\u00ba de modelo<\/td>\n<td>JHB26<\/td>\n<\/tr>\n<tr>\n<td height=\"33\">Dise\u00f1o<\/td>\n<td>Forma rectangular<\/td>\n<\/tr>\n<tr>\n<td height=\"33\">Material<\/td>\n<td>Cer\u00e1mica<\/td>\n<\/tr>\n<tr>\n<td height=\"33\">Color<\/td>\n<td width=\"353\">Verde<\/td>\n<\/tr>\n<tr>\n<td height=\"33\">A medida<\/td>\n<td>Color\/Tama\u00f1o\/Logotipo\/Embalaje<\/td>\n<\/tr>\n<tr>\n<td height=\"33\">MOQ<\/td>\n<td>500 juegos<\/td>\n<\/tr>\n<tr>\n<td height=\"66\">Dimensi\u00f3n<\/td>\n<td width=\"353\">S:22.9*16.5*5.3cm L:33*23.5*7cm<\/td>\n<\/tr>\n<\/tbody>\n<\/table>\n<\/div>\n<\/div>","protected":false},"featured_media":339,"comment_status":"open","ping_status":"closed","template":"","meta":{"_acf_changed":true},"certification":[63,64,66,58,65,61,60,62,57],"product_brand":[],"product_cat":[34,20],"product_tag":[],"class_list":{"0":"post-336","1":"product","2":"type-product","3":"status-publish","4":"has-post-thumbnail","6":"certification-amfori","7":"certification-bsci","8":"certification-cnas","9":"certification-fda","10":"certification-iaf","11":"certification-iso-14001","12":"certification-iso-45001","13":"certification-iso-9001","14":"certification-lfgb","15":"product_cat-custom-household-ceramics","16":"product_cat-ceramic-kitchenware-wholesale","18":"first","19":"instock","20":"shipping-taxable","21":"product-type-simple"},"acf":[],"_links":{"self":[{"href":"https:\/\/www.linkceramics.com\/es\/wp-json\/wp\/v2\/product\/336","targetHints":{"allow":["GET"]}}],"collection":[{"href":"https:\/\/www.linkceramics.com\/es\/wp-json\/wp\/v2\/product"}],"about":[{"href":"https:\/\/www.linkceramics.com\/es\/wp-json\/wp\/v2\/types\/product"}],"replies":[{"embeddable":true,"href":"https:\/\/www.linkceramics.com\/es\/wp-json\/wp\/v2\/comments?post=336"}],"wp:featuredmedia":[{"embeddable":true,"href":"https:\/\/www.linkceramics.com\/es\/wp-json\/wp\/v2\/media\/339"}],"wp:attachment":[{"href":"https:\/\/www.linkceramics.com\/es\/wp-json\/wp\/v2\/media?parent=336"}],"wp:term":[{"taxonomy":"certification","embeddable":true,"href":"https:\/\/www.linkceramics.com\/es\/wp-json\/wp\/v2\/certification?post=336"},{"taxonomy":"product_brand","embeddable":true,"href":"https:\/\/www.linkceramics.com\/es\/wp-json\/wp\/v2\/product_brand?post=336"},{"taxonomy":"product_cat","embeddable":true,"href":"https:\/\/www.linkceramics.com\/es\/wp-json\/wp\/v2\/product_cat?post=336"},{"taxonomy":"product_tag","embeddable":true,"href":"https:\/\/www.linkceramics.com\/es\/wp-json\/wp\/v2\/product_tag?post=336"}],"curies":[{"name":"wp","href":"https:\/\/api.w.org\/{rel}","templated":true}]}}