{"id":362,"date":"2024-12-10T02:43:32","date_gmt":"2024-12-10T02:43:32","guid":{"rendered":"https:\/\/www.linkceramics.com\/?post_type=product&#038;p=362"},"modified":"2025-03-08T07:27:07","modified_gmt":"2025-03-08T07:27:07","slug":"ceramic-candle-containers-wholesale","status":"publish","type":"product","link":"https:\/\/www.linkceramics.com\/es\/product\/ceramic-candle-containers-wholesale\/","title":{"rendered":"Recipientes de Cer\u00e1mica para Velas al por Mayor, Tarros Vac\u00edos para Velas al por Mayor"},"content":{"rendered":"<div class=\"wp-block-columns is-layout-flex wp-container-core-columns-is-layout-9d6595d7 wp-block-columns-is-layout-flex\">\n<div class=\"wp-block-column is-layout-flow wp-block-column-is-layout-flow\">\n<h3 class=\"wp-block-heading\">Recipientes de cer\u00e1mica de primera calidad para velas al por mayor Caracter\u00edsticas:<\/h3>\n\n\n\n<ul class=\"wp-block-list\">\n<li><strong>Formas geom\u00e9tricas irregulares: <\/strong>Estos dos portavelas de cer\u00e1mica al por mayor se diferencian de los ordinarios tarros cil\u00edndricos para velas en que tienen formas geom\u00e9tricas irregulares. Uno es cuadrado con suaves l\u00edneas curvas, y el otro tiene forma de flor de cinco p\u00e9talos con l\u00edneas suaves y variables. Esta forma irregular rompe el molde del tarro de velas ordinario y le a\u00f1ade diversi\u00f3n y sentido del estilo.<\/li>\n\n\n\n<li><strong>Color Blanco Mate: <\/strong>Estos tarros de velas vac\u00edos a granel tambi\u00e9n se ofrecen en blanco mate puro, lo que les confiere un aspecto sencillo y limpio. El tono de color es bastante vers\u00e1til y combina f\u00e1cilmente con algunos temas de decoraci\u00f3n del hogar. Adem\u00e1s, el tarro de velas de cer\u00e1mica con acabado mate es incluso m\u00e1s sensible al tacto que el tarro de velas brillante.<\/li>\n\n\n\n<li><strong>Material cer\u00e1mico de primera calidad: <\/strong>Estos exclusivos recipientes de cer\u00e1mica para velas al por mayor est\u00e1n fabricados con arcilla cer\u00e1mica de primera calidad para ofrecer una resistencia y una tolerancia al calor superiores. Esto evita que los tarros se agrieten o se rompan debido al calor de la llama de una vela, creando un tarro seguro para sus velas.<\/li>\n\n\n\n<li><strong>Reutilizable y respetuoso con el medio ambiente:<\/strong> Una vez terminada la vela, estos exclusivos tarros vac\u00edos para velas a granel pueden seguir luci\u00e9ndose como elementos decorativos en su hogar. La naturaleza reutilizable de estos tarros fomenta la sostenibilidad. Al reutilizar los tarros, se reducen los residuos, lo que los convierte en una opci\u00f3n ecol\u00f3gica para los consumidores concienciados.<\/li>\n<\/ul>\n<\/div>\n\n\n\n<div class=\"wp-block-column is-layout-flow wp-block-column-is-layout-flow\">\n<figure class=\"wp-block-image size-full\"><img decoding=\"async\" width=\"736\" height=\"736\" src=\"https:\/\/www.linkceramics.com\/wp-content\/uploads\/2024\/11\/Custom-Unique-White-Ceramic-Candle-Jar-Empty-Ceramic-Vessel-Wholesale-3.webp\" alt=\"Portavelas de cer\u00e1mica blanco a medida - Vaso vac\u00edo de cer\u00e1mica - Mayorista-3\" class=\"wp-image-364\" srcset=\"https:\/\/www.linkceramics.com\/wp-content\/uploads\/2024\/11\/Custom-Unique-White-Ceramic-Candle-Jar-Empty-Ceramic-Vessel-Wholesale-3.webp 736w, https:\/\/www.linkceramics.com\/wp-content\/uploads\/2024\/11\/Custom-Unique-White-Ceramic-Candle-Jar-Empty-Ceramic-Vessel-Wholesale-3-300x300.webp 300w, https:\/\/www.linkceramics.com\/wp-content\/uploads\/2024\/11\/Custom-Unique-White-Ceramic-Candle-Jar-Empty-Ceramic-Vessel-Wholesale-3-150x150.webp 150w, https:\/\/www.linkceramics.com\/wp-content\/uploads\/2024\/11\/Custom-Unique-White-Ceramic-Candle-Jar-Empty-Ceramic-Vessel-Wholesale-3-600x600.webp 600w, https:\/\/www.linkceramics.com\/wp-content\/uploads\/2024\/11\/Custom-Unique-White-Ceramic-Candle-Jar-Empty-Ceramic-Vessel-Wholesale-3-100x100.webp 100w\" sizes=\"(max-width: 736px) 100vw, 736px\" \/><\/figure>\n<\/div>\n<\/div>\n\n\n\n<p><\/p>","protected":false},"excerpt":{"rendered":"<div class=\"elementor-element elementor-element-12826c1 elementor-widget elementor-widget-text-editor\" data-id=\"12826c1\" data-element_type=\"widget\" data-widget_type=\"text-editor.default\">\n<div class=\"elementor-widget-container\">Bienvenido a comprar tarros vac\u00edos para velas al por mayor. Nuestros recipientes de cer\u00e1mica para velas al por mayor son bien recibidos. Debido a las ventajas de las formas geom\u00e9tricas irregulares, el blanco puro, los materiales de alta calidad y la reutilizaci\u00f3n, estos tarros de cer\u00e1mica para velas al por mayor son una buena elecci\u00f3n de producto para los fabricantes y comerciantes de velas, ya que tienen m\u00e1s posibilidades de decoraci\u00f3n en diversas ocasiones.<\/p>\n<h2>Recipientes de cer\u00e1mica para velas Especificaciones:<\/h2>\n<\/div>\n<\/div>\n<div data-id=\"bef26dc\" data-element_type=\"widget\" data-widget_type=\"text-editor.default\">\n<table border=\"0\" width=\"476\" cellspacing=\"0\" cellpadding=\"0\">\n<tbody>\n<tr>\n<td width=\"187\" height=\"29\">Fabricante<\/td>\n<td width=\"289\">JINHUA<\/td>\n<\/tr>\n<tr>\n<td height=\"29\">N\u00ba de modelo<\/td>\n<td>JHC40<\/td>\n<\/tr>\n<tr>\n<td height=\"29\">Dise\u00f1o<\/td>\n<td>Forma cuadrada, Forma de flor<\/td>\n<\/tr>\n<tr>\n<td height=\"29\">Material<\/td>\n<td>Cer\u00e1mica<\/td>\n<\/tr>\n<tr>\n<td height=\"29\">Color<\/td>\n<td width=\"289\">Blanco<\/td>\n<\/tr>\n<tr>\n<td height=\"29\">A medida<\/td>\n<td>Color\/Tama\u00f1o\/Logotipo\/Embalaje<\/td>\n<\/tr>\n<tr>\n<td height=\"29\">MOQ<\/td>\n<td>500 unidades<\/td>\n<\/tr>\n<tr>\n<td height=\"58\">Dimensi\u00f3n<\/td>\n<td width=\"289\">7*7*8,5cm 7*7*8cm<\/td>\n<\/tr>\n<\/tbody>\n<\/table>\n<\/div>","protected":false},"featured_media":363,"comment_status":"open","ping_status":"closed","template":"","meta":{"_acf_changed":false},"certification":[63,64,66,58,65,61,60,62,57],"product_brand":[],"product_cat":[37,16],"product_tag":[],"class_list":{"0":"post-362","1":"product","2":"type-product","3":"status-publish","4":"has-post-thumbnail","6":"certification-amfori","7":"certification-bsci","8":"certification-cnas","9":"certification-fda","10":"certification-iaf","11":"certification-iso-14001","12":"certification-iso-45001","13":"certification-iso-9001","14":"certification-lfgb","15":"product_cat-decorative-ceramic-wholesale","16":"product_cat-ceramic-candle-holder","18":"first","19":"instock","20":"shipping-taxable","21":"product-type-simple"},"acf":[],"_links":{"self":[{"href":"https:\/\/www.linkceramics.com\/es\/wp-json\/wp\/v2\/product\/362","targetHints":{"allow":["GET"]}}],"collection":[{"href":"https:\/\/www.linkceramics.com\/es\/wp-json\/wp\/v2\/product"}],"about":[{"href":"https:\/\/www.linkceramics.com\/es\/wp-json\/wp\/v2\/types\/product"}],"replies":[{"embeddable":true,"href":"https:\/\/www.linkceramics.com\/es\/wp-json\/wp\/v2\/comments?post=362"}],"wp:featuredmedia":[{"embeddable":true,"href":"https:\/\/www.linkceramics.com\/es\/wp-json\/wp\/v2\/media\/363"}],"wp:attachment":[{"href":"https:\/\/www.linkceramics.com\/es\/wp-json\/wp\/v2\/media?parent=362"}],"wp:term":[{"taxonomy":"certification","embeddable":true,"href":"https:\/\/www.linkceramics.com\/es\/wp-json\/wp\/v2\/certification?post=362"},{"taxonomy":"product_brand","embeddable":true,"href":"https:\/\/www.linkceramics.com\/es\/wp-json\/wp\/v2\/product_brand?post=362"},{"taxonomy":"product_cat","embeddable":true,"href":"https:\/\/www.linkceramics.com\/es\/wp-json\/wp\/v2\/product_cat?post=362"},{"taxonomy":"product_tag","embeddable":true,"href":"https:\/\/www.linkceramics.com\/es\/wp-json\/wp\/v2\/product_tag?post=362"}],"curies":[{"name":"wp","href":"https:\/\/api.w.org\/{rel}","templated":true}]}}