{"id":377,"date":"2024-12-10T02:41:42","date_gmt":"2024-12-10T02:41:42","guid":{"rendered":"https:\/\/www.linkceramics.com\/?post_type=product&#038;p=377"},"modified":"2024-12-10T02:42:03","modified_gmt":"2024-12-10T02:42:03","slug":"creme-brulee-ramekins-bulk","status":"publish","type":"product","link":"https:\/\/www.linkceramics.com\/es\/product\/creme-brulee-ramekins-bulk\/","title":{"rendered":"Ramekines de Cer\u00e1mica para Creme Brulee a Granel, Ramekines para Restaurantes"},"content":{"rendered":"<div class=\"wp-block-columns is-layout-flex wp-container-core-columns-is-layout-9d6595d7 wp-block-columns-is-layout-flex\">\n<div class=\"wp-block-column is-layout-flow wp-block-column-is-layout-flow\">\n<h3 class=\"wp-block-heading\">Premium Creme Brulee Ramekins Caracter\u00edsticas a granel:<\/h3>\n\n\n\n<ul class=\"wp-block-list\">\n<li><strong>Dise\u00f1o elegante:\u00a0<\/strong>La cara exterior de los ramequines de cer\u00e1mica para creme brulee a granel tiene un dise\u00f1o a rayas, vertical y de estilo cl\u00e1sico. Los hace m\u00e1s bonitos a la vez que aumenta la fricci\u00f3n para que se puedan coger c\u00f3modamente. Series de colores suaves que incluyen, entre otros, azul cielo, verde menta, morado, rosa, etc. Pueden utilizarse no s\u00f3lo en reposter\u00eda, sino tambi\u00e9n como decoraci\u00f3n en la mesa de comedor para elevar las experiencias gastron\u00f3micas.<\/li>\n\n\n\n<li><strong>Material cer\u00e1mico de primera calidad:\u00a0<\/strong>Nuestras cazuelas con tapa para restaurantes al por mayor est\u00e1n fabricadas con arcilla cer\u00e1mica de alta calidad cocida a alta temperatura, resistente al calor, duradera, no t\u00f3xica e inocua, segura para el contacto con alimentos. La superficie lisa de la cer\u00e1mica no se pega a los alimentos y es f\u00e1cil de limpiar.<\/li>\n\n\n\n<li><strong>Versatilidad:\u00a0<\/strong>Nuestros moldes de cer\u00e1mica para creme brulee a granel con tapa se pueden utilizar para hornear muchos tipos de postres como creme brulee, souffl\u00e9, tarta de queso, etc., y tambi\u00e9n se pueden utilizar como copas de helado, copas de natillas o salsas para mojar.<\/li>\n\n\n\n<li><strong>Tapa pr\u00e1ctica:\u00a0<\/strong>Estos moldes para restaurantes al por mayor vienen con tapas herm\u00e9ticas que pueden evitar eficazmente que se escape el sabor de los alimentos y tambi\u00e9n pueden refrigerar o calentar los alimentos.<\/li>\n<\/ul>\n<\/div>\n\n\n\n<div class=\"wp-block-column is-layout-flow wp-block-column-is-layout-flow\">\n<figure class=\"wp-block-image size-full\"><img decoding=\"async\" width=\"800\" height=\"800\" src=\"https:\/\/www.linkceramics.com\/wp-content\/uploads\/2024\/11\/Bulk-Ceramic-Creme-Brulee-Ramekin-With-Lid-Wholesale-Souffle-Baking-Cup-6.webp\" alt=\"Granel-Crema-Cer\u00e1mica-Brulee-Ramekin-Con-Tapa-Mayorista-Souffle-Baking-Cup-6\" class=\"wp-image-382\" srcset=\"https:\/\/www.linkceramics.com\/wp-content\/uploads\/2024\/11\/Bulk-Ceramic-Creme-Brulee-Ramekin-With-Lid-Wholesale-Souffle-Baking-Cup-6.webp 800w, https:\/\/www.linkceramics.com\/wp-content\/uploads\/2024\/11\/Bulk-Ceramic-Creme-Brulee-Ramekin-With-Lid-Wholesale-Souffle-Baking-Cup-6-300x300.webp 300w, https:\/\/www.linkceramics.com\/wp-content\/uploads\/2024\/11\/Bulk-Ceramic-Creme-Brulee-Ramekin-With-Lid-Wholesale-Souffle-Baking-Cup-6-150x150.webp 150w, https:\/\/www.linkceramics.com\/wp-content\/uploads\/2024\/11\/Bulk-Ceramic-Creme-Brulee-Ramekin-With-Lid-Wholesale-Souffle-Baking-Cup-6-768x768.webp 768w, https:\/\/www.linkceramics.com\/wp-content\/uploads\/2024\/11\/Bulk-Ceramic-Creme-Brulee-Ramekin-With-Lid-Wholesale-Souffle-Baking-Cup-6-600x600.webp 600w, https:\/\/www.linkceramics.com\/wp-content\/uploads\/2024\/11\/Bulk-Ceramic-Creme-Brulee-Ramekin-With-Lid-Wholesale-Souffle-Baking-Cup-6-100x100.webp 100w\" sizes=\"(max-width: 800px) 100vw, 800px\" \/><\/figure>\n<\/div>\n<\/div>","protected":false},"excerpt":{"rendered":"<div class=\"elementor-element elementor-element-12826c1 elementor-widget elementor-widget-text-editor\" data-id=\"12826c1\" data-element_type=\"widget\" data-widget_type=\"text-editor.default\">\n<div class=\"elementor-widget-container\">Bienvenido a comprar ramekins de suministro de restaurante al por mayor. Estos ramekins de cer\u00e1mica para creme brulee al por mayor con tapa ocupan el primer lugar en el mercado por sus diversos colores, su aspecto moderno, su material duradero de cer\u00e1mica y su versatilidad. Estos moldes son pr\u00e1cticos y bonitos, por lo que se convierten en una herramienta indispensable para hornear en la cocina.<\/p>\n<h2>Creme Brulee Ramekins Especificaciones:<\/h2>\n<\/div>\n<\/div>\n<table border=\"0\" width=\"531\" cellspacing=\"0\" cellpadding=\"0\">\n<tbody>\n<tr>\n<td width=\"271\" height=\"24\">Fabricante<\/td>\n<td width=\"260\">JINHUA<\/td>\n<\/tr>\n<tr>\n<td width=\"271\" height=\"25\">N\u00ba de modelo<\/td>\n<td width=\"260\">JHB37<\/td>\n<\/tr>\n<tr>\n<td width=\"271\" height=\"24\">Dise\u00f1o<\/td>\n<td width=\"260\">Forma redonda<\/td>\n<\/tr>\n<tr>\n<td width=\"271\" height=\"24\">Material<\/td>\n<td width=\"260\">Cer\u00e1mica<\/td>\n<\/tr>\n<tr>\n<td width=\"271\" height=\"48\">Color<\/td>\n<td width=\"260\">Azul cielo, Verde menta, Rosa, Morado, Amarillo<\/td>\n<\/tr>\n<tr>\n<td width=\"271\" height=\"24\">A medida<\/td>\n<td width=\"260\">Color\/Tama\u00f1o\/Logotipo\/Embalaje<\/td>\n<\/tr>\n<tr>\n<td width=\"271\" height=\"24\">MOQ<\/td>\n<td width=\"260\">500 juegos<\/td>\n<\/tr>\n<tr>\n<td width=\"271\" height=\"24\">Dimensi\u00f3n<\/td>\n<td width=\"260\">8,5*8,5*6cm<\/td>\n<\/tr>\n<\/tbody>\n<\/table>","protected":false},"featured_media":380,"comment_status":"open","ping_status":"closed","template":"","meta":{"_acf_changed":true},"certification":[63,64,66,58,65,61,60,62,57],"product_brand":[],"product_cat":[34,20],"product_tag":[],"class_list":{"0":"post-377","1":"product","2":"type-product","3":"status-publish","4":"has-post-thumbnail","6":"certification-amfori","7":"certification-bsci","8":"certification-cnas","9":"certification-fda","10":"certification-iaf","11":"certification-iso-14001","12":"certification-iso-45001","13":"certification-iso-9001","14":"certification-lfgb","15":"product_cat-custom-household-ceramics","16":"product_cat-ceramic-kitchenware-wholesale","18":"first","19":"instock","20":"shipping-taxable","21":"product-type-simple"},"acf":[],"_links":{"self":[{"href":"https:\/\/www.linkceramics.com\/es\/wp-json\/wp\/v2\/product\/377","targetHints":{"allow":["GET"]}}],"collection":[{"href":"https:\/\/www.linkceramics.com\/es\/wp-json\/wp\/v2\/product"}],"about":[{"href":"https:\/\/www.linkceramics.com\/es\/wp-json\/wp\/v2\/types\/product"}],"replies":[{"embeddable":true,"href":"https:\/\/www.linkceramics.com\/es\/wp-json\/wp\/v2\/comments?post=377"}],"wp:featuredmedia":[{"embeddable":true,"href":"https:\/\/www.linkceramics.com\/es\/wp-json\/wp\/v2\/media\/380"}],"wp:attachment":[{"href":"https:\/\/www.linkceramics.com\/es\/wp-json\/wp\/v2\/media?parent=377"}],"wp:term":[{"taxonomy":"certification","embeddable":true,"href":"https:\/\/www.linkceramics.com\/es\/wp-json\/wp\/v2\/certification?post=377"},{"taxonomy":"product_brand","embeddable":true,"href":"https:\/\/www.linkceramics.com\/es\/wp-json\/wp\/v2\/product_brand?post=377"},{"taxonomy":"product_cat","embeddable":true,"href":"https:\/\/www.linkceramics.com\/es\/wp-json\/wp\/v2\/product_cat?post=377"},{"taxonomy":"product_tag","embeddable":true,"href":"https:\/\/www.linkceramics.com\/es\/wp-json\/wp\/v2\/product_tag?post=377"}],"curies":[{"name":"wp","href":"https:\/\/api.w.org\/{rel}","templated":true}]}}