{"id":385,"date":"2024-12-10T02:40:28","date_gmt":"2024-12-10T02:40:28","guid":{"rendered":"https:\/\/www.linkceramics.com\/?post_type=product&#038;p=385"},"modified":"2024-12-10T02:40:29","modified_gmt":"2024-12-10T02:40:29","slug":"bulk-ceramic-plates","status":"publish","type":"product","link":"https:\/\/www.linkceramics.com\/es\/product\/bulk-ceramic-plates\/","title":{"rendered":"Platos de Cer\u00e1mica a Granel Exquisitos, Platos de Cena al por Mayor con Patr\u00f3n en Relieve"},"content":{"rendered":"<div class=\"wp-block-columns is-layout-flex wp-container-core-columns-is-layout-9d6595d7 wp-block-columns-is-layout-flex\">\n<div class=\"wp-block-column is-layout-flow wp-block-column-is-layout-flow\">\n<h3 class=\"wp-block-heading\">Placas de cer\u00e1mica a granel Premium Caracter\u00edsticas:<\/h3>\n\n\n\n<ul class=\"wp-block-list\">\n<li><strong>Presentaci\u00f3n visual:\u00a0<\/strong>En nuestros platos de cer\u00e1mica a granel se imprimen patrones en relieve. Est\u00e1 lleno de sentimiento art\u00edstico, y el sentido estereosc\u00f3pico de la textura vajilla es especial, no s\u00f3lo puede mejorar el disfrute de las comidas, sino tambi\u00e9n a\u00f1adir colores a la configuraci\u00f3n de la tabla, y por lo tanto apropiado para una variedad de situaciones formales e informales.<\/li>\n\n\n\n<li><strong>Variedad de motivos en relieve para elegir:\u00a0<\/strong>Ya sean motivos cl\u00e1sicos o modernos dise\u00f1os geom\u00e9tricos, le ofrecemos una gran variedad de motivos para estos platos de cena al por mayor. Puede personalizarlos seg\u00fan sus preferencias y el estilo de su mesa para satisfacer diferentes requisitos est\u00e9ticos.<\/li>\n\n\n\n<li><strong>Duradero y f\u00e1cil de limpiar: <\/strong>Nuestros platos de cer\u00e1mica a granel est\u00e1n fabricados con cer\u00e1mica de alta calidad, resistente a las altas temperaturas, los ara\u00f1azos y el desgaste, y su superficie es lisa y resistente a las manchas. La limpieza ser\u00e1 f\u00e1cil y segura utilizando el lavavajillas.<\/li>\n\n\n\n<li><strong>Adecuado para diferentes equipos de cocina: <\/strong>Estos platos de cena al por mayor se fabrican con materia prima cer\u00e1mica ecol\u00f3gica, no t\u00f3xica y saludable. Adem\u00e1s, se pueden utilizar en un horno de microondas, horno, nevera, y otros. Pueden satisfacer sus necesidades culinarias de muchas maneras.<\/li>\n<\/ul>\n<\/div>\n\n\n\n<div class=\"wp-block-column is-layout-flow wp-block-column-is-layout-flow\">\n<figure class=\"wp-block-image size-full\"><img decoding=\"async\" width=\"1500\" height=\"1144\" src=\"https:\/\/www.linkceramics.com\/wp-content\/uploads\/2024\/11\/bulk-ceramic-plates-with-pattens-wholesale-tableware-6.webp\" alt=\"platos de ceramica a granel con plaquetas - vajilla al por mayor - 6\" class=\"wp-image-391\" srcset=\"https:\/\/www.linkceramics.com\/wp-content\/uploads\/2024\/11\/bulk-ceramic-plates-with-pattens-wholesale-tableware-6.webp 1500w, https:\/\/www.linkceramics.com\/wp-content\/uploads\/2024\/11\/bulk-ceramic-plates-with-pattens-wholesale-tableware-6-300x229.webp 300w, https:\/\/www.linkceramics.com\/wp-content\/uploads\/2024\/11\/bulk-ceramic-plates-with-pattens-wholesale-tableware-6-768x586.webp 768w, https:\/\/www.linkceramics.com\/wp-content\/uploads\/2024\/11\/bulk-ceramic-plates-with-pattens-wholesale-tableware-6-1200x915.webp 1200w, https:\/\/www.linkceramics.com\/wp-content\/uploads\/2024\/11\/bulk-ceramic-plates-with-pattens-wholesale-tableware-6-600x458.webp 600w\" sizes=\"(max-width: 1500px) 100vw, 1500px\" \/><\/figure>\n<\/div>\n<\/div>","protected":false},"excerpt":{"rendered":"<div class=\"elementor-element elementor-element-12826c1 elementor-widget elementor-widget-text-editor\" data-id=\"12826c1\" data-element_type=\"widget\" data-widget_type=\"text-editor.default\">\n<div class=\"elementor-widget-container\">Bienvenido a comprar platos de cena al por mayor. Con motivos en relieve de excelente gusto, nuestros platos de cer\u00e1mica al por mayor utilizan material cer\u00e1mico sin plomo de primera calidad, por lo que son un producto de vajilla pragm\u00e1tico, que destaca el gusto de la moda. Estos platos tienen una larga vida \u00fatil y pueden lavarse con seguridad en microondas o lavavajillas.<\/p>\n<h2>Placas de cer\u00e1mica Especificaciones:<\/h2>\n<\/div>\n<\/div>\n<table border=\"0\" width=\"531\" cellspacing=\"0\" cellpadding=\"0\">\n<tbody>\n<tr>\n<td width=\"271\" height=\"24\">Fabricante<\/td>\n<td width=\"260\">JINHUA<\/td>\n<\/tr>\n<tr>\n<td width=\"271\" height=\"25\">N\u00ba de modelo<\/td>\n<td width=\"260\">JHD-15<\/td>\n<\/tr>\n<tr>\n<td width=\"271\" height=\"24\">Dise\u00f1o<\/td>\n<td width=\"260\">Forma redonda<\/td>\n<\/tr>\n<tr>\n<td width=\"271\" height=\"24\">Material<\/td>\n<td width=\"260\">Cer\u00e1mica<\/td>\n<\/tr>\n<tr>\n<td width=\"271\" height=\"24\">Color<\/td>\n<td width=\"260\">Blanco<\/td>\n<\/tr>\n<tr>\n<td width=\"271\" height=\"24\">A medida<\/td>\n<td width=\"260\">Color\/Tama\u00f1o\/Logotipo\/Embalaje<\/td>\n<\/tr>\n<tr>\n<td width=\"271\" height=\"24\">MOQ<\/td>\n<td width=\"260\">500 juegos<\/td>\n<\/tr>\n<tr>\n<td width=\"271\" height=\"24\">Dimensi\u00f3n<\/td>\n<td width=\"260\">20*20*3<\/td>\n<\/tr>\n<tr>\n<td width=\"271\" height=\"24\">N.W \/SET<\/td>\n<td width=\"260\">0,8\/PC<\/td>\n<\/tr>\n<\/tbody>\n<\/table>","protected":false},"featured_media":392,"comment_status":"open","ping_status":"closed","template":"","meta":{"_acf_changed":true},"certification":[63,64,66,58,65,61,60,62,57],"product_brand":[],"product_cat":[34,18],"product_tag":[],"class_list":{"0":"post-385","1":"product","2":"type-product","3":"status-publish","4":"has-post-thumbnail","6":"certification-amfori","7":"certification-bsci","8":"certification-cnas","9":"certification-fda","10":"certification-iaf","11":"certification-iso-14001","12":"certification-iso-45001","13":"certification-iso-9001","14":"certification-lfgb","15":"product_cat-custom-household-ceramics","16":"product_cat-ceramic-tableware-wholesale","18":"first","19":"instock","20":"shipping-taxable","21":"product-type-simple"},"acf":[],"_links":{"self":[{"href":"https:\/\/www.linkceramics.com\/es\/wp-json\/wp\/v2\/product\/385","targetHints":{"allow":["GET"]}}],"collection":[{"href":"https:\/\/www.linkceramics.com\/es\/wp-json\/wp\/v2\/product"}],"about":[{"href":"https:\/\/www.linkceramics.com\/es\/wp-json\/wp\/v2\/types\/product"}],"replies":[{"embeddable":true,"href":"https:\/\/www.linkceramics.com\/es\/wp-json\/wp\/v2\/comments?post=385"}],"wp:featuredmedia":[{"embeddable":true,"href":"https:\/\/www.linkceramics.com\/es\/wp-json\/wp\/v2\/media\/392"}],"wp:attachment":[{"href":"https:\/\/www.linkceramics.com\/es\/wp-json\/wp\/v2\/media?parent=385"}],"wp:term":[{"taxonomy":"certification","embeddable":true,"href":"https:\/\/www.linkceramics.com\/es\/wp-json\/wp\/v2\/certification?post=385"},{"taxonomy":"product_brand","embeddable":true,"href":"https:\/\/www.linkceramics.com\/es\/wp-json\/wp\/v2\/product_brand?post=385"},{"taxonomy":"product_cat","embeddable":true,"href":"https:\/\/www.linkceramics.com\/es\/wp-json\/wp\/v2\/product_cat?post=385"},{"taxonomy":"product_tag","embeddable":true,"href":"https:\/\/www.linkceramics.com\/es\/wp-json\/wp\/v2\/product_tag?post=385"}],"curies":[{"name":"wp","href":"https:\/\/api.w.org\/{rel}","templated":true}]}}