{"id":404,"date":"2024-12-10T02:37:50","date_gmt":"2024-12-10T02:37:50","guid":{"rendered":"https:\/\/www.linkceramics.com\/?post_type=product&#038;p=404"},"modified":"2024-12-10T02:37:51","modified_gmt":"2024-12-10T02:37:51","slug":"candle-holders-in-bulk","status":"publish","type":"product","link":"https:\/\/www.linkceramics.com\/es\/product\/candle-holders-in-bulk\/","title":{"rendered":"Portavelas de Cer\u00e1mica al por mayor, Candeleros Chic al por mayor con patr\u00f3n moteado"},"content":{"rendered":"<div class=\"wp-block-columns is-layout-flex wp-container-core-columns-is-layout-9d6595d7 wp-block-columns-is-layout-flex\">\n<div class=\"wp-block-column is-layout-flow wp-block-column-is-layout-flow\">\n<h3 class=\"wp-block-heading\">Premium Candle Holders In Bulk Caracter\u00edsticas:<\/h3>\n\n\n\n<ul class=\"wp-block-list\">\n<li><strong>Dise\u00f1o de punto de moda, que a\u00f1ade una sensaci\u00f3n de arte moderno:\u00a0<\/strong>Estos portavelas de cer\u00e1mica a granel adoptan un dise\u00f1o de moda con motivos de puntos, que revela una personalidad \u00fanica y un sentido moderno en la sencillez. Es adecuado para todo tipo de decoraci\u00f3n del hogar, decoraci\u00f3n de la mesa u ocasiones especiales, creando un ambiente refinado y elegante.<\/li>\n\n\n\n<li><strong>Material cer\u00e1mico de alta calidad, respetuoso con el medio ambiente y duradero:<\/strong>\u00a0Nuestros candeleros al por mayor est\u00e1n hechos de cer\u00e1mica de alta calidad, cocida a alta temperatura y con una excelente resistencia al calor y durabilidad. El material cer\u00e1mico no s\u00f3lo es respetuoso con el medio ambiente y no t\u00f3xico, sino que tambi\u00e9n tiene una buena resistencia a la humedad, lo que garantiza que el producto sea seguro y fiable para su uso a largo plazo.<\/li>\n\n\n\n<li><strong>M\u00faltiples opciones de tama\u00f1o, adecuadas para diferentes velas:\u00a0<\/strong>Nuestros portavelas de cer\u00e1mica a granel ofrecen una gran variedad de opciones de color, y los clientes pueden combinarlos con flexibilidad seg\u00fan las necesidades de las distintas escenas.<\/li>\n\n\n\n<li><strong>Suministro a granel, soporte de personalizaci\u00f3n personalizada:\u00a0<\/strong>Ofrecemos un servicio de suministro a gran escala de candeleros al por mayor para garantizar las necesidades a largo plazo de los clientes comerciales. Al mismo tiempo, los servicios de personalizaci\u00f3n de apoyo, los clientes pueden personalizar el color del patr\u00f3n de punto y Logo de acuerdo a su propia marca o los requisitos del proyecto para a\u00f1adir personalidad exclusiva a la misma.<\/li>\n<\/ul>\n<\/div>\n\n\n\n<div class=\"wp-block-column is-layout-flow wp-block-column-is-layout-flow\">\n<figure class=\"wp-block-image size-full\"><img decoding=\"async\" width=\"1200\" height=\"1200\" src=\"https:\/\/www.linkceramics.com\/wp-content\/uploads\/2024\/11\/candle-holder-2.webp\" alt=\"portavelas-2\" class=\"wp-image-406\" srcset=\"https:\/\/www.linkceramics.com\/wp-content\/uploads\/2024\/11\/candle-holder-2.webp 1200w, https:\/\/www.linkceramics.com\/wp-content\/uploads\/2024\/11\/candle-holder-2-300x300.webp 300w, https:\/\/www.linkceramics.com\/wp-content\/uploads\/2024\/11\/candle-holder-2-150x150.webp 150w, https:\/\/www.linkceramics.com\/wp-content\/uploads\/2024\/11\/candle-holder-2-768x768.webp 768w, https:\/\/www.linkceramics.com\/wp-content\/uploads\/2024\/11\/candle-holder-2-600x600.webp 600w, https:\/\/www.linkceramics.com\/wp-content\/uploads\/2024\/11\/candle-holder-2-100x100.webp 100w\" sizes=\"(max-width: 1200px) 100vw, 1200px\" \/><\/figure>\n<\/div>\n<\/div>","protected":false},"excerpt":{"rendered":"<div class=\"elementor-element elementor-element-12826c1 elementor-widget elementor-widget-text-editor\" data-id=\"12826c1\" data-element_type=\"widget\" data-widget_type=\"text-editor.default\">\n<div class=\"elementor-widget-container\">Bienvenido a comprar candelabros al por mayor. Nuestros elegantes candelabros de cer\u00e1mica al por mayor presentan un dise\u00f1o \u00fanico de puntos, moderno y elegante, adecuado para la decoraci\u00f3n en diversas ocasiones. El material cer\u00e1mico de alta calidad garantiza su durabilidad y la protecci\u00f3n del medio ambiente, y est\u00e1 disponible en varios colores, por lo que es una opci\u00f3n ideal para uso comercial y dom\u00e9stico.<\/p>\n<h2>Portavelas de cer\u00e1mica Especificaciones:<\/h2>\n<\/div>\n<\/div>\n<table border=\"0\" width=\"531\" cellspacing=\"0\" cellpadding=\"0\">\n<tbody>\n<tr>\n<td width=\"271\" height=\"24\">Fabricante<\/td>\n<td width=\"260\">JINHUA<\/td>\n<\/tr>\n<tr>\n<td width=\"271\" height=\"25\">N\u00ba de modelo<\/td>\n<td width=\"260\">JHB31<\/td>\n<\/tr>\n<tr>\n<td width=\"271\" height=\"24\">Dise\u00f1o<\/td>\n<td width=\"260\">Juego de 4 piezas<\/td>\n<\/tr>\n<tr>\n<td width=\"271\" height=\"24\">Material<\/td>\n<td width=\"260\">Cer\u00e1mica<\/td>\n<\/tr>\n<tr>\n<td width=\"271\" height=\"24\">Color<\/td>\n<td width=\"260\">Negro<\/td>\n<\/tr>\n<tr>\n<td width=\"271\" height=\"24\">A medida<\/td>\n<td width=\"260\">Color\/Tama\u00f1o\/Logotipo\/Embalaje<\/td>\n<\/tr>\n<tr>\n<td width=\"271\" height=\"24\">MOQ<\/td>\n<td width=\"260\">500 juegos<\/td>\n<\/tr>\n<tr>\n<td rowspan=\"4\" width=\"271\" height=\"120\">Dimensi\u00f3n<\/td>\n<td width=\"260\">botella de jab\u00f3n: 5.6*5.6*17.5cm<\/td>\n<\/tr>\n<tr>\n<td width=\"260\">taza: 5,6*5,6*11,4cm<\/td>\n<\/tr>\n<tr>\n<td width=\"260\">Soporte para cepillo de dientes: 5.6*5.6*11.4cm<\/td>\n<\/tr>\n<tr>\n<td width=\"260\">jabonera: 9.1*9.1*2.3cm<\/td>\n<\/tr>\n<\/tbody>\n<\/table>","protected":false},"featured_media":405,"comment_status":"open","ping_status":"closed","template":"","meta":{"_acf_changed":true},"certification":[63,64,66,58,65,61,60,62,57],"product_brand":[],"product_cat":[37,16],"product_tag":[],"class_list":{"0":"post-404","1":"product","2":"type-product","3":"status-publish","4":"has-post-thumbnail","6":"certification-amfori","7":"certification-bsci","8":"certification-cnas","9":"certification-fda","10":"certification-iaf","11":"certification-iso-14001","12":"certification-iso-45001","13":"certification-iso-9001","14":"certification-lfgb","15":"product_cat-decorative-ceramic-wholesale","16":"product_cat-ceramic-candle-holder","18":"first","19":"instock","20":"shipping-taxable","21":"product-type-simple"},"acf":[],"_links":{"self":[{"href":"https:\/\/www.linkceramics.com\/es\/wp-json\/wp\/v2\/product\/404","targetHints":{"allow":["GET"]}}],"collection":[{"href":"https:\/\/www.linkceramics.com\/es\/wp-json\/wp\/v2\/product"}],"about":[{"href":"https:\/\/www.linkceramics.com\/es\/wp-json\/wp\/v2\/types\/product"}],"replies":[{"embeddable":true,"href":"https:\/\/www.linkceramics.com\/es\/wp-json\/wp\/v2\/comments?post=404"}],"wp:featuredmedia":[{"embeddable":true,"href":"https:\/\/www.linkceramics.com\/es\/wp-json\/wp\/v2\/media\/405"}],"wp:attachment":[{"href":"https:\/\/www.linkceramics.com\/es\/wp-json\/wp\/v2\/media?parent=404"}],"wp:term":[{"taxonomy":"certification","embeddable":true,"href":"https:\/\/www.linkceramics.com\/es\/wp-json\/wp\/v2\/certification?post=404"},{"taxonomy":"product_brand","embeddable":true,"href":"https:\/\/www.linkceramics.com\/es\/wp-json\/wp\/v2\/product_brand?post=404"},{"taxonomy":"product_cat","embeddable":true,"href":"https:\/\/www.linkceramics.com\/es\/wp-json\/wp\/v2\/product_cat?post=404"},{"taxonomy":"product_tag","embeddable":true,"href":"https:\/\/www.linkceramics.com\/es\/wp-json\/wp\/v2\/product_tag?post=404"}],"curies":[{"name":"wp","href":"https:\/\/api.w.org\/{rel}","templated":true}]}}