{"id":412,"date":"2024-12-05T09:50:19","date_gmt":"2024-12-05T09:50:19","guid":{"rendered":"https:\/\/www.linkceramics.com\/?post_type=product&#038;p=412"},"modified":"2024-12-05T09:50:20","modified_gmt":"2024-12-05T09:50:20","slug":"clay-cutting-machine","status":"publish","type":"product","link":"https:\/\/www.linkceramics.com\/es\/product\/clay-cutting-machine\/","title":{"rendered":"M\u00e1quina cortadora autom\u00e1tica de arcilla para molino Pug"},"content":{"rendered":"<h3 class=\"wp-block-heading\"><strong>M\u00e1quina cortadora de arcilla Par\u00e1metros:<\/strong><\/h3>\n\n\n\n<figure class=\"wp-block-table\"><table class=\"has-fixed-layout\"><tbody><tr><td>Modelo<\/td><td>M\u00e1x. Di\u00e1metro de la arcilla (cm)<\/td><td>Dimensiones (lxwxh)<\/td><td>Peso (kg)<\/td><\/tr><tr><td>250<\/td><td>25 cm<\/td><td>190x70x140cm(h)<\/td><td>300<\/td><\/tr><tr><td>350<\/td><td>35 cm<\/td><td>190x80x145cm(h)<\/td><td>400<\/td><\/tr><tr><td>500<\/td><td>50 cm<\/td><td>190x100x150cm(h)<\/td><td>500<\/td><\/tr><\/tbody><\/table><\/figure>","protected":false},"excerpt":{"rendered":"<div class=\"elementor-element elementor-element-e8e3df8 elementor-widget elementor-widget-woocommerce-product-short-description\" data-id=\"e8e3df8\" data-element_type=\"widget\" data-widget_type=\"woocommerce-product-short-description.default\">\n<div class=\"elementor-widget-container\">\n<div class=\"woocommerce-product-details__short-description\">La m\u00e1quina cortadora de arcilla autom\u00e1tica al por mayor de Yutai Factory, que puede combinarse con un molino de bolas, es una eficaz l\u00ednea de producci\u00f3n de barro cer\u00e1mico. La m\u00e1quina de corte de arcilla establece la longitud de la arcilla de acuerdo con la necesidad, y la m\u00e1quina corta autom\u00e1ticamente para garantizar la eficiencia.<\/p>\n<h2>Soluci\u00f3n integral para el corte de arcilla\u00a0<strong>m\u00e1quina<\/strong>:<\/h2>\n<ol>\n<li>Precio de f\u00e1brica: Somos un fabricante de maquinaria de cer\u00e1mica, proporcionando m\u00e1quinas de fabricaci\u00f3n de arcilla cer\u00e1mica rentables, bienvenido a contactarnos para obtener el precio de f\u00e1brica.<\/li>\n<li>Asistencia t\u00e9cnica: Proporcionar orientaci\u00f3n t\u00e9cnica profesional e instalaci\u00f3n mec\u00e1nica, con gu\u00edas de v\u00eddeo para garantizar un uso r\u00e1pido del producto.<\/li>\n<li>Piezas de recambio: Suministro de una gama de piezas de repuesto originales.<\/li>\n<li>Asistencia posventa: 24 horas de ayuda en l\u00ednea para asegurarse de que est\u00e1 satisfecho con el molino de arcilla pug y que se utiliza sin problemas en su l\u00ednea de producci\u00f3n.<\/li>\n<\/ol>\n<\/div>\n<\/div>\n<\/div>\n<div class=\"elementor-element elementor-element-713ad46 elementor-widget elementor-widget-text-editor\" data-id=\"713ad46\" data-element_type=\"widget\" data-widget_type=\"text-editor.default\">\n<div class=\"elementor-widget-container\">Como fabricante l\u00edder de maquinaria de cer\u00e1mica dedicado a proporcionar excelentes m\u00e1quinas de vajilla de cer\u00e1mica y servicios para potenciar el \u00e9xito de nuestros clientes.-Yutai<\/div>\n<\/div>","protected":false},"featured_media":414,"comment_status":"open","ping_status":"closed","template":"","meta":{"_acf_changed":true},"certification":[59,61,60,62],"product_brand":[],"product_cat":[39,40],"product_tag":[],"class_list":{"0":"post-412","1":"product","2":"type-product","3":"status-publish","4":"has-post-thumbnail","6":"certification-ce","7":"certification-iso-14001","8":"certification-iso-45001","9":"certification-iso-9001","10":"product_cat-ceramic-machinery","11":"product_cat-ceramic-machines","13":"first","14":"instock","15":"shipping-taxable","16":"product-type-simple"},"acf":[],"_links":{"self":[{"href":"https:\/\/www.linkceramics.com\/es\/wp-json\/wp\/v2\/product\/412","targetHints":{"allow":["GET"]}}],"collection":[{"href":"https:\/\/www.linkceramics.com\/es\/wp-json\/wp\/v2\/product"}],"about":[{"href":"https:\/\/www.linkceramics.com\/es\/wp-json\/wp\/v2\/types\/product"}],"replies":[{"embeddable":true,"href":"https:\/\/www.linkceramics.com\/es\/wp-json\/wp\/v2\/comments?post=412"}],"wp:featuredmedia":[{"embeddable":true,"href":"https:\/\/www.linkceramics.com\/es\/wp-json\/wp\/v2\/media\/414"}],"wp:attachment":[{"href":"https:\/\/www.linkceramics.com\/es\/wp-json\/wp\/v2\/media?parent=412"}],"wp:term":[{"taxonomy":"certification","embeddable":true,"href":"https:\/\/www.linkceramics.com\/es\/wp-json\/wp\/v2\/certification?post=412"},{"taxonomy":"product_brand","embeddable":true,"href":"https:\/\/www.linkceramics.com\/es\/wp-json\/wp\/v2\/product_brand?post=412"},{"taxonomy":"product_cat","embeddable":true,"href":"https:\/\/www.linkceramics.com\/es\/wp-json\/wp\/v2\/product_cat?post=412"},{"taxonomy":"product_tag","embeddable":true,"href":"https:\/\/www.linkceramics.com\/es\/wp-json\/wp\/v2\/product_tag?post=412"}],"curies":[{"name":"wp","href":"https:\/\/api.w.org\/{rel}","templated":true}]}}