{"id":415,"date":"2024-12-10T02:34:22","date_gmt":"2024-12-10T02:34:22","guid":{"rendered":"https:\/\/www.linkceramics.com\/?post_type=product&#038;p=415"},"modified":"2024-12-10T02:34:24","modified_gmt":"2024-12-10T02:34:24","slug":"auto-grinding-and-polish-machine","status":"publish","type":"product","link":"https:\/\/www.linkceramics.com\/es\/product\/auto-grinding-and-polish-machine\/","title":{"rendered":"Pulidora autom\u00e1tica para vajillas de cer\u00e1mica"},"content":{"rendered":"<div class=\"wp-block-columns is-layout-flex wp-container-core-columns-is-layout-9d6595d7 wp-block-columns-is-layout-flex\">\n<div class=\"wp-block-column is-layout-flow wp-block-column-is-layout-flow\">\n<h3 class=\"wp-block-heading\"><strong>M\u00e1quina pulidora y rectificadora autom\u00e1tica Par\u00e1metros:<\/strong><\/h3>\n\n\n\n<figure class=\"wp-block-table\"><table class=\"has-fixed-layout\"><tbody><tr><td>Modelo<\/td><td>130<\/td><td>105<\/td><\/tr><tr><td>Tama\u00f1o m\u00e1x. de conformado<\/td><td>0305mm<\/td><td>0270mm<\/td><\/tr><tr><td>Capacidad<\/td><td>20 piezas\/m<\/td><td>20 piezas\/m<\/td><\/tr><tr><td>Potencia (kw)<\/td><td>3,48 kW\/380 V<\/td><td>1,83 kW\/380 V<\/td><\/tr><tr><td>Dimensiones (lxwxh)<\/td><td>158x130x130(h)<\/td><td>130x105x130(h)<\/td><\/tr><tr><td>Estaciones<\/td><td>10<\/td><td>10<\/td><\/tr><\/tbody><\/table><\/figure>\n<\/div>\n\n\n\n<div class=\"wp-block-column is-layout-flow wp-block-column-is-layout-flow\">\n<figure class=\"wp-block-embed is-type-video is-provider-youtube wp-block-embed-youtube wp-embed-aspect-16-9 wp-has-aspect-ratio\"><div class=\"wp-block-embed__wrapper\">\n<iframe title=\"Pulidora autom\u00e1tica para vajillas de cer\u00e1mica\" width=\"500\" height=\"281\" src=\"https:\/\/www.youtube.com\/embed\/4vGomwSVayg?start=4&#038;feature=oembed\" frameborder=\"0\" allow=\"accelerometer; autoplay; clipboard-write; encrypted-media; gyroscope; picture-in-picture; web-share\" referrerpolicy=\"strict-origin-when-cross-origin\" allowfullscreen><\/iframe>\n<\/div><\/figure>\n<\/div>\n<\/div>\n\n\n\n<h3 class=\"wp-block-heading\"><strong>M\u00e1quina autom\u00e1tica de esmerilado y pulido Caracter\u00edsticas:<\/strong><\/h3>\n\n\n\n<p><strong>Mayor calidad del producto<\/strong>: Consigue acabados de alta calidad recortando y puliendo los bordes y las bases de las vajillas de cer\u00e1mica.<\/p>\n\n\n\n<p><strong>Alta eficacia<\/strong>: Equipada con cabezales de trabajo dobles que act\u00faan simult\u00e1neamente sobre las superficies internas y externas.<\/p>\n\n\n\n<p><strong>Automatizaci\u00f3n<\/strong>: El sistema totalmente automatizado agiliza el proceso de acabado, cuenta con controles sencillos y ajustes autom\u00e1ticos que facilitan su manejo.<\/p>\n\n\n\n<p><strong>Reducci\u00f3n de costes laborales<\/strong>: Al automatizar el proceso de esmerilado y pulido, esta m\u00e1quina reduce la necesidad de mano de obra.<\/p>","protected":false},"excerpt":{"rendered":"<div class=\"elementor-element elementor-element-e8e3df8 elementor-widget elementor-widget-woocommerce-product-short-description\" data-id=\"e8e3df8\" data-element_type=\"widget\" data-widget_type=\"woocommerce-product-short-description.default\">\n<div class=\"elementor-widget-container\">\n<div class=\"woocommerce-product-details__short-description\">Venta directa de f\u00e1brica, proporcionar precio de f\u00e1brica soluci\u00f3n personalizada. Este auto molienda y pulido de la m\u00e1quina se utiliza para recortar los bordes de barro en tazas, cuencos, platos, tazas y platillos.<\/p>\n<h2>Soluci\u00f3n integral para rectificadoras y pulidoras autom\u00e1ticas:<\/h2>\n<ol>\n<li>Precio de f\u00e1brica: Como fabricante de maquinaria de cer\u00e1mica, ofrecemos m\u00e1quinas de corte de arcilla rentables, bienvenido a contactarnos para obtener el precio de f\u00e1brica.<\/li>\n<li>Asistencia t\u00e9cnica: Proporcionar orientaci\u00f3n t\u00e9cnica profesional e instalaci\u00f3n mec\u00e1nica, con gu\u00edas de v\u00eddeo para garantizar un uso r\u00e1pido del producto.<\/li>\n<li>Piezas de recambio: Suministro de una gama de piezas de repuesto originales.<\/li>\n<li>Asistencia posventa: Ayuda en l\u00ednea las 24 horas para garantizar que est\u00e9 satisfecho con la rectificadora y pulidora autom\u00e1tica y que se utilice sin problemas en su l\u00ednea de producci\u00f3n.<\/li>\n<\/ol>\n<\/div>\n<\/div>\n<\/div>\n<div class=\"elementor-element elementor-element-713ad46 elementor-widget elementor-widget-text-editor\" data-id=\"713ad46\" data-element_type=\"widget\" data-widget_type=\"text-editor.default\">\n<div class=\"elementor-widget-container\">Como fabricante l\u00edder de maquinaria de cer\u00e1mica dedicado a proporcionar excelentes m\u00e1quinas de vajilla de cer\u00e1mica y servicios para potenciar el \u00e9xito de nuestros clientes.-Yutai<\/div>\n<\/div>","protected":false},"featured_media":417,"comment_status":"open","ping_status":"closed","template":"","meta":{"_acf_changed":true},"certification":[59,61,60,62],"product_brand":[],"product_cat":[39,40],"product_tag":[],"class_list":{"0":"post-415","1":"product","2":"type-product","3":"status-publish","4":"has-post-thumbnail","6":"certification-ce","7":"certification-iso-14001","8":"certification-iso-45001","9":"certification-iso-9001","10":"product_cat-ceramic-machinery","11":"product_cat-ceramic-machines","13":"first","14":"instock","15":"shipping-taxable","16":"product-type-simple"},"acf":[],"_links":{"self":[{"href":"https:\/\/www.linkceramics.com\/es\/wp-json\/wp\/v2\/product\/415","targetHints":{"allow":["GET"]}}],"collection":[{"href":"https:\/\/www.linkceramics.com\/es\/wp-json\/wp\/v2\/product"}],"about":[{"href":"https:\/\/www.linkceramics.com\/es\/wp-json\/wp\/v2\/types\/product"}],"replies":[{"embeddable":true,"href":"https:\/\/www.linkceramics.com\/es\/wp-json\/wp\/v2\/comments?post=415"}],"wp:featuredmedia":[{"embeddable":true,"href":"https:\/\/www.linkceramics.com\/es\/wp-json\/wp\/v2\/media\/417"}],"wp:attachment":[{"href":"https:\/\/www.linkceramics.com\/es\/wp-json\/wp\/v2\/media?parent=415"}],"wp:term":[{"taxonomy":"certification","embeddable":true,"href":"https:\/\/www.linkceramics.com\/es\/wp-json\/wp\/v2\/certification?post=415"},{"taxonomy":"product_brand","embeddable":true,"href":"https:\/\/www.linkceramics.com\/es\/wp-json\/wp\/v2\/product_brand?post=415"},{"taxonomy":"product_cat","embeddable":true,"href":"https:\/\/www.linkceramics.com\/es\/wp-json\/wp\/v2\/product_cat?post=415"},{"taxonomy":"product_tag","embeddable":true,"href":"https:\/\/www.linkceramics.com\/es\/wp-json\/wp\/v2\/product_tag?post=415"}],"curies":[{"name":"wp","href":"https:\/\/api.w.org\/{rel}","templated":true}]}}