{"id":426,"date":"2024-12-09T10:43:56","date_gmt":"2024-12-09T10:43:56","guid":{"rendered":"https:\/\/www.linkceramics.com\/?post_type=product&#038;p=426"},"modified":"2024-12-09T10:43:57","modified_gmt":"2024-12-09T10:43:57","slug":"glaze-line","status":"publish","type":"product","link":"https:\/\/www.linkceramics.com\/es\/product\/glaze-line\/","title":{"rendered":"L\u00ednea autom\u00e1tica de esmaltado de cer\u00e1mica por pulverizaci\u00f3n"},"content":{"rendered":"<div class=\"wp-block-columns is-layout-flex wp-container-core-columns-is-layout-9d6595d7 wp-block-columns-is-layout-flex\">\n<div class=\"wp-block-column is-layout-flow wp-block-column-is-layout-flow\">\n<h3 class=\"wp-block-heading\"><strong>L\u00ednea Glaze<\/strong>\u00a0<strong>Caracter\u00edsticas:<\/strong><\/h3>\n\n\n\n<p>Mediante el precalentamiento del producto y la rotaci\u00f3n en el proceso de trabajo, la l\u00ednea de esmaltado autom\u00e1tico se utiliza para rociar el esmalte en todos los \u00e1ngulos del producto, que es adecuado para toda la porcelana y hueso de China y el da\u00f1o secundario de cer\u00e1mica cocida, as\u00ed como el primer da\u00f1o de barro cocido. Rociar esmalte es uniforme, de alta eficiencia, y reduce los costos de mano de obra.<\/p>\n<\/div>\n\n\n\n<div class=\"wp-block-column is-layout-flow wp-block-column-is-layout-flow\">\n<figure class=\"wp-block-image size-full\"><img decoding=\"async\" width=\"1014\" height=\"1014\" src=\"https:\/\/www.linkceramics.com\/wp-content\/uploads\/2024\/11\/auto-glaze-line3.webp\" alt=\"auto-glaze-line3\" class=\"wp-image-430\" srcset=\"https:\/\/www.linkceramics.com\/wp-content\/uploads\/2024\/11\/auto-glaze-line3.webp 1014w, https:\/\/www.linkceramics.com\/wp-content\/uploads\/2024\/11\/auto-glaze-line3-300x300.webp 300w, https:\/\/www.linkceramics.com\/wp-content\/uploads\/2024\/11\/auto-glaze-line3-150x150.webp 150w, https:\/\/www.linkceramics.com\/wp-content\/uploads\/2024\/11\/auto-glaze-line3-768x768.webp 768w, https:\/\/www.linkceramics.com\/wp-content\/uploads\/2024\/11\/auto-glaze-line3-600x600.webp 600w, https:\/\/www.linkceramics.com\/wp-content\/uploads\/2024\/11\/auto-glaze-line3-100x100.webp 100w\" sizes=\"(max-width: 1014px) 100vw, 1014px\" \/><\/figure>\n<\/div>\n<\/div>\n\n\n\n<div class=\"wp-block-columns is-layout-flex wp-container-core-columns-is-layout-9d6595d7 wp-block-columns-is-layout-flex\">\n<div class=\"wp-block-column is-layout-flow wp-block-column-is-layout-flow\">\n<h3 class=\"wp-block-heading\"><strong>Par\u00e1metro de la l\u00ednea de glaseado<\/strong><\/h3>\n\n\n\n<figure class=\"wp-block-table\"><table class=\"has-fixed-layout\"><tbody><tr><td>Modelo<\/td><td>12<\/td><\/tr><tr><td>Tama\u00f1o m\u00e1ximo de formaci\u00f3n (cm)<\/td><td>Dia 35 x 20cm (h)<\/td><\/tr><tr><td>Capacidad<\/td><td>900-1800pcs\/h<\/td><\/tr><tr><td>Potencia (kw)<\/td><td>15kw<\/td><\/tr><tr><td>Dimensiones (lxwxh)<\/td><td>11,5\u00d74,5\u00d73 m(h)<\/td><\/tr><tr><td>Peso (kg)<\/td><td>5000<\/td><\/tr><\/tbody><\/table><\/figure>\n<\/div>\n\n\n\n<div class=\"wp-block-column is-layout-flow wp-block-column-is-layout-flow\">\n<figure class=\"wp-block-image size-full\"><img decoding=\"async\" width=\"730\" height=\"732\" src=\"https:\/\/www.linkceramics.com\/wp-content\/uploads\/2024\/11\/auto-glaze-line.webp\" alt=\"auto-glaze-line\" class=\"wp-image-429\" srcset=\"https:\/\/www.linkceramics.com\/wp-content\/uploads\/2024\/11\/auto-glaze-line.webp 730w, https:\/\/www.linkceramics.com\/wp-content\/uploads\/2024\/11\/auto-glaze-line-300x300.webp 300w, https:\/\/www.linkceramics.com\/wp-content\/uploads\/2024\/11\/auto-glaze-line-150x150.webp 150w, https:\/\/www.linkceramics.com\/wp-content\/uploads\/2024\/11\/auto-glaze-line-600x602.webp 600w, https:\/\/www.linkceramics.com\/wp-content\/uploads\/2024\/11\/auto-glaze-line-100x100.webp 100w\" sizes=\"(max-width: 730px) 100vw, 730px\" \/><\/figure>\n<\/div>\n<\/div>","protected":false},"excerpt":{"rendered":"<div class=\"elementor-element elementor-element-e8e3df8 elementor-widget elementor-widget-woocommerce-product-short-description\" data-id=\"e8e3df8\" data-element_type=\"widget\" data-widget_type=\"woocommerce-product-short-description.default\">\n<div class=\"elementor-widget-container\">\n<div class=\"woocommerce-product-details__short-description\">L\u00ednea de esmaltado autom\u00e1tico, para realizar el proceso de precalentamiento, esmaltado por pulverizaci\u00f3n y secado de productos cer\u00e1micos. Yutai Ceramic Machine Factory ofrece servicios de personalizaci\u00f3n e instalaci\u00f3n a precios preferenciales para cada cliente.<\/p>\n<h2>Soluci\u00f3n integral para la l\u00ednea de esmaltado:<\/h2>\n<ol>\n<li>Precio de f\u00e1brica: Como fabricante de m\u00e1quinas de cer\u00e1mica, ofrecemos una l\u00ednea de esmaltado rentable, bienvenido a contactarnos para obtener el precio de f\u00e1brica.<\/li>\n<li>Asistencia t\u00e9cnica: Proporcionar orientaci\u00f3n t\u00e9cnica profesional e instalaci\u00f3n mec\u00e1nica, con gu\u00edas de v\u00eddeo para garantizar un uso r\u00e1pido del producto.<\/li>\n<li>Piezas de recambio: Suministro de una gama de piezas de repuesto originales.<\/li>\n<li>Asistencia posventa: Ayuda en l\u00ednea las 24 horas para garantizar que est\u00e9 satisfecho con la l\u00ednea de esmaltado y que se utilice sin problemas en su l\u00ednea de producci\u00f3n.<\/li>\n<\/ol>\n<\/div>\n<\/div>\n<\/div>\n<div class=\"elementor-element elementor-element-713ad46 elementor-widget elementor-widget-text-editor\" data-id=\"713ad46\" data-element_type=\"widget\" data-widget_type=\"text-editor.default\">\n<div class=\"elementor-widget-container\">Como fabricante l\u00edder de maquinaria de cer\u00e1mica dedicado a proporcionar excelentes m\u00e1quinas de vajilla de cer\u00e1mica y servicios para potenciar el \u00e9xito de nuestros clientes.-Yutai<\/div>\n<\/div>","protected":false},"featured_media":430,"comment_status":"open","ping_status":"closed","template":"","meta":{"_acf_changed":true},"certification":[59,61,60,62],"product_brand":[],"product_cat":[39,40],"product_tag":[],"class_list":{"0":"post-426","1":"product","2":"type-product","3":"status-publish","4":"has-post-thumbnail","6":"certification-ce","7":"certification-iso-14001","8":"certification-iso-45001","9":"certification-iso-9001","10":"product_cat-ceramic-machinery","11":"product_cat-ceramic-machines","13":"first","14":"instock","15":"shipping-taxable","16":"product-type-simple"},"acf":[],"_links":{"self":[{"href":"https:\/\/www.linkceramics.com\/es\/wp-json\/wp\/v2\/product\/426","targetHints":{"allow":["GET"]}}],"collection":[{"href":"https:\/\/www.linkceramics.com\/es\/wp-json\/wp\/v2\/product"}],"about":[{"href":"https:\/\/www.linkceramics.com\/es\/wp-json\/wp\/v2\/types\/product"}],"replies":[{"embeddable":true,"href":"https:\/\/www.linkceramics.com\/es\/wp-json\/wp\/v2\/comments?post=426"}],"wp:featuredmedia":[{"embeddable":true,"href":"https:\/\/www.linkceramics.com\/es\/wp-json\/wp\/v2\/media\/430"}],"wp:attachment":[{"href":"https:\/\/www.linkceramics.com\/es\/wp-json\/wp\/v2\/media?parent=426"}],"wp:term":[{"taxonomy":"certification","embeddable":true,"href":"https:\/\/www.linkceramics.com\/es\/wp-json\/wp\/v2\/certification?post=426"},{"taxonomy":"product_brand","embeddable":true,"href":"https:\/\/www.linkceramics.com\/es\/wp-json\/wp\/v2\/product_brand?post=426"},{"taxonomy":"product_cat","embeddable":true,"href":"https:\/\/www.linkceramics.com\/es\/wp-json\/wp\/v2\/product_cat?post=426"},{"taxonomy":"product_tag","embeddable":true,"href":"https:\/\/www.linkceramics.com\/es\/wp-json\/wp\/v2\/product_tag?post=426"}],"curies":[{"name":"wp","href":"https:\/\/api.w.org\/{rel}","templated":true}]}}