{"id":431,"date":"2024-12-09T10:25:44","date_gmt":"2024-12-09T10:25:44","guid":{"rendered":"https:\/\/www.linkceramics.com\/?post_type=product&#038;p=431"},"modified":"2024-12-09T10:25:45","modified_gmt":"2024-12-09T10:25:45","slug":"roller-kiln","status":"publish","type":"product","link":"https:\/\/www.linkceramics.com\/es\/product\/roller-kiln\/","title":{"rendered":"Precio de f\u00e1brica de la m\u00e1quina autom\u00e1tica del horno del rodillo de cer\u00e1mica"},"content":{"rendered":"<div class=\"wp-block-columns is-layout-flex wp-container-core-columns-is-layout-9d6595d7 wp-block-columns-is-layout-flex\">\n<div class=\"wp-block-column is-layout-flow wp-block-column-is-layout-flow\">\n<h3 class=\"wp-block-heading\"><strong>Caracter\u00edsticas del horno de rodillos<\/strong><\/h3>\n\n\n\n<p>Control preciso de la temperatura: La integraci\u00f3n de la tecnolog\u00eda de control de temperatura PID (Proporcional-Integral-Derivativo) por microordenador garantiza una regulaci\u00f3n precisa y estable de la temperatura durante todo el proceso de cocci\u00f3n.<\/p>\n\n\n\n<p>Alta eficacia: Con un funcionamiento continuo y ciclos de cocci\u00f3n controlados, los hornos de rodillos ofrecen un alto rendimiento y productividad, lo que permite una producci\u00f3n a gran escala con un tiempo de inactividad m\u00ednimo.<\/p>\n<\/div>\n\n\n\n<div class=\"wp-block-column is-layout-flow wp-block-column-is-layout-flow\">\n<figure class=\"wp-block-image size-full\"><img decoding=\"async\" width=\"1280\" height=\"1280\" src=\"https:\/\/www.linkceramics.com\/wp-content\/uploads\/2024\/11\/roller-kiln3.webp\" alt=\"rodillo-kiln3\" class=\"wp-image-434\" srcset=\"https:\/\/www.linkceramics.com\/wp-content\/uploads\/2024\/11\/roller-kiln3.webp 1280w, https:\/\/www.linkceramics.com\/wp-content\/uploads\/2024\/11\/roller-kiln3-300x300.webp 300w, https:\/\/www.linkceramics.com\/wp-content\/uploads\/2024\/11\/roller-kiln3-150x150.webp 150w, https:\/\/www.linkceramics.com\/wp-content\/uploads\/2024\/11\/roller-kiln3-768x768.webp 768w, https:\/\/www.linkceramics.com\/wp-content\/uploads\/2024\/11\/roller-kiln3-1200x1200.webp 1200w, https:\/\/www.linkceramics.com\/wp-content\/uploads\/2024\/11\/roller-kiln3-600x600.webp 600w, https:\/\/www.linkceramics.com\/wp-content\/uploads\/2024\/11\/roller-kiln3-100x100.webp 100w\" sizes=\"(max-width: 1280px) 100vw, 1280px\" \/><\/figure>\n<\/div>\n<\/div>","protected":false},"excerpt":{"rendered":"<div class=\"elementor-element elementor-element-e8e3df8 elementor-widget elementor-widget-woocommerce-product-short-description\" data-id=\"e8e3df8\" data-element_type=\"widget\" data-widget_type=\"woocommerce-product-short-description.default\">\n<div class=\"elementor-widget-container\">\n<div class=\"woocommerce-product-details__short-description\">Como fabricante de hornos de rodillos, Yutai proporciona soporte t\u00e9cnico y servicios de soluciones personalizadas. La maquinaria duradera de alta calidad y la automatizaci\u00f3n del programa PID garantizan un control preciso de la temperatura y una producci\u00f3n eficiente.<\/p>\n<h2>Soluci\u00f3n integral para hornos de rodillos :<\/h2>\n<ol>\n<li>Personalizaci\u00f3n a medida: Admite piezas de equipo personalizadas, accesorios personalizados y aplicaciones personalizadas.<\/li>\n<li>Apoyo al dise\u00f1o:  De acuerdo con el \u00e1rea de la f\u00e1brica, el plan de producci\u00f3n y la inversi\u00f3n de capital, proporcionamos servicios profesionales de dise\u00f1o y disposici\u00f3n.<\/li>\n<li>Asistencia t\u00e9cnica y servicio: T\u00e9cnicos altamente cualificados montar\u00e1n su maquinaria y le proporcionar\u00e1n formaci\u00f3n en v\u00eddeo y asistencia t\u00e9cnica.<\/li>\n<\/ol>\n<\/div>\n<\/div>\n<\/div>\n<div class=\"elementor-element elementor-element-713ad46 elementor-widget elementor-widget-text-editor\" data-id=\"713ad46\" data-element_type=\"widget\" data-widget_type=\"text-editor.default\">\n<div class=\"elementor-widget-container\">Como fabricante l\u00edder de maquinaria de cer\u00e1mica dedicado a proporcionar excelentes m\u00e1quinas de vajilla de cer\u00e1mica y servicios para potenciar el \u00e9xito de nuestros clientes.-Yutai<\/div>\n<\/div>","protected":false},"featured_media":434,"comment_status":"open","ping_status":"closed","template":"","meta":{"_acf_changed":true},"certification":[59,61,60,62],"product_brand":[],"product_cat":[39,40],"product_tag":[],"class_list":{"0":"post-431","1":"product","2":"type-product","3":"status-publish","4":"has-post-thumbnail","6":"certification-ce","7":"certification-iso-14001","8":"certification-iso-45001","9":"certification-iso-9001","10":"product_cat-ceramic-machinery","11":"product_cat-ceramic-machines","13":"first","14":"instock","15":"shipping-taxable","16":"product-type-simple"},"acf":[],"_links":{"self":[{"href":"https:\/\/www.linkceramics.com\/es\/wp-json\/wp\/v2\/product\/431","targetHints":{"allow":["GET"]}}],"collection":[{"href":"https:\/\/www.linkceramics.com\/es\/wp-json\/wp\/v2\/product"}],"about":[{"href":"https:\/\/www.linkceramics.com\/es\/wp-json\/wp\/v2\/types\/product"}],"replies":[{"embeddable":true,"href":"https:\/\/www.linkceramics.com\/es\/wp-json\/wp\/v2\/comments?post=431"}],"wp:featuredmedia":[{"embeddable":true,"href":"https:\/\/www.linkceramics.com\/es\/wp-json\/wp\/v2\/media\/434"}],"wp:attachment":[{"href":"https:\/\/www.linkceramics.com\/es\/wp-json\/wp\/v2\/media?parent=431"}],"wp:term":[{"taxonomy":"certification","embeddable":true,"href":"https:\/\/www.linkceramics.com\/es\/wp-json\/wp\/v2\/certification?post=431"},{"taxonomy":"product_brand","embeddable":true,"href":"https:\/\/www.linkceramics.com\/es\/wp-json\/wp\/v2\/product_brand?post=431"},{"taxonomy":"product_cat","embeddable":true,"href":"https:\/\/www.linkceramics.com\/es\/wp-json\/wp\/v2\/product_cat?post=431"},{"taxonomy":"product_tag","embeddable":true,"href":"https:\/\/www.linkceramics.com\/es\/wp-json\/wp\/v2\/product_tag?post=431"}],"curies":[{"name":"wp","href":"https:\/\/api.w.org\/{rel}","templated":true}]}}