{"id":454,"date":"2024-12-09T09:53:18","date_gmt":"2024-12-09T09:53:18","guid":{"rendered":"https:\/\/www.linkceramics.com\/?post_type=product&#038;p=454"},"modified":"2024-12-09T09:53:19","modified_gmt":"2024-12-09T09:53:19","slug":"all-kind-sander","status":"publish","type":"product","link":"https:\/\/www.linkceramics.com\/es\/product\/all-kind-sander\/","title":{"rendered":"Lijadora All Kind"},"content":{"rendered":"","protected":false},"excerpt":{"rendered":"<div class=\"elementor-element elementor-element-e8e3df8 elementor-widget elementor-widget-woocommerce-product-short-description\" data-id=\"e8e3df8\" data-element_type=\"widget\" data-widget_type=\"woocommerce-product-short-description.default\">\n<div class=\"elementor-widget-container\">\n<div class=\"woocommerce-product-details__short-description\">\n<p>La lijadora All Kind se utiliza principalmente para nivelar superficies, recortar bordes, desbarbar, preparar esmaltes y reparar reprocesamientos. Puede hacer que la superficie de la cer\u00e1mica sea m\u00e1s lisa y plana, garantizar bordes n\u00edtidos, eliminar rebabas generadas durante el proceso de producci\u00f3n, mejorar la adherencia del esmalte y reparar peque\u00f1os defectos, mejorando as\u00ed eficazmente la calidad y la productividad de los productos cer\u00e1micos.<\/p>\n<\/div>\n<\/div>\n<\/div>\n<div class=\"elementor-element elementor-element-713ad46 elementor-widget elementor-widget-text-editor\" data-id=\"713ad46\" data-element_type=\"widget\" data-widget_type=\"text-editor.default\">\n<div class=\"elementor-widget-container\">\n<p>Como fabricante l\u00edder de maquinaria de cer\u00e1mica dedicado a proporcionar excelentes m\u00e1quinas de vajilla de cer\u00e1mica y servicios para potenciar el \u00e9xito de nuestros clientes.-Yutai<\/p>\n<\/div>\n<\/div>","protected":false},"featured_media":455,"comment_status":"open","ping_status":"closed","template":"","meta":{"_acf_changed":true},"certification":[59,61,60,62],"product_brand":[],"product_cat":[39,40],"product_tag":[],"class_list":{"0":"post-454","1":"product","2":"type-product","3":"status-publish","4":"has-post-thumbnail","6":"certification-ce","7":"certification-iso-14001","8":"certification-iso-45001","9":"certification-iso-9001","10":"product_cat-ceramic-machinery","11":"product_cat-ceramic-machines","13":"first","14":"instock","15":"shipping-taxable","16":"product-type-simple"},"acf":[],"_links":{"self":[{"href":"https:\/\/www.linkceramics.com\/es\/wp-json\/wp\/v2\/product\/454","targetHints":{"allow":["GET"]}}],"collection":[{"href":"https:\/\/www.linkceramics.com\/es\/wp-json\/wp\/v2\/product"}],"about":[{"href":"https:\/\/www.linkceramics.com\/es\/wp-json\/wp\/v2\/types\/product"}],"replies":[{"embeddable":true,"href":"https:\/\/www.linkceramics.com\/es\/wp-json\/wp\/v2\/comments?post=454"}],"wp:featuredmedia":[{"embeddable":true,"href":"https:\/\/www.linkceramics.com\/es\/wp-json\/wp\/v2\/media\/455"}],"wp:attachment":[{"href":"https:\/\/www.linkceramics.com\/es\/wp-json\/wp\/v2\/media?parent=454"}],"wp:term":[{"taxonomy":"certification","embeddable":true,"href":"https:\/\/www.linkceramics.com\/es\/wp-json\/wp\/v2\/certification?post=454"},{"taxonomy":"product_brand","embeddable":true,"href":"https:\/\/www.linkceramics.com\/es\/wp-json\/wp\/v2\/product_brand?post=454"},{"taxonomy":"product_cat","embeddable":true,"href":"https:\/\/www.linkceramics.com\/es\/wp-json\/wp\/v2\/product_cat?post=454"},{"taxonomy":"product_tag","embeddable":true,"href":"https:\/\/www.linkceramics.com\/es\/wp-json\/wp\/v2\/product_tag?post=454"}],"curies":[{"name":"wp","href":"https:\/\/api.w.org\/{rel}","templated":true}]}}