{"id":456,"date":"2024-12-09T09:51:47","date_gmt":"2024-12-09T09:51:47","guid":{"rendered":"https:\/\/www.linkceramics.com\/?post_type=product&#038;p=456"},"modified":"2024-12-09T09:51:48","modified_gmt":"2024-12-09T09:51:48","slug":"wholesale-parrot-figurines","status":"publish","type":"product","link":"https:\/\/www.linkceramics.com\/es\/product\/wholesale-parrot-figurines\/","title":{"rendered":"Exquisitas Figuras de Loros Vintage al por mayor: Coleccionables Decorativos \u00danicos para el Hogar y el Jard\u00edn"},"content":{"rendered":"<h3 class=\"wp-block-heading\">Par\u00e1metros de las figuras de loros al por mayor<\/h3>\n\n\n\n<figure class=\"wp-block-table\"><table class=\"has-fixed-layout\"><tbody><tr><td>Modelo<\/td><td>Nombre del producto<\/td><td>Color<\/td><td>Material<\/td><td>Utiliza<\/td><td>Dimensiones<\/td><td>Peso<\/td><\/tr><tr><td>E37129-H885-A01<\/td><td>Gentleman Parrot<\/td><td>Marr\u00f3n rugoso antiguo<\/td><td>Resina<\/td><td>decoraci\u00f3n,sal\u00f3n<\/td><td>13,5X12X38cm<\/td><td>1,4kg\/PC<\/td><\/tr><\/tbody><\/table><\/figure>\n\n\n\n<div class=\"wp-block-columns is-layout-flex wp-container-core-columns-is-layout-9d6595d7 wp-block-columns-is-layout-flex\">\n<div class=\"wp-block-column is-layout-flow wp-block-column-is-layout-flow\">\n<figure class=\"wp-block-image size-full\"><img decoding=\"async\" width=\"768\" height=\"640\" src=\"https:\/\/www.linkceramics.com\/wp-content\/uploads\/2024\/11\/vintage-parrot-figurine-4-768x640-1.jpg\" alt=\"venta al por mayor- loros-figurines-4\" class=\"wp-image-458\" srcset=\"https:\/\/www.linkceramics.com\/wp-content\/uploads\/2024\/11\/vintage-parrot-figurine-4-768x640-1.jpg 768w, https:\/\/www.linkceramics.com\/wp-content\/uploads\/2024\/11\/vintage-parrot-figurine-4-768x640-1-300x250.jpg 300w, https:\/\/www.linkceramics.com\/wp-content\/uploads\/2024\/11\/vintage-parrot-figurine-4-768x640-1-600x500.jpg 600w\" sizes=\"(max-width: 768px) 100vw, 768px\" \/><\/figure>\n<\/div>\n\n\n\n<div class=\"wp-block-column is-layout-flow wp-block-column-is-layout-flow\">\n<figure class=\"wp-block-image size-full\"><img decoding=\"async\" width=\"768\" height=\"640\" src=\"https:\/\/www.linkceramics.com\/wp-content\/uploads\/2024\/11\/vintage-parrot-figurine-5-768x640-1.jpg\" alt=\"venta al por mayor- loros-figurines-2\" class=\"wp-image-459\" srcset=\"https:\/\/www.linkceramics.com\/wp-content\/uploads\/2024\/11\/vintage-parrot-figurine-5-768x640-1.jpg 768w, https:\/\/www.linkceramics.com\/wp-content\/uploads\/2024\/11\/vintage-parrot-figurine-5-768x640-1-300x250.jpg 300w, https:\/\/www.linkceramics.com\/wp-content\/uploads\/2024\/11\/vintage-parrot-figurine-5-768x640-1-600x500.jpg 600w\" sizes=\"(max-width: 768px) 100vw, 768px\" \/><\/figure>\n<\/div>\n<\/div>","protected":false},"excerpt":{"rendered":"<p>Explore nuestra colecci\u00f3n \u00fanica de Figuras de Loro Vintage al por mayor, cada una fabricada con materiales de primera calidad para garantizar su durabilidad y f\u00e1cil mantenimiento. Con la artesan\u00eda meticulosa y colores vivos, perfecto para cualquier estilo de interior o al aire libre. Como fabricante de cer\u00e1mica para decoraci\u00f3n del hogar, ofrecemos soporte de personalizaci\u00f3n a compradores B2B, donde conseguir el tama\u00f1o, color o dise\u00f1o espec\u00edfico que necesita puede mejorar el atractivo de su mercanc\u00eda e impulsar el crecimiento de las ventas. P\u00f3ngase en contacto con nosotros para obtener m\u00e1s informaci\u00f3n sobre los productos.<\/p>\n<h2>Caracter\u00edsticas de las Figuras de loros al por mayor<\/h2>\n<p><strong>Forma original:<\/strong> Dise\u00f1ar la Figurilla del loro sobre un toc\u00f3n de \u00e1rbol la har\u00e1 natural y armoniosa. Tal dise\u00f1o no s\u00f3lo aumentar\u00e1 el sentido tridimensional de la escultura, sino que tambi\u00e9n la har\u00e1 m\u00e1s viva e interesante.<br \/><strong>Durabilidad:<\/strong> Esta figura de loro vintage est\u00e1 hecha de resina de alta calidad, que tiene una excelente durabilidad y resistencia a la corrosi\u00f3n. Sus propiedades impermeables y resistentes a la intemperie garantizan que se mantenga como nueva en diversas condiciones clim\u00e1ticas.<br \/><strong>Exquisita artesan\u00eda:<\/strong> Las plumas del loro est\u00e1n muy detalladas y presentan un tono blanco natural, lo que tambi\u00e9n hace que la escultura sea m\u00e1s art\u00edstica y realista en su conjunto.<br \/><strong>Servicio a medida:<\/strong> Como fabricante l\u00edder de decoraci\u00f3n para el hogar en China, ofrecemos opciones de personalizaci\u00f3n ilimitadas para satisfacer sus necesidades y preferencias \u00fanicas. Desde tama\u00f1os, colores y materiales espec\u00edficos hasta dise\u00f1os \u00fanicos, nos aseguramos de que cada producto satisfaga sus expectativas.<\/p>","protected":false},"featured_media":457,"comment_status":"open","ping_status":"closed","template":"","meta":{"_acf_changed":true},"certification":[63,64,66,65,61,60,62],"product_brand":[],"product_cat":[37,38],"product_tag":[],"class_list":{"0":"post-456","1":"product","2":"type-product","3":"status-publish","4":"has-post-thumbnail","6":"certification-amfori","7":"certification-bsci","8":"certification-cnas","9":"certification-iaf","10":"certification-iso-14001","11":"certification-iso-45001","12":"certification-iso-9001","13":"product_cat-decorative-ceramic-wholesale","14":"product_cat-custom-ceramic-ornament","16":"first","17":"instock","18":"shipping-taxable","19":"product-type-simple"},"acf":[],"_links":{"self":[{"href":"https:\/\/www.linkceramics.com\/es\/wp-json\/wp\/v2\/product\/456","targetHints":{"allow":["GET"]}}],"collection":[{"href":"https:\/\/www.linkceramics.com\/es\/wp-json\/wp\/v2\/product"}],"about":[{"href":"https:\/\/www.linkceramics.com\/es\/wp-json\/wp\/v2\/types\/product"}],"replies":[{"embeddable":true,"href":"https:\/\/www.linkceramics.com\/es\/wp-json\/wp\/v2\/comments?post=456"}],"wp:featuredmedia":[{"embeddable":true,"href":"https:\/\/www.linkceramics.com\/es\/wp-json\/wp\/v2\/media\/457"}],"wp:attachment":[{"href":"https:\/\/www.linkceramics.com\/es\/wp-json\/wp\/v2\/media?parent=456"}],"wp:term":[{"taxonomy":"certification","embeddable":true,"href":"https:\/\/www.linkceramics.com\/es\/wp-json\/wp\/v2\/certification?post=456"},{"taxonomy":"product_brand","embeddable":true,"href":"https:\/\/www.linkceramics.com\/es\/wp-json\/wp\/v2\/product_brand?post=456"},{"taxonomy":"product_cat","embeddable":true,"href":"https:\/\/www.linkceramics.com\/es\/wp-json\/wp\/v2\/product_cat?post=456"},{"taxonomy":"product_tag","embeddable":true,"href":"https:\/\/www.linkceramics.com\/es\/wp-json\/wp\/v2\/product_tag?post=456"}],"curies":[{"name":"wp","href":"https:\/\/api.w.org\/{rel}","templated":true}]}}