{"id":460,"date":"2024-12-09T09:45:33","date_gmt":"2024-12-09T09:45:33","guid":{"rendered":"https:\/\/www.linkceramics.com\/?post_type=product&#038;p=460"},"modified":"2024-12-09T09:46:23","modified_gmt":"2024-12-09T09:46:23","slug":"wholesale-decorative-ceramic-birds","status":"publish","type":"product","link":"https:\/\/www.linkceramics.com\/es\/product\/wholesale-decorative-ceramic-birds\/","title":{"rendered":"Mayorista P\u00e1jaros de Cer\u00e1mica Decorativa, Exquisita Decoraci\u00f3n de P\u00e1jaros de Cer\u00e1mica en Venta"},"content":{"rendered":"<h3 class=\"wp-block-heading\">Par\u00e1metros de los p\u00e1jaros de cer\u00e1mica decorativa<\/h3>\n\n\n\n<figure class=\"wp-block-table\"><table class=\"has-fixed-layout\"><tbody><tr><td>Modelo<\/td><td>Nombre del producto<\/td><td>Color<\/td><td>Material<\/td><td>Utiliza<\/td><td>Dimensiones<\/td><td>Peso<\/td><\/tr><tr><td>A29051-LB24-A01<\/td><td>P\u00e1jaro de pie de cer\u00e1mica<\/td><td>Amarillo brillante<\/td><td>Cer\u00e1mica<\/td><td>decoraci\u00f3n,sal\u00f3n<\/td><td>P:12,5X24 cm<\/td><td>0,6kg\/PC<\/td><\/tr><tr><td>A29052-LB24-A01<\/td><td>P\u00e1jaro agazapado de cer\u00e1mica<\/td><td>Amarillo brillante<\/td><td>Cer\u00e1mica<\/td><td>decoraci\u00f3n,sal\u00f3n<\/td><td>14,5X12X16,5 cm<\/td><td>0,6kg\/PC<\/td><\/tr><tr><td>A29053-LB24-A01<\/td><td>P\u00e1jaro nidificante de cer\u00e1mica<\/td><td>Amarillo brillante<\/td><td>Cer\u00e1mica<\/td><td>decoraci\u00f3n,sal\u00f3n<\/td><td>14X9,5X10 cm<\/td><td>0,3kg\/PC<\/td><\/tr><\/tbody><\/table><\/figure>\n\n\n\n<div class=\"wp-block-columns is-layout-flex wp-container-core-columns-is-layout-9d6595d7 wp-block-columns-is-layout-flex\">\n<div class=\"wp-block-column is-layout-flow wp-block-column-is-layout-flow\">\n<figure class=\"wp-block-image size-full\"><img decoding=\"async\" width=\"768\" height=\"640\" src=\"https:\/\/www.linkceramics.com\/wp-content\/uploads\/2024\/11\/Wholesale-Decorative-Ceramic-Birds-2-768x640.jpg.webp\" alt=\"Mayorista-P\u00e1jaros de cer\u00e1mica decorativa-2-768x640.jpg\" class=\"wp-image-466\" srcset=\"https:\/\/www.linkceramics.com\/wp-content\/uploads\/2024\/11\/Wholesale-Decorative-Ceramic-Birds-2-768x640.jpg.webp 768w, https:\/\/www.linkceramics.com\/wp-content\/uploads\/2024\/11\/Wholesale-Decorative-Ceramic-Birds-2-768x640.jpg-300x250.webp 300w, https:\/\/www.linkceramics.com\/wp-content\/uploads\/2024\/11\/Wholesale-Decorative-Ceramic-Birds-2-768x640.jpg-600x500.webp 600w\" sizes=\"(max-width: 768px) 100vw, 768px\" \/><\/figure>\n<\/div>\n\n\n\n<div class=\"wp-block-column is-layout-flow wp-block-column-is-layout-flow\">\n<figure class=\"wp-block-image size-full\"><img decoding=\"async\" width=\"768\" height=\"639\" src=\"https:\/\/www.linkceramics.com\/wp-content\/uploads\/2024\/11\/Wholesale-Decorative-Ceramic-Birds-1-768x639.jpg.webp\" alt=\"Mayorista-P\u00e1jaros de cer\u00e1mica decorativos-1-768x639.jpg\" class=\"wp-image-465\" srcset=\"https:\/\/www.linkceramics.com\/wp-content\/uploads\/2024\/11\/Wholesale-Decorative-Ceramic-Birds-1-768x639.jpg.webp 768w, https:\/\/www.linkceramics.com\/wp-content\/uploads\/2024\/11\/Wholesale-Decorative-Ceramic-Birds-1-768x639.jpg-300x250.webp 300w, https:\/\/www.linkceramics.com\/wp-content\/uploads\/2024\/11\/Wholesale-Decorative-Ceramic-Birds-1-768x639.jpg-600x499.webp 600w\" sizes=\"(max-width: 768px) 100vw, 768px\" \/><\/figure>\n<\/div>\n<\/div>","protected":false},"excerpt":{"rendered":"<div id=\"brxe-raacbk\" class=\"brxe-product-meta product_meta\"><span class=\"item\"><span class=\"prefix\">Etiquetas:\u00a0<\/span><span class=\"text\"><a href=\"https:\/\/www.santai-ceramics.com\/product-tag\/ceramic-animal-figurines\/\">Figuras de cer\u00e1mica de animales<\/a>,\u00a0<a href=\"https:\/\/www.santai-ceramics.com\/product-tag\/ceramice-decor\/\">Cer\u00e1mica decorativa<\/a><\/span><\/span><\/div>\n<div id=\"brxe-wvqoix\" class=\"brxe-product-short-description brxe-text-basic\">\n<div class=\"woocommerce-product-details__short-description\">\n<p data-pm-slice=\"0 0 []\">Ofrecemos una exquisita decoraci\u00f3n de p\u00e1jaros de cer\u00e1mica, cada p\u00e1jaro decorativo de cer\u00e1mica est\u00e1 hecho de cer\u00e1mica de alta calidad con una superficie lisa y delicada, adecuada para su exhibici\u00f3n en el hogar, restaurantes, cafeter\u00edas, etc. Como <a href=\"https:\/\/www.santai-ceramics.com\/\" target=\"_blank\" rel=\"noopener\"><strong>fabricante de cer\u00e1mica decorativa<\/strong><\/a>, ofrecemos precios al por mayor muy competitivos, adecuados para grandes \u00f3rdenes de compra, ayud\u00e1ndole a obtener m\u00e1s espacio de beneficio, bienvenidos compradores B2B a contactarnos.<\/p>\n<h2>Caracter\u00edsticas de los p\u00e1jaros decorativos de cer\u00e1mica<\/h2>\n<p><strong>Expresi\u00f3n viva:<\/strong> Esta serie de adornos cer\u00e1micos para p\u00e1jaros tiene tres formas, y la combinaci\u00f3n de formas diferentes aumenta la estratificaci\u00f3n y el inter\u00e9s visual general.<br \/><strong>Material cer\u00e1mico amarillo:<\/strong> Este p\u00e1jaro decorativo de cer\u00e1mica utiliza cer\u00e1mica de color amarillo brillante, que no s\u00f3lo puede a\u00f1adir calidez y vitalidad al ambiente del hogar, sino tambi\u00e9n garantizar su durabilidad y textura, y mantener su exquisita apariencia durante mucho tiempo.<br \/><strong>F\u00e1cil de combinar y adaptar a una gran variedad de estilos:<\/strong> Este p\u00e1jaro decorativo de cer\u00e1mica tiene un dise\u00f1o sencillo y personalizado. Tanto si se trata de sencillez moderna como de estilo pastoral retro, puede integrarse perfectamente en el estilo de su hogar.<br \/><strong>Personalizaci\u00f3n a medida:<\/strong> Como fabricante profesional de cer\u00e1mica para decoraci\u00f3n del hogar, ofrecemos personalizaci\u00f3n y soporte de m\u00faltiples colores, estilos y tama\u00f1os para satisfacer sus diversas necesidades y ayudar a realzar su marca.<\/div>\n<\/div>","protected":false},"featured_media":466,"comment_status":"open","ping_status":"closed","template":"","meta":{"_acf_changed":true},"certification":[63,64,66,65,61,60,62],"product_brand":[],"product_cat":[37,38],"product_tag":[],"class_list":{"0":"post-460","1":"product","2":"type-product","3":"status-publish","4":"has-post-thumbnail","6":"certification-amfori","7":"certification-bsci","8":"certification-cnas","9":"certification-iaf","10":"certification-iso-14001","11":"certification-iso-45001","12":"certification-iso-9001","13":"product_cat-decorative-ceramic-wholesale","14":"product_cat-custom-ceramic-ornament","16":"first","17":"instock","18":"shipping-taxable","19":"product-type-simple"},"acf":[],"_links":{"self":[{"href":"https:\/\/www.linkceramics.com\/es\/wp-json\/wp\/v2\/product\/460","targetHints":{"allow":["GET"]}}],"collection":[{"href":"https:\/\/www.linkceramics.com\/es\/wp-json\/wp\/v2\/product"}],"about":[{"href":"https:\/\/www.linkceramics.com\/es\/wp-json\/wp\/v2\/types\/product"}],"replies":[{"embeddable":true,"href":"https:\/\/www.linkceramics.com\/es\/wp-json\/wp\/v2\/comments?post=460"}],"wp:featuredmedia":[{"embeddable":true,"href":"https:\/\/www.linkceramics.com\/es\/wp-json\/wp\/v2\/media\/466"}],"wp:attachment":[{"href":"https:\/\/www.linkceramics.com\/es\/wp-json\/wp\/v2\/media?parent=460"}],"wp:term":[{"taxonomy":"certification","embeddable":true,"href":"https:\/\/www.linkceramics.com\/es\/wp-json\/wp\/v2\/certification?post=460"},{"taxonomy":"product_brand","embeddable":true,"href":"https:\/\/www.linkceramics.com\/es\/wp-json\/wp\/v2\/product_brand?post=460"},{"taxonomy":"product_cat","embeddable":true,"href":"https:\/\/www.linkceramics.com\/es\/wp-json\/wp\/v2\/product_cat?post=460"},{"taxonomy":"product_tag","embeddable":true,"href":"https:\/\/www.linkceramics.com\/es\/wp-json\/wp\/v2\/product_tag?post=460"}],"curies":[{"name":"wp","href":"https:\/\/api.w.org\/{rel}","templated":true}]}}