{"id":467,"date":"2024-12-09T09:42:58","date_gmt":"2024-12-09T09:42:58","guid":{"rendered":"https:\/\/www.linkceramics.com\/?post_type=product&#038;p=467"},"modified":"2024-12-09T09:42:59","modified_gmt":"2024-12-09T09:42:59","slug":"custom-art-deco-plant-pot","status":"publish","type":"product","link":"https:\/\/www.linkceramics.com\/es\/product\/custom-art-deco-plant-pot\/","title":{"rendered":"Macetero Art Dec\u00f3 Vintage grande personalizado: dise\u00f1os \u00fanicos para una decoraci\u00f3n elegante de interior y exterior"},"content":{"rendered":"<h3 class=\"wp-block-heading\">Par\u00e1metros de la maceta Art D\u00e9co<\/h3>\n\n\n\n<figure class=\"wp-block-table\"><table class=\"has-fixed-layout\"><tbody><tr><td>Modelo<\/td><td>Nombre del producto<\/td><td>Color<\/td><td>Material<\/td><td>Utiliza<\/td><td>Dimensiones<\/td><td>Peso<\/td><\/tr><tr><td>J37579-H911-A01<\/td><td>Jardinera de fibrocemento&nbsp;<\/td><td>Violeta oscuro antiguo<\/td><td>Fibrocemento<\/td><td>decoracion,salon,jardin<\/td><td>P:32,5X47,5cm<\/td><td>6,9 kg\/PC<\/td><\/tr><tr><td>J37579-H911-A02<\/td><td>Jardinera de fibrocemento&nbsp;<\/td><td>Violeta oscuro antiguo<\/td><td>Fibrocemento<\/td><td>decoracion,salon,jardin<\/td><td>P:29X39cm<\/td><td>5,6 kg\/PC<\/td><\/tr><\/tbody><\/table><\/figure>\n\n\n\n<div class=\"wp-block-columns is-layout-flex wp-container-core-columns-is-layout-9d6595d7 wp-block-columns-is-layout-flex\">\n<div class=\"wp-block-column is-layout-flow wp-block-column-is-layout-flow\">\n<figure class=\"wp-block-image size-full\"><img decoding=\"async\" width=\"1500\" height=\"1249\" src=\"https:\/\/www.linkceramics.com\/wp-content\/uploads\/2024\/11\/art-deco-plant-pot-1.jpg\" alt=\"art-deco-planta-maceta-1\" class=\"wp-image-468\" srcset=\"https:\/\/www.linkceramics.com\/wp-content\/uploads\/2024\/11\/art-deco-plant-pot-1.jpg 1500w, https:\/\/www.linkceramics.com\/wp-content\/uploads\/2024\/11\/art-deco-plant-pot-1-300x250.jpg 300w, https:\/\/www.linkceramics.com\/wp-content\/uploads\/2024\/11\/art-deco-plant-pot-1-768x639.jpg 768w, https:\/\/www.linkceramics.com\/wp-content\/uploads\/2024\/11\/art-deco-plant-pot-1-1200x999.jpg 1200w, https:\/\/www.linkceramics.com\/wp-content\/uploads\/2024\/11\/art-deco-plant-pot-1-600x500.jpg 600w\" sizes=\"(max-width: 1500px) 100vw, 1500px\" \/><\/figure>\n<\/div>\n\n\n\n<div class=\"wp-block-column is-layout-flow wp-block-column-is-layout-flow\">\n<figure class=\"wp-block-image size-full\"><img decoding=\"async\" width=\"768\" height=\"639\" src=\"https:\/\/www.linkceramics.com\/wp-content\/uploads\/2024\/11\/art-deco-plant-pot-3-768x639-1.jpg\" alt=\"art-deco-plant-pot-3-768x639\" class=\"wp-image-469\" srcset=\"https:\/\/www.linkceramics.com\/wp-content\/uploads\/2024\/11\/art-deco-plant-pot-3-768x639-1.jpg 768w, https:\/\/www.linkceramics.com\/wp-content\/uploads\/2024\/11\/art-deco-plant-pot-3-768x639-1-300x250.jpg 300w, https:\/\/www.linkceramics.com\/wp-content\/uploads\/2024\/11\/art-deco-plant-pot-3-768x639-1-600x499.jpg 600w\" sizes=\"(max-width: 768px) 100vw, 768px\" \/><\/figure>\n<\/div>\n<\/div>","protected":false},"excerpt":{"rendered":"<p data-pm-slice=\"0 0 []\">Art Deco Plant Pot venta directa de f\u00e1brica, esta maceta personalizable cuenta con un dise\u00f1o retro, que combina a la perfecci\u00f3n elegancia y practicidad. Hecho de materiales de fibrocemento de alta calidad, garantiza durabilidad y practicidad, por lo que es una opci\u00f3n ideal para los entusiastas de la jardiner\u00eda y los clientes comerciales.<\/p>\n<h2>Caracter\u00edsticas de la maceta Art Dec\u00f3<\/h2>\n<p><strong>Imitaci\u00f3n de la textura de la piedra natural:<\/strong> La superficie de esta maceta art dec\u00f3 tiene una textura rugosa \u00fanica, que muestra la sencillez y la textura de la piedra natural. Esta textura y tacto naturales no solo a\u00f1aden autenticidad al producto, sino que tambi\u00e9n son perfectos para los aficionados a la jardiner\u00eda que persiguen la belleza natural.<br \/><strong>Estilo retro:<\/strong> El dise\u00f1o de apariencia \u00fanica incorpora un fuerte estilo retro, mostrando una belleza cl\u00e1sica. Tanto en hogares modernos como en decoraciones cl\u00e1sicas, puede integrarse f\u00e1cilmente para realzar el estilo y la atm\u00f3sfera del espacio.<br \/><strong>Fuerte sentido del arte:<\/strong> La textura irregular y la superficie moteada a\u00f1aden una fuerte atm\u00f3sfera art\u00edstica a la maceta vintage, d\u00e1ndole un encanto \u00fanico como una obra de arte, adecuada para jardines, patios y decoraci\u00f3n de interiores.<br \/><strong>Estructura estable:<\/strong> Nuestra maceta adopta un dise\u00f1o de forma pesada y s\u00f3lida, y su estabilidad garantiza un entorno de crecimiento seguro para las plantas. Su buena durabilidad le permite mantener un buen estado durante mucho tiempo en condiciones de exterior, resistencia al viento y al sol, asegurando que sus plantas prosperen en diversas condiciones clim\u00e1ticas.<br \/><strong>Servicio de macetas personalizadas OEM y ODM:<\/strong> Ofrecemos servicios flexibles de OEM y ODM de macetas personalizadas. Disponemos de una amplia gama de materiales y procesos, como cemento colado, fibrocemento y arcilla. Tanto si necesita un tama\u00f1o espec\u00edfico, un color o una textura \u00fanica, nuestro equipo puede ayudarle a crear una maceta personalizada \u00fanica.<\/p>","protected":false},"featured_media":470,"comment_status":"open","ping_status":"closed","template":"","meta":{"_acf_changed":true},"certification":[63,64,66,65,61,60,62],"product_brand":[],"product_cat":[37,38,17],"product_tag":[],"class_list":{"0":"post-467","1":"product","2":"type-product","3":"status-publish","4":"has-post-thumbnail","6":"certification-amfori","7":"certification-bsci","8":"certification-cnas","9":"certification-iaf","10":"certification-iso-14001","11":"certification-iso-45001","12":"certification-iso-9001","13":"product_cat-decorative-ceramic-wholesale","14":"product_cat-custom-ceramic-ornament","15":"product_cat-ceramic-vases-wholesale","17":"first","18":"instock","19":"shipping-taxable","20":"product-type-simple"},"acf":[],"_links":{"self":[{"href":"https:\/\/www.linkceramics.com\/es\/wp-json\/wp\/v2\/product\/467","targetHints":{"allow":["GET"]}}],"collection":[{"href":"https:\/\/www.linkceramics.com\/es\/wp-json\/wp\/v2\/product"}],"about":[{"href":"https:\/\/www.linkceramics.com\/es\/wp-json\/wp\/v2\/types\/product"}],"replies":[{"embeddable":true,"href":"https:\/\/www.linkceramics.com\/es\/wp-json\/wp\/v2\/comments?post=467"}],"wp:featuredmedia":[{"embeddable":true,"href":"https:\/\/www.linkceramics.com\/es\/wp-json\/wp\/v2\/media\/470"}],"wp:attachment":[{"href":"https:\/\/www.linkceramics.com\/es\/wp-json\/wp\/v2\/media?parent=467"}],"wp:term":[{"taxonomy":"certification","embeddable":true,"href":"https:\/\/www.linkceramics.com\/es\/wp-json\/wp\/v2\/certification?post=467"},{"taxonomy":"product_brand","embeddable":true,"href":"https:\/\/www.linkceramics.com\/es\/wp-json\/wp\/v2\/product_brand?post=467"},{"taxonomy":"product_cat","embeddable":true,"href":"https:\/\/www.linkceramics.com\/es\/wp-json\/wp\/v2\/product_cat?post=467"},{"taxonomy":"product_tag","embeddable":true,"href":"https:\/\/www.linkceramics.com\/es\/wp-json\/wp\/v2\/product_tag?post=467"}],"curies":[{"name":"wp","href":"https:\/\/api.w.org\/{rel}","templated":true}]}}