{"id":480,"date":"2024-12-09T09:36:11","date_gmt":"2024-12-09T09:36:11","guid":{"rendered":"https:\/\/www.linkceramics.com\/?post_type=product&#038;p=480"},"modified":"2024-12-09T09:36:12","modified_gmt":"2024-12-09T09:36:12","slug":"wholesale-modern-ceramic-vases","status":"publish","type":"product","link":"https:\/\/www.linkceramics.com\/es\/product\/wholesale-modern-ceramic-vases\/","title":{"rendered":"Mayorista Jarrones de Cer\u00e1mica Dise\u00f1o Minimalista Cer\u00e1mica Perfecta Decoraci\u00f3n para el Hogar"},"content":{"rendered":"<h3 class=\"wp-block-heading\">Par\u00e1metros del jarr\u00f3n de cer\u00e1mica moderno<\/h3>\n\n\n\n<figure class=\"wp-block-table\"><table class=\"has-fixed-layout\"><tbody><tr><td>Modelo<\/td><td>Nombre del producto<\/td><td>Color<\/td><td>Material<\/td><td>Utiliza<\/td><td>Dimensiones<\/td><td>Peso<\/td><\/tr><tr><td>A35935-LC21-A01<\/td><td>Florero de cer\u00e1mica<\/td><td>verde<\/td><td>Cer\u00e1mica<\/td><td>decoraci\u00f3n,sal\u00f3n<\/td><td>D:18X32<\/td><td>1,7 kg\/unidad<\/td><\/tr><tr><td>A30522-MX68-A03<\/td><td>Florero de cer\u00e1mica<\/td><td>Azul y blanco<\/td><td>Cer\u00e1mica<\/td><td>decoraci\u00f3n,sal\u00f3n<\/td><td>D:8X16.5<\/td><td>0,38 kg\/unidad<\/td><\/tr><\/tbody><\/table><\/figure>\n\n\n\n<div class=\"wp-block-columns is-layout-flex wp-container-core-columns-is-layout-9d6595d7 wp-block-columns-is-layout-flex\">\n<div class=\"wp-block-column is-layout-flow wp-block-column-is-layout-flow\">\n<figure class=\"wp-block-image size-full\"><img decoding=\"async\" width=\"554\" height=\"554\" src=\"https:\/\/www.linkceramics.com\/wp-content\/uploads\/2024\/11\/wholesale-modern-ceramic-vases.webp\" alt=\"venta al por mayor de jarrones de cer\u00e1mica modernos\" class=\"wp-image-481\" srcset=\"https:\/\/www.linkceramics.com\/wp-content\/uploads\/2024\/11\/wholesale-modern-ceramic-vases.webp 554w, https:\/\/www.linkceramics.com\/wp-content\/uploads\/2024\/11\/wholesale-modern-ceramic-vases-300x300.webp 300w, https:\/\/www.linkceramics.com\/wp-content\/uploads\/2024\/11\/wholesale-modern-ceramic-vases-150x150.webp 150w, https:\/\/www.linkceramics.com\/wp-content\/uploads\/2024\/11\/wholesale-modern-ceramic-vases-100x100.webp 100w\" sizes=\"(max-width: 554px) 100vw, 554px\" \/><\/figure>\n<\/div>\n\n\n\n<div class=\"wp-block-column is-layout-flow wp-block-column-is-layout-flow\">\n<figure class=\"wp-block-image size-full\"><img decoding=\"async\" width=\"554\" height=\"554\" src=\"https:\/\/www.linkceramics.com\/wp-content\/uploads\/2024\/11\/wholesale-modern-ceramic-vases-2-2.webp\" alt=\"mayorista-jarrones-modernos-de-ceramica-2-2\" class=\"wp-image-483\" srcset=\"https:\/\/www.linkceramics.com\/wp-content\/uploads\/2024\/11\/wholesale-modern-ceramic-vases-2-2.webp 554w, https:\/\/www.linkceramics.com\/wp-content\/uploads\/2024\/11\/wholesale-modern-ceramic-vases-2-2-300x300.webp 300w, https:\/\/www.linkceramics.com\/wp-content\/uploads\/2024\/11\/wholesale-modern-ceramic-vases-2-2-150x150.webp 150w, https:\/\/www.linkceramics.com\/wp-content\/uploads\/2024\/11\/wholesale-modern-ceramic-vases-2-2-100x100.webp 100w\" sizes=\"(max-width: 554px) 100vw, 554px\" \/><\/figure>\n<\/div>\n<\/div>","protected":false},"excerpt":{"rendered":"<div id=\"brxe-raacbk\" class=\"brxe-product-meta product_meta\"><span class=\"item\"><span class=\"prefix\">Etiquetas:\u00a0<\/span><span class=\"text\"><a href=\"https:\/\/www.santai-ceramics.com\/product-tag\/ceramice-decor\/\">Cer\u00e1mica decorativa<\/a>,\u00a0<a href=\"https:\/\/www.santai-ceramics.com\/product-tag\/ceramic-vase\/\">Jarr\u00f3n de cer\u00e1mica<\/a><\/span><\/span><\/div>\n<div id=\"brxe-wvqoix\" class=\"brxe-product-short-description brxe-text-basic\">\n<div class=\"woocommerce-product-details__short-description\">Jarrones de cer\u00e1mica modernos al por mayor. Este jarr\u00f3n tiene l\u00edneas simples y suaves, la superficie est\u00e1 hecha de esmalte de alto grado, la textura es suave, es a la vez hermoso y pr\u00e1ctico, adecuado para el hogar, oficina, hotel y otras escenas. SANTAI fabricante le proporciona una ventanilla \u00fanica al por mayor y soluciones personalizadas jarr\u00f3n. Bienvenido a los compradores B2B, hoteles en contacto con nosotros para la adquisici\u00f3n.<\/p>\n<h2>Caracter\u00edsticas del jarr\u00f3n de cer\u00e1mica moderno<\/h2>\n<p><strong>Dise\u00f1o de textura \u00fanico:<\/strong> La superficie de este moderno jarr\u00f3n de cer\u00e1mica presenta una textura geom\u00e9trica c\u00f3ncava y convexa, que a\u00f1ade una sensaci\u00f3n visual de estratificaci\u00f3n.<br \/><strong>Fusi\u00f3n de textura y color:<\/strong> El esmalte principal blanco se combina con adornos azul claro, lo que hace que todo el jarr\u00f3n resulte fresco y natural, como con un ligero cambio de color del esmalte hecho a mano, resaltando el encanto \u00fanico de los productos artesanales.<br \/><strong>Mobiliario multifuncional:<\/strong> El dise\u00f1o combinado incluye jarrones altos y dos bajos, que pueden utilizarse para arreglos florales, adornos o exposiciones independientes, lo que proporciona al espacio m\u00e1s opciones decorativas.<br \/><strong>Materiales respetuosos con el medio ambiente:<\/strong> El uso de materiales cer\u00e1micos cocidos a alta temperatura, la protecci\u00f3n natural del medio ambiente y la ausencia de sustancias nocivas garantizan que el producto no s\u00f3lo sea bello, sino que tambi\u00e9n se ajuste a los conceptos modernos de protecci\u00f3n del medio ambiente.<br \/><strong>Soporte de floreros personalizados OEM y ODM:<\/strong> Ofrecemos un completo servicio de OEM y ODM para ayudarle a personalizar jarrones \u00fanicos, desde la selecci\u00f3n de materiales hasta la producci\u00f3n final, para hacer realidad su concepto de dise\u00f1o.<\/div>\n<\/div>","protected":false},"featured_media":482,"comment_status":"open","ping_status":"closed","template":"","meta":{"_acf_changed":true},"certification":[63,64,66,65,61,60,62],"product_brand":[],"product_cat":[37,17],"product_tag":[],"class_list":{"0":"post-480","1":"product","2":"type-product","3":"status-publish","4":"has-post-thumbnail","6":"certification-amfori","7":"certification-bsci","8":"certification-cnas","9":"certification-iaf","10":"certification-iso-14001","11":"certification-iso-45001","12":"certification-iso-9001","13":"product_cat-decorative-ceramic-wholesale","14":"product_cat-ceramic-vases-wholesale","16":"first","17":"instock","18":"shipping-taxable","19":"product-type-simple"},"acf":[],"_links":{"self":[{"href":"https:\/\/www.linkceramics.com\/es\/wp-json\/wp\/v2\/product\/480","targetHints":{"allow":["GET"]}}],"collection":[{"href":"https:\/\/www.linkceramics.com\/es\/wp-json\/wp\/v2\/product"}],"about":[{"href":"https:\/\/www.linkceramics.com\/es\/wp-json\/wp\/v2\/types\/product"}],"replies":[{"embeddable":true,"href":"https:\/\/www.linkceramics.com\/es\/wp-json\/wp\/v2\/comments?post=480"}],"wp:featuredmedia":[{"embeddable":true,"href":"https:\/\/www.linkceramics.com\/es\/wp-json\/wp\/v2\/media\/482"}],"wp:attachment":[{"href":"https:\/\/www.linkceramics.com\/es\/wp-json\/wp\/v2\/media?parent=480"}],"wp:term":[{"taxonomy":"certification","embeddable":true,"href":"https:\/\/www.linkceramics.com\/es\/wp-json\/wp\/v2\/certification?post=480"},{"taxonomy":"product_brand","embeddable":true,"href":"https:\/\/www.linkceramics.com\/es\/wp-json\/wp\/v2\/product_brand?post=480"},{"taxonomy":"product_cat","embeddable":true,"href":"https:\/\/www.linkceramics.com\/es\/wp-json\/wp\/v2\/product_cat?post=480"},{"taxonomy":"product_tag","embeddable":true,"href":"https:\/\/www.linkceramics.com\/es\/wp-json\/wp\/v2\/product_tag?post=480"}],"curies":[{"name":"wp","href":"https:\/\/api.w.org\/{rel}","templated":true}]}}