{"id":484,"date":"2024-12-09T09:17:35","date_gmt":"2024-12-09T09:17:35","guid":{"rendered":"https:\/\/www.linkceramics.com\/?post_type=product&#038;p=484"},"modified":"2026-01-23T04:00:44","modified_gmt":"2026-01-23T04:00:44","slug":"wholesale-ceramic-vases","status":"publish","type":"product","link":"https:\/\/www.linkceramics.com\/es\/product\/wholesale-ceramic-vases\/","title":{"rendered":"Mayorista Jarrones de Cer\u00e1mica con Elegante Esmalte Verde para el Hogar"},"content":{"rendered":"<h3 class=\"wp-block-heading\">Par\u00e1metros del jarr\u00f3n de cer\u00e1mica al por mayor<\/h3>\n\n\n\n<figure class=\"wp-block-table\"><table class=\"has-fixed-layout\"><tbody><tr><td>Modelo<\/td><td>Nombre del producto<\/td><td>Color<\/td><td>Material<\/td><td>Utiliza<\/td><td>Dimensiones<\/td><td>Peso<\/td><\/tr><tr><td>A30519-LB20-A01<\/td><td>Jarr\u00f3n de cer\u00e1mica con esmalte verde&nbsp;<\/td><td>Azul claro<\/td><td>Cer\u00e1mica<\/td><td>decoraci\u00f3n,sal\u00f3n<\/td><td>P:10,5X15cm<\/td><td>0,6kg\/PC<\/td><\/tr><\/tbody><\/table><\/figure>\n\n\n\n<div class=\"wp-block-columns is-layout-flex wp-container-core-columns-is-layout-9d6595d7 wp-block-columns-is-layout-flex\">\n<div class=\"wp-block-column is-layout-flow wp-block-column-is-layout-flow\">\n<figure class=\"wp-block-image size-full\"><img decoding=\"async\" width=\"768\" height=\"640\" src=\"https:\/\/www.linkceramics.com\/wp-content\/uploads\/2024\/11\/ceramic-vase-detail-display-1-768x640-1.webp\" alt=\"ceramic-vase-detail-display-1-768x640\" class=\"wp-image-485\" srcset=\"https:\/\/www.linkceramics.com\/wp-content\/uploads\/2024\/11\/ceramic-vase-detail-display-1-768x640-1.webp 768w, https:\/\/www.linkceramics.com\/wp-content\/uploads\/2024\/11\/ceramic-vase-detail-display-1-768x640-1-300x250.webp 300w, https:\/\/www.linkceramics.com\/wp-content\/uploads\/2024\/11\/ceramic-vase-detail-display-1-768x640-1-600x500.webp 600w\" sizes=\"(max-width: 768px) 100vw, 768px\" \/><\/figure>\n<\/div>\n\n\n\n<div class=\"wp-block-column is-layout-flow wp-block-column-is-layout-flow\">\n<figure class=\"wp-block-image size-full\"><img decoding=\"async\" width=\"768\" height=\"640\" src=\"https:\/\/www.linkceramics.com\/wp-content\/uploads\/2024\/11\/ceramic-vase-detail-display-2-768x640-1.webp\" alt=\"ceramic-vase-detail-display-2-768x640\" class=\"wp-image-486\" srcset=\"https:\/\/www.linkceramics.com\/wp-content\/uploads\/2024\/11\/ceramic-vase-detail-display-2-768x640-1.webp 768w, https:\/\/www.linkceramics.com\/wp-content\/uploads\/2024\/11\/ceramic-vase-detail-display-2-768x640-1-300x250.webp 300w, https:\/\/www.linkceramics.com\/wp-content\/uploads\/2024\/11\/ceramic-vase-detail-display-2-768x640-1-600x500.webp 600w\" sizes=\"(max-width: 768px) 100vw, 768px\" \/><\/figure>\n<\/div>\n<\/div>","protected":false},"excerpt":{"rendered":"<div id=\"brxe-wvqoix\" class=\"brxe-product-short-description brxe-text-basic\">\n<div class=\"woocommerce-product-details__short-description\">Jarrones de cer\u00e1mica al por mayor, la superficie del jarr\u00f3n est\u00e1 finamente esmaltada, mostrando un brillo verde perfecto, tacto delicado, color duradero, adecuado para la decoraci\u00f3n del hogar. La f\u00e1brica de cer\u00e1mica SANTAI utiliza avanzados equipos de producci\u00f3n y la artesan\u00eda tradicional china para garantizar que cada producto cumpla con altos est\u00e1ndares. Si necesita comprar jarrones decorativos al por mayor o personalizar dise\u00f1os, podemos ofrecerle soluciones flexibles.<\/p>\n<h2>Caracter\u00edsticas del jarr\u00f3n decorativo de cer\u00e1mica<\/h2>\n<p data-pm-slice=\"1 1 []\"><strong>Belleza tradicional:<\/strong> El dise\u00f1o general del jarr\u00f3n decorativo de cer\u00e1mica es sencillo y elegante, de belleza cl\u00e1sica china. El esmalte verde claro combinado con el complejo dise\u00f1o floral muestra la belleza de la artesan\u00eda tradicional.<br \/><strong>Cer\u00e1mica exquisita:<\/strong> Los jarrones de cer\u00e1mica al por mayor est\u00e1n fabricados con materiales cer\u00e1micos de primera calidad. Su forma es elegante, y son duraderos y estables.<br \/><strong>Tratamiento de esmaltado duradero:<\/strong> La superficie del jarr\u00f3n est\u00e1 delicadamente esmaltada, es antiincrustante y a prueba de humedad, lo que aumenta su brillo para que conserve los colores brillantes durante mucho tiempo y no se decolore con facilidad.<br \/><strong>Rico patr\u00f3n decorativo:<\/strong> La superficie del jarr\u00f3n de cer\u00e1mica presenta un dise\u00f1o floral con muchas capas, lo que le confiere un efecto tridimensional que lo hace m\u00e1s vivo y alegre.<br \/><strong>Pr\u00e1ctico dise\u00f1o cil\u00edndrico:<\/strong> Gracias a este dise\u00f1o cil\u00edndrico, el espacio interior del jarr\u00f3n es m\u00e1s amplio y puede albergar m\u00e1s arreglos florales.<br \/><strong>Venta al por mayor y servicio personalizado OEM&amp;ODM:<\/strong> Ofrecemos jarrones de cer\u00e1mica de alta calidad al por mayor y servicios de personalizaci\u00f3n. Con nuestro equipo profesional, puede obtener una variedad de opciones de productos y soluciones de dise\u00f1o personalizadas.<\/p>\n<\/div>\n<\/div>","protected":false},"featured_media":487,"comment_status":"open","ping_status":"closed","template":"","meta":{"_acf_changed":true},"certification":[63,64,66,65,61,60,62],"product_brand":[],"product_cat":[37,17],"product_tag":[],"class_list":{"0":"post-484","1":"product","2":"type-product","3":"status-publish","4":"has-post-thumbnail","6":"certification-amfori","7":"certification-bsci","8":"certification-cnas","9":"certification-iaf","10":"certification-iso-14001","11":"certification-iso-45001","12":"certification-iso-9001","13":"product_cat-decorative-ceramic-wholesale","14":"product_cat-ceramic-vases-wholesale","16":"first","17":"instock","18":"shipping-taxable","19":"product-type-simple"},"acf":[],"_links":{"self":[{"href":"https:\/\/www.linkceramics.com\/es\/wp-json\/wp\/v2\/product\/484","targetHints":{"allow":["GET"]}}],"collection":[{"href":"https:\/\/www.linkceramics.com\/es\/wp-json\/wp\/v2\/product"}],"about":[{"href":"https:\/\/www.linkceramics.com\/es\/wp-json\/wp\/v2\/types\/product"}],"replies":[{"embeddable":true,"href":"https:\/\/www.linkceramics.com\/es\/wp-json\/wp\/v2\/comments?post=484"}],"wp:featuredmedia":[{"embeddable":true,"href":"https:\/\/www.linkceramics.com\/es\/wp-json\/wp\/v2\/media\/487"}],"wp:attachment":[{"href":"https:\/\/www.linkceramics.com\/es\/wp-json\/wp\/v2\/media?parent=484"}],"wp:term":[{"taxonomy":"certification","embeddable":true,"href":"https:\/\/www.linkceramics.com\/es\/wp-json\/wp\/v2\/certification?post=484"},{"taxonomy":"product_brand","embeddable":true,"href":"https:\/\/www.linkceramics.com\/es\/wp-json\/wp\/v2\/product_brand?post=484"},{"taxonomy":"product_cat","embeddable":true,"href":"https:\/\/www.linkceramics.com\/es\/wp-json\/wp\/v2\/product_cat?post=484"},{"taxonomy":"product_tag","embeddable":true,"href":"https:\/\/www.linkceramics.com\/es\/wp-json\/wp\/v2\/product_tag?post=484"}],"curies":[{"name":"wp","href":"https:\/\/api.w.org\/{rel}","templated":true}]}}