{"id":491,"date":"2024-12-06T01:59:40","date_gmt":"2024-12-06T01:59:40","guid":{"rendered":"https:\/\/www.linkceramics.com\/?post_type=product&#038;p=491"},"modified":"2026-01-23T03:58:25","modified_gmt":"2026-01-23T03:58:25","slug":"wholesale-vintage-candlestick-in-bulk","status":"publish","type":"product","link":"https:\/\/www.linkceramics.com\/es\/product\/wholesale-vintage-candlestick-in-bulk\/","title":{"rendered":"Mayorista Candeleros Vintage al por mayor, Decoracion de Candeleros"},"content":{"rendered":"<h3 class=\"wp-block-heading\">Par\u00e1metros del candelabro Vintage<\/h3>\n\n\n\n<figure class=\"wp-block-table\"><table class=\"has-fixed-layout\"><tbody><tr><td>Modelo<\/td><td>Nombre del producto<\/td><td>Color<\/td><td>Material<\/td><td>Utiliza<\/td><td>Dimensiones<\/td><td>Peso<\/td><\/tr><tr><td>E37582-H911-A01<\/td><td>Candelabro Vintage de resina<\/td><td>Violeta oscuro antiguo<\/td><td>Resina<\/td><td>decoraci\u00f3n,sal\u00f3n<\/td><td>11X10X27cm<\/td><td>0,5kg\/PC<\/td><\/tr><tr><td>E37582-H911-A02<\/td><td>Candelabro Vintage de resina<\/td><td>Violeta oscuro antiguo<\/td><td>Resina<\/td><td>decoraci\u00f3n,sal\u00f3n<\/td><td>9X7X20cm<\/td><td>0,3kg\/PC<\/td><\/tr><\/tbody><\/table><\/figure>\n\n\n\n<div class=\"wp-block-columns is-layout-flex wp-container-core-columns-is-layout-9d6595d7 wp-block-columns-is-layout-flex\">\n<div class=\"wp-block-column is-layout-flow wp-block-column-is-layout-flow\">\n<figure class=\"wp-block-image size-full\"><img decoding=\"async\" width=\"768\" height=\"640\" src=\"https:\/\/www.linkceramics.com\/wp-content\/uploads\/2024\/11\/Wholesale-Vintage-Candlesticks-5-768x640.jpg.webp\" alt=\"Mayorista-Vintage-Candeleros-5-768x640.jpg\" class=\"wp-image-499\" srcset=\"https:\/\/www.linkceramics.com\/wp-content\/uploads\/2024\/11\/Wholesale-Vintage-Candlesticks-5-768x640.jpg.webp 768w, https:\/\/www.linkceramics.com\/wp-content\/uploads\/2024\/11\/Wholesale-Vintage-Candlesticks-5-768x640.jpg-300x250.webp 300w, https:\/\/www.linkceramics.com\/wp-content\/uploads\/2024\/11\/Wholesale-Vintage-Candlesticks-5-768x640.jpg-600x500.webp 600w\" sizes=\"(max-width: 768px) 100vw, 768px\" \/><\/figure>\n<\/div>\n\n\n\n<div class=\"wp-block-column is-layout-flow wp-block-column-is-layout-flow\">\n<figure class=\"wp-block-image size-full\"><img decoding=\"async\" width=\"768\" height=\"640\" src=\"https:\/\/www.linkceramics.com\/wp-content\/uploads\/2024\/11\/Wholesale-Vintage-Candlesticks-3-768x640.jpg.webp\" alt=\"Mayorista-Vintage-Candeleros-3-768x640.jpg\" class=\"wp-image-496\" srcset=\"https:\/\/www.linkceramics.com\/wp-content\/uploads\/2024\/11\/Wholesale-Vintage-Candlesticks-3-768x640.jpg.webp 768w, https:\/\/www.linkceramics.com\/wp-content\/uploads\/2024\/11\/Wholesale-Vintage-Candlesticks-3-768x640.jpg-300x250.webp 300w, https:\/\/www.linkceramics.com\/wp-content\/uploads\/2024\/11\/Wholesale-Vintage-Candlesticks-3-768x640.jpg-600x500.webp 600w\" sizes=\"(max-width: 768px) 100vw, 768px\" \/><\/figure>\n<\/div>\n<\/div>","protected":false},"excerpt":{"rendered":"<div id=\"brxe-raacbk\" class=\"brxe-product-meta product_meta\"><span class=\"item\"><span class=\"prefix\">Etiquetas:\u00a0<\/span><span class=\"text\"><a href=\"https:\/\/www.santai-ceramics.com\/product-tag\/candle-holder\/\">Portavelas<\/a><\/span><\/span><\/div>\n<div id=\"brxe-wvqoix\" class=\"brxe-product-short-description brxe-text-basic\">\n<div class=\"woocommerce-product-details__short-description\">\n<p data-pm-slice=\"0 0 []\">Descubra nuestra exquisita colecci\u00f3n de candelabros de \u00e9poca, ofrecemos servicios de venta al por mayor candelabros, cada candelabro es cuidadosamente elaborado para a\u00f1adir encanto y elegancia a la habitaci\u00f3n, sala de estar, mesa de comedor, hotel. Bienvenido hoteles, compradores B2B, y los minoristas en contacto con nosotros, SANTAI fabricante de candelabros al por mayor le ofrece precios competitivos.<\/p>\n<h2>Caracter\u00edsticas de Vintage Candlestick<\/h2>\n<p><strong>Dise\u00f1o en forma de flor:<\/strong> La inspiraci\u00f3n de las flores, los tallos delgados y los p\u00e9talos anchos es la base del dise\u00f1o del candelabro vintage. Se trata de un dise\u00f1o precioso que, adem\u00e1s, crea un ambiente natural y rom\u00e1ntico cuando se coloca en el hogar o en el banquete.<br \/><strong>Textura vintage:<\/strong> El color del candelabro es verde oscuro o cobre, y la superficie tiene un cierto efecto de desgaste. Esta textura vintage har\u00e1 que este candelabro sea mucho m\u00e1s hist\u00f3rico, que se puede aplicar a diversos adornos vintage o modernos para el hogar.<br \/><strong>Material duradero:<\/strong> Los candeleros al por mayor est\u00e1n hechos de material de resina, que no s\u00f3lo es robusto y duradero, sino que tambi\u00e9n tiene cierta resistencia a la corrosi\u00f3n y resistencia a la oxidaci\u00f3n, manteniendo la belleza y el uso pr\u00e1ctico de los candeleros durante bastante tiempo.<br \/><strong>Amplio uso:<\/strong> nuestro candelabro vintage se puede aplicar a la decoraci\u00f3n del hogar, eventos de boda, restaurantes, ocasiones especiales, creando un ambiente c\u00e1lido y realzando la belleza general.<br \/><strong>Opciones de personalizaci\u00f3n:<\/strong> Podemos ofrecerle muchos acabados y tama\u00f1os, ya que somos fabricantes profesionales de candeleros decorativos. Esto a\u00f1adir\u00e1 un toque de estilo personal para mostrar su marca.<\/div>\n<\/div>","protected":false},"featured_media":499,"comment_status":"open","ping_status":"closed","template":"","meta":{"_acf_changed":true},"certification":[63,64,66,65,61,60,62],"product_brand":[],"product_cat":[37,16],"product_tag":[],"class_list":{"0":"post-491","1":"product","2":"type-product","3":"status-publish","4":"has-post-thumbnail","6":"certification-amfori","7":"certification-bsci","8":"certification-cnas","9":"certification-iaf","10":"certification-iso-14001","11":"certification-iso-45001","12":"certification-iso-9001","13":"product_cat-decorative-ceramic-wholesale","14":"product_cat-ceramic-candle-holder","16":"first","17":"instock","18":"shipping-taxable","19":"product-type-simple"},"acf":[],"_links":{"self":[{"href":"https:\/\/www.linkceramics.com\/es\/wp-json\/wp\/v2\/product\/491","targetHints":{"allow":["GET"]}}],"collection":[{"href":"https:\/\/www.linkceramics.com\/es\/wp-json\/wp\/v2\/product"}],"about":[{"href":"https:\/\/www.linkceramics.com\/es\/wp-json\/wp\/v2\/types\/product"}],"replies":[{"embeddable":true,"href":"https:\/\/www.linkceramics.com\/es\/wp-json\/wp\/v2\/comments?post=491"}],"wp:featuredmedia":[{"embeddable":true,"href":"https:\/\/www.linkceramics.com\/es\/wp-json\/wp\/v2\/media\/499"}],"wp:attachment":[{"href":"https:\/\/www.linkceramics.com\/es\/wp-json\/wp\/v2\/media?parent=491"}],"wp:term":[{"taxonomy":"certification","embeddable":true,"href":"https:\/\/www.linkceramics.com\/es\/wp-json\/wp\/v2\/certification?post=491"},{"taxonomy":"product_brand","embeddable":true,"href":"https:\/\/www.linkceramics.com\/es\/wp-json\/wp\/v2\/product_brand?post=491"},{"taxonomy":"product_cat","embeddable":true,"href":"https:\/\/www.linkceramics.com\/es\/wp-json\/wp\/v2\/product_cat?post=491"},{"taxonomy":"product_tag","embeddable":true,"href":"https:\/\/www.linkceramics.com\/es\/wp-json\/wp\/v2\/product_tag?post=491"}],"curies":[{"name":"wp","href":"https:\/\/api.w.org\/{rel}","templated":true}]}}