{"id":505,"date":"2024-12-06T01:31:37","date_gmt":"2024-12-06T01:31:37","guid":{"rendered":"https:\/\/www.linkceramics.com\/?post_type=product&#038;p=505"},"modified":"2026-01-23T03:56:53","modified_gmt":"2026-01-23T03:56:53","slug":"bulk-decorative-antique-candlesticks","status":"publish","type":"product","link":"https:\/\/www.linkceramics.com\/es\/product\/bulk-decorative-antique-candlesticks\/","title":{"rendered":"Granel Decorativo Antiguo Candelabros Para el Hogar, Decoraci\u00f3n de Eventos"},"content":{"rendered":"<h3 class=\"wp-block-heading\">Par\u00e1metros del candelabro decorativo antiguo<\/h3>\n\n\n\n<figure class=\"wp-block-table\"><table class=\"has-fixed-layout\"><tbody><tr><td>Modelo<\/td><td>Nombre del producto<\/td><td>Color<\/td><td>Material<\/td><td>Utiliza<\/td><td>Dimensiones<\/td><td>Peso<\/td><\/tr><tr><td>E37581-H911-A01<\/td><td>Candelabro decorativo antiguo<\/td><td>Violeta oscuro antiguo<\/td><td>Resina<\/td><td>decoraci\u00f3n,sal\u00f3n<\/td><td>P:11X34,5cm<\/td><td>0,8kg\/PC<\/td><\/tr><\/tbody><\/table><\/figure>\n\n\n\n<div class=\"wp-block-columns is-layout-flex wp-container-core-columns-is-layout-9d6595d7 wp-block-columns-is-layout-flex\">\n<div class=\"wp-block-column is-layout-flow wp-block-column-is-layout-flow\">\n<figure class=\"wp-block-image size-full\"><img decoding=\"async\" width=\"768\" height=\"639\" src=\"https:\/\/www.linkceramics.com\/wp-content\/uploads\/2024\/11\/Bulk-Decorative-Antique-Candlesticks-3-768x639.jpg.webp\" alt=\"Granel-Decorativo-Antico-Candelabros-3-768x639.jpg\" class=\"wp-image-507\" srcset=\"https:\/\/www.linkceramics.com\/wp-content\/uploads\/2024\/11\/Bulk-Decorative-Antique-Candlesticks-3-768x639.jpg.webp 768w, https:\/\/www.linkceramics.com\/wp-content\/uploads\/2024\/11\/Bulk-Decorative-Antique-Candlesticks-3-768x639.jpg-300x250.webp 300w, https:\/\/www.linkceramics.com\/wp-content\/uploads\/2024\/11\/Bulk-Decorative-Antique-Candlesticks-3-768x639.jpg-600x499.webp 600w\" sizes=\"(max-width: 768px) 100vw, 768px\" \/><\/figure>\n<\/div>\n\n\n\n<div class=\"wp-block-column is-layout-flow wp-block-column-is-layout-flow\">\n<figure class=\"wp-block-image size-full\"><img decoding=\"async\" width=\"1500\" height=\"1250\" src=\"https:\/\/www.linkceramics.com\/wp-content\/uploads\/2024\/11\/Bulk-Decorative-Antique-Candlesticks-1.jpg.webp\" alt=\"Granel-Decorativo-Antico-Candelabros-1.jpg\" class=\"wp-image-506\" srcset=\"https:\/\/www.linkceramics.com\/wp-content\/uploads\/2024\/11\/Bulk-Decorative-Antique-Candlesticks-1.jpg.webp 1500w, https:\/\/www.linkceramics.com\/wp-content\/uploads\/2024\/11\/Bulk-Decorative-Antique-Candlesticks-1.jpg-300x250.webp 300w, https:\/\/www.linkceramics.com\/wp-content\/uploads\/2024\/11\/Bulk-Decorative-Antique-Candlesticks-1.jpg-768x640.webp 768w, https:\/\/www.linkceramics.com\/wp-content\/uploads\/2024\/11\/Bulk-Decorative-Antique-Candlesticks-1.jpg-1200x1000.webp 1200w, https:\/\/www.linkceramics.com\/wp-content\/uploads\/2024\/11\/Bulk-Decorative-Antique-Candlesticks-1.jpg-600x500.webp 600w\" sizes=\"(max-width: 1500px) 100vw, 1500px\" \/><\/figure>\n<\/div>\n<\/div>","protected":false},"excerpt":{"rendered":"<div id=\"brxe-wvqoix\" class=\"brxe-product-short-description brxe-text-basic\">\n<div class=\"woocommerce-product-details__short-description\">\n<p data-pm-slice=\"0 0 []\">Bienvenido a ponerse en contacto con nosotros para una cotizaci\u00f3n de nuestros candelabros antiguos decorativos a granel, que est\u00e1n hechos de material de resina de alta calidad y duradero, combinado con un exquisito dise\u00f1o de estilo vintage, a\u00f1adiendo encanto cl\u00e1sico a la decoraci\u00f3n del hogar y eventos. SANTAI Alfarer\u00eda fabricante de decoraci\u00f3n del hogar, ofrece soluciones profesionales personalizados y candelabros al por mayor.<\/p>\n<h2>Caracter\u00edsticas del candelabro decorativo antiguo<\/h2>\n<p><strong>Dise\u00f1o en forma de hoja:<\/strong> El dise\u00f1o abstracto en forma de hoja es el modelo de presentaci\u00f3n que adopta. Esta forma general del candelabro decorativo est\u00e1 llena de sentido art\u00edstico y a\u00f1ade un ambiente natural y personalizado a una habitaci\u00f3n. Puede utilizarse tanto para una habitaci\u00f3n de estilo moderno como retro.<br \/><strong>Material duradero y de alta calidad:<\/strong> El candelabro decorativo est\u00e1 hecho de material de resina con un s\u00f3lido armaz\u00f3n estructural, y tiene una superficie lisa f\u00e1cil de limpiar y mantener.<br \/><strong>Proceso de envejecido:<\/strong> Mediante un fino tratamiento distressing, estos candelabros antiguos decorativos a granel presentan una textura met\u00e1lica naturalmente desgastada, como si hubiera sido precipitada por el tiempo, mostrando un fuerte encanto retro, adecuado para los usuarios a los que les gusta el estilo cl\u00e1sico.<br \/><strong>Peso ligero:<\/strong> El candelabro decorativo pesa poco y es f\u00e1cil de mover y colocar. Tanto si se coloca en una mesa de comedor, una repisa de chimenea o una estanter\u00eda, como si se saca al exterior en algunas situaciones especiales como bodas, puede a\u00f1adir un estilo y un ambiente \u00fanicos.<br \/><strong>Servicio mayorista:<\/strong> Ofrecemos servicios de venta al por mayor de candeleros a compradores B2B a precios de primera calidad para ayudarle a destacar en el mercado.<\/div>\n<\/div>","protected":false},"featured_media":506,"comment_status":"open","ping_status":"closed","template":"","meta":{"_acf_changed":false},"certification":[63,64,66,65,61,60,62],"product_brand":[],"product_cat":[37,17],"product_tag":[],"class_list":{"0":"post-505","1":"product","2":"type-product","3":"status-publish","4":"has-post-thumbnail","6":"certification-amfori","7":"certification-bsci","8":"certification-cnas","9":"certification-iaf","10":"certification-iso-14001","11":"certification-iso-45001","12":"certification-iso-9001","13":"product_cat-decorative-ceramic-wholesale","14":"product_cat-ceramic-vases-wholesale","16":"first","17":"instock","18":"shipping-taxable","19":"product-type-simple"},"acf":[],"_links":{"self":[{"href":"https:\/\/www.linkceramics.com\/es\/wp-json\/wp\/v2\/product\/505","targetHints":{"allow":["GET"]}}],"collection":[{"href":"https:\/\/www.linkceramics.com\/es\/wp-json\/wp\/v2\/product"}],"about":[{"href":"https:\/\/www.linkceramics.com\/es\/wp-json\/wp\/v2\/types\/product"}],"replies":[{"embeddable":true,"href":"https:\/\/www.linkceramics.com\/es\/wp-json\/wp\/v2\/comments?post=505"}],"wp:featuredmedia":[{"embeddable":true,"href":"https:\/\/www.linkceramics.com\/es\/wp-json\/wp\/v2\/media\/506"}],"wp:attachment":[{"href":"https:\/\/www.linkceramics.com\/es\/wp-json\/wp\/v2\/media?parent=505"}],"wp:term":[{"taxonomy":"certification","embeddable":true,"href":"https:\/\/www.linkceramics.com\/es\/wp-json\/wp\/v2\/certification?post=505"},{"taxonomy":"product_brand","embeddable":true,"href":"https:\/\/www.linkceramics.com\/es\/wp-json\/wp\/v2\/product_brand?post=505"},{"taxonomy":"product_cat","embeddable":true,"href":"https:\/\/www.linkceramics.com\/es\/wp-json\/wp\/v2\/product_cat?post=505"},{"taxonomy":"product_tag","embeddable":true,"href":"https:\/\/www.linkceramics.com\/es\/wp-json\/wp\/v2\/product_tag?post=505"}],"curies":[{"name":"wp","href":"https:\/\/api.w.org\/{rel}","templated":true}]}}