{"id":509,"date":"2024-12-06T01:23:27","date_gmt":"2024-12-06T01:23:27","guid":{"rendered":"https:\/\/www.linkceramics.com\/?post_type=product&#038;p=509"},"modified":"2024-12-06T01:23:28","modified_gmt":"2024-12-06T01:23:28","slug":"wholesale-small-sculpture","status":"publish","type":"product","link":"https:\/\/www.linkceramics.com\/es\/product\/wholesale-small-sculpture\/","title":{"rendered":"Mayorista Esculturas Peque\u00f1as para Decoraci\u00f3n : Creaciones Art\u00edsticas \u00danicas"},"content":{"rendered":"<h3 class=\"wp-block-heading\">Par\u00e1metros de Decoraci\u00f3n del hogar Escultura peque\u00f1a<\/h3>\n\n\n\n<figure class=\"wp-block-table\"><table class=\"has-fixed-layout\"><tbody><tr><td>Modelo<\/td><td>Nombre del producto<\/td><td>Color<\/td><td>Material<\/td><td>Utiliza<\/td><td>Dimensiones<\/td><td>Peso<\/td><\/tr><tr><td>E37133-H851-A01<\/td><td>Escultura de resina -Hombre de pie<\/td><td>Marr\u00f3n antiguo&nbsp;<\/td><td>Resina<\/td><td>decoraci\u00f3n,sal\u00f3n<\/td><td>13X11.5X25.5cm<\/td><td>1kg\/PC<\/td><\/tr><tr><td>E37134-H851-A01<\/td><td>Escultura de resina - Hombre sentado<\/td><td>Marr\u00f3n antiguo&nbsp;<\/td><td>Resina<\/td><td>decoraci\u00f3n,sal\u00f3n<\/td><td>12,5X9X17,5cm<\/td><td>0,7kg\/PC<\/td><\/tr><\/tbody><\/table><\/figure>\n\n\n\n<div class=\"wp-block-columns is-layout-flex wp-container-core-columns-is-layout-9d6595d7 wp-block-columns-is-layout-flex\">\n<div class=\"wp-block-column is-layout-flow wp-block-column-is-layout-flow\">\n<figure class=\"wp-block-image size-full\"><img decoding=\"async\" width=\"768\" height=\"639\" src=\"https:\/\/www.linkceramics.com\/wp-content\/uploads\/2024\/11\/Wholesale-Resin-Figurines-1-768x639.jpg.webp\" alt=\"Mayorista-Resina-Figurines-1-768x639.jpg\" class=\"wp-image-515\" srcset=\"https:\/\/www.linkceramics.com\/wp-content\/uploads\/2024\/11\/Wholesale-Resin-Figurines-1-768x639.jpg.webp 768w, https:\/\/www.linkceramics.com\/wp-content\/uploads\/2024\/11\/Wholesale-Resin-Figurines-1-768x639.jpg-300x250.webp 300w, https:\/\/www.linkceramics.com\/wp-content\/uploads\/2024\/11\/Wholesale-Resin-Figurines-1-768x639.jpg-600x499.webp 600w\" sizes=\"(max-width: 768px) 100vw, 768px\" \/><\/figure>\n<\/div>\n\n\n\n<div class=\"wp-block-column is-layout-flow wp-block-column-is-layout-flow\">\n<figure class=\"wp-block-image size-full\"><img decoding=\"async\" width=\"768\" height=\"640\" src=\"https:\/\/www.linkceramics.com\/wp-content\/uploads\/2024\/11\/Wholesale-Resin-Figurines-2-768x640.jpg.webp\" alt=\"Mayorista-Resina-Figurines-2-768x640.jpg\" class=\"wp-image-516\" srcset=\"https:\/\/www.linkceramics.com\/wp-content\/uploads\/2024\/11\/Wholesale-Resin-Figurines-2-768x640.jpg.webp 768w, https:\/\/www.linkceramics.com\/wp-content\/uploads\/2024\/11\/Wholesale-Resin-Figurines-2-768x640.jpg-300x250.webp 300w, https:\/\/www.linkceramics.com\/wp-content\/uploads\/2024\/11\/Wholesale-Resin-Figurines-2-768x640.jpg-600x500.webp 600w\" sizes=\"(max-width: 768px) 100vw, 768px\" \/><\/figure>\n<\/div>\n<\/div>","protected":false},"excerpt":{"rendered":"<div id=\"brxe-raacbk\" class=\"brxe-product-meta product_meta\"><span class=\"item\"><span class=\"prefix\">Etiquetas:\u00a0<\/span><span class=\"text\"><a href=\"https:\/\/www.santai-ceramics.com\/product-tag\/resin-animal-figurines\/\">Figuras de animales de resina<\/a><\/span><\/span><\/div>\n<div id=\"brxe-wvqoix\" class=\"brxe-product-short-description brxe-text-basic\">\n<div class=\"woocommerce-product-details__short-description\">\n<p data-pm-slice=\"0 0 []\">Ofrecemos esculturas al por mayor para una exquisita decoraci\u00f3n del hogar. Esta escultura creativa a\u00f1adir\u00e1 encanto art\u00edstico y personal a su espacio. Se adapta a dormitorios, estudios, la biblioteca y otras \u00e1reas decorativas. Est\u00e1 hecha de materiales de resina de alta calidad para garantizar su durabilidad y larga duraci\u00f3n, manteniendo al mismo tiempo un aspecto y tacto delicados. No dude en ponerse en contacto con nosotros para pedidos al por mayor.<\/p>\n<h2>Caracter\u00edsticas de Home Decor Escultura peque\u00f1a<\/h2>\n<p><strong>Belleza art\u00edstica:<\/strong> El lado izquierdo es una figura con forma humana sentada, y el lado derecho es una figura con forma humana de pie. Las dos son diferentes, y pueden formar una imagen armoniosa y hermosa mediante una combinaci\u00f3n razonable. Los tonos claros y la delicada textura de la peque\u00f1a escultura la hacen m\u00e1s ornamental y decorativa.<br \/><strong>Funci\u00f3n pr\u00e1ctica:<\/strong> La escultura al por mayor no es s\u00f3lo decorativa, sino que, lo que es m\u00e1s importante, tiene funciones pr\u00e1cticas. Pueden evitar eficazmente que los libros resbalen o se desparramen, manteniendo el escritorio ordenado y en orden.<br \/><strong>Gran durabilidad:<\/strong> Estas esculturas al por mayor est\u00e1n hechas de resina de alta calidad, con buena durabilidad y resistencia al desgaste. Al mismo tiempo, la limpieza y el mantenimiento de esta escultura es tambi\u00e9n muy conveniente, s\u00f3lo limpie con un pa\u00f1o h\u00famedo.<br \/><strong>Personalizaci\u00f3n a medida:<\/strong> Como fabricante profesional de estatuas de decoraci\u00f3n para el hogar. Entendemos la importancia de las diferentes formas y colores de las esculturas para los diferentes usuarios. Ofrecemos soluciones de esculturas personalizadas para los clientes, p\u00f3ngase en contacto con nosotros para obtener soluciones.<br \/><strong>Servicio de esculturas al por mayor:<\/strong> Proporcionamos servicio profesional al por mayor de esculturas decorativas para compradores B2B, hoteles y mayoristas, cubriendo dise\u00f1o profesional, muestra r\u00e1pida, producci\u00f3n y entrega, cont\u00e1ctenos para obtener un precio competitivo.<\/div>\n<\/div>","protected":false},"featured_media":514,"comment_status":"open","ping_status":"closed","template":"","meta":{"_acf_changed":true},"certification":[63,64,66,65,61,60,62],"product_brand":[],"product_cat":[37,38],"product_tag":[],"class_list":{"0":"post-509","1":"product","2":"type-product","3":"status-publish","4":"has-post-thumbnail","6":"certification-amfori","7":"certification-bsci","8":"certification-cnas","9":"certification-iaf","10":"certification-iso-14001","11":"certification-iso-45001","12":"certification-iso-9001","13":"product_cat-decorative-ceramic-wholesale","14":"product_cat-custom-ceramic-ornament","16":"first","17":"instock","18":"shipping-taxable","19":"product-type-simple"},"acf":[],"_links":{"self":[{"href":"https:\/\/www.linkceramics.com\/es\/wp-json\/wp\/v2\/product\/509","targetHints":{"allow":["GET"]}}],"collection":[{"href":"https:\/\/www.linkceramics.com\/es\/wp-json\/wp\/v2\/product"}],"about":[{"href":"https:\/\/www.linkceramics.com\/es\/wp-json\/wp\/v2\/types\/product"}],"replies":[{"embeddable":true,"href":"https:\/\/www.linkceramics.com\/es\/wp-json\/wp\/v2\/comments?post=509"}],"wp:featuredmedia":[{"embeddable":true,"href":"https:\/\/www.linkceramics.com\/es\/wp-json\/wp\/v2\/media\/514"}],"wp:attachment":[{"href":"https:\/\/www.linkceramics.com\/es\/wp-json\/wp\/v2\/media?parent=509"}],"wp:term":[{"taxonomy":"certification","embeddable":true,"href":"https:\/\/www.linkceramics.com\/es\/wp-json\/wp\/v2\/certification?post=509"},{"taxonomy":"product_brand","embeddable":true,"href":"https:\/\/www.linkceramics.com\/es\/wp-json\/wp\/v2\/product_brand?post=509"},{"taxonomy":"product_cat","embeddable":true,"href":"https:\/\/www.linkceramics.com\/es\/wp-json\/wp\/v2\/product_cat?post=509"},{"taxonomy":"product_tag","embeddable":true,"href":"https:\/\/www.linkceramics.com\/es\/wp-json\/wp\/v2\/product_tag?post=509"}],"curies":[{"name":"wp","href":"https:\/\/api.w.org\/{rel}","templated":true}]}}