{"id":524,"date":"2024-12-05T10:17:09","date_gmt":"2024-12-05T10:17:09","guid":{"rendered":"https:\/\/www.linkceramics.com\/?post_type=product&#038;p=524"},"modified":"2025-09-13T08:30:52","modified_gmt":"2025-09-13T08:30:52","slug":"wholesale-ceramic-flower-pots","status":"publish","type":"product","link":"https:\/\/www.linkceramics.com\/es\/product\/wholesale-ceramic-flower-pots\/","title":{"rendered":"Mayorista Macetas de Cer\u00e1mica - Venta de Macetas Decorativas a Granel"},"content":{"rendered":"<h3 class=\"wp-block-heading\">Par\u00e1metros de la maceta de cer\u00e1mica<\/h3>\n\n\n\n<figure class=\"wp-block-table\"><table class=\"has-fixed-layout\"><tbody><tr><td>Modelo<\/td><td>Nombre del producto<\/td><td>Color<\/td><td>Material<\/td><td>Utiliza<\/td><td>Dimensiones<\/td><td>Peso<\/td><\/tr><tr><td>A37588-H885-A01<\/td><td>Maceta de cer\u00e1mica beige \u00fanica<\/td><td>Marr\u00f3n claro antiguo<\/td><td>Cer\u00e1mica<\/td><td>decoracion,salon,jardin<\/td><td>22X21.5X29.5cm<\/td><td>2,2 kg\/PC<\/td><\/tr><\/tbody><\/table><\/figure>\n\n\n\n<div class=\"wp-block-columns is-layout-flex wp-container-core-columns-is-layout-9d6595d7 wp-block-columns-is-layout-flex\">\n<div class=\"wp-block-column is-layout-flow wp-block-column-is-layout-flow\">\n<figure class=\"wp-block-image size-full\"><img decoding=\"async\" width=\"768\" height=\"640\" src=\"https:\/\/www.linkceramics.com\/wp-content\/uploads\/2024\/11\/Wholesale-Decorative-Beige-Ceramic-Low-Flower-Pots-3-768x640.jpg.webp\" alt=\"Mayorista-Macetas-Beige-Cer\u00e1mica-Decorativas-3-768x640.jpg\" class=\"wp-image-526\" srcset=\"https:\/\/www.linkceramics.com\/wp-content\/uploads\/2024\/11\/Wholesale-Decorative-Beige-Ceramic-Low-Flower-Pots-3-768x640.jpg.webp 768w, https:\/\/www.linkceramics.com\/wp-content\/uploads\/2024\/11\/Wholesale-Decorative-Beige-Ceramic-Low-Flower-Pots-3-768x640.jpg-300x250.webp 300w, https:\/\/www.linkceramics.com\/wp-content\/uploads\/2024\/11\/Wholesale-Decorative-Beige-Ceramic-Low-Flower-Pots-3-768x640.jpg-600x500.webp 600w\" sizes=\"(max-width: 768px) 100vw, 768px\" \/><\/figure>\n<\/div>\n\n\n\n<div class=\"wp-block-column is-layout-flow wp-block-column-is-layout-flow\">\n<figure class=\"wp-block-image size-full\"><img decoding=\"async\" width=\"1300\" height=\"1083\" src=\"https:\/\/www.linkceramics.com\/wp-content\/uploads\/2024\/11\/Wholesale-Decorative-Beige-Ceramic-Low-Flower-Pots-2.jpg.webp\" alt=\"Mayorista-Macetas-Beige-Cer\u00e1mica-Decorativas-2.jpg\" class=\"wp-image-525\" srcset=\"https:\/\/www.linkceramics.com\/wp-content\/uploads\/2024\/11\/Wholesale-Decorative-Beige-Ceramic-Low-Flower-Pots-2.jpg.webp 1300w, https:\/\/www.linkceramics.com\/wp-content\/uploads\/2024\/11\/Wholesale-Decorative-Beige-Ceramic-Low-Flower-Pots-2.jpg-300x250.webp 300w, https:\/\/www.linkceramics.com\/wp-content\/uploads\/2024\/11\/Wholesale-Decorative-Beige-Ceramic-Low-Flower-Pots-2.jpg-768x640.webp 768w, https:\/\/www.linkceramics.com\/wp-content\/uploads\/2024\/11\/Wholesale-Decorative-Beige-Ceramic-Low-Flower-Pots-2.jpg-1200x1000.webp 1200w, https:\/\/www.linkceramics.com\/wp-content\/uploads\/2024\/11\/Wholesale-Decorative-Beige-Ceramic-Low-Flower-Pots-2.jpg-600x500.webp 600w\" sizes=\"(max-width: 1300px) 100vw, 1300px\" \/><\/figure>\n<\/div>\n<\/div>","protected":false},"excerpt":{"rendered":"<p data-pm-slice=\"0 0 []\">Bienvenido a explorar nuestras macetas de cer\u00e1mica decorativas al por mayor, el suave tono beige hace que las macetas se integren f\u00e1cilmente en cualquier estilo de hogar, y el dise\u00f1o bajo las hace muy adecuadas para plantar varias plantas peque\u00f1as, aportando vitalidad y vitalidad a su espacio. Invitamos a los compradores B2B a ponerse en contacto con nosotros para realizar sus compras.<\/p>\n<h2>Caracter\u00edsticas de las macetas de cer\u00e1mica al por mayor<\/h2>\n<ul>\n<li><strong>Armoniosa mezcla de colores:<\/strong> El blanco roto y el marr\u00f3n claro juntos hacen que la maceta sea c\u00e1lida y elegante, dejando al descubierto su buen aspecto general.<\/li>\n<li><strong>Material cer\u00e1mico de alta calidad:<\/strong> Estas macetas de cer\u00e1mica est\u00e1n hechas de cer\u00e1mica duradera, con alta resistencia al desgaste, durabilidad y capacidad para retener el calor. As\u00ed, la flor ser\u00e1 capaz de mantener la temperatura y la humedad durante un per\u00edodo muy largo en el florero y apoyar flores y plantas para crecer y florecer bien.<\/li>\n<li><strong>Aumente su sensaci\u00f3n de sabor a hogar:<\/strong> El estilo \u00fanico y el aspecto terroso y natural de la maceta de cer\u00e1mica la convierten en el centro de atenci\u00f3n de la decoraci\u00f3n de su hogar, lo que puede elevar a un nivel superior todo el ambiente y la decoraci\u00f3n de su habitaci\u00f3n.<\/li>\n<li><strong>Servicio de macetas al por mayor:<\/strong> Somos una f\u00e1brica de macetas de cer\u00e1mica, y nos centramos en ofrecer a los clientes macetas al por mayor a bajo precio. Bienvenido a contactar con nosotros para una cita.<\/li>\n<\/ul>","protected":false},"featured_media":527,"comment_status":"open","ping_status":"closed","template":"","meta":{"_acf_changed":true},"certification":[63,64,66,65,61,60,62],"product_brand":[],"product_cat":[37,38,17],"product_tag":[],"class_list":{"0":"post-524","1":"product","2":"type-product","3":"status-publish","4":"has-post-thumbnail","6":"certification-amfori","7":"certification-bsci","8":"certification-cnas","9":"certification-iaf","10":"certification-iso-14001","11":"certification-iso-45001","12":"certification-iso-9001","13":"product_cat-decorative-ceramic-wholesale","14":"product_cat-custom-ceramic-ornament","15":"product_cat-ceramic-vases-wholesale","17":"first","18":"instock","19":"shipping-taxable","20":"product-type-simple"},"acf":[],"_links":{"self":[{"href":"https:\/\/www.linkceramics.com\/es\/wp-json\/wp\/v2\/product\/524","targetHints":{"allow":["GET"]}}],"collection":[{"href":"https:\/\/www.linkceramics.com\/es\/wp-json\/wp\/v2\/product"}],"about":[{"href":"https:\/\/www.linkceramics.com\/es\/wp-json\/wp\/v2\/types\/product"}],"replies":[{"embeddable":true,"href":"https:\/\/www.linkceramics.com\/es\/wp-json\/wp\/v2\/comments?post=524"}],"wp:featuredmedia":[{"embeddable":true,"href":"https:\/\/www.linkceramics.com\/es\/wp-json\/wp\/v2\/media\/527"}],"wp:attachment":[{"href":"https:\/\/www.linkceramics.com\/es\/wp-json\/wp\/v2\/media?parent=524"}],"wp:term":[{"taxonomy":"certification","embeddable":true,"href":"https:\/\/www.linkceramics.com\/es\/wp-json\/wp\/v2\/certification?post=524"},{"taxonomy":"product_brand","embeddable":true,"href":"https:\/\/www.linkceramics.com\/es\/wp-json\/wp\/v2\/product_brand?post=524"},{"taxonomy":"product_cat","embeddable":true,"href":"https:\/\/www.linkceramics.com\/es\/wp-json\/wp\/v2\/product_cat?post=524"},{"taxonomy":"product_tag","embeddable":true,"href":"https:\/\/www.linkceramics.com\/es\/wp-json\/wp\/v2\/product_tag?post=524"}],"curies":[{"name":"wp","href":"https:\/\/api.w.org\/{rel}","templated":true}]}}