{"id":544,"date":"2024-11-30T08:49:34","date_gmt":"2024-11-30T08:49:34","guid":{"rendered":"https:\/\/www.linkceramics.com\/?post_type=product&#038;p=544"},"modified":"2024-12-05T10:04:30","modified_gmt":"2024-12-05T10:04:30","slug":"coffee-shop-crockery-wholesale","status":"publish","type":"product","link":"https:\/\/www.linkceramics.com\/es\/product\/coffee-shop-crockery-wholesale\/","title":{"rendered":"Vajilla de Cafeteria al por mayor, Taza de T\u00e9 y Plato con motivos florales al por mayor"},"content":{"rendered":"<div class=\"wp-block-columns is-layout-flex wp-container-core-columns-is-layout-9d6595d7 wp-block-columns-is-layout-flex\">\n<div class=\"wp-block-column is-layout-flow wp-block-column-is-layout-flow\" style=\"flex-basis:66.66%\">\n<h3 class=\"wp-block-heading\">Vajilla de Cafeter\u00eda Premium al por mayor Caracter\u00edsticas:<\/h3>\n\n\n\n<ul class=\"wp-block-list\">\n<li><strong>Elegante dise\u00f1o floral, eleva el estilo de la cafeter\u00eda:<\/strong>&nbsp;Esta serie de platos de cer\u00e1mica, teteras y tazas de t\u00e9 y platillos a granel est\u00e1n pintados con bellos motivos florales. El estilo es elegante y rom\u00e1ntico, muy adecuado para cafeter\u00edas para crear un ambiente c\u00e1lido y elegante, ayudando a mejorar el ambiente general y la experiencia del cliente.<\/li>\n\n\n\n<li><strong>Duradero y f\u00e1cil de limpiar:&nbsp;<\/strong>Nuestras vajillas para cafeter\u00edas al por mayor est\u00e1n fabricadas con materiales cer\u00e1micos de alta calidad cocidos a altas temperaturas, con una superficie lisa y delicada, duradera y resistente a las manchas, f\u00e1cil de limpiar y siempre en perfecto estado tras el uso diario, lo que reduce los costes de limpieza y mantenimiento.<\/li>\n\n\n\n<li><strong>Dise\u00f1o ergon\u00f3mico, tacto c\u00f3modo:<\/strong>&nbsp;La idea de ergonom\u00eda se refleja en el dise\u00f1o de nuestra taza de t\u00e9 y platillo a granel. El cuerpo de la taza se siente c\u00f3modo de sostener, y el tama\u00f1o del platillo es moderado, hermoso y pr\u00e1ctico, proporcionando a los clientes una mejor experiencia de uso.<\/li>\n\n\n\n<li><strong>Descuentos por compras al por mayor para ayudar a crear marca:&nbsp;<\/strong>Proporcionamos servicios de compra al por mayor para cafeter\u00edas, y el precio del producto es m\u00e1s competitivo. Comprar nuestra vajilla para cafeter\u00edas al por mayor ayudar\u00e1 a unificar el estilo de la vajilla de la tienda, reducir los costes operativos y mejorar la imagen de marca.<\/li>\n<\/ul>\n<\/div>\n\n\n\n<div class=\"wp-block-column is-layout-flow wp-block-column-is-layout-flow\" style=\"flex-basis:33.33%\">\n<figure class=\"wp-block-image size-full\"><img decoding=\"async\" width=\"600\" height=\"600\" src=\"https:\/\/www.linkceramics.com\/wp-content\/uploads\/2024\/11\/Coffee-Shop-Crockery-Wholesale-Floral-Pattern-Tea-Cup-and-Saucer-Bulk-2-600x600-1.webp\" alt=\"Coffee-Shop-Crockery-Mayorista-Floral-Patr\u00f3n-Taza-de-T\u00e9-y-Plato-2-600x600\" class=\"wp-image-546\" srcset=\"https:\/\/www.linkceramics.com\/wp-content\/uploads\/2024\/11\/Coffee-Shop-Crockery-Wholesale-Floral-Pattern-Tea-Cup-and-Saucer-Bulk-2-600x600-1.webp 600w, https:\/\/www.linkceramics.com\/wp-content\/uploads\/2024\/11\/Coffee-Shop-Crockery-Wholesale-Floral-Pattern-Tea-Cup-and-Saucer-Bulk-2-600x600-1-300x300.webp 300w, https:\/\/www.linkceramics.com\/wp-content\/uploads\/2024\/11\/Coffee-Shop-Crockery-Wholesale-Floral-Pattern-Tea-Cup-and-Saucer-Bulk-2-600x600-1-150x150.webp 150w, https:\/\/www.linkceramics.com\/wp-content\/uploads\/2024\/11\/Coffee-Shop-Crockery-Wholesale-Floral-Pattern-Tea-Cup-and-Saucer-Bulk-2-600x600-1-100x100.webp 100w\" sizes=\"(max-width: 600px) 100vw, 600px\" \/><\/figure>\n<\/div>\n<\/div>","protected":false},"excerpt":{"rendered":"<div id=\"brxe-0ee1ca\" class=\"brxe-product-meta product_meta\">\n<div id=\"brxe-0ee1ca\" class=\"brxe-product-meta product_meta\"><span class=\"item\"><span class=\"prefix\">Etiquetas:\u00a0<\/span><span class=\"text\"><a href=\"https:\/\/www.lovinghomecollection.com\/product-tag\/sugar-jars-wholesale\/\">Tarros de az\u00facar al por mayor<\/a>,\u00a0<a href=\"https:\/\/www.lovinghomecollection.com\/product-tag\/wholesale-plates-and-bowls\/\">Platos y cuencos al por mayor<\/a>,\u00a0<a href=\"https:\/\/www.lovinghomecollection.com\/product-tag\/wholesale-tea-cups-and-saucers\/\">Tazas de t\u00e9 y platillos al por mayor<\/a>,\u00a0<a href=\"https:\/\/www.lovinghomecollection.com\/product-tag\/wholesale-teapots\/\">Teteras al por mayor<\/a><\/span><\/span><\/div>\n<div id=\"brxe-8c5ca9\" class=\"brxe-product-short-description\">\n<div class=\"woocommerce-product-details__short-description\">\n<p>Bienvenido a comprar vajilla de cafeter\u00eda al por mayor. Este patr\u00f3n floral taza de t\u00e9 y platillo a granel a\u00f1adir un ambiente rom\u00e1ntico a la tienda de caf\u00e9 con su dise\u00f1o elegante, materiales de alta calidad y una experiencia c\u00f3moda. Las compras al por mayor son m\u00e1s asequibles y son una buena opci\u00f3n para construir una imagen de marca y mejorar la satisfacci\u00f3n del cliente.<\/p>\n<\/div>\n<\/div>\n<\/div>\n<div id=\"brxe-8c5ca9\" class=\"brxe-product-short-description\">\n<div class=\"woocommerce-product-details__short-description\">\n<h2>Vajilla para cafeter\u00eda Especificaciones:<\/h2>\n<table border=\"0\" width=\"531\" cellspacing=\"0\" cellpadding=\"0\">\n<tbody>\n<tr>\n<td width=\"271\" height=\"24\">Fabricante<\/td>\n<td width=\"260\">Un hogar lleno de amor<\/td>\n<\/tr>\n<tr>\n<td width=\"271\" height=\"25\">Nombre de la colecci\u00f3n<\/td>\n<td width=\"260\">Susurro del prado<\/td>\n<\/tr>\n<tr>\n<td width=\"271\" height=\"24\">Utilizaci\u00f3n<\/td>\n<td width=\"260\">Hogar, Restaurante, Hotel<\/td>\n<\/tr>\n<tr>\n<td width=\"271\" height=\"72\">Tipo de vajilla<\/td>\n<td width=\"260\">Tetera, azucarero, cremera, taza y platillo, taza, plato, cuenco<\/td>\n<\/tr>\n<tr>\n<td width=\"271\" height=\"24\">Material<\/td>\n<td width=\"260\">Porcelana resistente<\/td>\n<\/tr>\n<tr>\n<td width=\"271\" height=\"24\">Dimensi\u00f3n<\/td>\n<td width=\"260\">Como imagen detallada<\/td>\n<\/tr>\n<tr>\n<td width=\"271\" height=\"24\">Unidades de venta<\/td>\n<td width=\"260\">Art\u00edculo \u00fanico<\/td>\n<\/tr>\n<tr>\n<td width=\"271\" height=\"24\">MOQ<\/td>\n<td width=\"260\">1200 unid. por art\u00edculo<\/td>\n<\/tr>\n<tr>\n<td width=\"271\" height=\"48\">Opci\u00f3n personalizada<\/td>\n<td width=\"260\">Color\/Tama\u00f1o\/Glaseado\/Logotipo\/Embalaje<\/td>\n<\/tr>\n<\/tbody>\n<\/table>\n<\/div>\n<\/div>","protected":false},"featured_media":552,"comment_status":"open","ping_status":"closed","template":"","meta":{"_acf_changed":true},"certification":[63,64,66,58,65,61,60,62],"product_brand":[],"product_cat":[34,18],"product_tag":[],"class_list":{"0":"post-544","1":"product","2":"type-product","3":"status-publish","4":"has-post-thumbnail","6":"certification-amfori","7":"certification-bsci","8":"certification-cnas","9":"certification-fda","10":"certification-iaf","11":"certification-iso-14001","12":"certification-iso-45001","13":"certification-iso-9001","14":"product_cat-custom-household-ceramics","15":"product_cat-ceramic-tableware-wholesale","17":"first","18":"instock","19":"shipping-taxable","20":"product-type-simple"},"acf":[],"_links":{"self":[{"href":"https:\/\/www.linkceramics.com\/es\/wp-json\/wp\/v2\/product\/544","targetHints":{"allow":["GET"]}}],"collection":[{"href":"https:\/\/www.linkceramics.com\/es\/wp-json\/wp\/v2\/product"}],"about":[{"href":"https:\/\/www.linkceramics.com\/es\/wp-json\/wp\/v2\/types\/product"}],"replies":[{"embeddable":true,"href":"https:\/\/www.linkceramics.com\/es\/wp-json\/wp\/v2\/comments?post=544"}],"wp:featuredmedia":[{"embeddable":true,"href":"https:\/\/www.linkceramics.com\/es\/wp-json\/wp\/v2\/media\/552"}],"wp:attachment":[{"href":"https:\/\/www.linkceramics.com\/es\/wp-json\/wp\/v2\/media?parent=544"}],"wp:term":[{"taxonomy":"certification","embeddable":true,"href":"https:\/\/www.linkceramics.com\/es\/wp-json\/wp\/v2\/certification?post=544"},{"taxonomy":"product_brand","embeddable":true,"href":"https:\/\/www.linkceramics.com\/es\/wp-json\/wp\/v2\/product_brand?post=544"},{"taxonomy":"product_cat","embeddable":true,"href":"https:\/\/www.linkceramics.com\/es\/wp-json\/wp\/v2\/product_cat?post=544"},{"taxonomy":"product_tag","embeddable":true,"href":"https:\/\/www.linkceramics.com\/es\/wp-json\/wp\/v2\/product_tag?post=544"}],"curies":[{"name":"wp","href":"https:\/\/api.w.org\/{rel}","templated":true}]}}