{"id":562,"date":"2024-12-21T07:10:42","date_gmt":"2024-12-21T07:10:42","guid":{"rendered":"https:\/\/www.linkceramics.com\/?post_type=product&#038;p=562"},"modified":"2024-12-24T02:28:04","modified_gmt":"2024-12-24T02:28:04","slug":"ceramic-bulk-kitchen-utensils","status":"publish","type":"product","link":"https:\/\/www.linkceramics.com\/es\/product\/ceramic-bulk-kitchen-utensils\/","title":{"rendered":"Utensilios de Cocina de Cer\u00e1mica a Granel, Cacerolas, Tarros, Aceiteras al por Mayor"},"content":{"rendered":"<div class=\"wp-block-columns is-layout-flex wp-container-core-columns-is-layout-9d6595d7 wp-block-columns-is-layout-flex\">\n<div class=\"wp-block-column is-layout-flow wp-block-column-is-layout-flow\" style=\"flex-basis:66.66%\">\n<h3 class=\"wp-block-heading\">Utensilios de cocina de cer\u00e1mica a granel de primera calidad Caracter\u00edsticas:<\/h3>\n\n\n\n<ul class=\"wp-block-list\">\n<li><strong>Elegante dise\u00f1o floral en relieve:\u00a0<\/strong>Esta serie de utensilios de cocina a granel presenta exquisitos motivos florales en relieve. Cada art\u00edculo de cocina muestra un delicado trabajo artesanal, lo que confiere a la vajilla un aire elegante y art\u00edstico y realza la belleza general de la cocina.<\/li>\n\n\n\n<li><strong>Accesorios de cocina vers\u00e1tiles:\u00a0<\/strong>Nuestros utensilios de cocina de cer\u00e1mica al por mayor incluyen botellas de aceite, tablas de quesos, estantes para herramientas, tarros de almacenamiento, cacerolas y hervidores, etc., cubriendo una variedad de accesorios pr\u00e1cticos necesarios en la cocina, adecuados para la cocina diaria y la presentaci\u00f3n en la mesa, asegurando una experiencia de uso eficiente y conveniente.<\/li>\n\n\n\n<li><strong>Diversas opciones de color:<\/strong>\u00a0Esta serie de utensilios de cocina a granel ofrece una variedad de colores vivos, desde tonos frescos y naturales hasta colores modernos y brillantes, que pueden combinarse con diversos estilos de decoraci\u00f3n de cocinas, a\u00f1adiendo inter\u00e9s visual y decorativo.<\/li>\n\n\n\n<li><strong>Duradero y pr\u00e1ctico:\u00a0<\/strong>Nuestra serie de utensilios de cocina de cer\u00e1mica al por mayor no s\u00f3lo es bonita, sino que tambi\u00e9n est\u00e1 cuidadosamente dise\u00f1ada y elaborada para garantizar su durabilidad y funcionalidad, apta para un uso prolongado en hogares, restaurantes y cocinas comerciales.<\/li>\n<\/ul>\n<\/div>\n\n\n\n<div class=\"wp-block-column is-layout-flow wp-block-column-is-layout-flow\" style=\"flex-basis:33.33%\">\n<figure class=\"wp-block-image size-full\"><img decoding=\"async\" width=\"600\" height=\"600\" src=\"https:\/\/www.linkceramics.com\/wp-content\/uploads\/2024\/11\/Ceramic-Bulk-Kitchen-Utensils-Holders-Casseroles-Jars-Oil-Bottles-Wholesale-17-600x600-1.webp\" alt=\"Cer\u00e1mica-Bolsa-Cocina-Utensilios-Soportes-Cacerolas-Jarros-Aceite-Botellas-Mayorista-17-600x600\" class=\"wp-image-570\" srcset=\"https:\/\/www.linkceramics.com\/wp-content\/uploads\/2024\/11\/Ceramic-Bulk-Kitchen-Utensils-Holders-Casseroles-Jars-Oil-Bottles-Wholesale-17-600x600-1.webp 600w, https:\/\/www.linkceramics.com\/wp-content\/uploads\/2024\/11\/Ceramic-Bulk-Kitchen-Utensils-Holders-Casseroles-Jars-Oil-Bottles-Wholesale-17-600x600-1-300x300.webp 300w, https:\/\/www.linkceramics.com\/wp-content\/uploads\/2024\/11\/Ceramic-Bulk-Kitchen-Utensils-Holders-Casseroles-Jars-Oil-Bottles-Wholesale-17-600x600-1-150x150.webp 150w, https:\/\/www.linkceramics.com\/wp-content\/uploads\/2024\/11\/Ceramic-Bulk-Kitchen-Utensils-Holders-Casseroles-Jars-Oil-Bottles-Wholesale-17-600x600-1-100x100.webp 100w\" sizes=\"(max-width: 600px) 100vw, 600px\" \/><\/figure>\n<\/div>\n<\/div>","protected":false},"excerpt":{"rendered":"<div id=\"brxe-0ee1ca\" class=\"brxe-product-meta product_meta\">\n<div id=\"brxe-0ee1ca\" class=\"brxe-product-meta product_meta\">\n<div id=\"brxe-0ee1ca\" class=\"brxe-product-meta product_meta\">Bienvenido a comprar utensilios de cocina de cer\u00e1mica al por mayor. Esta serie de utensilios de cocina al por mayor presenta un elegante dise\u00f1o floral en relieve y una gran variedad de colores, entre los que se incluyen soportes para utensilios, botellas de aceite, jarras de almacenamiento, cazuelas y otros accesorios de cocina multifuncionales. Es a la vez pr\u00e1ctico y a\u00f1ade un toque art\u00edstico \u00fanico a la cocina.<\/div>\n<\/div>\n<\/div>\n<div id=\"brxe-8c5ca9\" class=\"brxe-product-short-description\">\n<div class=\"woocommerce-product-details__short-description\">\n<h2>Utensilios de cocina de cer\u00e1mica Premium Especificaciones:<\/h2>\n<table border=\"0\" width=\"531\" cellspacing=\"0\" cellpadding=\"0\">\n<tbody>\n<tr>\n<td width=\"271\" height=\"24\">Fabricante<\/td>\n<td width=\"260\">Un hogar lleno de amor<\/td>\n<\/tr>\n<tr>\n<td width=\"271\" height=\"25\">Nombre de la colecci\u00f3n<\/td>\n<td width=\"260\">Mi jard\u00edn<\/td>\n<\/tr>\n<tr>\n<td width=\"271\" height=\"24\">Utilizaci\u00f3n<\/td>\n<td width=\"260\">Hogar, Restaurante, Hotel<\/td>\n<\/tr>\n<tr>\n<td width=\"271\" height=\"72\">Tipo de menaje<\/td>\n<td width=\"260\">Botella de aceite, tabla de quesos, portaherramientas, tarro, cazuela, jarra<\/td>\n<\/tr>\n<tr>\n<td width=\"271\" height=\"24\">Material<\/td>\n<td width=\"260\">Gres<\/td>\n<\/tr>\n<tr>\n<td width=\"271\" height=\"24\">Dimensi\u00f3n<\/td>\n<td width=\"260\">Como imagen detallada<\/td>\n<\/tr>\n<tr>\n<td width=\"271\" height=\"24\">Unidades de venta<\/td>\n<td width=\"260\">Art\u00edculo \u00fanico<\/td>\n<\/tr>\n<tr>\n<td width=\"271\" height=\"24\">MOQ<\/td>\n<td width=\"260\">1200 unid. por art\u00edculo<\/td>\n<\/tr>\n<tr>\n<td width=\"271\" height=\"48\">Opci\u00f3n personalizada<\/td>\n<td width=\"260\">Color\/Tama\u00f1o\/Glaseado\/Logotipo\/Embalaje<\/td>\n<\/tr>\n<\/tbody>\n<\/table>\n<\/div>\n<\/div>","protected":false},"featured_media":569,"comment_status":"open","ping_status":"closed","template":"","meta":{"_acf_changed":true},"certification":[63,64,66,58,65,61,60,62],"product_brand":[],"product_cat":[34,20],"product_tag":[],"class_list":{"0":"post-562","1":"product","2":"type-product","3":"status-publish","4":"has-post-thumbnail","6":"certification-amfori","7":"certification-bsci","8":"certification-cnas","9":"certification-fda","10":"certification-iaf","11":"certification-iso-14001","12":"certification-iso-45001","13":"certification-iso-9001","14":"product_cat-custom-household-ceramics","15":"product_cat-ceramic-kitchenware-wholesale","17":"first","18":"instock","19":"shipping-taxable","20":"product-type-simple"},"acf":[],"_links":{"self":[{"href":"https:\/\/www.linkceramics.com\/es\/wp-json\/wp\/v2\/product\/562","targetHints":{"allow":["GET"]}}],"collection":[{"href":"https:\/\/www.linkceramics.com\/es\/wp-json\/wp\/v2\/product"}],"about":[{"href":"https:\/\/www.linkceramics.com\/es\/wp-json\/wp\/v2\/types\/product"}],"replies":[{"embeddable":true,"href":"https:\/\/www.linkceramics.com\/es\/wp-json\/wp\/v2\/comments?post=562"}],"wp:featuredmedia":[{"embeddable":true,"href":"https:\/\/www.linkceramics.com\/es\/wp-json\/wp\/v2\/media\/569"}],"wp:attachment":[{"href":"https:\/\/www.linkceramics.com\/es\/wp-json\/wp\/v2\/media?parent=562"}],"wp:term":[{"taxonomy":"certification","embeddable":true,"href":"https:\/\/www.linkceramics.com\/es\/wp-json\/wp\/v2\/certification?post=562"},{"taxonomy":"product_brand","embeddable":true,"href":"https:\/\/www.linkceramics.com\/es\/wp-json\/wp\/v2\/product_brand?post=562"},{"taxonomy":"product_cat","embeddable":true,"href":"https:\/\/www.linkceramics.com\/es\/wp-json\/wp\/v2\/product_cat?post=562"},{"taxonomy":"product_tag","embeddable":true,"href":"https:\/\/www.linkceramics.com\/es\/wp-json\/wp\/v2\/product_tag?post=562"}],"curies":[{"name":"wp","href":"https:\/\/api.w.org\/{rel}","templated":true}]}}