{"id":572,"date":"2024-12-10T03:41:46","date_gmt":"2024-12-10T03:41:46","guid":{"rendered":"https:\/\/www.linkceramics.com\/?post_type=product&#038;p=572"},"modified":"2024-12-10T03:41:47","modified_gmt":"2024-12-10T03:41:47","slug":"ceramic-vases-wholesale","status":"publish","type":"product","link":"https:\/\/www.linkceramics.com\/es\/product\/ceramic-vases-wholesale\/","title":{"rendered":"Jarrones de Cer\u00e1mica Exquisita al por mayor, floreros a granel"},"content":{"rendered":"<div class=\"wp-block-columns is-layout-flex wp-container-core-columns-is-layout-9d6595d7 wp-block-columns-is-layout-flex\">\n<div class=\"wp-block-column is-layout-flow wp-block-column-is-layout-flow\" style=\"flex-basis:66.66%\">\n<h3 class=\"wp-block-heading\">Premium jarrones de cer\u00e1mica al por mayor Caracter\u00edsticas:<\/h3>\n\n\n\n<ul class=\"wp-block-list\">\n<li><strong>Dise\u00f1o exquisito:\u00a0<\/strong>Estos jarrones de cer\u00e1mica a granel de color gris-negro est\u00e1n cuidadosamente tallados con una variedad de patrones en relieve en la superficie, que son tridimensionales y llenos de atm\u00f3sfera art\u00edstica, y pueden a\u00f1adir un estilo decorativo \u00fanico a su hogar o espacio comercial.<\/li>\n\n\n\n<li><strong>Disponible en varios tama\u00f1os:\u00a0<\/strong>Nuestra serie de jarrones de cer\u00e1mica al por mayor ofrece una variedad de jarrones de distintos tama\u00f1os y formas, desde peque\u00f1as decoraciones de sobremesa hasta grandes adornos de pie, adecuados para distintos tipos y tama\u00f1os de flores.<\/li>\n\n\n\n<li><strong>Resistente al desgaste:\u00a0<\/strong>Nuestros jarrones de cer\u00e1mica a granel est\u00e1n fabricados con materiales cer\u00e1micos resistentes, y el proceso de cocci\u00f3n a alta temperatura garantiza la resistencia y durabilidad de los jarrones. Su material de alta calidad no s\u00f3lo hace que el producto sea duradero, sino que tambi\u00e9n tiene una alta resistencia al desgaste y a la intemperie.<\/li>\n\n\n\n<li><strong>Satisfacer las necesidades comerciales:<\/strong>\u00a0Nuestra serie de jarrones de cer\u00e1mica al por mayor est\u00e1 dise\u00f1ada para la adquisici\u00f3n al por mayor, con precios razonables y calidad de dise\u00f1o de gama alta, adecuada para minoristas, grandes proyectos y proyectos de decoraci\u00f3n comercial como hoteles.<\/li>\n<\/ul>\n<\/div>\n\n\n\n<div class=\"wp-block-column is-layout-flow wp-block-column-is-layout-flow\" style=\"flex-basis:33.33%\">\n<figure class=\"wp-block-image size-full\"><img decoding=\"async\" width=\"768\" height=\"768\" src=\"https:\/\/www.linkceramics.com\/wp-content\/uploads\/2024\/11\/Exquisite-Ceramic-Vases-Wholesale-Flower-Vases-In-Bulk-6-768x768-1.webp\" alt=\"Jarrones de cer\u00e1mica exquisitos-Jarrones de flores al por mayor-6-768x768\" class=\"wp-image-578\" srcset=\"https:\/\/www.linkceramics.com\/wp-content\/uploads\/2024\/11\/Exquisite-Ceramic-Vases-Wholesale-Flower-Vases-In-Bulk-6-768x768-1.webp 768w, https:\/\/www.linkceramics.com\/wp-content\/uploads\/2024\/11\/Exquisite-Ceramic-Vases-Wholesale-Flower-Vases-In-Bulk-6-768x768-1-300x300.webp 300w, https:\/\/www.linkceramics.com\/wp-content\/uploads\/2024\/11\/Exquisite-Ceramic-Vases-Wholesale-Flower-Vases-In-Bulk-6-768x768-1-150x150.webp 150w, https:\/\/www.linkceramics.com\/wp-content\/uploads\/2024\/11\/Exquisite-Ceramic-Vases-Wholesale-Flower-Vases-In-Bulk-6-768x768-1-600x600.webp 600w, https:\/\/www.linkceramics.com\/wp-content\/uploads\/2024\/11\/Exquisite-Ceramic-Vases-Wholesale-Flower-Vases-In-Bulk-6-768x768-1-100x100.webp 100w\" sizes=\"(max-width: 768px) 100vw, 768px\" \/><\/figure>\n<\/div>\n<\/div>","protected":false},"excerpt":{"rendered":"<div id=\"brxe-0ee1ca\" class=\"brxe-product-meta product_meta\">\n<div id=\"brxe-0ee1ca\" class=\"brxe-product-meta product_meta\">\n<div id=\"brxe-0ee1ca\" class=\"brxe-product-meta product_meta\">Bienvenido a comprar jarrones para flores al por mayor. Nuestra exquisita serie de jarrones de cer\u00e1mica al por mayor presenta un bonito dise\u00f1o de l\u00edneas y exquisitas texturas en relieve a rayas, y ofrece una gran variedad de opciones de color para adaptarse a las distintas necesidades de decoraci\u00f3n de interiores. Esta serie de productos tiene un dise\u00f1o moderno y una calidad superior para satisfacer las diversas necesidades de los clientes comerciales y minoristas.<\/div>\n<\/div>\n<\/div>\n<div id=\"brxe-8c5ca9\" class=\"brxe-product-short-description\">\n<div class=\"woocommerce-product-details__short-description\">\n<h2>Jarrones de cer\u00e1mica Premium Especificaciones:<\/h2>\n<table border=\"0\" width=\"531\" cellspacing=\"0\" cellpadding=\"0\">\n<tbody>\n<tr>\n<td width=\"271\" height=\"24\">Fabricante<\/td>\n<td width=\"260\">Un hogar lleno de amor<\/td>\n<\/tr>\n<tr>\n<td width=\"271\" height=\"25\">Tipo de producto<\/td>\n<td width=\"260\">Floreros<\/td>\n<\/tr>\n<tr>\n<td width=\"271\" height=\"24\">Material<\/td>\n<td width=\"260\">Porcelana resistente<\/td>\n<\/tr>\n<tr>\n<td width=\"271\" height=\"24\">Dimensi\u00f3n<\/td>\n<td width=\"260\">Como imagen detallada<\/td>\n<\/tr>\n<tr>\n<td width=\"271\" height=\"24\">Unidades de venta<\/td>\n<td width=\"260\">Art\u00edculo \u00fanico<\/td>\n<\/tr>\n<tr>\n<td width=\"271\" height=\"24\">MOQ<\/td>\n<td width=\"260\">1200 unid. por art\u00edculo<\/td>\n<\/tr>\n<tr>\n<td width=\"271\" height=\"48\">Opci\u00f3n personalizada<\/td>\n<td width=\"260\">Color\/Tama\u00f1o\/Glaseado\/Logotipo\/Embalaje<\/td>\n<\/tr>\n<\/tbody>\n<\/table>\n<\/div>\n<\/div>","protected":false},"featured_media":573,"comment_status":"open","ping_status":"closed","template":"","meta":{"_acf_changed":true},"certification":[63,64,66,58,65,61,60,62],"product_brand":[],"product_cat":[37,17],"product_tag":[],"class_list":{"0":"post-572","1":"product","2":"type-product","3":"status-publish","4":"has-post-thumbnail","6":"certification-amfori","7":"certification-bsci","8":"certification-cnas","9":"certification-fda","10":"certification-iaf","11":"certification-iso-14001","12":"certification-iso-45001","13":"certification-iso-9001","14":"product_cat-decorative-ceramic-wholesale","15":"product_cat-ceramic-vases-wholesale","17":"first","18":"instock","19":"shipping-taxable","20":"product-type-simple"},"acf":[],"_links":{"self":[{"href":"https:\/\/www.linkceramics.com\/es\/wp-json\/wp\/v2\/product\/572","targetHints":{"allow":["GET"]}}],"collection":[{"href":"https:\/\/www.linkceramics.com\/es\/wp-json\/wp\/v2\/product"}],"about":[{"href":"https:\/\/www.linkceramics.com\/es\/wp-json\/wp\/v2\/types\/product"}],"replies":[{"embeddable":true,"href":"https:\/\/www.linkceramics.com\/es\/wp-json\/wp\/v2\/comments?post=572"}],"wp:featuredmedia":[{"embeddable":true,"href":"https:\/\/www.linkceramics.com\/es\/wp-json\/wp\/v2\/media\/573"}],"wp:attachment":[{"href":"https:\/\/www.linkceramics.com\/es\/wp-json\/wp\/v2\/media?parent=572"}],"wp:term":[{"taxonomy":"certification","embeddable":true,"href":"https:\/\/www.linkceramics.com\/es\/wp-json\/wp\/v2\/certification?post=572"},{"taxonomy":"product_brand","embeddable":true,"href":"https:\/\/www.linkceramics.com\/es\/wp-json\/wp\/v2\/product_brand?post=572"},{"taxonomy":"product_cat","embeddable":true,"href":"https:\/\/www.linkceramics.com\/es\/wp-json\/wp\/v2\/product_cat?post=572"},{"taxonomy":"product_tag","embeddable":true,"href":"https:\/\/www.linkceramics.com\/es\/wp-json\/wp\/v2\/product_tag?post=572"}],"curies":[{"name":"wp","href":"https:\/\/api.w.org\/{rel}","templated":true}]}}