{"id":579,"date":"2024-12-10T03:43:02","date_gmt":"2024-12-10T03:43:02","guid":{"rendered":"https:\/\/www.linkceramics.com\/?post_type=product&#038;p=579"},"modified":"2024-12-10T03:43:04","modified_gmt":"2024-12-10T03:43:04","slug":"ceramic-flower-vases-wholesale","status":"publish","type":"product","link":"https:\/\/www.linkceramics.com\/es\/product\/ceramic-flower-vases-wholesale\/","title":{"rendered":"Floreros de cer\u00e1mica al por mayor, jarrones de esmalte flambeado al por mayor"},"content":{"rendered":"<div class=\"wp-block-columns is-layout-flex wp-container-core-columns-is-layout-9d6595d7 wp-block-columns-is-layout-flex\">\n<div class=\"wp-block-column is-layout-flow wp-block-column-is-layout-flow\" style=\"flex-basis:66.66%\">\n<h3 class=\"wp-block-heading\">Premium floreros de cer\u00e1mica al por mayor Caracter\u00edsticas:<\/h3>\n\n\n\n<ul class=\"wp-block-list\">\n<li><strong>Satisfacen diversas necesidades decorativas:\u00a0<\/strong>Esta serie de floreros de cer\u00e1mica esmaltada flambeada al por mayor ofrece una variedad de formas y tama\u00f1os, adecuados para el hogar, el espacio comercial y la exhibici\u00f3n de arte, y se pueden combinar de forma flexible con diferentes estilos y escenas decorativas.<\/li>\n\n\n\n<li><strong>Tecnolog\u00eda \u00fanica de esmaltado flambeado:\u00a0<\/strong>Esta serie de jarrones florales al por mayor adopta la tecnolog\u00eda tradicional de esmaltado flambeado. El esmalte fluye de forma natural durante la cocci\u00f3n a alta temperatura, formando ricos cambios de color y texturas moteadas. Cada pieza es una obra de arte \u00fanica, que muestra el encanto de la cer\u00e1mica hecha a mano.<\/li>\n\n\n\n<li><strong>Duradero y f\u00e1cil de mantener:\u00a0<\/strong>Nuestros jarrones de cer\u00e1mica para flores al por mayor se cuecen a altas temperaturas y tienen una gran resistencia al agrietamiento y durabilidad, por lo que son aptos para un uso prolongado. El esmalte es suave y f\u00e1cil de limpiar, lo que garantiza que mantenga su aspecto brillante durante el uso diario.<\/li>\n\n\n\n<li><strong>Combinaci\u00f3n de cl\u00e1sico y moderno:\u00a0<\/strong>Esta serie de jarrones florales al por mayor combina los colores cl\u00e1sicos del esmalte floral con formas modernas y sencillas, que no s\u00f3lo conservan el elegante encanto de la artesan\u00eda tradicional, sino que tambi\u00e9n incorporan estilos de dise\u00f1o modernos, que pueden realzar la estratificaci\u00f3n y la atm\u00f3sfera art\u00edstica de la decoraci\u00f3n de interiores.<\/li>\n<\/ul>\n<\/div>\n\n\n\n<div class=\"wp-block-column is-layout-flow wp-block-column-is-layout-flow\" style=\"flex-basis:33.33%\">\n<figure class=\"wp-block-image size-full\"><img decoding=\"async\" width=\"768\" height=\"768\" src=\"https:\/\/www.linkceramics.com\/wp-content\/uploads\/2024\/11\/Ceramic-Flower-Vases-Wholesale-Flambe-Glaze-Vases-Bulk-87-768x768-1.webp\" alt=\"Jarrones de cer\u00e1mica con flores - Mayorista - Jarrones de cer\u00e1mica con esmalte - Granel - 87-768x768\" class=\"wp-image-584\" srcset=\"https:\/\/www.linkceramics.com\/wp-content\/uploads\/2024\/11\/Ceramic-Flower-Vases-Wholesale-Flambe-Glaze-Vases-Bulk-87-768x768-1.webp 768w, https:\/\/www.linkceramics.com\/wp-content\/uploads\/2024\/11\/Ceramic-Flower-Vases-Wholesale-Flambe-Glaze-Vases-Bulk-87-768x768-1-300x300.webp 300w, https:\/\/www.linkceramics.com\/wp-content\/uploads\/2024\/11\/Ceramic-Flower-Vases-Wholesale-Flambe-Glaze-Vases-Bulk-87-768x768-1-150x150.webp 150w, https:\/\/www.linkceramics.com\/wp-content\/uploads\/2024\/11\/Ceramic-Flower-Vases-Wholesale-Flambe-Glaze-Vases-Bulk-87-768x768-1-600x600.webp 600w, https:\/\/www.linkceramics.com\/wp-content\/uploads\/2024\/11\/Ceramic-Flower-Vases-Wholesale-Flambe-Glaze-Vases-Bulk-87-768x768-1-100x100.webp 100w\" sizes=\"(max-width: 768px) 100vw, 768px\" \/><\/figure>\n<\/div>\n<\/div>","protected":false},"excerpt":{"rendered":"<div id=\"brxe-0ee1ca\" class=\"brxe-product-meta product_meta\">\n<div id=\"brxe-0ee1ca\" class=\"brxe-product-meta product_meta\">\n<div id=\"brxe-0ee1ca\" class=\"brxe-product-meta product_meta\">Bienvenido a comprar jarrones florales al por mayor. Esta colecci\u00f3n de jarrones florales de cer\u00e1mica al por mayor ofrece una gran variedad de formas y tama\u00f1os, utilizando el exclusivo proceso Flamb\u00e9 Glaze, cada jarr\u00f3n tiene una textura de color \u00fanica. Su proceso de cocci\u00f3n a alta temperatura garantiza su durabilidad y f\u00e1cil mantenimiento, y la combinaci\u00f3n de dise\u00f1o cl\u00e1sico y moderno lo convierte en un art\u00edculo decorativo ideal.<\/div>\n<\/div>\n<\/div>\n<div id=\"brxe-8c5ca9\" class=\"brxe-product-short-description\">\n<div class=\"woocommerce-product-details__short-description\">\n<h2>Floreros de cer\u00e1mica Especificaciones:<\/h2>\n<table border=\"0\" width=\"531\" cellspacing=\"0\" cellpadding=\"0\">\n<tbody>\n<tr>\n<td width=\"271\" height=\"24\">Fabricante<\/td>\n<td width=\"260\">Un hogar lleno de amor<\/td>\n<\/tr>\n<tr>\n<td width=\"271\" height=\"25\">Tipo de producto<\/td>\n<td width=\"260\">Floreros<\/td>\n<\/tr>\n<tr>\n<td width=\"271\" height=\"24\">Material<\/td>\n<td width=\"260\">Porcelana resistente<\/td>\n<\/tr>\n<tr>\n<td width=\"271\" height=\"24\">Dimensi\u00f3n<\/td>\n<td width=\"260\">Como imagen detallada<\/td>\n<\/tr>\n<tr>\n<td width=\"271\" height=\"24\">Unidades de venta<\/td>\n<td width=\"260\">Art\u00edculo \u00fanico<\/td>\n<\/tr>\n<tr>\n<td width=\"271\" height=\"24\">MOQ<\/td>\n<td width=\"260\">1200 unid. por art\u00edculo<\/td>\n<\/tr>\n<tr>\n<td width=\"271\" height=\"48\">Opci\u00f3n personalizada<\/td>\n<td width=\"260\">Color\/Tama\u00f1o\/Glaseado\/Logotipo\/Embalaje<\/td>\n<\/tr>\n<\/tbody>\n<\/table>\n<\/div>\n<\/div>","protected":false},"featured_media":583,"comment_status":"open","ping_status":"closed","template":"","meta":{"_acf_changed":true},"certification":[63,64,66,58,65,61,60,62],"product_brand":[],"product_cat":[37,38,17],"product_tag":[],"class_list":{"0":"post-579","1":"product","2":"type-product","3":"status-publish","4":"has-post-thumbnail","6":"certification-amfori","7":"certification-bsci","8":"certification-cnas","9":"certification-fda","10":"certification-iaf","11":"certification-iso-14001","12":"certification-iso-45001","13":"certification-iso-9001","14":"product_cat-decorative-ceramic-wholesale","15":"product_cat-custom-ceramic-ornament","16":"product_cat-ceramic-vases-wholesale","18":"first","19":"instock","20":"shipping-taxable","21":"product-type-simple"},"acf":[],"_links":{"self":[{"href":"https:\/\/www.linkceramics.com\/es\/wp-json\/wp\/v2\/product\/579","targetHints":{"allow":["GET"]}}],"collection":[{"href":"https:\/\/www.linkceramics.com\/es\/wp-json\/wp\/v2\/product"}],"about":[{"href":"https:\/\/www.linkceramics.com\/es\/wp-json\/wp\/v2\/types\/product"}],"replies":[{"embeddable":true,"href":"https:\/\/www.linkceramics.com\/es\/wp-json\/wp\/v2\/comments?post=579"}],"wp:featuredmedia":[{"embeddable":true,"href":"https:\/\/www.linkceramics.com\/es\/wp-json\/wp\/v2\/media\/583"}],"wp:attachment":[{"href":"https:\/\/www.linkceramics.com\/es\/wp-json\/wp\/v2\/media?parent=579"}],"wp:term":[{"taxonomy":"certification","embeddable":true,"href":"https:\/\/www.linkceramics.com\/es\/wp-json\/wp\/v2\/certification?post=579"},{"taxonomy":"product_brand","embeddable":true,"href":"https:\/\/www.linkceramics.com\/es\/wp-json\/wp\/v2\/product_brand?post=579"},{"taxonomy":"product_cat","embeddable":true,"href":"https:\/\/www.linkceramics.com\/es\/wp-json\/wp\/v2\/product_cat?post=579"},{"taxonomy":"product_tag","embeddable":true,"href":"https:\/\/www.linkceramics.com\/es\/wp-json\/wp\/v2\/product_tag?post=579"}],"curies":[{"name":"wp","href":"https:\/\/api.w.org\/{rel}","templated":true}]}}